{"id":117,"date":"2012-10-28T20:03:11","date_gmt":"2012-10-28T20:03:11","guid":{"rendered":"http:\/\/blog.espol.edu.ec\/nalvia\/?page_id=117"},"modified":"2012-11-04T02:29:19","modified_gmt":"2012-11-04T02:29:19","slug":"animes-recomendados","status":"publish","type":"page","link":"https:\/\/blog.espol.edu.ec\/nalvia\/animes-recomendados\/","title":{"rendered":"Animes Recomendados"},"content":{"rendered":"<blockquote><p>He aqui algunos animes que en mi opinion son muy buenos \ud83d\ude00<\/p><\/blockquote>\n<ul>\n<li>\n<h3><span style=\"color: #0000ff\"><strong>SWORD ART ONLINE<\/strong><\/span><\/h3>\n<\/li>\n<\/ul>\n<p>En definitiva uno de los primeros animes que les quiero recomendar es Sword Art Online,en mi opinion la seria esta muy interesante.<br \/>\nSinopsis: En el a\u00f1o 2022, el videojuego virtual de rol multijugador masivo en l\u00ednea \u00a0Sword Art Online(SAO) es puesto en venta. Con el Nerve Gear, un casco de realidad virtual que estimula los cinco sentidos del usuario a trav\u00e9s de su cerebro, los jugadores pueden experimentar y controlar a sus personajes dentro del juego con sus mentes. Pero un acontecimiento inesperado se produce el 06 de Noviembre de 2022 (primer d\u00eda de inicio del servidor) cuando Akihiko Kayaba, el creador de SAO, impide a los jugadores hacer\u00a0<em>log out<\/em>\u00a0(cerrar sesi\u00f3n). Akihiko les propone un reto, si quieren ser libres y salir del juego, deben llegar al piso 100 de la torre del juego y derrotar al jefe final. Sin embargo, si sus avatares mueren en el juego, tambi\u00e9n lo har\u00e1n sus cuerpos en el mundo real. Kirito, es un \"BetaTester\" un jugador experto que prob\u00f3 la versi\u00f3n beta del juego, est\u00e1 decidido a llegar al piso 100 y alcanzar la libertad. Ahora tendr\u00e1 que pasar cada nivel o cada piso sin morir, con la ayuda de Asuna otra jugadora con quien formar\u00e1 equipo.<\/p>\n<p><a href=\"http:\/\/blog.espol.edu.ec\/nalvia\/files\/2012\/10\/Sword_Art_Online_Wallpaper_1600x900_wallpaperhere1.jpg\"><img loading=\"lazy\" decoding=\"async\" class=\"aligncenter size-full wp-image-42\" src=\"http:\/\/blog.espol.edu.ec\/nalvia\/files\/2012\/10\/Sword_Art_Online_Wallpaper_1600x900_wallpaperhere1.jpg\" alt=\"\" width=\"850\" height=\"478\" srcset=\"https:\/\/blog.espol.edu.ec\/nalvia\/files\/2012\/10\/Sword_Art_Online_Wallpaper_1600x900_wallpaperhere1.jpg 850w, https:\/\/blog.espol.edu.ec\/nalvia\/files\/2012\/10\/Sword_Art_Online_Wallpaper_1600x900_wallpaperhere1-300x168.jpg 300w\" sizes=\"auto, (max-width: 850px) 100vw, 850px\" \/><\/a><br \/>\nLes anexo el primer capitulo<br \/>\n<iframe loading=\"lazy\" src=\"http:\/\/www.youtube.com\/embed\/AqvsquBwGkM\" frameborder=\"0\" width=\"560\" height=\"315\"><\/iframe><\/p>\n<p>Tambien pueden ver todos los capitulos <a title=\"Lista de Capitulos de Sword Art Online\" href=\"http:\/\/animeytv.com\/2012\/06\/lista-de-capitulos-de-sword-art-online-online.html\" target=\"_blank\">aqui<\/a><\/p>\n<p>&nbsp;<\/p>\n<ul>\n<li>\n<h3><span style=\"color: #0000ff\"><strong>MIRAI NIKKI<\/strong><\/span><\/h3>\n<\/li>\n<\/ul>\n<p>Sin duda alguna otro buen anime es Mirai Nikki, este anime tiene de todo *---* les dejo la sinopsis y el primer capitulo.<br \/>\nSinopsis: Amano Yukiteru es un chico solitario que gasta todo su tiempo escribiendo un diario en su tel\u00e9fono m\u00f3vil desde el punto de vista de un espectador y hablando con su amigo imaginario, Deus Ex Machina, el dios del Tiempo y el Espacio. Un d\u00eda, Deus, resulta no ser solo un amigo imaginario sino un verdadero Dios que no solo Amano Yukiteru pod\u00eda ver y escuchar, tambi\u00e9n otras 11 personas; este Dios crea un juego de supervivencia, en el cual le ha dado un diario a cada uno de estas personas que predicen el futuro. Las reglas del juego son simples, los 12 due\u00f1os de los diarios deben matarse entre ellos y el \u00faltimo que sobreviva se convertir\u00e1 en el nuevo Dios.<br \/>\n<iframe loading=\"lazy\" src=\"http:\/\/www.youtube.com\/embed\/n9mwsd5g07s\" frameborder=\"0\" width=\"560\" height=\"315\"><\/iframe><\/p>\n<p>&nbsp;<\/p>\n<ul>\n<li>\n<h3><span style=\"color: #0000ff\"><strong>HIGH SCHOOL OF THE DEAD<\/strong><\/span><\/h3>\n<\/li>\n<\/ul>\n<p>\u00bfQu\u00e9 le pedir\u00edas a una serie de Anime? y si pudiera decirles que esta serie lo tiene todo?<\/p>\n<p>Acci\u00f3n, amor, amistad, humor, erotismo xD, terror, sentimientos, misterio, sensualidad y una banda sonora potente. Una serie de Zombies y de chicas sexys armadas hasta los dientes que encima tiene argumento.<\/p>\n<p>Resumiendo es una serie de terror Ecchi, y con un fan service a la carta.<br \/>\nEn esta serie el mundo ha sido expuesto por una enfermedad mortal que transforma a los humanos en zombies. En Jap\u00f3n, varios estudiantes de la escuela Fujimi y la enfermera escolar se unen para sobrevivir al apocalipsis. La historia sigue a Takashi Komuro -uno de los estudiantes que sobrevivi\u00f3 al brote inicial- junto con algunos amigos que intentan mantenerse con vida mientras buscan a sus familiares...<br \/>\nPor otra parte la historia tambi\u00e9n se desarrolla alrededor de una francotiradora que aparece en varios episodios ajena al grupo de Takashi llamada Minami Rika y sus compa\u00f1eros, que tratan de sobrevivir a este apocalipsis. Parte de la trama tambi\u00e9n se centra en el profesor Shido y los alumnos que con \u00e9l se quedan en un autobus.<br \/>\nEsta obra destaca principalmente por el ingenio del autor que ha roto completamente los esquemas y ha hecho una serie completamente diferente al resto de las que se han visto, tanto series de zombis o de vida escolar por su exceso de contenido de Ecchi.<br \/>\nLos protagonistas son unos chicos de instituto sorprendidos por lo sucedido pero que tratan de sobrevivir como pueden, sacando lo mejor y lo peor de cada uno y buscando a sus familias en una huida hacia adelante.<br \/>\n<iframe loading=\"lazy\" width=\"560\" height=\"315\" src=\"http:\/\/www.youtube.com\/embed\/LrZ6j68HOnk\" frameborder=\"0\" allowfullscreen><\/iframe><\/p>\n<p>&nbsp;<\/p>\n<ul>\n<li>\n<h3><span style=\"text-decoration: underline;color: #0000ff\"><strong>SCHOOL DAYS<\/strong><\/span><\/h3>\n<\/li>\n<\/ul>\n<p>La historia comienza cuando un estudiante llamado Makoto Itou se enamora de otra estudiante de la misma escuela en la que el asiste llamada Katsura Kotonoha. El jamas a hablado con ella y no sabe como acercarse para conocerla.<br \/>\nSu compa\u00f1era de asiento Sekai Sanjonji que mientras el estaba distraido se percata de que tiene en su movil una foto de la chica que le gusta, lo convence para que el pueda conocerla.<br \/>\nDespues de una clase de educacion fisica que ella no quiere entrar junto con katsura se conocen y hacen amistad. Al dia siguiente Sekai llega con Makoto mostrandole la foto de su celular donde esta con Katsura.<br \/>\nDesde ese momento el empieza hablar con ella y tiempo despues se hacen novios pero cuando Sekai le da un beso a Makoto como reconpensa de que gracias a ella se hizieran novios, Makoto empieza a dudar de lo que realmente sentia por Katsura y despues del entrenamiento que Sekai le da para que el quiera a Katsura.<br \/>\nKatsura no puede creer que a Sekai le gusta Makoto sabiendo que ella y el son novios , pero tampoco puede creer que Makoto ya no la ama y se trata de hacer a la idea de que el regrese con ella a como de lugar. Y asi empieza este triangulo amoroso cuyos finales (existen 21 finales diferentes, pero en mi opinion el mejor es el que te muestra el anime) son muy impactantes.<br \/>\n<iframe loading=\"lazy\" src=\"http:\/\/www.youtube.com\/embed\/21_4Y4tRNnE\" frameborder=\"0\" width=\"560\" height=\"315\"><\/iframe><\/p>\n<p>&nbsp;<\/p>\n<ul>\n<li>\n<h3><span style=\"color: #0000ff\"><strong>TOKYO MAGNITUDE 8.0<\/strong><\/span><\/h3>\n<\/li>\n<\/ul>\n<p>Para mi un anime muy bueno, sobre todo con su final u.u<br \/>\nSinopsis: La serie tiene lugar en Tokio, despu\u00e9s de que un terremoto de magnitud 8.0 en la escala de Richter sacudiera la ciudad. Como resultado de ello, la torre de Tokio, el puente arco\u00edris y otros lugares caracter\u00edsticos han sido destruidos. Sigue la historia de los hermanos Mirai y Yuuki, que en aqu\u00e9l momento se encontraban visitando una exposici\u00f3n sobre robots en Odaiba, con motivo de sus vacaciones de verano, y c\u00f3mo luchan por regresar a su casa despu\u00e9s de la catastrofe en Setagaya, donde se encuentran sus padres. Los hermanos en el transcurso de la devastaci\u00f3n conocen a Mari, una motociclista que tambi\u00e9n necesita regresar a su hogar y que se hace cargo de cuidarlos mientras los tres regresan con sus respectivas familias.<br \/>\n<iframe loading=\"lazy\" src=\"http:\/\/www.youtube.com\/embed\/t1apFPGmlJg\" frameborder=\"0\" width=\"560\" height=\"315\"><\/iframe><\/p>\n<p>&nbsp;<\/p>\n<ul>\n<li>\n<h3><span style=\"color: #0000ff\"><strong>ANOTHER<\/strong><\/span><\/h3>\n<\/li>\n<\/ul>\n<p>En 1972, hab\u00eda cierto estudiante llamado Misaki en la escuela Yomiyama, en la clase 3-3. Misaki era muy popular entre sus compa\u00f1eros, y tambi\u00e9n los maestros ten\u00edan afecto por este, as\u00ed que cuando muri\u00f3 repentinamente a causa de un incendio, la clase 3-3 decidi\u00f3 continuar actuando como si estuviese vivo. Sin embargo, cuando fueron a tomar la foto de la graduaci\u00f3n hab\u00eda un miembro de m\u00e1s en ella, en la imagen vieron a alguien que no deber\u00eda estar ah\u00ed - \"Misaki\".<\/p>\n<p>En la primavera de 1998, noveno a\u00f1o del estudiante K\u014dichi Sakakibara, se traslada de Tokio a Yomiyama, la ciudad natal de su madre, porque su padre hab\u00eda ido a trabajar en una investigacion de la India. Su traslado fue a la escuela Yomiyama a la clase 3-3. A causa de un neumot\u00f3rax K\u014dichi tuvo que ser hospitalizado justo cuando comenzaron las clases. Durante su hospitalizaci\u00f3n los representantes de la clase: Tomohiko Kazami, Izumi Akazawa y Yukari Sakuragi le hicieron una visita. Antes de ser puesto en libertad, K\u014dichi conoce a una chica en el ascensor, la cual lleva el mismo uniforme de su escuela y un parche en el ojo. Ella va al s\u00f3tano del hospital donde est\u00e1 dep\u00f3sito de cad\u00e1veres, diciendo que tiene que entregar algo a su \"otra mitad\". Su nombre: Mei Misaki.<\/p>\n<p>K\u014dichi finalmente llega a asistir a las clases y trata de adaptarse, pero no puede dejar de notar el extra\u00f1o comportamiento de sus compa\u00f1eros. Mei, la chica que conoci\u00f3 en el hospital pertenece a la misma clase, pero la mesa que utiliza es bastante m\u00e1s vieja y diferente al del resto la clase. Ella siempre est\u00e1 sola y nadie parece preocuparse por su presencia o tratar de hablar con ella. Inicialmente, K\u014dichi cree que es un caso de acoso escolar, pero se da cuenta de que incluso los empleados y profesores de la escuela act\u00faan de la misma manera. El ambiente algo aterrador en su nueva clase, parece tener un oscuro secreto que ninguno de sus compa\u00f1eros de clase quiere hablar. En el centro de esto parece encontrarse la misteriosa Mei Misaki.<br \/>\n<a href=\"http:\/\/blog.espol.edu.ec\/nalvia\/files\/2012\/10\/animepaper-net_picture-standard-anime-another-another-picture-221269-suemura-preview-b8574be6.jpg\"><img loading=\"lazy\" decoding=\"async\" src=\"http:\/\/blog.espol.edu.ec\/nalvia\/files\/2012\/10\/animepaper-net_picture-standard-anime-another-another-picture-221269-suemura-preview-b8574be6.jpg\" alt=\"\" width=\"750\" height=\"478\" \/><\/a><\/p>\n<p>&nbsp;<\/p>\n","protected":false},"excerpt":{"rendered":"<p>He aqui algunos animes que en mi opinion son muy buenos \ud83d\ude00 SWORD ART ONLINE En definitiva uno de los primeros animes que les quiero recomendar es Sword Art Online,en mi opinion la seria esta muy interesante. Sinopsis: En el a\u00f1o 2022, el videojuego virtual de rol multijugador masivo en l\u00ednea \u00a0Sword Art Online(SAO) es &hellip; <\/p>\n<p><a class=\"more-link btn\" href=\"https:\/\/blog.espol.edu.ec\/nalvia\/animes-recomendados\/\">Seguir leyendo<\/a><\/p>\n","protected":false},"author":8168,"featured_media":0,"parent":0,"menu_order":0,"comment_status":"open","ping_status":"closed","template":"","meta":{"footnotes":""},"class_list":["post-117","page","type-page","status-publish","hentry","nodate","item-wrap"],"_links":{"self":[{"href":"https:\/\/blog.espol.edu.ec\/nalvia\/wp-json\/wp\/v2\/pages\/117","targetHints":{"allow":["GET"]}}],"collection":[{"href":"https:\/\/blog.espol.edu.ec\/nalvia\/wp-json\/wp\/v2\/pages"}],"about":[{"href":"https:\/\/blog.espol.edu.ec\/nalvia\/wp-json\/wp\/v2\/types\/page"}],"author":[{"embeddable":true,"href":"https:\/\/blog.espol.edu.ec\/nalvia\/wp-json\/wp\/v2\/users\/8168"}],"replies":[{"embeddable":true,"href":"https:\/\/blog.espol.edu.ec\/nalvia\/wp-json\/wp\/v2\/comments?post=117"}],"version-history":[{"count":28,"href":"https:\/\/blog.espol.edu.ec\/nalvia\/wp-json\/wp\/v2\/pages\/117\/revisions"}],"predecessor-version":[{"id":163,"href":"https:\/\/blog.espol.edu.ec\/nalvia\/wp-json\/wp\/v2\/pages\/117\/revisions\/163"}],"wp:attachment":[{"href":"https:\/\/blog.espol.edu.ec\/nalvia\/wp-json\/wp\/v2\/media?parent=117"}],"curies":[{"name":"wp","href":"https:\/\/api.w.org\/{rel}","templated":true}]}}