{"id":62,"date":"2012-10-26T22:45:17","date_gmt":"2012-10-26T22:45:17","guid":{"rendered":"http:\/\/blog.espol.edu.ec\/nalvia\/?page_id=62"},"modified":"2012-11-02T01:40:45","modified_gmt":"2012-11-02T01:40:45","slug":"los-mejores-animes-del-mundo","status":"publish","type":"page","link":"https:\/\/blog.espol.edu.ec\/nalvia\/los-mejores-animes-del-mundo\/","title":{"rendered":"Los 20 Mejores Animes del Mundo"},"content":{"rendered":"<ul>\n<li>\n<h3><span style=\"color: #0000ff\"><strong>20.-HELLSING<\/strong><\/span><\/h3>\n<\/li>\n<\/ul>\n<p>Se centra alrededor de la Orden de Caballeros Protestantes Reales, que son los \u00faltimos miembros descendientes de Abraham Van Hellsing. Su misi\u00f3n es la de proteger a la reina y las fronteras del pa\u00eds de toda amenaza sobrenatural. La organizaci\u00f3n est\u00e1 liderada por Sir Integra Fairbrook Wingates Hellsing, que hered\u00f3 su responsabilidad como directora despu\u00e9s de la muerte de su padre, cuando ten\u00eda 12 a\u00f1os. Bajo su mandato est\u00e1n Walter C. Dornez, y Alucard, un poderoso vampiro que fue capturado por la familia hace cien a\u00f1os. M\u00e1s tarde se une tambi\u00e9n la ex-polic\u00eda Seras Victoria, que tras ser mordida por Alucard se convierte en soldado de Hellsing.<br \/>\n<img loading=\"lazy\" decoding=\"async\" class=\"aligncenter\" src=\"http:\/\/1.bp.blogspot.com\/-tDgrUlsmJQA\/TaFmw_Eq4eI\/AAAAAAAAA4o\/EZbO401VwpM\/s1600\/Hellsing-imagen.jpg\" alt=\"\" width=\"1024\" height=\"768\" \/><\/p>\n<ul>\n<li>\n<h3><span style=\"color: #0000ff\"><strong>19.-LOS SUPERCAMPEONES<\/strong><\/span><\/h3>\n<\/li>\n<\/ul>\n<p>La trama se centra en la relaci\u00f3n de Oliver Atom con sus amigos, la rivalidad hacia sus oponentes, los entrenamientos, la competici\u00f3n y los acontecimientos en cada uno de los partidos que se juegan, es importante anexar que los mangas, pel\u00edculas y videojuegos complementan la historia u ofrecen una realidad alternativa de la serie. Estos partidos se caracterizan por las detalladas, espectaculares y, a menudo, imposibles jugadas que llevan a cabo los personajes.<br \/>\n<img loading=\"lazy\" decoding=\"async\" class=\"aligncenter\" src=\"http:\/\/3.bp.blogspot.com\/-nHM3OU8WxHs\/T8E721a66WI\/AAAAAAAAAWQ\/QgF7HnKZOsY\/s1600\/captain-tsubasa-en-la-liga-mikami-comics.jpg\" alt=\"\" width=\"550\" height=\"378\" \/><\/p>\n<ul>\n<li>\n<h3><span style=\"color: #0000ff\"><strong>18.-SHAMAN KING<\/strong><\/span><\/h3>\n<\/li>\n<\/ul>\n<p>La historia comienza cuando Manta Oyamada, un estudiante de secundaria, toma un atajo por el cementerio local y divisa a un joven misterioso que simplemente observa las estrellas. Yoh Asakura, quien le invita a quedarse con \u00e9l y sus \"amigos\", pero Manta huye asustado al ver que estos eran fantasmas. Tiempo despu\u00e9s Yoh se revela as\u00ed mismo como un \"Shaman\" (quienes son el v\u00ednculo entre este mundo y el de los esp\u00edritus) para demostrarle a Manta que entre ellos ha nacido una amistad.<br \/>\n<img loading=\"lazy\" decoding=\"async\" class=\"aligncenter\" src=\"http:\/\/upload.wikimedia.org\/wikipedia\/ru\/thumb\/0\/05\/Shaman_king.jpg\/230px-Shaman_king.jpg\" alt=\"\" width=\"230\" height=\"327\" \/><\/p>\n<ul>\n<li>\n<h3><span style=\"color: #0000ff\"><strong>17.-RANMA 1\/2<\/strong><\/span><\/h3>\n<\/li>\n<\/ul>\n<p>Durante un entrenamiento en China, Genma y su hijo Ranma Saotome caen dentro de los lagos malditos de Jusenkyo. Cuando alguien cae en un lago maldito toma la forma f\u00edsica de lo que se haya ahogado en \u00e9l cada vez que entra en contacto con agua fr\u00eda, y la maldici\u00f3n se revierte cuando se expone al agua caliente. Genma cay\u00f3 en \"El lago del Panda Ahogado\" mientras Ranma cay\u00f3 en \"El lago de la Muchacha Ahogada\".<br \/>\n<img loading=\"lazy\" decoding=\"async\" class=\"aligncenter\" src=\"http:\/\/2.bp.blogspot.com\/-pN22F4KTiMY\/TyK01DEQEBI\/AAAAAAAAA7o\/aYEKbzeuXaI\/s1600\/user86141_pic266567_1260218598.jpg\" alt=\"\" width=\"1024\" height=\"768\" \/><\/p>\n<ul>\n<li>\n<h3><span style=\"color: #0000ff\"><strong>16.-SAMURAI X<\/strong><\/span><\/h3>\n<\/li>\n<\/ul>\n<p>Kenshin Himura es un experto espadach\u00edn quien en un momento de su pasado puso su habilidad al servicio de los Ishin Shishi (Patriotas de la Restauraci\u00f3n) como hitokiri (asesino). Durante esta \u00e9poca recibi\u00f3 el nombre de Hitokiri Batt\u014dsai (Batt\u014dsai el Asesino) y fue el asesino m\u00e1s famoso y temido de estos tiempos. Terminados los enfrentamientos, decide pasar al anonimato y desde entonces se convierte en un vagabundo que recorre el pa\u00eds ayudando a la gente como una forma de resarcirse por todas las vidas que tom\u00f3. Porta con \u00e9l una sakabat\u014d, katana donde el filo y el lado rombo est\u00e1n invertidos y le permite utilizar su estilo de kenjutsu, el Hiten Mitsurugi Ry\u016b, sin riesgo que el mismo sea mortal.<br \/>\n<img loading=\"lazy\" decoding=\"async\" class=\"aligncenter\" src=\"http:\/\/1.bp.blogspot.com\/-QGLSxzxs8HY\/TzEUsJ2gEbI\/AAAAAAAABxk\/kmkJdABK9v0\/s1600\/Samurai+x_10.jpg\" alt=\"\" width=\"1280\" height=\"1024\" \/><\/p>\n<ul>\n<li>\n<h3><span style=\"color: #0000ff\"><strong>15.-DIGIMON ( TODAS LAS SAGAS )<\/strong><\/span><\/h3>\n<\/li>\n<\/ul>\n<p>El argumento de la saga est\u00e1 basado en un supuesto y especifico mundo digital conocido como Digimundo, que est\u00e1 habitado por unas criaturas o seres sorprendentes ficticias llamadas Digimon. Habitan en una isla y son formas de vida artificial y extra\u00f1as, creadas a partir de bits y piezas perdidas de datos de ordenadores (archivos de texto eliminados y recuperados con heramientas de recuperaci\u00f3n de archivos), que viven dentro de los aparatos electr\u00f3nicos que posean memorias no vol\u00e1tiles.<br \/>\n<img loading=\"lazy\" decoding=\"async\" class=\"aligncenter\" src=\"http:\/\/4.bp.blogspot.com\/_PwA8zaLAWUw\/TBigD9hqiWI\/AAAAAAAAAGM\/BMkMfVwzZzQ\/s1600\/digimon3.gif\" alt=\"\" width=\"472\" height=\"288\" \/><\/p>\n<ul>\n<li>\n<h3><span style=\"color: #0000ff\"><strong>14.-POKEMON<\/strong><\/span><\/h3>\n<\/li>\n<\/ul>\n<p>Ash Ketchum es un chico a quien le gusta mucho los pok\u00e9mon y las batallas. Su pasi\u00f3n por los pok\u00e9mon, ha logrado proponerse el objetivo de convertirse en Maestro Pok\u00e9mon, el m\u00e1s alto grado de entrenamiento Pok\u00e9mon, motivo por el cual comienza un viaje en b\u00fasqueda de este t\u00edtulo. Al cumplir 10 a\u00f1os, Ash tiene la oportunidad de recibir su pok\u00e9mon inicial por parte del Profesor Oak. Desafortunadamente, se qued\u00f3 dormido una noche antes de su primer d\u00eda de viaje y para cuando lleg\u00f3 al laboratorio del profesor, todos los Pok\u00e9mon iniciales (Bulbasaur, Charmander y Squirtle) ya hab\u00edan sido elegidos por otros entrenadores.1 Su insistencia por desear un Pok\u00e9mon, ha permitido recibir como su Pok\u00e9mon inicial un Pikachu terco al que no le gusta entrar en las Pok\u00e9 Balls<br \/>\n<img loading=\"lazy\" decoding=\"async\" class=\"aligncenter\" src=\"http:\/\/www.blog-city.info\/es\/img6\/696_pokemon6.jpg\" alt=\"\" width=\"832\" height=\"624\" \/><\/p>\n<ul>\n<li>\n<h3><span style=\"color: #0000ff\"><strong>13.-EVANGELION<\/strong><\/span><\/h3>\n<\/li>\n<\/ul>\n<p>La serie se inicia en el a\u00f1o 2015 de la era cristiana, 15 a\u00f1os despu\u00e9s del primer y desastroso contacto con unos misteriosos seres conocidos como \u00e1ngeles, que result\u00f3 en un cataclismo a escala mundial llamado Segundo Impacto que redujo a la mitad la poblaci\u00f3n humana en la Tierra.13 Para prevenir futuros ataques de \u00e1ngeles, la ONU estableci\u00f3 en Tokio-3 la organizaci\u00f3n NERV, la cual desarroll\u00f3 una serie de gigantes biomec\u00e1nicos llamados Evangelion (EVA) para combatirles. Debido a que los Evangelion s\u00f3lo pueden ser pilotados por adolescentes,14 15 el dirigente de NERV, Gendo Ikari, llama a Tokio-3 a su distanciado hijo Shinji para que pilote uno de los Evangelion, la unidad 01, y acabe con el Tercer \u00c1ngel, que se halla atacando la ciudad.<br \/>\n<img loading=\"lazy\" decoding=\"async\" class=\"alignnone\" src=\"http:\/\/josejuandom.files.wordpress.com\/2012\/06\/neon_genesis_evangelion.jpg\" alt=\"\" width=\"640\" height=\"480\" \/><\/p>\n<ul>\n<li>\n<h3><span style=\"color: #0000ff\"><strong>12.-YUGIOH<\/strong><\/span><\/h3>\n<\/li>\n<\/ul>\n<p>Yu-Gi-Oh! cuenta la historia de Y\u016bgi Mut\u014d, un estudiante normal de secundaria el cual ten\u00eda como \u00fanica amiga a Anzu. Y\u016bgi hab\u00eda recibido por parte de su abuelo Sugoroku Mut\u014d un antiguo artefacto egipcio conocido como el Rompecabezas del Milenio, uno de los siete Art\u00edculos del Milenio,7 que hab\u00eda encontrado en una de sus expediciones arqueol\u00f3gicas. Despu\u00e9s de ocho largos a\u00f1os a punto de completar tan dif\u00edcil rompecabezas, lee una peque\u00f1a inscripci\u00f3n que pose\u00eda el mismo la cual dec\u00eda que quien completara este rompecabezas se le pod\u00eda conceder un deseo, Y\u016bgi desea \u00abtener amigos\u00bb, pero a pocos instantes de colocarla, J\u014dnouchi e Hiroto roban la pieza, Y\u016bgi se la pide pero estos se niegan. M\u00e1s tarde le devuelven la pieza a Y\u016bgi. Una vez que lo hab\u00eda armado tiene como fieles amigos a J\u014dnouchi y Hiroto. Luego Y\u016bgi es pose\u00eddo por otra personalidad, que m\u00e1s tarde se descubre que es un esp\u00edritu de m\u00e1s de cinco mil a\u00f1os de edad, llamado Atem.<br \/>\n<img loading=\"lazy\" decoding=\"async\" class=\"aligncenter\" src=\"http:\/\/3.bp.blogspot.com\/-g9pYSsQz3Rk\/To2rcWpeKUI\/AAAAAAAABhk\/nuAOdKtlOQc\/s1600\/yu-gi-oh.jpg\" alt=\"\" width=\"800\" height=\"600\" \/><\/p>\n<ul>\n<li>\n<h3><span style=\"color: #0000ff\"><strong>11.-FULL METAL ALCHEMIST<\/strong><\/span><\/h3>\n<\/li>\n<\/ul>\n<p>La historia se centra en los hermanos Edward y Alphonse Elric, quienes viven en un peque\u00f1o pueblo de un pa\u00eds ficticio llamado Amestris.8 Su padre, Hohenheim, se hab\u00eda marchado de su casa cuando a\u00fan eran peque\u00f1os y a\u00f1os m\u00e1s tarde su madre, Trisha Elric, muere por una enfermedad terminal, dejando a los hermanos Elric solos. Despu\u00e9s de la muerte de su madre, Edward decide resucitarla a trav\u00e9s de la alquimia,21 una de las t\u00e9cnicas cient\u00edficas m\u00e1s avanzadas conocidas por el hombre. Sin embargo, el intento resulta fallido y como consecuencia Edward pierde su pierna izquierda, y Alphonse su cuerpo. En un esfuerzo por salvar a su hermano, Edward sacrifica su brazo derecho para sellar el alma de Alphonse en una armadura.<br \/>\n<img loading=\"lazy\" decoding=\"async\" class=\"aligncenter\" src=\"http:\/\/4.bp.blogspot.com\/_Tr-OIi3wwbM\/TCN61ZH5s6I\/AAAAAAAAASI\/zc4uPqcZ_2o\/s1600\/brotherhood-5-full-metal-alchemist-episode-5.jpg\" alt=\"\" width=\"1024\" height=\"768\" \/><\/p>\n<ul>\n<li>\n<h3><span style=\"color: #0000ff\"><strong>10.-CLANNAD - CLANNAD AFTER STORY<\/strong><\/span><\/h3>\n<\/li>\n<\/ul>\n<p>Clannad narra la historia de Okazaki Tomoya, un melanc\u00f3lico estudiante de tercer a\u00f1o de secundaria. Al morir su madre cuando \u00e9l era joven, queda en custodia de Naoyuki, su padre, quien al verse afectado por esta tr\u00e1gica p\u00e9rdida acaba hundido en el juego y el alcohol. Las relaciones padre-hijo se complican hasta el punto en que Tomoya decide frecuentar su casa lo menos posible, desarrollando una personalidad cerrada e indiferente, llena de conflictos interiores y deseos de superaci\u00f3n.Su vida da un giro cuando una ma\u00f1ana de camino a la escuela conoce a Furukawa Nagisa, una enigm\u00e1tica muchacha con cualidades algo fuera de lo corriente y que cambiar\u00e1 su manera de ver el mundo. Desde ese momento comienza una amistad entre ambos.<br \/>\n<img loading=\"lazy\" decoding=\"async\" class=\"aligncenter\" src=\"http:\/\/3.bp.blogspot.com\/-vloy9zSZLCs\/Tp0RXClANoI\/AAAAAAAAAFk\/8kadI8b0Dfc\/s1600\/clannad-after-story-post.jpg\" alt=\"\" width=\"800\" height=\"500\" \/><\/p>\n<ul>\n<li>\n<h3><span style=\"color: #0000ff\"><strong>9.-ELFEND LIED<\/strong><\/span><\/h3>\n<\/li>\n<\/ul>\n<p>La historia de Elfen Lied presenta una especie ficticia, los diclonius, como una mutaci\u00f3n humana con dos peque\u00f1os cuernos parecidos a las orejas de un gato.4 Poseen poderes telequin\u00e9ticos gracias a sus receptores vectoriales; estos vectores, como se les suele denominar, se asemejan a largos brazos invisibles capaces de vibrar a una frecuencia tal que llegan a cortar materiales muy duros como el metal o la piedra.7 Tambi\u00e9n disponen de una percepci\u00f3n extrasensorial que les permite sentir la presencia de otros sujetos de su raza.<br \/>\n<img loading=\"lazy\" decoding=\"async\" class=\"aligncenter\" src=\"http:\/\/3.bp.blogspot.com\/-O2Z_xj3578o\/UGgc7EpHxuI\/AAAAAAAABlI\/L7uJbf9ktTY\/s1600\/Elfen+Lied+Lucy+Or+Nyuu.jpg\" alt=\"\" width=\"1024\" height=\"768\" \/><\/p>\n<ul>\n<li>\n<h3><span style=\"color: #0000ff\"><strong>8.-SAKURA CARD CAPTOR<\/strong><\/span><\/h3>\n<\/li>\n<\/ul>\n<p>La obra narra las aventuras de Sakura Kinomoto, una peque\u00f1a ni\u00f1a de diez a\u00f1os que accidentalmente libera un conjunto de cartas que se encontraban dentro de un libro, el cual hab\u00eda descubierto en la biblioteca de su padre. Tras esto, Kero \u2014el guardi\u00e1n del libro\u2014 emerge y, al enterarse de que la mayor\u00eda de las cartas conocidas como las \u00abcartas Clow\u00bb se hab\u00edan esparcido por todas partes, le dice a Sakura que ahora es su responsabilidad convertirse en una \u00abcardcaptor\u00bb e ir en busca de ellas para evitar que ocurra una \u00abcat\u00e1strofe\u00bb en el mundo.<br \/>\n<img loading=\"lazy\" decoding=\"async\" class=\"aligncenter\" src=\"http:\/\/animecol.files.wordpress.com\/2008\/06\/card-captor-sakura-92515.jpg\" alt=\"\" width=\"1600\" height=\"1200\" \/><\/p>\n<ul>\n<li>\n<h3><span style=\"color: #0000ff\"><strong>7.-BLEACH<\/strong><\/span><\/h3>\n<\/li>\n<\/ul>\n<p>La serie narra las aventuras de Ichigo Kurosaki, un adolescente que tiene la facultad de interactuar con los esp\u00edritus.3 Una noche, Ichigo se encuentra con una shinigami \u2014personificaci\u00f3n japonesa del Dios de la muerte\u2014 llamada Rukia Kuchiki, quien se sorprende que pueda verla. Sin embargo, su conversaci\u00f3n es interrumpida por la aparici\u00f3n de un hollow, un esp\u00edritu maligno. Despu\u00e9s de que Rukia fuera gravemente herida al tratar de proteger a Ichigo, esta intenta traspasarle parte de sus poderes a Ichigo para que pueda enfrentarse al hollow en igualdad de condiciones. No obstante, Ichigo sin darse cuenta los absorbe casi por completo y logra vencer con facilidad al esp\u00edritu.<br \/>\n<img loading=\"lazy\" decoding=\"async\" class=\"aligncenter\" src=\"http:\/\/neko.koiora.net\/files\/2010\/07\/1_Bleach_Wallpaper_Ichigo_Kurosaki_7.jpg\" alt=\"\" width=\"1024\" height=\"768\" \/><\/p>\n<ul>\n<li>\n<h3><span style=\"color: #0000ff\"><strong>6.-LOS CABALLEROS DEL ZODIACO<\/strong><\/span><\/h3>\n<\/li>\n<\/ul>\n<p>El argumento de la serie se centra en la historia de un grupo de j\u00f3venes guerreros denominados \u00absantos\u00bb (o \u00abcaballeros\u00bb), cuyo protagonista principal es Seiya (Santo o caballero que porta la armadura (Cloth) de Pegaso). Estos guerreros luchan por proteger a la diosa griega Atenea y a la humanidad de las fuerzas del mal que quieren dominar la Tierra. Para sus batallas, cada santo utiliza su energ\u00eda interior ligada al universo (el \u00abcosmos\u00bb), sus t\u00e9cnicas especiales de lucha, y sus armaduras (originalmente llamada cloth),todas inspiradas en cada una de las 88 constelaciones, las cuales los representan como caballeros o Santos de Atena y los protegen en los combates.<br \/>\n<img loading=\"lazy\" decoding=\"async\" class=\"aligncenter\" src=\"http:\/\/2.bp.blogspot.com\/_wRxABjUBeyU\/THizAifJgfI\/AAAAAAAABjs\/BeMdlhp8irs\/s1600\/caballeros+zodiaco.jpg\" alt=\"\" width=\"1020\" height=\"736\" \/><\/p>\n<ul>\n<li>\n<h3><span style=\"color: #0000ff\"><strong>5.-INUYASHA \/\/ INUYASHA KANKETSU HEN<\/strong><\/span><\/h3>\n<\/li>\n<\/ul>\n<p>Durante el periodo Sengoku, un hany\u014d llamado InuYasha hab\u00eda robado la perla de las cuatro almas (Shikon no Tama) con el objetivo de convertirse en un y\u014dkai completo, sin embargo, su plan es frustrado por una sacerdotisa llamada Kiky\u014d quien, utilizando sus \u00faltimas fuerzas, le dispara una flecha sagrada clav\u00e1ndolo en el \u00e1rbol Goshinboku, dej\u00e1ndolo paralizado y dormido por 50 a\u00f1os. Mientras que la sacerdotisa, antes de morir, pidi\u00f3 que su cuerpo fuera quemado junto con la joya.10<br \/>\n<img loading=\"lazy\" decoding=\"async\" class=\"aligncenter\" src=\"http:\/\/4.bp.blogspot.com\/__qhN5shqN8c\/TVC1UTeRmtI\/AAAAAAAAAJk\/o7m7i-uqTF4\/s1600\/Free-InuYasha-Screensaver_1.jpg\" alt=\"\" width=\"1280\" height=\"1024\" \/><\/p>\n<ul>\n<li>\n<h3><span style=\"color: #0000ff\"><strong>4.-ONE PIECE<\/strong><\/span><\/h3>\n<\/li>\n<\/ul>\n<p>One Piece es una aventura \u00e9pica de piratas. Es la historia de un chico llamado Monkey D. Luffy (Luffy D. Monkey en espa\u00f1ol, dada la onom\u00e1stica japonesa de poner antes el apellido que el nombre), quien, cuando ten\u00eda 7 a\u00f1os,6 comi\u00f3 accidentalmente una Fruta del Diablo, convirti\u00e9ndose en un hombre de goma, aunque al precio de hacerle incapaz de nadar. Luffy, inspirado por el pirata Shanks \"Akagami\", sale al mar diez a\u00f1os despu\u00e9s7 para convertirse en el Rey de los Piratas. Para ello necesita encontrar una tripulaci\u00f3n adecuada que le acompa\u00f1ar\u00e1 en su aventura.<br \/>\n<img loading=\"lazy\" decoding=\"async\" class=\"aligncenter\" src=\"http:\/\/assets3.mi-web.org\/entradas\/0011\/1047\/one_piece_11.jpg?1348520094\" alt=\"\" width=\"1024\" height=\"768\" \/><\/p>\n<ul>\n<li>\n<h3><span style=\"color: #0000ff\"><strong>3.- DEATH NOTE<\/strong><\/span><\/h3>\n<\/li>\n<\/ul>\n<p>La historia es protagonizada por Light Yagami, uno de los estudiantes m\u00e1s sobresalientes de Jap\u00f3n, que deseaba acabar con todos los criminales que lo rodeaban. Un d\u00eda, su vida sufre un cambio radical, cuando encuentra un extra\u00f1o cuaderno sobrenatural llamado \u00abDeath Note\u00bb, tendido en el suelo.6 En algunas hojas de dicho cuaderno hab\u00edan instrucciones sobre su uso, donde dec\u00eda que si se escrib\u00eda el nombre de una persona y se visualizaba mentalmente el rostro de \u00e9sta, morir\u00eda de un ataque al coraz\u00f3n.<br \/>\n<img loading=\"lazy\" decoding=\"async\" class=\"aligncenter\" src=\"http:\/\/userserve-ak.last.fm\/serve\/_\/37502387\/DEATH+NOTE.jpg\" alt=\"\" width=\"500\" height=\"500\" \/><\/p>\n<ul>\n<li>\n<h3><span style=\"color: #0000ff\"><strong>2.- NARUTO<\/strong><\/span><\/h3>\n<\/li>\n<\/ul>\n<p>Naruto Uzumaki es un ninja adolescente que tiene encerrado en su interior al \u00abZorro de Nueve Colas\u00bb Ky\u016bbi no kitsune. Doce a\u00f1os antes del inicio de la serie, este demonio atac\u00f3 a la Aldea Oculta de la Hoja,17 matando a muchas personas.16 Como consecuencia, el l\u00edder de la aldea (el Cuarto Hokage, Minato Namikaze) sacrific\u00f3 su vida utilizando el Shiki F\u016bjin para sellarlo dentro de Naruto cuando era un reci\u00e9n nacido, con lo que esperaba detener la masacre. Por ello, Naruto fue v\u00edctima de maltratos por quienes lo consideraban como el propio Ky\u016bbi.16 A manera de soluci\u00f3n, el Tercer Hokage (quien tuvo que reasumir el mando luego del sacrificio del Cuarto Hokage) public\u00f3 un decreto donde prohib\u00eda a cualquiera la menci\u00f3n sobre el ataque del Ky\u016bbi, y quien lo hiciera ser\u00eda severamente castigado.16 Doce a\u00f1os m\u00e1s tarde, Naruto se grad\u00faa de la Academia Ninja usando su t\u00e9cnica clones de sombra , proveniente del pergamino prohibido de la aldea, el cual hab\u00eda robado tras ser enga\u00f1ado por el ninja renegado Mizuki, con el supuesto fin de salvar a su maestro Iruka Umino. Este encuentro le permiti\u00f3 a Naruto percatarse de que \u00e9l era el recipiente contenedor del Ky\u016bbi, y que hab\u00eda alguien que lo estimaba y lo reconoc\u00eda moralmente como una persona.<br \/>\n<img loading=\"lazy\" decoding=\"async\" class=\"alignnone\" src=\"http:\/\/3.bp.blogspot.com\/-YRANT8K1K6U\/TebWAZv92_I\/AAAAAAAAAPo\/uroXJZtgJ2A\/s640\/naruto+shipuden+2+.jpg\" alt=\"\" width=\"600\" height=\"450\" \/><\/p>\n<ul>\n<li>\n<h3><span style=\"color: #0000ff\"><strong>1.- Dragon Ball (Z, GT)<\/strong><\/span><\/h3>\n<\/li>\n<\/ul>\n<p>En un principio el argumento se centra en Son Gok\u016b que\u00a0despu\u00e9s\u00a0de la muerte de su abuelo conoce a una chica llamada Bulma, quien lo invita a hacer una gran b\u00fasqueda de las legendarias Esferas del\u00a0Drag\u00f3n\u00a0 un total de siete esferas que al ser reunidos dan lugar a la aparici\u00f3n del drag\u00f3n sagrado que puede conceder cualquier deseo. Los j\u00f3venes encontrar\u00e1n otros personajes que se les unir\u00e1n con el paso de la historia; Son Gok\u016b se adentrar\u00e1 en la b\u00fasqueda de las Esferas del\u00a0Drag\u00f3n\u00a0y desafiar\u00e1 a todo tipo de villanos para convertirse en el hombre m\u00e1s fuerte del mundo. En varios momentos la serie se volcar\u00e1 al Tenkaichi Bud\u014dkai, un gran torneo mundial de artes marciales en el que los mejores luchadores de todo el mundo se dar\u00e1n cita, bati\u00e9ndose en duelo a fin de demostrar quien es el luchador m\u00e1s fuerte sobre la Tierra. M\u00e1s adelante, a partir de la pelea contra Piccolo Daima\u014d, el argumento dar\u00e1 un cambio radical: las Esferas del\u00a0Drag\u00f3n\u00a0quedan en un segundo plano y el argumento se fijar\u00e1 en la protecci\u00f3n de la Tierra y del universo entero, a trav\u00e9s de continuas batallas en contra de villanos cada vez m\u00e1s poderosos e investigando el origen de Gok\u016b.<br \/>\n<img loading=\"lazy\" decoding=\"async\" class=\"aligncenter\" src=\"http:\/\/www.juegosfamososbender.com\/wp-content\/uploads\/2008\/11\/dragonball.jpg\" alt=\"\" width=\"538\" height=\"395\" \/><\/p>\n","protected":false},"excerpt":{"rendered":"<p>20.-HELLSING Se centra alrededor de la Orden de Caballeros Protestantes Reales, que son los \u00faltimos miembros descendientes de Abraham Van Hellsing. Su misi\u00f3n es la de proteger a la reina y las fronteras del pa\u00eds de toda amenaza sobrenatural. La organizaci\u00f3n est\u00e1 liderada por Sir Integra Fairbrook Wingates Hellsing, que hered\u00f3 su responsabilidad como directora &hellip; <\/p>\n<p><a class=\"more-link btn\" href=\"https:\/\/blog.espol.edu.ec\/nalvia\/los-mejores-animes-del-mundo\/\">Seguir leyendo<\/a><\/p>\n","protected":false},"author":8168,"featured_media":0,"parent":0,"menu_order":0,"comment_status":"open","ping_status":"open","template":"","meta":{"footnotes":""},"class_list":["post-62","page","type-page","status-publish","hentry","nodate","item-wrap"],"_links":{"self":[{"href":"https:\/\/blog.espol.edu.ec\/nalvia\/wp-json\/wp\/v2\/pages\/62","targetHints":{"allow":["GET"]}}],"collection":[{"href":"https:\/\/blog.espol.edu.ec\/nalvia\/wp-json\/wp\/v2\/pages"}],"about":[{"href":"https:\/\/blog.espol.edu.ec\/nalvia\/wp-json\/wp\/v2\/types\/page"}],"author":[{"embeddable":true,"href":"https:\/\/blog.espol.edu.ec\/nalvia\/wp-json\/wp\/v2\/users\/8168"}],"replies":[{"embeddable":true,"href":"https:\/\/blog.espol.edu.ec\/nalvia\/wp-json\/wp\/v2\/comments?post=62"}],"version-history":[{"count":26,"href":"https:\/\/blog.espol.edu.ec\/nalvia\/wp-json\/wp\/v2\/pages\/62\/revisions"}],"predecessor-version":[{"id":64,"href":"https:\/\/blog.espol.edu.ec\/nalvia\/wp-json\/wp\/v2\/pages\/62\/revisions\/64"}],"wp:attachment":[{"href":"https:\/\/blog.espol.edu.ec\/nalvia\/wp-json\/wp\/v2\/media?parent=62"}],"curies":[{"name":"wp","href":"https:\/\/api.w.org\/{rel}","templated":true}]}}