{"id":142,"date":"2016-10-25T18:18:45","date_gmt":"2016-10-25T18:18:45","guid":{"rendered":"http:\/\/blog.espol.edu.ec\/naomimartinez\/?page_id=142"},"modified":"2016-10-29T18:41:27","modified_gmt":"2016-10-29T18:41:27","slug":"historia-del-arte","status":"publish","type":"page","link":"https:\/\/blog.espol.edu.ec\/naomimartinez\/historia-del-arte\/","title":{"rendered":"Historia del arte"},"content":{"rendered":"<p>La\u00a0<b>historia del arte<\/b>\u00a0es una disciplina de las\u00a0ciencias sociales\u00a0que estudia la evoluci\u00f3n del\u00a0arte\u00a0a trav\u00e9s del\u00a0tiempo.<\/p>\n<p>Entendido como cualquier actividad o producto realizado por el\u00a0ser humano\u00a0con finalidad\u00a0est\u00e9tica\u00a0o\u00a0comunicativa, a trav\u00e9s del que expresa\u00a0ideas,\u00a0emociones\u00a0o, en general, una\u00a0visi\u00f3n del mundo, el arte emplea diversos recursos, como los\u00a0pl\u00e1sticos,\u00a0ling\u00fc\u00edsticos,\u00a0sonoroso mixtos. La historia del arte, como\u00a0disciplina acad\u00e9mica\u00a0y entorno institucional (museos,\u00a0mercado del arte,\u00a0departamentos universitarios,\u00a0producciones editoriales) se suele restringir a las denominadas\u00a0artes visuales\u00a0o pl\u00e1sticas (esencialmente a\u00a0pintura,\u00a0escultura\u00a0y\u00a0arquitectura), mientras que otras artes son m\u00e1s espec\u00edficamente objeto de estudio de otras disciplinas claramente delimitadas, como la\u00a0historia de la literatura\u00a0o la\u00a0historia de la m\u00fasica, siendo todas ellas objeto de atenci\u00f3n por la denominada\u00a0historia de la cultura\u00a0o historia cultural, junto con las historias sectoriales enfocadas a otras manifestaciones del pensamiento, como la\u00a0historia de la ciencia, la\u00a0historia de la filosof\u00eda\u00a0o la\u00a0historia de las religiones. Algunos campos de conocimiento estrechamente relacionados con la historia del arte son la\u00a0<a title=\"Est\u00e9tica\" href=\"https:\/\/es.wikipedia.org\/wiki\/Est%C3%A9tica\">est\u00e9tica<\/a>\u00a0y la\u00a0<a title=\"Teor\u00eda del arte\" href=\"https:\/\/es.wikipedia.org\/wiki\/Teor%C3%ADa_del_arte\">teor\u00eda del arte<\/a>.<\/p>\n<p>A lo largo del tiempo el arte\u00a0se ha clasificado de muy diversa manera, desde la distinci\u00f3n medieval entre\u00a0<a title=\"Artes liberales\" href=\"https:\/\/es.wikipedia.org\/wiki\/Artes_liberales\">artes liberales<\/a>\u00a0y\u00a0<a title=\"Artes vulgares\" href=\"https:\/\/es.wikipedia.org\/wiki\/Artes_vulgares\">artes vulgares<\/a>(o \u00abmec\u00e1nicas\u00bb), pasando por la moderna distinci\u00f3n entre\u00a0<a title=\"Bellas artes\" href=\"https:\/\/es.wikipedia.org\/wiki\/Bellas_artes\">bellas artes<\/a>\u00a0y\u00a0<a title=\"Artes aplicadas\" href=\"https:\/\/es.wikipedia.org\/wiki\/Artes_aplicadas\">artes menores<\/a>\u00a0o aplicadas, hasta la multiplicidad contempor\u00e1nea, que entiende como arte casi cualquier manifestaci\u00f3n de la creatividad del ser humano. La sucesiva ampliaci\u00f3n del listado de las \u00abartes principales\u00bb lleg\u00f3 en el siglo\u00a0XX hasta el n\u00famero de nueve: la\u00a0arquitectura, la\u00a0danza, la\u00a0escultura, la\u00a0m\u00fasica, la\u00a0pintura, la\u00a0poes\u00eda\u00a0\u2014entendida de forma amplia como\u00a0literatura\u00a0con intenci\u00f3n est\u00e9tica, que incluye los distintos g\u00e9neros del\u00a0teatro\u00a0y la\u00a0narrativa\u2014, la\u00a0cinematograf\u00eda, la\u00a0fotograf\u00eda\u00a0y la\u00a0historieta\u00a0(o c\u00f3mic). Al solapamiento conceptual de t\u00e9rminos entre\u00a0artes pl\u00e1sticas\u00a0y\u00a0artes visuales\u00a0se a\u00f1adieron los de\u00a0dise\u00f1o\u00a0y\u00a0artes gr\u00e1ficas. Adem\u00e1s de antiqu\u00edsimas formas de expresi\u00f3n art\u00edstica como la\u00a0moda\u00a0y la\u00a0gastronom\u00eda, actualmente se suelen considerar\u00a0<i>artes<\/i>\u00a0nuevos veh\u00edculos expresivos como la\u00a0publicidad, la\u00a0animaci\u00f3n, la\u00a0televisi\u00f3n\u00a0y los\u00a0videojuegos.<\/p>\n<p>La historia del arte es una\u00a0ciencia\u00a0multidisciplinar, procurando un examen objetivo del arte a trav\u00e9s de la\u00a0historia, clasificando\u00a0culturas, estableciendo\u00a0<a class=\"mw-redirect\" title=\"Per\u00edodo hist\u00f3rico\" href=\"https:\/\/es.wikipedia.org\/wiki\/Per%C3%ADodo_hist%C3%B3rico\">periodizaciones<\/a>\u00a0y observando sus caracter\u00edsticas distintivas e influencias. El\u00a0<a class=\"mw-redirect\" title=\"Estudio de la Historia del Arte\" href=\"https:\/\/es.wikipedia.org\/wiki\/Estudio_de_la_Historia_del_Arte\">estudio de la historia del Arte<\/a>\u00a0se desarroll\u00f3 inicialmente en el\u00a0<a title=\"Renacimiento\" href=\"https:\/\/es.wikipedia.org\/wiki\/Renacimiento\">Renacimiento<\/a>, con su objeto limitado a la producci\u00f3n art\u00edstica de la\u00a0civilizaci\u00f3n occidental. No obstante, con el tiempo se ha impuesto una visi\u00f3n m\u00e1s amplia de la historia art\u00edstica, intentando una descripci\u00f3n global del arte de todas las\u00a0civilizaciones\u00a0y el an\u00e1lisis de sus producciones art\u00edsticas en t\u00e9rminos de sus propios valores culturales (<a title=\"Relativismo cultural\" href=\"https:\/\/es.wikipedia.org\/wiki\/Relativismo_cultural\">relativismo cultural<\/a>), y no s\u00f3lo de los de la\u00a0<a title=\"Historia del arte occidental\" href=\"https:\/\/es.wikipedia.org\/wiki\/Historia_del_arte_occidental\">historia del arte occidental<\/a>.<\/p>\n<p>El arte goza hoy d\u00eda de una amplia red de estudio, difusi\u00f3n y conservaci\u00f3n de todo el legado art\u00edstico producido por la humanidad a lo largo de su historia. Durante el\u00a0siglo\u00a0XX\u00a0han proliferado las instituciones, fundaciones, museos y\u00a0galer\u00edas, de \u00e1mbito p\u00fablico y privado, dedicados al an\u00e1lisis y catalogaci\u00f3n de las\u00a0obras de arte, as\u00ed como su\u00a0exposici\u00f3n\u00a0a un p\u00fablico mayoritario. El auge de los\u00a0medios de comunicaci\u00f3n\u00a0ha sido fundamental para el mejor estudio y divulgaci\u00f3n del arte. Eventos y exposiciones internacionales, como las bienales de\u00a0Venecia\u00a0y\u00a0S\u00e3o Paulo\u00a0o la\u00a0<a title=\"Documenta\" href=\"https:\/\/es.wikipedia.org\/wiki\/Documenta\">Documenta<\/a>\u00a0de\u00a0<a title=\"Kassel\" href=\"https:\/\/es.wikipedia.org\/wiki\/Kassel\">Kassel<\/a>\u00a0han ayudado al fomento de nuevos estilos y tendencias. Premios como el\u00a0<a title=\"Premio Turner\" href=\"https:\/\/es.wikipedia.org\/wiki\/Premio_Turner\">Turner<\/a>\u00a0de la\u00a0<a class=\"mw-redirect\" title=\"Tate Gallery\" href=\"https:\/\/es.wikipedia.org\/wiki\/Tate_Gallery\">Tate Gallery<\/a>, el\u00a0<a title=\"Premio de la Fundaci\u00f3n Wolf de las Artes\" href=\"https:\/\/es.wikipedia.org\/wiki\/Premio_de_la_Fundaci%C3%B3n_Wolf_de_las_Artes\">Premio de la Fundaci\u00f3n Wolf de las Artes<\/a>, la\u00a0<a title=\"Medalla Picasso\" href=\"https:\/\/es.wikipedia.org\/wiki\/Medalla_Picasso\">Medalla Picasso<\/a>\u00a0de la\u00a0<a class=\"mw-redirect\" title=\"UNESCO\" href=\"https:\/\/es.wikipedia.org\/wiki\/UNESCO\">UNESCO<\/a>, el\u00a0<a title=\"Premio Vel\u00e1zquez de Artes Pl\u00e1sticas\" href=\"https:\/\/es.wikipedia.org\/wiki\/Premio_Vel%C3%A1zquez_de_Artes_Pl%C3%A1sticas\">Premio Vel\u00e1zquez de Artes Pl\u00e1sticas<\/a>, el\u00a0<a title=\"Premio Pritzker\" href=\"https:\/\/es.wikipedia.org\/wiki\/Premio_Pritzker\">Premio Pritzker<\/a>\u00a0de arquitectura, el\u00a0<a class=\"mw-redirect\" title=\"Premio Nobel de literatura\" href=\"https:\/\/es.wikipedia.org\/wiki\/Premio_Nobel_de_literatura\">Premio Nobel de literatura<\/a>, la\u00a0<a title=\"Medalla Mozart de la Unesco\" href=\"https:\/\/es.wikipedia.org\/wiki\/Medalla_Mozart_de_la_Unesco\">Medalla Mozart de la Unesco<\/a>\u00a0de\u00a0<a title=\"M\u00fasica cl\u00e1sica\" href=\"https:\/\/es.wikipedia.org\/wiki\/M%C3%BAsica_cl%C3%A1sica\">m\u00fasica cl\u00e1sica<\/a>, el\u00a0<a title=\"Premio Pulitzer\" href=\"https:\/\/es.wikipedia.org\/wiki\/Premio_Pulitzer\">Pulitzer<\/a>\u00a0de fotograf\u00eda y los\u00a0<a title=\"Premios \u00d3scar\" href=\"https:\/\/es.wikipedia.org\/wiki\/Premios_%C3%93scar\">\u00d3scar<\/a>\u00a0de cine tambi\u00e9n fomentan la obra de los mejores creadores a nivel internacional. Instituciones como la\u00a0UNESCOcon el establecimiento de un\u00a0Patrimonio de la Humanidad\u00a0ayudan igualmente a la conservaci\u00f3n de los principales monumentos del planeta.<\/p>\n","protected":false},"excerpt":{"rendered":"<p>La\u00a0historia del arte\u00a0es una disciplina de las\u00a0ciencias sociales\u00a0que estudia la evoluci\u00f3n del\u00a0arte\u00a0a trav\u00e9s del\u00a0tiempo. Entendido como cualquier actividad o producto realizado por el\u00a0ser humano\u00a0con finalidad\u00a0est\u00e9tica\u00a0o\u00a0comunicativa, a trav\u00e9s del que expresa\u00a0ideas,\u00a0emociones\u00a0o, en general, una\u00a0visi\u00f3n del mundo, el arte emplea diversos recursos, como los\u00a0pl\u00e1sticos,\u00a0ling\u00fc\u00edsticos,\u00a0sonoroso mixtos. La historia del arte, como\u00a0disciplina acad\u00e9mica\u00a0y entorno institucional (museos,\u00a0mercado del arte,\u00a0departamentos universitarios,\u00a0producciones [&hellip;]<\/p>\n","protected":false},"author":10581,"featured_media":0,"parent":0,"menu_order":0,"comment_status":"closed","ping_status":"closed","template":"","meta":{"footnotes":""},"class_list":["post-142","page","type-page","status-publish","hentry"],"_links":{"self":[{"href":"https:\/\/blog.espol.edu.ec\/naomimartinez\/wp-json\/wp\/v2\/pages\/142","targetHints":{"allow":["GET"]}}],"collection":[{"href":"https:\/\/blog.espol.edu.ec\/naomimartinez\/wp-json\/wp\/v2\/pages"}],"about":[{"href":"https:\/\/blog.espol.edu.ec\/naomimartinez\/wp-json\/wp\/v2\/types\/page"}],"author":[{"embeddable":true,"href":"https:\/\/blog.espol.edu.ec\/naomimartinez\/wp-json\/wp\/v2\/users\/10581"}],"replies":[{"embeddable":true,"href":"https:\/\/blog.espol.edu.ec\/naomimartinez\/wp-json\/wp\/v2\/comments?post=142"}],"version-history":[{"count":3,"href":"https:\/\/blog.espol.edu.ec\/naomimartinez\/wp-json\/wp\/v2\/pages\/142\/revisions"}],"predecessor-version":[{"id":149,"href":"https:\/\/blog.espol.edu.ec\/naomimartinez\/wp-json\/wp\/v2\/pages\/142\/revisions\/149"}],"wp:attachment":[{"href":"https:\/\/blog.espol.edu.ec\/naomimartinez\/wp-json\/wp\/v2\/media?parent=142"}],"curies":[{"name":"wp","href":"https:\/\/api.w.org\/{rel}","templated":true}]}}