{"id":108,"date":"2014-06-10T21:49:10","date_gmt":"2014-06-10T21:49:10","guid":{"rendered":"http:\/\/blog.espol.edu.ec\/nathaliaaguillon\/?page_id=108"},"modified":"2014-06-11T17:12:14","modified_gmt":"2014-06-11T17:12:14","slug":"adopta","status":"publish","type":"page","link":"https:\/\/blog.espol.edu.ec\/nathaliaaguillon\/adopta\/","title":{"rendered":"Adopta"},"content":{"rendered":"<p><strong>Programa de Adopciones<\/strong><\/p>\n<p><a href=\"http:\/\/blog.espol.edu.ec\/nathaliaaguillon\/files\/2014\/06\/programa_adopciones.jpg\"><img loading=\"lazy\" decoding=\"async\" src=\"http:\/\/blog.espol.edu.ec\/nathaliaaguillon\/files\/2014\/06\/programa_adopciones.jpg\" alt=\"programa_adopciones\" width=\"400\" height=\"300\" class=\"aligncenter size-full wp-image-110\" srcset=\"https:\/\/blog.espol.edu.ec\/nathaliaaguillon\/files\/2014\/06\/programa_adopciones.jpg 400w, https:\/\/blog.espol.edu.ec\/nathaliaaguillon\/files\/2014\/06\/programa_adopciones-300x225.jpg 300w\" sizes=\"auto, (max-width: 400px) 100vw, 400px\" \/><\/a>El Programa de Adopciones, tiene como objetivo ubicar a los animales rescatados, abandonados y\/o maltratados, en un hogar seguro y estable donde morar el resto de su vida.<\/p>\n<p>Adoptar un animal representa mucho m\u00e1s que conseguir una mascota, significa encontrar un compa\u00f1ero, un amigo agradecido por la nueva oportunidad que le brindas.<\/p>\n<p>Sin embargo, aunque tengas muchos deseos de tener un animalito en casa, es necesario que revises las siguientes preguntas que te ayudar\u00e1n a decidir si este es el mejor momento para adoptar:<\/p>\n<p>1. \u00bfTienes tiempo para dedicarle a un animalito? Tu perro o gato necesitar\u00e1 tu compa\u00f1\u00eda y tiempo para su cuidado, alimentaci\u00f3n y aseo; adem\u00e1s deber\u00e1s educarlo. En el caso de un perro, llevarlo a pasear diariamente y socializarlo. Tambi\u00e9n llevarlo al veterinario cuando lo requiera.<br \/>\n2. \u00bfEst\u00e1s en condiciones econ\u00f3micas para costear vacunas, tratamientos, comida, accesorios, y dem\u00e1s? Un animalito representa un presupuesto que debes analizar.<br \/>\n3. \u00bfEst\u00e1s por mudarte de casa?\u00bfEn el nuevo lugar, aceptan mascotas?<br \/>\n4. \u00bfConoces la legislaci\u00f3n sobre tenencia responsable? Inf\u00f3rmate si no quieres tener problemas con las autoridades.<br \/>\n5. \u00bfTu situaci\u00f3n emocional, laboral y sentimental es estable al momento? Debe serlo si decides aceptar un animal en tu vida, pues el necesita esa estabilidad.<br \/>\n6. Si vives con otras personas, \u00bfest\u00e1n de acuerdo con tener un animal en casa?<br \/>\n7. \u00bfConoces sobre comportamiento y psicolog\u00eda canina o felina? Ser\u00eda conveniente que revises algo sobre estos temas, te ayudar\u00e1 a entender las necesidades de tu animal y a educarlo sin maltrato y apropiadamente. En la fundaci\u00f3n te podemos ayudar con documentos y videos.<\/p>\n<p>Si est\u00e1s absolutamente consciente y comprometido a tener una mascota en buen estado de salud (f\u00edsico, psicol\u00f3gico y temperamental), entonces contin\u00faa y realice los siguientes pasos.<\/p>\n<p>1) Revisa nuestra <a href=\"http:\/\/www.rescateanimal.org.ec\/mascotas\/adopcion\" title=\"Galeria\">galer\u00eda<\/a> y escoge a tu nuev@ amig@.<\/p>\n<p>2) Llenar la <a href=\"http:\/\/www.rescateanimal.org.ec\/contactos\/quiero-adoptar-una-mascota?nombre=Valiente\" title=\"Solicitud\">Solicitud de Adopci\u00f3n<\/a>.<\/p>\n<p>3) Esperar que le llegue un correo a su email <\/p>\n","protected":false},"excerpt":{"rendered":"<p>Programa de Adopciones El Programa de Adopciones, tiene como objetivo ubicar a los animales rescatados, abandonados y\/o maltratados, en un hogar seguro y estable donde morar el resto de su vida. Adoptar un animal representa mucho m\u00e1s que conseguir una mascota, significa encontrar un compa\u00f1ero, un amigo agradecido por la nueva oportunidad que le brindas. [&hellip;]<\/p>\n","protected":false},"author":9164,"featured_media":0,"parent":0,"menu_order":0,"comment_status":"open","ping_status":"open","template":"","meta":{"footnotes":""},"class_list":["post-108","page","type-page","status-publish","hentry"],"_links":{"self":[{"href":"https:\/\/blog.espol.edu.ec\/nathaliaaguillon\/wp-json\/wp\/v2\/pages\/108","targetHints":{"allow":["GET"]}}],"collection":[{"href":"https:\/\/blog.espol.edu.ec\/nathaliaaguillon\/wp-json\/wp\/v2\/pages"}],"about":[{"href":"https:\/\/blog.espol.edu.ec\/nathaliaaguillon\/wp-json\/wp\/v2\/types\/page"}],"author":[{"embeddable":true,"href":"https:\/\/blog.espol.edu.ec\/nathaliaaguillon\/wp-json\/wp\/v2\/users\/9164"}],"replies":[{"embeddable":true,"href":"https:\/\/blog.espol.edu.ec\/nathaliaaguillon\/wp-json\/wp\/v2\/comments?post=108"}],"version-history":[{"count":3,"href":"https:\/\/blog.espol.edu.ec\/nathaliaaguillon\/wp-json\/wp\/v2\/pages\/108\/revisions"}],"predecessor-version":[{"id":117,"href":"https:\/\/blog.espol.edu.ec\/nathaliaaguillon\/wp-json\/wp\/v2\/pages\/108\/revisions\/117"}],"wp:attachment":[{"href":"https:\/\/blog.espol.edu.ec\/nathaliaaguillon\/wp-json\/wp\/v2\/media?parent=108"}],"curies":[{"name":"wp","href":"https:\/\/api.w.org\/{rel}","templated":true}]}}