{"id":51,"date":"2014-06-09T20:06:56","date_gmt":"2014-06-09T20:06:56","guid":{"rendered":"http:\/\/blog.espol.edu.ec\/nathaliaaguillon\/?page_id=51"},"modified":"2014-06-11T17:42:03","modified_gmt":"2014-06-11T17:42:03","slug":"salud","status":"publish","type":"page","link":"https:\/\/blog.espol.edu.ec\/nathaliaaguillon\/salud\/","title":{"rendered":"Salud y Cuidado"},"content":{"rendered":"<p><strong>C\u00d3MO PROTEGER A TU MASCOTA DE  PARASITOS<\/strong><\/p>\n<p>Proteger a nuestra mascota de las molestas <strong>pulgas y garrapatas<\/strong>, es una necesidad. Estos <strong>par\u00e1sitos<\/strong> son organismos que se transmiten entre los animales y tambi\u00e9n hacia las personas, por lo que su control es primordial para su bienestar y salud.<br \/>\nNo esperes a que los tengan, en la prevenci\u00f3n ganamos todos. Puedes observar en este v\u00eddeo lo que te ofrece Frontline.<br \/>\nFrontline tiene una extensa gama de <strong>productos antipar\u00e1sitos<\/strong> adecuado a la fase (huevos, larvas..) que necesite tu mascota, y tambi\u00e9n diferentes tipos de aplicaciones. La pipeta es la presentaci\u00f3n m\u00e1s demandada, pero no dudes en mirar cu\u00e1l es tu preferida.<br \/>\nLa primavera y el verano son las \u00e9pocas m\u00e1s frecuentes para sufrir a estos molestos par\u00e1sitos, a\u00fan as\u00ed, estate siempre alerta y \u00a1no esperes a ver como se rascan!<br \/>\n<a href=\"http:\/\/blog.espol.edu.ec\/nathaliaaguillon\/files\/2014\/06\/Dog-Parasites.jpg\"><img loading=\"lazy\" decoding=\"async\" src=\"http:\/\/blog.espol.edu.ec\/nathaliaaguillon\/files\/2014\/06\/Dog-Parasites-300x201.jpg\" alt=\"Dog-Parasites\" width=\"300\" height=\"201\" class=\"alignnone size-medium wp-image-52\" srcset=\"https:\/\/blog.espol.edu.ec\/nathaliaaguillon\/files\/2014\/06\/Dog-Parasites-300x201.jpg 300w, https:\/\/blog.espol.edu.ec\/nathaliaaguillon\/files\/2014\/06\/Dog-Parasites.jpg 400w\" sizes=\"auto, (max-width: 300px) 100vw, 300px\" \/><\/a><\/p>\n<p><strong>A CONTINUACION LE PRESENTAMOS UN VIDEO DE '' COMO HACER UNA LOSI\u00d3N CASERA PARA ELIMINAR PAR\u00c1SITOS''<\/strong><\/p>\n<p><iframe loading=\"lazy\" title=\"C\u00f3mo hacer una loci\u00f3n casera para mascotas (elimina los par\u00e1sitos) HD\" width=\"500\" height=\"375\" src=\"https:\/\/www.youtube.com\/embed\/rpogpRrY5ys?feature=oembed\" frameborder=\"0\" allow=\"accelerometer; autoplay; clipboard-write; encrypted-media; gyroscope; picture-in-picture; web-share\" referrerpolicy=\"strict-origin-when-cross-origin\" allowfullscreen><\/iframe><\/p>\n<p><a href=\"http:\/\/blog.espol.edu.ec\/nathaliaaguillon\/files\/2014\/06\/perrito-con-un-hueso-animales-perros-pintado-por-tati26-97267454.jpg\"><img loading=\"lazy\" decoding=\"async\" src=\"http:\/\/blog.espol.edu.ec\/nathaliaaguillon\/files\/2014\/06\/perrito-con-un-hueso-animales-perros-pintado-por-tati26-97267454.jpg\" alt=\"perrito-con-un-hueso-animales-perros-pintado-por-tati26-9726745\" width=\"650\" height=\"63\" class=\"alignleft size-full wp-image-65\" srcset=\"https:\/\/blog.espol.edu.ec\/nathaliaaguillon\/files\/2014\/06\/perrito-con-un-hueso-animales-perros-pintado-por-tati26-97267454.jpg 650w, https:\/\/blog.espol.edu.ec\/nathaliaaguillon\/files\/2014\/06\/perrito-con-un-hueso-animales-perros-pintado-por-tati26-97267454-300x29.jpg 300w\" sizes=\"auto, (max-width: 650px) 100vw, 650px\" \/><\/a><\/p>\n<p><strong>EL CALOR,ENEMIGO DE LAS MASCOTAS EN VERANO<\/strong><\/p>\n<p>No es ninguna novedad: cuando llega el verano, el calor se convierte en una de las principales preocupaciones de los due\u00f1os de mascotas. Algunas de nuestras costumbres habituales tienen que cambiar para poder garantizar su salud.<\/p>\n<p>Por ejemplo, el ejercicio. No son pocas las personas a las que les gusta salir a correr y llevarse a sus perros, un h\u00e1bito que no modifican en verano, al menos no sensiblemente. Aunque cambiemos la hora del ejercicio y la traslademos a momentos m\u00e1s frescos del d\u00eda, es recomendable que en esta temporada nuestro amigo de cuatro patas se quede en casa. Por mucho que disfrute tambi\u00e9n de este rato y nos apene dejarlo. La deshidrataci\u00f3n puede hacer mella en \u00e9l de manera m\u00e1s r\u00e1pida y contundente que en nosotros, incluso aunque no haga un calor sofocante, y debemos recordar lo grave que puede ser esto: se suele decir que una p\u00e9rdida de m\u00e1s del 12% de l\u00edquido en estas mascotas resulta fatal para ellas.<br \/>\n<a href=\"http:\/\/blog.espol.edu.ec\/nathaliaaguillon\/files\/2014\/06\/Depositphotos_11453253_s-270x270.jpg\"><img loading=\"lazy\" decoding=\"async\" src=\"http:\/\/blog.espol.edu.ec\/nathaliaaguillon\/files\/2014\/06\/Depositphotos_11453253_s-270x270.jpg\" alt=\"Depositphotos_11453253_s-270x270\" width=\"270\" height=\"270\" class=\"alignnone size-full wp-image-57\" srcset=\"https:\/\/blog.espol.edu.ec\/nathaliaaguillon\/files\/2014\/06\/Depositphotos_11453253_s-270x270.jpg 270w, https:\/\/blog.espol.edu.ec\/nathaliaaguillon\/files\/2014\/06\/Depositphotos_11453253_s-270x270-150x150.jpg 150w\" sizes=\"auto, (max-width: 270px) 100vw, 270px\" \/><\/a><\/p>\n<p><strong>Evitar dejarlos en la terraza<\/strong><\/p>\n<p>Algunas personas optan por dejar a sus mascotas en la terraza cuando se marchan por varias horas, tal vez para no molestar a los vecinos o para evitar los destrozos que pueden provocar algunos perros a causa de la ansiedad por separaci\u00f3n. Si ya de por s\u00ed es una pr\u00e1ctica cuestionable en ciertos casos, en verano debe ser algo totalmente a evitar. Incluso aunque se disponga de un toldo, aunque la terraza parezca estar a la sombra\u2026 El ambiente caldeado puede afectar igualmente al animal y causarle el tan temido golpe de calor.<\/p>\n<p>De la misma manera, si tenemos un perro o un gato de pelo corto o duro, hemos de procurar que no quede demasiado tiempo al sol en ninguna otra circunstancia (en un patio, en el jard\u00edn, en la playa). No s\u00f3lo pueden ser propensos a sufrir quemaduras igual que nosotros, sino tambi\u00e9n a verse afectados, en el peor de los casos, por c\u00e1nceres de piel.<\/p>\n<p><a href=\"http:\/\/blog.espol.edu.ec\/nathaliaaguillon\/files\/2014\/06\/perrito-con-un-hueso-animales-perros-pintado-por-tati26-97267454.jpg\"><img loading=\"lazy\" decoding=\"async\" src=\"http:\/\/blog.espol.edu.ec\/nathaliaaguillon\/files\/2014\/06\/perrito-con-un-hueso-animales-perros-pintado-por-tati26-97267454.jpg\" alt=\"perrito-con-un-hueso-animales-perros-pintado-por-tati26-9726745\" width=\"650\" height=\"63\" class=\"aligncenter size-full wp-image-65\" srcset=\"https:\/\/blog.espol.edu.ec\/nathaliaaguillon\/files\/2014\/06\/perrito-con-un-hueso-animales-perros-pintado-por-tati26-97267454.jpg 650w, https:\/\/blog.espol.edu.ec\/nathaliaaguillon\/files\/2014\/06\/perrito-con-un-hueso-animales-perros-pintado-por-tati26-97267454-300x29.jpg 300w\" sizes=\"auto, (max-width: 650px) 100vw, 650px\" \/><\/a><br \/>\n<strong>C\u00d3MO TRATAR LA TOS EN TU PERRO<\/strong><br \/>\nLa tos de la perrera es una condici\u00f3n que es muy contagiosa y puede transmitirse a trav\u00e9s del aire. La enfermedad se manifiesta a trav\u00e9s de una tos seca y por lo general se cura sin tratamiento.<br \/>\n<a href=\"http:\/\/blog.espol.edu.ec\/nathaliaaguillon\/files\/2014\/06\/tos-de-perro-tos-de-la-perrera-216x300.jpg\"><img loading=\"lazy\" decoding=\"async\" src=\"http:\/\/blog.espol.edu.ec\/nathaliaaguillon\/files\/2014\/06\/tos-de-perro-tos-de-la-perrera-216x300.jpg\" alt=\"tos-de-perro-tos-de-la-perrera-216x300\" width=\"216\" height=\"300\" class=\"aligncenter size-full wp-image-68\" \/><\/a><br \/>\n<strong>Consejos para Tratar la Tos<\/strong><\/p>\n<p><strong>1. Humidificador de aire<\/strong><br \/>\nLa tos de las perreras afecta las v\u00edas respiratorias del perro y estas se  irritan mucho. Mant\u00e9n a tu mascota en un ba\u00f1o con vapor puede aliviar la irritaci\u00f3n y ayudarle a respirar normalmente.<\/p>\n<p>Tambi\u00e9n debes asegurarte de que la temperatura ambiente sea ligeramente m\u00e1s elevada de lo habitual, lo que ayudar\u00e1 a acelerar la recuperaci\u00f3n.<\/p>\n<p><strong>2. Miel<\/strong><br \/>\nAdministrar una cucharada de miel de 1 a 3 veces por d\u00eda, puedes aclarar la garganta y aliviar la irritaci\u00f3n. Los perros suelen disfrutar del sabor de la miel, pero si tel tuyo se niega a comerla, la puedes mezclar con agua.<\/p>\n<p><a href=\"http:\/\/blog.espol.edu.ec\/nathaliaaguillon\/files\/2014\/06\/Miel.jpg\"><img loading=\"lazy\" decoding=\"async\" src=\"http:\/\/blog.espol.edu.ec\/nathaliaaguillon\/files\/2014\/06\/Miel-150x150.jpg\" alt=\"Miel\" width=\"150\" height=\"150\" class=\"aligncenter size-thumbnail wp-image-70\" srcset=\"https:\/\/blog.espol.edu.ec\/nathaliaaguillon\/files\/2014\/06\/Miel-150x150.jpg 150w, https:\/\/blog.espol.edu.ec\/nathaliaaguillon\/files\/2014\/06\/Miel-300x300.jpg 300w, https:\/\/blog.espol.edu.ec\/nathaliaaguillon\/files\/2014\/06\/Miel.jpg 600w\" sizes=\"auto, (max-width: 150px) 100vw, 150px\" \/><\/a><\/p>\n<p>Alternativamente, puedes utilizar jarabe de arce, que tendr\u00e1 los mismos efectos que la miel.<\/p>\n<p><strong>3. Vapor<\/strong><br \/>\nEl vapor puede ayudar a despejar las v\u00edas respiratorias y alivian la tos. Llena tu cuarto de ba\u00f1o con vapor y mantener a su perro en el ba\u00f1o de 5 a 10 minutos, para asegurarse de que inhala el vapor.<\/p>\n<p><strong>4. Supresores contra la tos<\/strong><br \/>\nLa tos de las perreras no necesariamente requiere medicamentos, pero si la tos es preocupante, tienes la opci\u00f3n de suministrarle supresores.<\/p>\n<p>Habla con tu veterinario para que te recomiende algunos que sean adecuados para tu mascota.<\/p>\n<p><strong>5. No lo expongas al humo<\/strong><br \/>\nLo mejor es no exponerlo al humo u otros productos qu\u00edmicos que puedan irritarle las v\u00edas respiratorias.<\/p>\n<p>Si fumas, aseg\u00farate de fumar afuera. Limpia tu casa para retirar el polvo u otros posibles irritantes, tambi\u00e9n debes utilizar algunos purificadores de aire.<\/p>\n<p><a href=\"http:\/\/blog.espol.edu.ec\/nathaliaaguillon\/files\/2014\/06\/200710088tabacoDentro_20071009.jpg\"><img loading=\"lazy\" decoding=\"async\" src=\"http:\/\/blog.espol.edu.ec\/nathaliaaguillon\/files\/2014\/06\/200710088tabacoDentro_20071009.jpg\" alt=\"200710088tabacoDentro_20071009\" width=\"250\" height=\"249\" class=\"aligncenter size-full wp-image-73\" srcset=\"https:\/\/blog.espol.edu.ec\/nathaliaaguillon\/files\/2014\/06\/200710088tabacoDentro_20071009.jpg 250w, https:\/\/blog.espol.edu.ec\/nathaliaaguillon\/files\/2014\/06\/200710088tabacoDentro_20071009-150x150.jpg 150w\" sizes=\"auto, (max-width: 250px) 100vw, 250px\" \/><\/a><\/p>\n<p>Si utilizas qu\u00edmicos para el hogar durante la limpieza, manteen al perro en una habitaci\u00f3n diferente.<\/p>\n<p><strong>6. Suplementos vitam\u00ednicos<\/strong><br \/>\nEl tiempo de recuperaci\u00f3n para la tos de las perreras depende en gran medida del perro, de su  sistema inmune y su capacidad para combatir la enfermedad. Si tu perro tiene un sistema inmunol\u00f3gico fuerte, es m\u00e1s probable que tenga una recuperaci\u00f3n m\u00e1s r\u00e1pida.<\/p>\n<p>Aumenta el sistema inmune de tu mascota con algunas vitaminas como la A, B, D y E. Tambi\u00e9n puedes a\u00f1adir algunos \u00e1cidos grasos como el  omega 3, que ayudar\u00e1n a que tu perro se recupere m\u00e1s r\u00e1pido.<\/p>\n<p>Tambi\u00e9n puedes optar por remedios de medicina alternativa, puedes consultar a un home\u00f3pata para m\u00e1s detalles.<\/p>\n<p><strong>7.  Paseos<\/strong><br \/>\nMant\u00e9n a tu perro dentro durante el d\u00eda y s\u00e1calo a pasear temprano en la ma\u00f1ana o al atardecer, cuando el aire es m\u00e1s limpio y el perro no tendr\u00e1 dificultades para respirar.<\/p>\n<p>Aseg\u00farate de mantener a tu mascota lejos de otros caninos, para evitar la propagaci\u00f3n de la enfermedad.<\/p>\n","protected":false},"excerpt":{"rendered":"<p>C\u00d3MO PROTEGER A TU MASCOTA DE PARASITOS Proteger a nuestra mascota de las molestas pulgas y garrapatas, es una necesidad. Estos par\u00e1sitos son organismos que se transmiten entre los animales y tambi\u00e9n hacia las personas, por lo que su control es primordial para su bienestar y salud. No esperes a que los tengan, en la [&hellip;]<\/p>\n","protected":false},"author":9164,"featured_media":0,"parent":0,"menu_order":0,"comment_status":"open","ping_status":"closed","template":"","meta":{"footnotes":""},"class_list":["post-51","page","type-page","status-publish","hentry"],"_links":{"self":[{"href":"https:\/\/blog.espol.edu.ec\/nathaliaaguillon\/wp-json\/wp\/v2\/pages\/51","targetHints":{"allow":["GET"]}}],"collection":[{"href":"https:\/\/blog.espol.edu.ec\/nathaliaaguillon\/wp-json\/wp\/v2\/pages"}],"about":[{"href":"https:\/\/blog.espol.edu.ec\/nathaliaaguillon\/wp-json\/wp\/v2\/types\/page"}],"author":[{"embeddable":true,"href":"https:\/\/blog.espol.edu.ec\/nathaliaaguillon\/wp-json\/wp\/v2\/users\/9164"}],"replies":[{"embeddable":true,"href":"https:\/\/blog.espol.edu.ec\/nathaliaaguillon\/wp-json\/wp\/v2\/comments?post=51"}],"version-history":[{"count":7,"href":"https:\/\/blog.espol.edu.ec\/nathaliaaguillon\/wp-json\/wp\/v2\/pages\/51\/revisions"}],"predecessor-version":[{"id":131,"href":"https:\/\/blog.espol.edu.ec\/nathaliaaguillon\/wp-json\/wp\/v2\/pages\/51\/revisions\/131"}],"wp:attachment":[{"href":"https:\/\/blog.espol.edu.ec\/nathaliaaguillon\/wp-json\/wp\/v2\/media?parent=51"}],"curies":[{"name":"wp","href":"https:\/\/api.w.org\/{rel}","templated":true}]}}