{"id":39,"date":"2011-11-04T01:43:29","date_gmt":"2011-11-04T01:43:29","guid":{"rendered":"http:\/\/blog.espol.edu.ec\/natsther\/?page_id=39"},"modified":"2011-11-04T20:08:53","modified_gmt":"2011-11-04T20:08:53","slug":"delicias-saludables","status":"publish","type":"page","link":"https:\/\/blog.espol.edu.ec\/natsther\/delicias-saludables\/","title":{"rendered":"consejos"},"content":{"rendered":"<p>CONSUMIR COMIDA CHATARRA ES COMO ENVENENARSE LENTAMENTE<\/p>\n<p><a href=\"http:\/\/blog.espol.edu.ec\/natsther\/delicias-saludables\/attachment\/7\/\" rel=\"attachment wp-att-102\"><img loading=\"lazy\" decoding=\"async\" src=\"http:\/\/blog.espol.edu.ec\/natsther\/files\/2011\/11\/7.jpg\" alt=\"\" title=\"7\" width=\"235\" height=\"235\" class=\"aligncenter size-full wp-image-102\" srcset=\"https:\/\/blog.espol.edu.ec\/natsther\/files\/2011\/11\/7.jpg 235w, https:\/\/blog.espol.edu.ec\/natsther\/files\/2011\/11\/7-150x150.jpg 150w\" sizes=\"auto, (max-width: 235px) 100vw, 235px\" \/><\/a><\/p>\n<p>La comida chatarra es un enorme problema en muchos pa\u00edses, donde la obesidad est\u00e1 empezando a atacar precisamente por comer alimentos que han sido procesados con una serie de qu\u00edmicos y grasas que el cuerpo simplemente no puede quemar.<br \/>\nNo nos damos cuenta  que la comida chatarra es tan exitosa porque es totalmente adictiva, con buen sabor, adem\u00e1s siempre esta a la vuelta de la esquina y por eso siempre queremos comerla. Sin embargo, con el tiempo el cuerpo empieza a presentar problemas de nutrici\u00f3ny de salud en general cuando llevamos un estilo de vida tan descuidada como esta.<br \/>\nDesde peque\u00f1os los ni\u00f1os son bombardeados por comerciales, amigos y especialmente por sus propios padres que los ense\u00f1an a ir a cadenas como McDonald\u2019s, KFC,o asaderos de pollo,  donde la comida es sabrosa para muchos pero p\u00e9sima para nuestra salud. Y cuando estamos adultos y tenemos el h\u00e1bito debemos detenernos. Si es tu caso, sigue leyendo para que aprendas c\u00f3mo dejar de comer comida chatarra.<br \/>\nPrimero debes entender y admitir que la comida chatarra es un problema si la comes m\u00e1s de 4 veces por semana. Acepta que es un problema serio que puede ocasionar muchos da\u00f1os en tu salud, tantos que puede ser fatal.<br \/>\nLuego, la mejor manera es no detenerte y dejar de comer por completo porque eso ser\u00eda a\u00fan peor. As\u00ed que reemplaza todas las comidas chatarrapor algo que sea preparado en casa, sin aditivos, y fresco.<br \/>\nSi tienes comida chatarra en casa, reg\u00e1lasela a alguien. No le har\u00e1 bien a nadie. Trata al menos de alcanzar la meta de estar 2 o 3 semanas sin comer nada de comida chatarra ahora que la has sacado de tu casa.<br \/>\nVe al medico y cu\u00e9ntale acerca de tu problema para que puedan ayudarte con alg\u00fan consejo y revisen si tienes alg\u00fan problema de salud o malnutrici\u00f3n por tu gusto por la comida chatarra.<br \/>\nEsto es todo. Son cosas sencillas que hacer pero muy importantes. Y recuerda: no es necesario exagerar y comer demasiada chatarra, pero puedes moderarte al menos para que sea una vez al mes nada m\u00e1s.<\/p>\n<p><a href='http:\/\/blog.espol.edu.ec\/natsther\/delicias-saludables\/tips-para-no-consumir-comida-chatarra-4\/' rel='attachment wp-att-128'>tips para no consumir comida chatarra<\/a><\/p>\n","protected":false},"excerpt":{"rendered":"<p>CONSUMIR COMIDA CHATARRA ES COMO ENVENENARSE LENTAMENTE La comida chatarra es un enorme problema en muchos pa\u00edses, donde la obesidad est\u00e1 empezando a atacar precisamente por comer alimentos que han sido procesados con una serie de qu\u00edmicos y grasas que el cuerpo simplemente no puede quemar. No nos damos cuenta que la comida chatarra es [&hellip;]<\/p>\n","protected":false},"author":7004,"featured_media":0,"parent":0,"menu_order":0,"comment_status":"open","ping_status":"open","template":"","meta":{"_monsterinsights_skip_tracking":false,"_monsterinsights_sitenote_active":false,"_monsterinsights_sitenote_note":"","_monsterinsights_sitenote_category":0,"footnotes":""},"class_list":["post-39","page","type-page","status-publish","hentry"],"aioseo_notices":[],"_links":{"self":[{"href":"https:\/\/blog.espol.edu.ec\/natsther\/wp-json\/wp\/v2\/pages\/39","targetHints":{"allow":["GET"]}}],"collection":[{"href":"https:\/\/blog.espol.edu.ec\/natsther\/wp-json\/wp\/v2\/pages"}],"about":[{"href":"https:\/\/blog.espol.edu.ec\/natsther\/wp-json\/wp\/v2\/types\/page"}],"author":[{"embeddable":true,"href":"https:\/\/blog.espol.edu.ec\/natsther\/wp-json\/wp\/v2\/users\/7004"}],"replies":[{"embeddable":true,"href":"https:\/\/blog.espol.edu.ec\/natsther\/wp-json\/wp\/v2\/comments?post=39"}],"version-history":[{"count":10,"href":"https:\/\/blog.espol.edu.ec\/natsther\/wp-json\/wp\/v2\/pages\/39\/revisions"}],"predecessor-version":[{"id":130,"href":"https:\/\/blog.espol.edu.ec\/natsther\/wp-json\/wp\/v2\/pages\/39\/revisions\/130"}],"wp:attachment":[{"href":"https:\/\/blog.espol.edu.ec\/natsther\/wp-json\/wp\/v2\/media?parent=39"}],"curies":[{"name":"wp","href":"https:\/\/api.w.org\/{rel}","templated":true}]}}