{"id":46,"date":"2011-11-04T01:49:03","date_gmt":"2011-11-04T01:49:03","guid":{"rendered":"http:\/\/blog.espol.edu.ec\/natsther\/delicias-saludables-2\/"},"modified":"2011-11-04T20:02:33","modified_gmt":"2011-11-04T20:02:33","slug":"delicias-saludables-2","status":"publish","type":"page","link":"https:\/\/blog.espol.edu.ec\/natsther\/delicias-saludables-2\/","title":{"rendered":"Delicias saludables"},"content":{"rendered":"<p><a href=\"http:\/\/blog.espol.edu.ec\/natsther\/delicias-saludables-2\/manzanas-al-horno-rellenas-5\/\" rel=\"attachment wp-att-118\"><img loading=\"lazy\" decoding=\"async\" src=\"http:\/\/blog.espol.edu.ec\/natsther\/files\/2011\/11\/manzanas-al-horno-rellenas4-300x234.jpg\" alt=\"\" title=\"manzanas-al-horno-rellenas\" width=\"300\" height=\"234\" class=\"aligncenter size-medium wp-image-118\" srcset=\"https:\/\/blog.espol.edu.ec\/natsther\/files\/2011\/11\/manzanas-al-horno-rellenas4-300x234.jpg 300w, https:\/\/blog.espol.edu.ec\/natsther\/files\/2011\/11\/manzanas-al-horno-rellenas4.jpg 500w\" sizes=\"auto, (max-width: 300px) 100vw, 300px\" \/><\/a><\/p>\n<p>Manzanas Rellenas Horneadas<\/p>\n<p>INGREDIENTES<br \/>\n4 manzanas<br \/>\n2 cdas. albaricoques secos, picados<br \/>\n2 cdas. grosellas<br \/>\n2 cdas. pasitas<br \/>\n1\/2 taza az\u00facar morena<br \/>\n1 cda. canela<br \/>\n1\/2 cdta. ralladura de lim\u00f3n<br \/>\n1\/2 cdta. ralladura de naranja<br \/>\n1 cda. mantequilla<br \/>\n1 taza agua caliente<br \/>\n3 cdas. az\u00facar<br \/>\nPROCEDIMIENTO<br \/>\nPrecaliente el horno a 350 F (175 C). Corte las manzanas por la mitad, a lo largo. Corte una rodaja fina en la base de cada manzana. Remoje los albaricoques, las grosellas y las pasitas en agua caliente por 8-10 min. Escurra el agua de las frutas. S\u00e9quelas con una toalla de papel. En un taz\u00f3n mediano, mezcle las frutas, el az\u00facar morena, la canela, la ralldura de lim\u00f3n, la ralladura de naranja. S\u00e1quele los corazones y las semillas a las mitades de manzanas con un utensilio para hacer bolitas de mel\u00f3n, o una cucharita redondita. Rellene el centro hueco de cada manzana con la mezcla de las frutas. Ponga puntitos de mantequilla en la parte de arriba de cada manzana rellena. En una cacerola peque\u00f1a, combine el az\u00facar y el agua. Cocine a temperatura media-alta por 4 min., hasta que la mezcla tenga apariencia de alm\u00edbar. Qu\u00edtela del fuego. Ponga el alm\u00edbar en el fondo de un molde de hornear poco hondo. Ponga las mitades rellenas de manzana el el molde con el alm\u00edbar. T\u00e1pelo. Hornee por 45 min., hasta que las manzanas se ablanden. Sirva calientes o fr\u00edas<\/p>\n<p><a href=\"http:\/\/blog.espol.edu.ec\/natsther\/delicias-saludables-2\/copa_tropical3-3\/\" rel=\"attachment wp-att-119\"><img loading=\"lazy\" decoding=\"async\" src=\"http:\/\/blog.espol.edu.ec\/natsther\/files\/2011\/11\/copa_tropical32-300x153.jpg\" alt=\"\" title=\"copa_tropical3\" width=\"300\" height=\"153\" class=\"aligncenter size-medium wp-image-119\" srcset=\"https:\/\/blog.espol.edu.ec\/natsther\/files\/2011\/11\/copa_tropical32-300x153.jpg 300w, https:\/\/blog.espol.edu.ec\/natsther\/files\/2011\/11\/copa_tropical32.jpg 588w\" sizes=\"auto, (max-width: 300px) 100vw, 300px\" \/><\/a><\/p>\n<p>Fruta con Salsa Cremosa de Vainilla<br \/>\nINGREDIENTES<br \/>\n1\/2 taza yogurt de vainilla bajo en grasa<br \/>\n1\/4 taza pur\u00e9e de manzana<br \/>\n1 cdta. miel<br \/>\n1 taza duraznos pelados en rebanadas; nectarinas en rabanadas, naranjas en secciones o fresas rebanadas<br \/>\n1 taza manzana o pera rebanada<br \/>\n1 pl\u00e1tano peque\u00f1o en rebanadas<br \/>\n1\/2 taza uvas sin semillas<br \/>\ncanela molida<br \/>\nPROCEDIMIENTO<br \/>\nPara la salsa: Combine el yogurt, el pur\u00e9 de manzana, y la miel. En un taz\u00f3n mediano combine las nectarinas, duraznos, naranjas o fresas; manzana o pera; pl\u00e1tano; y uvas. Divida la mezcla de la fruta en 6 recipientes para postres. Agregue una cucharada de la mezcla cremoosa en cada uno de los recipientes sobre la fruta y espolvoree la canela sobre cada uno. 6 porciones<\/p>\n<p><a href=\"http:\/\/blog.espol.edu.ec\/natsther\/delicias-saludables-2\/flan-de-verduras\/\" rel=\"attachment wp-att-91\"><img loading=\"lazy\" decoding=\"async\" src=\"http:\/\/blog.espol.edu.ec\/natsther\/files\/2011\/11\/flan-de-verduras.jpg\" alt=\"\" title=\"flan de verduras\" width=\"300\" height=\"250\" class=\"aligncenter size-full wp-image-91\" \/><\/a><br \/>\nFLAN DE VERDURAS<\/p>\n<p>INGREDIENTES<br \/>\no\t4 papas medianas (600 gramos)<br \/>\no\t3 zanahorias medianas<br \/>\no\t2 calabacines medianos<br \/>\no\t100 g de guisantes<br \/>\no\t1 cucharadita de levadura<br \/>\no\t3 huevos<br \/>\no\t1 bote peque\u00f1o de nata para cocinar<br \/>\no\tmantequilla, sal<br \/>\nPREPARACI\u00d3N<br \/>\nPelar las papas, las zanahorias y los calabacines, cortar en cuadrados peque\u00f1os. Cocer durante 5 minutos en agua con sal; las patatas, las zanahorias y los guisantes. Seguidamente a\u00f1adir los calabacines y cocer 2 minutos m\u00e1s. Dejar escurrir. En un bol batir los huevos, la nata y la levadura, a\u00f1adir las verduras y mezclar. Untar con mantequilla 4 flaneras y llenarlas con la mezcla. Poner las flaneras al ba\u00f1o mar\u00eda durante 35 minutos, a 180 \u00ba. Una vez cuajados desmoldar y dejar enfriar. Acompa\u00f1ar con un poco de verduras.<\/p>\n","protected":false},"excerpt":{"rendered":"<p>Manzanas Rellenas Horneadas INGREDIENTES 4 manzanas 2 cdas. albaricoques secos, picados 2 cdas. grosellas 2 cdas. pasitas 1\/2 taza az\u00facar morena 1 cda. canela 1\/2 cdta. ralladura de lim\u00f3n 1\/2 cdta. ralladura de naranja 1 cda. mantequilla 1 taza agua caliente 3 cdas. az\u00facar PROCEDIMIENTO Precaliente el horno a 350 F (175 C). Corte las [&hellip;]<\/p>\n","protected":false},"author":7004,"featured_media":0,"parent":0,"menu_order":0,"comment_status":"open","ping_status":"open","template":"","meta":{"_monsterinsights_skip_tracking":false,"_monsterinsights_sitenote_active":false,"_monsterinsights_sitenote_note":"","_monsterinsights_sitenote_category":0,"footnotes":""},"class_list":["post-46","page","type-page","status-publish","hentry"],"aioseo_notices":[],"_links":{"self":[{"href":"https:\/\/blog.espol.edu.ec\/natsther\/wp-json\/wp\/v2\/pages\/46","targetHints":{"allow":["GET"]}}],"collection":[{"href":"https:\/\/blog.espol.edu.ec\/natsther\/wp-json\/wp\/v2\/pages"}],"about":[{"href":"https:\/\/blog.espol.edu.ec\/natsther\/wp-json\/wp\/v2\/types\/page"}],"author":[{"embeddable":true,"href":"https:\/\/blog.espol.edu.ec\/natsther\/wp-json\/wp\/v2\/users\/7004"}],"replies":[{"embeddable":true,"href":"https:\/\/blog.espol.edu.ec\/natsther\/wp-json\/wp\/v2\/comments?post=46"}],"version-history":[{"count":23,"href":"https:\/\/blog.espol.edu.ec\/natsther\/wp-json\/wp\/v2\/pages\/46\/revisions"}],"predecessor-version":[{"id":121,"href":"https:\/\/blog.espol.edu.ec\/natsther\/wp-json\/wp\/v2\/pages\/46\/revisions\/121"}],"wp:attachment":[{"href":"https:\/\/blog.espol.edu.ec\/natsther\/wp-json\/wp\/v2\/media?parent=46"}],"curies":[{"name":"wp","href":"https:\/\/api.w.org\/{rel}","templated":true}]}}