{"id":110,"date":"2011-01-27T13:15:14","date_gmt":"2011-01-27T13:15:14","guid":{"rendered":"http:\/\/blog.espol.edu.ec\/nbonifazm\/?page_id=110"},"modified":"2011-01-27T13:15:14","modified_gmt":"2011-01-27T13:15:14","slug":"taj-mahal-belleza-arquitectonica","status":"publish","type":"page","link":"https:\/\/blog.espol.edu.ec\/nbonifazm\/taj-mahal-belleza-arquitectonica\/","title":{"rendered":"Taj Mahal belleza arquitect\u00f3nica"},"content":{"rendered":"<p style=\"text-align: justify\"><a href=\"http:\/\/blog.espol.edu.ec\/nbonifazm\/files\/2011\/01\/taj-mahal.jpg\"><img loading=\"lazy\" decoding=\"async\" class=\"alignleft size-full wp-image-96\" title=\"taj mahal\" src=\"http:\/\/blog.espol.edu.ec\/nbonifazm\/files\/2011\/01\/taj-mahal.jpg\" alt=\"\" width=\"259\" height=\"194\" \/><\/a><span style=\"color: #000000\">El Taj Mahal \u00a0es un complejo de edificios construido entre 1631 y 1654 en la ciudad de Agra, estado de Uttar Pradesh, India, por el emperador musulm\u00e1n Shah Jahan de la dinast\u00eda mogol. El imponente conjunto se erigi\u00f3 en honor de su esposa favorita, \u00a0Mumtaz Mahal \u00a0quien muri\u00f3 dando a luz a su 14\u00aa hija, y se estima que la construcci\u00f3n necesit\u00f3 el esfuerzo de unos 20.000 obreros. <a href=\"http:\/\/www.portalplanetasedna.com.ar\/tajmahal.htm\">m\u00e1s de esta historia<\/a><\/span><\/p>\n<p style=\"text-align: justify\"><span style=\"color: #000000\">El Taj Mahal es considerado el m\u00e1s bello ejemplo de arquitectura mogola, estilo que combina elementos de las arquitecturas isl\u00e1mica, persa, india e incluso turca. El monumento ha logrado especial notoriedad por el car\u00e1cter rom\u00e1ntico de su inspiraci\u00f3n. Aunque el mausoleo cubierto por la c\u00fapula de m\u00e1rmol blanco es la parte m\u00e1s conocida, el Taj Mahal es un conjunto de edificios integrados.<\/span><\/p>\n<p style=\"text-align: justify\"><span style=\"color: #000000\">Actualmente es un importante destino tur\u00edstico de la India. En 1983, fue reconocido por la Unesco como Patrimonio de la Humanidad. El Taj Mahal fue nombrado una de las Siete Maravillas del Mundo Moderno.<\/span><\/p>\n<h2><span style=\"color: #993300\">Estructura<\/span><\/h2>\n<p>Los elementos formales y decorativos son empleados repetida y consistentemente en todo el complejo, unificando el vocabulario est\u00e9tico. Las principales caracter\u00edsticas del mausoleo se reflejan en el resto de las construcciones:<\/p>\n<p>Finial: remate ornamentado de las c\u00fapulas, tambi\u00e9n usado en las pagodas asi\u00e1ticas.<\/p>\n<p><img loading=\"lazy\" decoding=\"async\" class=\"alignright size-medium wp-image-114\" title=\"Cform_Taj_Mahal\" src=\"http:\/\/blog.espol.edu.ec\/nbonifazm\/files\/2011\/01\/Cform_Taj_Mahal-300x191.png\" alt=\"\" width=\"300\" height=\"191\" srcset=\"https:\/\/blog.espol.edu.ec\/nbonifazm\/files\/2011\/01\/Cform_Taj_Mahal-300x191.png 300w, https:\/\/blog.espol.edu.ec\/nbonifazm\/files\/2011\/01\/Cform_Taj_Mahal.png 700w\" sizes=\"auto, (max-width: 300px) 100vw, 300px\" \/><\/p>\n<p>Decoraci\u00f3n de loto: esquema de la flor de loto esculpida en las c\u00fapulas.<\/p>\n<p>C\u00fapula acebollada: tambi\u00e9n llamada \"amrud\", t\u00edpica de la arquitectura del Islam, y que ser\u00eda usada m\u00e1s tarde en Rusia.<\/p>\n<p>Tambor: base cil\u00edndrica de la c\u00fapula, que sirve de apoyo y transici\u00f3n formal sobre el basamento del edificio.<\/p>\n<p>Guldasta: aguja decorativa fijada al borde de los muros portantes.<\/p>\n<p>Chattri: kiosco de columnas y c\u00fapula, tambi\u00e9n utilizado en forma aislada o exenta como monumento conmemorativo.<\/p>\n<p>Cenefas: paneles de cierre sobre arquer\u00edas.<\/p>\n<p>Caligraf\u00eda: escritura estilizada de versos del Cor\u00e1n sobre las arcadas principales<\/p>\n<p>Arcadas o portales: tambi\u00e9n llamados pishtaq (palabra persa para los portales exentos).<\/p>\n<p>Dados: paneles decorativos flanqueando los muros principales<\/p>\n<p style=\"text-align: justify\">\n","protected":false},"excerpt":{"rendered":"<p>El Taj Mahal \u00a0es un complejo de edificios construido entre 1631 y 1654 en la ciudad de Agra, estado de Uttar Pradesh, India, por el emperador musulm\u00e1n Shah Jahan de la dinast\u00eda mogol. El imponente conjunto se erigi\u00f3 en honor de su esposa favorita, \u00a0Mumtaz Mahal \u00a0quien muri\u00f3 dando a luz a su 14\u00aa hija, [&hellip;]<\/p>\n","protected":false},"author":5423,"featured_media":0,"parent":0,"menu_order":0,"comment_status":"open","ping_status":"open","template":"","meta":{"footnotes":""},"class_list":["post-110","page","type-page","status-publish","hentry"],"_links":{"self":[{"href":"https:\/\/blog.espol.edu.ec\/nbonifazm\/wp-json\/wp\/v2\/pages\/110","targetHints":{"allow":["GET"]}}],"collection":[{"href":"https:\/\/blog.espol.edu.ec\/nbonifazm\/wp-json\/wp\/v2\/pages"}],"about":[{"href":"https:\/\/blog.espol.edu.ec\/nbonifazm\/wp-json\/wp\/v2\/types\/page"}],"author":[{"embeddable":true,"href":"https:\/\/blog.espol.edu.ec\/nbonifazm\/wp-json\/wp\/v2\/users\/5423"}],"replies":[{"embeddable":true,"href":"https:\/\/blog.espol.edu.ec\/nbonifazm\/wp-json\/wp\/v2\/comments?post=110"}],"version-history":[{"count":5,"href":"https:\/\/blog.espol.edu.ec\/nbonifazm\/wp-json\/wp\/v2\/pages\/110\/revisions"}],"predecessor-version":[{"id":120,"href":"https:\/\/blog.espol.edu.ec\/nbonifazm\/wp-json\/wp\/v2\/pages\/110\/revisions\/120"}],"wp:attachment":[{"href":"https:\/\/blog.espol.edu.ec\/nbonifazm\/wp-json\/wp\/v2\/media?parent=110"}],"curies":[{"name":"wp","href":"https:\/\/api.w.org\/{rel}","templated":true}]}}