{"id":81,"date":"2011-02-11T14:29:39","date_gmt":"2011-02-11T14:29:39","guid":{"rendered":"http:\/\/blog.espol.edu.ec\/nbonifazm\/?page_id=81"},"modified":"2011-02-13T19:55:50","modified_gmt":"2011-02-13T19:55:50","slug":"conozcamos-mas-de-la-india-2","status":"publish","type":"page","link":"https:\/\/blog.espol.edu.ec\/nbonifazm\/conozcamos-mas-de-la-india-2\/","title":{"rendered":"La India"},"content":{"rendered":"<h1><a href=\"http:\/\/blog.espol.edu.ec\/nbonifazm\/files\/2011\/01\/bandera-india1.jpg\"><img loading=\"lazy\" decoding=\"async\" class=\"alignright size-full wp-image-82\" title=\"bandera india\" src=\"http:\/\/blog.espol.edu.ec\/nbonifazm\/files\/2011\/01\/bandera-india1.jpg\" alt=\"\" width=\"252\" height=\"200\" \/><\/a><span style=\"color: #800000\">INDIA<\/span><\/h1>\n<h3 style=\"text-align: justify\">Oficialmente es\u00a0llamada Rep\u00fablica de la India;\u00a0 en hindi\u00a0<object classid=\"clsid:d27cdb6e-ae6d-11cf-96b8-444553540000\" width=\"18\" height=\"18\"><embed type=\"application\/x-shockwave-flash\" width=\"18\" height=\"18\"><\/embed><\/object>\u092d\u093e\u0930\u0924 \u0917\u0923\u0930\u093e\u091c\u094d\u092f\u00a0(Bh\u0101rata ga\u1e47ar\u0101jya).<\/h3>\n<p style=\"text-align: justify\"><span style=\"color: #000000\">Geogr\u00e1ficamente La India es una rep\u00fablica federal situada al Sur de Asia, que comprende la mayor parte del <a href=\"http:\/\/es.wikipedia.org\/wiki\/Subcontinente_indio\">subcontinente\u00a0Indio<\/a>.\u00a0\u00a0Es el segundo\u00a0pa\u00eds m\u00e1s poblado del mundo, despu\u00e9s de China, con una poblaci\u00f3n de 1.166.079.217 de habitantes.<\/span><\/p>\n<p style=\"text-align: justify\"><span style=\"color: #000000\">La India es una rep\u00fablica conformada por 28 estados y 7 territorios de la Uni\u00f3n, cuya capital es Nueva Delhi. Ocupa el s\u00e9ptimo lugar como pa\u00eds m\u00e1s extenso\u00a0del mundo\u00a0con una superficie territorial de 3.287.595 Km2.<\/span><\/p>\n<p style=\"text-align: justify\"><span style=\"color: #000000\">La mayor\u00eda de los indios hablan ingl\u00e9s e hindi, ya que adem\u00e1s de estos; \u00a0existen 16 lenguas\u00a0y una infinidad de dialectos propios\u00a0que se hablan en todo el pa\u00eds, donde sus otros idiomas oficiales son:\u00a0\u00a0Bengal\u00ed,\u00a0Cachemiro, Canar\u00e9s,\u00a0Manipur\u00ed, Marat\u00ed, Nepal\u00ed,\u00a0 Punjab\u00ed, S\u00e1nscrito, Tamil, Telugu, Urdu,\u00a0Hindostan (mezcla del hindi y urdu), etc..<\/span><\/p>\n<p style=\"text-align: justify\"><span style=\"color: #000000\">Su moneda es la rupia (Rs.) y su gentilico es indio o hind\u00fa.<\/span><\/p>\n<p style=\"text-align: justify\"><span style=\"color: #000000\"><br \/>\n<\/span><\/p>\n<h2 style=\"text-align: left\"><span style=\"color: #800000\"> LIMITES <\/span><\/h2>\n<p style=\"text-align: left\"><span style=\"color: #000000\">La India est\u00e1 limitada por:<\/span><\/p>\n<p style=\"text-align: left\"><span style=\"color: #000000\">Al Norte: China, Pakist\u00e1n, Nepal y But\u00e1n;<\/span><\/p>\n<p style=\"text-align: left\"><span style=\"color: #000000\">Al Sur: Oc\u00e9ano \u00cdndico y Sri Lanka;<\/span><\/p>\n<p style=\"text-align: left\"><span style=\"color: #000000\">Al Oeste: Mar Ar\u00e1bigo y Pakist\u00e1n;<\/span><\/p>\n<p style=\"text-align: left\"><span style=\"color: #000000\">Al Este: Myanmar, Bangladesh y golfo de Bengala<\/span><\/p>\n<p><iframe loading=\"lazy\" width=\"650\" height=\"350\" frameborder=\"0\" src=\"http:\/\/maps.google.es\/?ie=UTF8&amp;t=h&amp;hq=&amp;hnear=India&amp;source=embed&amp;ll=20.591652,79.013672&amp;spn=14.365725,18.676758&amp;z=5&amp;output=embed\"><\/iframe><br \/><a href=\"http:\/\/maps.google.es\/?ie=UTF8&amp;t=h&amp;hq=&amp;hnear=India&amp;source=embed&amp;ll=20.591652,79.013672&amp;spn=14.365725,18.676758&amp;z=5\">Ver mapa m\u00e1s grande<\/a><\/p>\n","protected":false},"excerpt":{"rendered":"<p>INDIA Oficialmente es\u00a0llamada Rep\u00fablica de la India;\u00a0 en hindi\u00a0\u092d\u093e\u0930\u0924 \u0917\u0923\u0930\u093e\u091c\u094d\u092f\u00a0(Bh\u0101rata ga\u1e47ar\u0101jya). Geogr\u00e1ficamente La India es una rep\u00fablica federal situada al Sur de Asia, que comprende la mayor parte del subcontinente\u00a0Indio.\u00a0\u00a0Es el segundo\u00a0pa\u00eds m\u00e1s poblado del mundo, despu\u00e9s de China, con una poblaci\u00f3n de 1.166.079.217 de habitantes. La India es una rep\u00fablica conformada por 28 estados [&hellip;]<\/p>\n","protected":false},"author":5423,"featured_media":0,"parent":0,"menu_order":0,"comment_status":"open","ping_status":"open","template":"","meta":{"footnotes":""},"class_list":["post-81","page","type-page","status-publish","hentry"],"_links":{"self":[{"href":"https:\/\/blog.espol.edu.ec\/nbonifazm\/wp-json\/wp\/v2\/pages\/81","targetHints":{"allow":["GET"]}}],"collection":[{"href":"https:\/\/blog.espol.edu.ec\/nbonifazm\/wp-json\/wp\/v2\/pages"}],"about":[{"href":"https:\/\/blog.espol.edu.ec\/nbonifazm\/wp-json\/wp\/v2\/types\/page"}],"author":[{"embeddable":true,"href":"https:\/\/blog.espol.edu.ec\/nbonifazm\/wp-json\/wp\/v2\/users\/5423"}],"replies":[{"embeddable":true,"href":"https:\/\/blog.espol.edu.ec\/nbonifazm\/wp-json\/wp\/v2\/comments?post=81"}],"version-history":[{"count":17,"href":"https:\/\/blog.espol.edu.ec\/nbonifazm\/wp-json\/wp\/v2\/pages\/81\/revisions"}],"predecessor-version":[{"id":154,"href":"https:\/\/blog.espol.edu.ec\/nbonifazm\/wp-json\/wp\/v2\/pages\/81\/revisions\/154"}],"wp:attachment":[{"href":"https:\/\/blog.espol.edu.ec\/nbonifazm\/wp-json\/wp\/v2\/media?parent=81"}],"curies":[{"name":"wp","href":"https:\/\/api.w.org\/{rel}","templated":true}]}}