{"id":90,"date":"2011-01-27T13:15:28","date_gmt":"2011-01-27T13:15:28","guid":{"rendered":"http:\/\/blog.espol.edu.ec\/nbonifazm\/?page_id=90"},"modified":"2011-01-27T13:29:01","modified_gmt":"2011-01-27T13:29:01","slug":"principales-ciudades","status":"publish","type":"page","link":"https:\/\/blog.espol.edu.ec\/nbonifazm\/principales-ciudades\/","title":{"rendered":"Principales ciudades"},"content":{"rendered":"<h2><span style=\"color: #993300\">Bombay - Mum<\/span><span style=\"color: #993300\">bai<\/span><\/h2>\n<p><span style=\"color: #993300\"><br \/>\n<\/span><\/p>\n<p style=\"text-align: justify\"><a href=\"http:\/\/blog.espol.edu.ec\/nbonifazm\/files\/2011\/01\/bombay.gif\"><img loading=\"lazy\" decoding=\"async\" class=\"alignleft size-full wp-image-95\" title=\"bombay\" src=\"http:\/\/blog.espol.edu.ec\/nbonifazm\/files\/2011\/01\/bombay.gif\" alt=\"\" width=\"284\" height=\"194\" \/><\/a><span style=\"color: #000000\">La ciudad de \"Bombay\" actualmente llamada Mumbai\u00a0es la mayor ciudad de la India, capital econ\u00f3mica de este inmenso pa\u00eds. Es una ciudad que encierra lugares de encanto, magn\u00edficos edificios de la \u00e9poca de dominaci\u00f3n inglesa y\u00a0donde se encuentra la poblaci\u00f3n m\u00e1s rica y\u00a0los suburbios m\u00e1s\u00a0pobres del mundo.<\/span><\/p>\n<p style=\"text-align: justify\"><span style=\"color: #000000\">Esta ciudad es frecuentemente visitada por muchos turistas, aunque en\u00a0los \u00faltimos meses Mumbai ha sido v\u00edctima de algunos atentados contra los hoteles m\u00e1s representativos de \u00e9sta.<\/span><\/p>\n<p style=\"text-align: justify\"><span style=\"color: #000000\"> <\/span><\/p>\n<p><span style=\"color: #000000\">En esta ciudad encontraremos el Hotel Taj Mahal que en sus inicios era considerado el m\u00e1s lujoso del mundo y la Puerta de la India que es un monumento con una combinaci\u00f3n de estilos arquitect\u00f3nicos\u00a0 hind\u00fa y musulm\u00e1n; constru\u00eddo para solemnizar la visita del rey Jorge V y de la reina Mar\u00eda que\u00a0en esa \u00e9poca, el rey de Inglaterra era tambi\u00e9n emperador de la India.<\/span><\/p>\n<p><span style=\"color: #000000\"><br \/>\n<\/span><\/p>\n<p style=\"text-align: center\"><span style=\"color: #000000\"><img loading=\"lazy\" decoding=\"async\" class=\"size-full wp-image-97 aligncenter\" title=\"bombay2\" src=\"http:\/\/blog.espol.edu.ec\/nbonifazm\/files\/2011\/01\/bombay2.jpg\" alt=\"\" width=\"340\" height=\"252\" \/><\/span>Fuente: www.escapadores.com\/search\/bombay\/<\/p>\n<p style=\"text-align: justify\"><span style=\"color: #000000\">Mumbay tambi\u00e9n es la capital del cine indio, el mismo que es conocido como Bollywood ya que\u00a0 ejerce una gran fascinaci\u00f3n\u00a0ante la sociedad india, contando con salas de cine en la ladeas m\u00e1s peque\u00f1as.<\/span><\/p>\n<p style=\"text-align: left\">\n<h2><\/h2>\n<h2><span style=\"color: #993300\">Delhi<\/span><\/h2>\n<p><span style=\"color: #993300\"><br \/>\n<\/span><\/p>\n<p style=\"text-align: left\"><a href=\"http:\/\/blog.espol.edu.ec\/nbonifazm\/files\/2011\/01\/new-new-delhi-01-g.jpg\"><img loading=\"lazy\" decoding=\"async\" class=\"alignleft size-medium wp-image-101\" title=\"new-new-delhi-01-g\" src=\"http:\/\/blog.espol.edu.ec\/nbonifazm\/files\/2011\/01\/new-new-delhi-01-g-300x197.jpg\" alt=\"\" width=\"284\" height=\"184\" \/><\/a><\/p>\n<p style=\"text-align: left\"><span style=\"color: #000000\">Nueva Delhi, capital de\u00a0la India, es un ejemplo del alma del pa\u00eds que con el transcurrir del tiempo, la ciudad esconde en su seno cr\u00f3nicas de las civilizaciones que florecieron durante m\u00e1s de tres mil a\u00f1os.<\/span><\/p>\n<p style=\"text-align: justify\"><span style=\"color: #000000\">Delhi se compone de dos partes diferenciadas: Vieja Delhi y Nueva Delhi.<\/span><\/p>\n<p style=\"text-align: justify\"><span style=\"color: #000000\"> Vieja Delhi fue la capital de la India musulmana entre los siglos XVII y\u00a0XIX, y\u00a0\u00a0 Nueva Delhi, en cambio, fue construida como capital del imperio brit\u00e1nico en la India. Es una ciudad abierta, de calles espaciosas, d\u00f3nde encontramos los edificios gubernamentales y las oficinas de las compa\u00f1\u00edas a\u00e9reas. <\/span><\/p>\n<p style=\"text-align: justify\"><span style=\"color: #000000\"> El D\u00eda de la Independencia (el 15 de agosto);\u00a0 la mayor\u00eda de\u00a0ciudadanos de Nueva Delhi celebran el d\u00eda volando cometas, que son consideradas un s\u00edmbolo de libertad. \u00a0El Desfile del d\u00eda de la Rep\u00fablica es un gran desfile cultural y militar que muestra la diversidad cultural y militar de India.<\/span><\/p>\n<p style=\"text-align: justify\">\n<p style=\"text-align: justify\"><span style=\"color: #000000\"><br \/>\n<\/span><\/p>\n<p style=\"text-align: center\"><span style=\"color: #000000\"> <\/span><span style=\"color: #000000\"><img loading=\"lazy\" decoding=\"async\" class=\"size-full wp-image-103 aligncenter\" title=\"vieja delhi\" src=\"http:\/\/blog.espol.edu.ec\/nbonifazm\/files\/2011\/01\/vieja-delhi.jpg\" alt=\"\" width=\"279\" height=\"212\" \/><\/span><span style=\"color: #888888\">Fuente: http:\/\/costa27.wordpress.com\/2009\/02\/06\/nueva-delhi-mil-ciudades-en-una\/<\/span><\/p>\n<p style=\"text-align: center\">\n<h2 style=\"text-align: left\"><\/h2>\n<h2 style=\"text-align: left\"><span style=\"color: #993300\">Bangalore<\/span><\/h2>\n<p><span style=\"color: #993300\"><br \/>\n<\/span><\/p>\n<h2 style=\"text-align: left\"><img loading=\"lazy\" decoding=\"async\" class=\"size-full wp-image-108 alignleft\" title=\"bang\" src=\"http:\/\/blog.espol.edu.ec\/nbonifazm\/files\/2011\/01\/bang.jpg\" alt=\"\" width=\"284\" height=\"194\" \/><\/h2>\n<p style=\"text-align: left\"><span style=\"color: #000000\"><span style=\"color: #000000\"><span style=\"color: #000000\"><span style=\"color: #993300\"><a href=\"http:\/\/blog.espol.edu.ec\/nbonifazm\/files\/2011\/01\/bangalore-carreteras-.jpg\"><\/a><\/span><\/span><\/span><\/span> <span style=\"color: #000000\"><span style=\"color: #000000\"><span style=\"color: #000000\">Bangalore es una ciudad popular conocida como la \u201cCiudad Jard\u00edn\u201d,\u00a0 ya que cuenta con numerosos jardines y parques.\u00a0 Aqu\u00ed tambi\u00e9n se encuentra un gran atractivo tur\u00edstico; el Templo\u00a0de Shiva, con una estatua que mide 65 pies de altura, la m\u00e1s grande del pa\u00eds. <\/span><\/span><\/span><\/p>\n<p style=\"text-align: justify\"><span style=\"color: #000000\"><span style=\"color: #000000\"> <\/span>En la actualidad, Bangalore alberga algunas de las escuelas y centros de investigaci\u00f3n m\u00e1s prestigiosas de la India. Varias empresas estatales de la industria pesada, empresas de software, ingenier\u00eda aeroespacial, telecomunicaciones e industria militar se encuentran en la ciudad.<\/span><\/p>\n<p style=\"text-align: justify\"><span style=\"color: #000000\"> <\/span><\/p>\n<p style=\"text-align: justify\"><span style=\"color: #000000\">Bangalore es conocida c<\/span>omo el \u00abSilicon Valley de la India\u00bb por su posici\u00f3n como l\u00edder nacional en empleos de tecnolog\u00eda de la informaci\u00f3n.<\/p>\n<p style=\"text-align: center\">\n<p style=\"text-align: center\">\n<p style=\"text-align: center\">\n<p style=\"text-align: center\">\n<p style=\"text-align: center\"><span style=\"color: #000000\"><img loading=\"lazy\" decoding=\"async\" class=\"size-medium wp-image-106 aligncenter\" title=\"bangalore_india\" src=\"http:\/\/blog.espol.edu.ec\/nbonifazm\/files\/2011\/01\/bangalore_india-300x214.jpg\" alt=\"\" width=\"300\" height=\"214\" srcset=\"https:\/\/blog.espol.edu.ec\/nbonifazm\/files\/2011\/01\/bangalore_india-300x214.jpg 300w, https:\/\/blog.espol.edu.ec\/nbonifazm\/files\/2011\/01\/bangalore_india.jpg 640w\" sizes=\"auto, (max-width: 300px) 100vw, 300px\" \/><\/span><\/p>\n<p style=\"text-align: center\"><span style=\"color: #888888\">Fuente: \u00a0\u00a0http:\/\/www.paraconocer.com\/bangalore-india-mezcla-de-dos-mundos\/<\/span><\/p>\n<p><a href=\"http:\/\/blog.espol.edu.ec\/nbonifazm\/files\/2011\/01\/bangalore_india.jpg\"><\/a><\/p>\n","protected":false},"excerpt":{"rendered":"<p>Bombay - Mumbai La ciudad de \"Bombay\" actualmente llamada Mumbai\u00a0es la mayor ciudad de la India, capital econ\u00f3mica de este inmenso pa\u00eds. Es una ciudad que encierra lugares de encanto, magn\u00edficos edificios de la \u00e9poca de dominaci\u00f3n inglesa y\u00a0donde se encuentra la poblaci\u00f3n m\u00e1s rica y\u00a0los suburbios m\u00e1s\u00a0pobres del mundo. Esta ciudad es frecuentemente visitada [&hellip;]<\/p>\n","protected":false},"author":5423,"featured_media":0,"parent":0,"menu_order":0,"comment_status":"open","ping_status":"open","template":"","meta":{"footnotes":""},"class_list":["post-90","page","type-page","status-publish","hentry"],"_links":{"self":[{"href":"https:\/\/blog.espol.edu.ec\/nbonifazm\/wp-json\/wp\/v2\/pages\/90","targetHints":{"allow":["GET"]}}],"collection":[{"href":"https:\/\/blog.espol.edu.ec\/nbonifazm\/wp-json\/wp\/v2\/pages"}],"about":[{"href":"https:\/\/blog.espol.edu.ec\/nbonifazm\/wp-json\/wp\/v2\/types\/page"}],"author":[{"embeddable":true,"href":"https:\/\/blog.espol.edu.ec\/nbonifazm\/wp-json\/wp\/v2\/users\/5423"}],"replies":[{"embeddable":true,"href":"https:\/\/blog.espol.edu.ec\/nbonifazm\/wp-json\/wp\/v2\/comments?post=90"}],"version-history":[{"count":12,"href":"https:\/\/blog.espol.edu.ec\/nbonifazm\/wp-json\/wp\/v2\/pages\/90\/revisions"}],"predecessor-version":[{"id":126,"href":"https:\/\/blog.espol.edu.ec\/nbonifazm\/wp-json\/wp\/v2\/pages\/90\/revisions\/126"}],"wp:attachment":[{"href":"https:\/\/blog.espol.edu.ec\/nbonifazm\/wp-json\/wp\/v2\/media?parent=90"}],"curies":[{"name":"wp","href":"https:\/\/api.w.org\/{rel}","templated":true}]}}