{"id":2,"date":"2010-01-14T11:41:11","date_gmt":"2010-01-14T16:41:11","guid":{"rendered":""},"modified":"2010-01-27T13:43:05","modified_gmt":"2010-01-27T18:43:05","slug":"about","status":"publish","type":"page","link":"https:\/\/blog.espol.edu.ec\/nelegonz\/about\/","title":{"rendered":"Acerca de Mi Blog..!!"},"content":{"rendered":"<p>Este Blog est\u00e1 creado para el servicio de quienes desean formar parte de la nueva generaci\u00f3n de cybernautas..!!! es necesario que hagamos un BUEN USO de nuestro Blog y de nuestras p\u00e1ginas Webs... aqu\u00ed encontrar\u00e1s la ayuda necesaria e id\u00f3nea para crear p\u00e1ginas webs, spots publicitarios, blog oficiales.. etc<\/p>\n<p>Gracias por visitar mi Blog!!!<\/p>\n<p><img loading=\"lazy\" decoding=\"async\" class=\"alignnone size-medium wp-image-32\" src=\"http:\/\/blog.espol.edu.ec\/nelegonz\/files\/2010\/01\/blog_creattiva-300x300.jpg\" alt=\"blog_creattiva\" width=\"300\" height=\"300\" srcset=\"https:\/\/blog.espol.edu.ec\/nelegonz\/files\/2010\/01\/blog_creattiva-300x300.jpg 300w, https:\/\/blog.espol.edu.ec\/nelegonz\/files\/2010\/01\/blog_creattiva-150x150.jpg 150w, https:\/\/blog.espol.edu.ec\/nelegonz\/files\/2010\/01\/blog_creattiva-1024x1024.jpg 1024w, https:\/\/blog.espol.edu.ec\/nelegonz\/files\/2010\/01\/blog_creattiva.jpg 1050w\" sizes=\"auto, (max-width: 300px) 100vw, 300px\" \/><\/p>\n","protected":false},"excerpt":{"rendered":"<p>Este Blog est\u00e1 creado para el servicio de quienes desean formar parte de la nueva generaci\u00f3n de cybernautas..!!! es necesario que hagamos un BUEN USO de nuestro Blog y de nuestras p\u00e1ginas Webs... aqu\u00ed encontrar\u00e1s la ayuda necesaria e id\u00f3nea para crear p\u00e1ginas webs, spots publicitarios, blog oficiales.. etc Gracias por visitar mi Blog!!!<\/p>\n","protected":false},"author":3631,"featured_media":0,"parent":0,"menu_order":0,"comment_status":"open","ping_status":"open","template":"","meta":{"footnotes":""},"class_list":["post-2","page","type-page","status-publish","hentry"],"_links":{"self":[{"href":"https:\/\/blog.espol.edu.ec\/nelegonz\/wp-json\/wp\/v2\/pages\/2","targetHints":{"allow":["GET"]}}],"collection":[{"href":"https:\/\/blog.espol.edu.ec\/nelegonz\/wp-json\/wp\/v2\/pages"}],"about":[{"href":"https:\/\/blog.espol.edu.ec\/nelegonz\/wp-json\/wp\/v2\/types\/page"}],"author":[{"embeddable":true,"href":"https:\/\/blog.espol.edu.ec\/nelegonz\/wp-json\/wp\/v2\/users\/3631"}],"replies":[{"embeddable":true,"href":"https:\/\/blog.espol.edu.ec\/nelegonz\/wp-json\/wp\/v2\/comments?post=2"}],"version-history":[{"count":3,"href":"https:\/\/blog.espol.edu.ec\/nelegonz\/wp-json\/wp\/v2\/pages\/2\/revisions"}],"predecessor-version":[{"id":29,"href":"https:\/\/blog.espol.edu.ec\/nelegonz\/wp-json\/wp\/v2\/pages\/2\/revisions\/29"}],"wp:attachment":[{"href":"https:\/\/blog.espol.edu.ec\/nelegonz\/wp-json\/wp\/v2\/media?parent=2"}],"curies":[{"name":"wp","href":"https:\/\/api.w.org\/{rel}","templated":true}]}}