{"id":3,"date":"2010-01-14T13:11:44","date_gmt":"2010-01-14T18:11:44","guid":{"rendered":"http:\/\/blog.espol.edu.ec\/nelegonz\/?page_id=3"},"modified":"2010-01-27T13:31:32","modified_gmt":"2010-01-27T18:31:32","slug":"familia-addobe","status":"publish","type":"page","link":"https:\/\/blog.espol.edu.ec\/nelegonz\/familia-addobe\/","title":{"rendered":"Familia Addobe"},"content":{"rendered":"<p><a class=\"flickr-image alignnone\" title=\"phpcbYNIK\" href=\"http:\/\/www.flickr.com\/photos\/39504779@N05\/3811223457\/\"><img decoding=\"async\" src=\"http:\/\/farm3.static.flickr.com\/2500\/3811223457_f405c5f377.jpg\" alt=\"phpcbYNIK\" \/><\/a><br \/>\nCONJUNTO DE PROGRAMAS MACROMEDIA<br \/>\n-FLASH PLAYER 10 (\u00daLTIMA VERSI\u00d3N)<br \/>\n-DREAMWEAVER 8 (VERSI\u00d3N MEJORADA)<br \/>\n-FIREWORKS 8<br \/>\n-FREEHAND MX<br \/>\n-PHOTOSHOP (ADOBE)<\/p>\n","protected":false},"excerpt":{"rendered":"<p>CONJUNTO DE PROGRAMAS MACROMEDIA -FLASH PLAYER 10 (\u00daLTIMA VERSI\u00d3N) -DREAMWEAVER 8 (VERSI\u00d3N MEJORADA) -FIREWORKS 8 -FREEHAND MX -PHOTOSHOP (ADOBE)<\/p>\n","protected":false},"author":3631,"featured_media":0,"parent":0,"menu_order":0,"comment_status":"open","ping_status":"open","template":"","meta":{"footnotes":""},"class_list":["post-3","page","type-page","status-publish","hentry"],"_links":{"self":[{"href":"https:\/\/blog.espol.edu.ec\/nelegonz\/wp-json\/wp\/v2\/pages\/3","targetHints":{"allow":["GET"]}}],"collection":[{"href":"https:\/\/blog.espol.edu.ec\/nelegonz\/wp-json\/wp\/v2\/pages"}],"about":[{"href":"https:\/\/blog.espol.edu.ec\/nelegonz\/wp-json\/wp\/v2\/types\/page"}],"author":[{"embeddable":true,"href":"https:\/\/blog.espol.edu.ec\/nelegonz\/wp-json\/wp\/v2\/users\/3631"}],"replies":[{"embeddable":true,"href":"https:\/\/blog.espol.edu.ec\/nelegonz\/wp-json\/wp\/v2\/comments?post=3"}],"version-history":[{"count":5,"href":"https:\/\/blog.espol.edu.ec\/nelegonz\/wp-json\/wp\/v2\/pages\/3\/revisions"}],"predecessor-version":[{"id":12,"href":"https:\/\/blog.espol.edu.ec\/nelegonz\/wp-json\/wp\/v2\/pages\/3\/revisions\/12"}],"wp:attachment":[{"href":"https:\/\/blog.espol.edu.ec\/nelegonz\/wp-json\/wp\/v2\/media?parent=3"}],"curies":[{"name":"wp","href":"https:\/\/api.w.org\/{rel}","templated":true}]}}