{"id":31,"date":"2010-01-27T13:41:59","date_gmt":"2010-01-27T18:41:59","guid":{"rendered":"http:\/\/blog.espol.edu.ec\/nelegonz\/?page_id=31"},"modified":"2010-01-27T13:51:53","modified_gmt":"2010-01-27T18:51:53","slug":"herramientas-utiles","status":"publish","type":"page","link":"https:\/\/blog.espol.edu.ec\/nelegonz\/herramientas-utiles\/","title":{"rendered":"\"HERRAMIENTAS \u00daTILES\""},"content":{"rendered":"<p><img loading=\"lazy\" decoding=\"async\" class=\"alignnone size-full wp-image-35\" src=\"http:\/\/blog.espol.edu.ec\/nelegonz\/files\/2010\/01\/macromedia_mx2004_jpg_v1.jpg\" alt=\"macromedia_mx2004_jpg_v1\" width=\"300\" height=\"240\" \/><\/p>\n<p>En este apartado de Como Crear Tu Web encontrar\u00e1s algunas herramientas que pueden serte \u00fatiles a la hora de crear tu propia web.<\/p>\n<p>En primer lugar tenemos una secci\u00f3n donde daremos a conocer los distintos \u201c<a href=\"..\/..\/cari22\/wp-admin\/programas-introducion.html\">Programas<\/a>\u201d que podemos usar para dise\u00f1ar la web, para crear banners o retocar im\u00e1genes, programas de FTP, navegadores para verificar nuestras p\u00e1ginas y todos aquellos que me parezcan \u00fatiles o que vosotros mismos nos aconsejeis usar.<\/p>\n<p>En la secci\u00f3n \u201c<a href=\"..\/..\/cari22\/wp-admin\/imagenes-introducion.html\">Im\u00e1genes<\/a>\u201d dispones de un mont\u00f3n de im\u00e1genes para decorar y construir tu p\u00e1gina web. Botones de varios colores, buzones graciosos, fondos de p\u00e1gina, etc, etc.<\/p>\n<p>Si deseas una m\u00fasica de fondo o un sonido para los menus, en la secci\u00f3n \u201c<a href=\"..\/..\/cari22\/wp-admin\/sonidos-introducion.html\">Sonidos<\/a>\u201d dispones de varios archivos de m\u00fasica y de sonidos para descargarte y usar libremente.<\/p>\n<p>En la secci\u00f3n \u201c<a href=\"..\/..\/cari22\/wp-admin\/plantillas-introducion.html\">Plantillas<\/a>\u201d intentar\u00e9 colocaros algunos kits con distintos dise\u00f1os por si quer\u00e9is usarlos como plantillas para vuestra p\u00e1gina web.<\/p>\n<p>Tambi\u00e9n encontrar\u00e1s una secci\u00f3n de \u201c<a href=\"..\/..\/cari22\/wp-admin\/enlaces-interesantes-introducion.html\">Enlaces Interesantes<\/a>\u201c, lo mejor que he encontrado en la red sobre este mundillo del dise\u00f1o de p\u00e1ginas web.<\/p>\n<p>Y por \u00faltimo la \u201c<a href=\"..\/..\/cari22\/wp-admin\/enciclopedia-introducion.html\">Enciclopedia Web<\/a>\u201c, donde poco a poco ir\u00e9 explicando algunos conceptos b\u00e1sicos y algunas curiosidades relacionadas con nuestro tema.<\/p>\n<p>Espero que todo te sea util!<\/p>\n<p><img loading=\"lazy\" decoding=\"async\" class=\"alignnone size-medium wp-image-45\" src=\"http:\/\/blog.espol.edu.ec\/nelegonz\/files\/2010\/01\/macro-media1-300x225.jpg\" alt=\"macro-media1\" width=\"412\" height=\"306\" \/><\/p>\n","protected":false},"excerpt":{"rendered":"<p>En este apartado de Como Crear Tu Web encontrar\u00e1s algunas herramientas que pueden serte \u00fatiles a la hora de crear tu propia web. En primer lugar tenemos una secci\u00f3n donde daremos a conocer los distintos \u201cProgramas\u201d que podemos usar para dise\u00f1ar la web, para crear banners o retocar im\u00e1genes, programas de FTP, navegadores para verificar [&hellip;]<\/p>\n","protected":false},"author":3631,"featured_media":0,"parent":0,"menu_order":0,"comment_status":"open","ping_status":"open","template":"","meta":{"footnotes":""},"class_list":["post-31","page","type-page","status-publish","hentry"],"_links":{"self":[{"href":"https:\/\/blog.espol.edu.ec\/nelegonz\/wp-json\/wp\/v2\/pages\/31","targetHints":{"allow":["GET"]}}],"collection":[{"href":"https:\/\/blog.espol.edu.ec\/nelegonz\/wp-json\/wp\/v2\/pages"}],"about":[{"href":"https:\/\/blog.espol.edu.ec\/nelegonz\/wp-json\/wp\/v2\/types\/page"}],"author":[{"embeddable":true,"href":"https:\/\/blog.espol.edu.ec\/nelegonz\/wp-json\/wp\/v2\/users\/3631"}],"replies":[{"embeddable":true,"href":"https:\/\/blog.espol.edu.ec\/nelegonz\/wp-json\/wp\/v2\/comments?post=31"}],"version-history":[{"count":5,"href":"https:\/\/blog.espol.edu.ec\/nelegonz\/wp-json\/wp\/v2\/pages\/31\/revisions"}],"predecessor-version":[{"id":37,"href":"https:\/\/blog.espol.edu.ec\/nelegonz\/wp-json\/wp\/v2\/pages\/31\/revisions\/37"}],"wp:attachment":[{"href":"https:\/\/blog.espol.edu.ec\/nelegonz\/wp-json\/wp\/v2\/media?parent=31"}],"curies":[{"name":"wp","href":"https:\/\/api.w.org\/{rel}","templated":true}]}}