{"id":126,"date":"2009-08-26T17:35:14","date_gmt":"2009-08-26T21:35:14","guid":{"rendered":"http:\/\/blog.espol.edu.ec\/ngeluz\/?page_id=126"},"modified":"2009-09-23T13:24:09","modified_gmt":"2009-09-23T17:24:09","slug":"geofisica-definicion","status":"publish","type":"page","link":"https:\/\/blog.espol.edu.ec\/ngeluz\/geofisica-definicion\/","title":{"rendered":"Geofisica-Definici\u00f3n"},"content":{"rendered":"<p>La <strong>geof\u00edsica<\/strong> es la ciencia que se encarga del estudio de la <a title=\"Tierra\" href=\"http:\/\/blog.espol.edu.ec\/wiki\/Tierra\">Tierra<\/a> desde el punto de vista de la <a title=\"F\u00edsica\" href=\"http:\/\/blog.espol.edu.ec\/wiki\/F%C3%ADsica\">f\u00edsica<\/a>. Su objeto de estudio abarca todos los fen\u00f3menos relacionados con la estructura, condiciones f\u00edsicas e historia evolutiva de la Tierra. Al ser una disciplina experimental, usa para su estudio m\u00e9todos cuantitativos f\u00edsicos como la f\u00edsica de reflexi\u00f3n y refracci\u00f3n de ondas mec\u00e1nicas, y una serie de m\u00e9todos basados en la medida de la <a title=\"Gravedad\" href=\"http:\/\/blog.espol.edu.ec\/wiki\/Gravedad\">gravedad<\/a>, de <a title=\"Campo electromagn\u00e9tico\" href=\"http:\/\/blog.espol.edu.ec\/wiki\/Campo_electromagn%C3%A9tico\">campos electromagn\u00e9ticos<\/a>, <a title=\"Campo magn\u00e9tico\" href=\"http:\/\/blog.espol.edu.ec\/wiki\/Campo_magn%C3%A9tico\">magn\u00e9ticos<\/a> o <a title=\"Campo el\u00e9ctrico\" href=\"http:\/\/blog.espol.edu.ec\/wiki\/Campo_el%C3%A9ctrico\">el\u00e9ctricos<\/a> y de fen\u00f3menos <a title=\"Radiaci\u00f3n\" href=\"http:\/\/blog.espol.edu.ec\/wiki\/Radiaci%C3%B3n\">radiactivos<\/a>. En algunos casos dichos m\u00e9todos aprovechan campos o fen\u00f3menos naturales (gravedad, magnetismo terrestre, mareas, terremotos, tsunamis, etc) y en otros son inducidos por el hombre (campos el\u00e9ctricos y fen\u00f3menos s\u00edsmicos).<\/p>\n<p>Dentro de la geof\u00edsica se distinguen dos grandes ramas: La geof\u00edsica interna y la geof\u00edsica externa.<\/p>\n<p>La <strong><em>Geof\u00edsica Interna<\/em><\/strong> analiza la superficie y el interior de la Tierra y las principales cuestiones que estudia son:<\/p>\n<dl>\n<dd>\n<ul>\n<li><a title=\"Gravimetr\u00eda (geof\u00edsica)\" href=\"http:\/\/blog.espol.edu.ec\/wiki\/Gravimetr%C3%ADa_(geof%C3%ADsica)\">Gravimetr\u00eda<\/a>, estudia el campo gravitatorio terrestre.<\/li>\n<li><a title=\"Sismolog\u00eda\" href=\"http:\/\/blog.espol.edu.ec\/wiki\/Sismolog%C3%ADa\">Sismolog\u00eda<\/a>, estudia los terremotos y la propagaci\u00f3n de las ondas el\u00e1sticas (s\u00edsmicas) que se generan en el interior de la Tierra.La interpretaci\u00f3n de los sismogramas que se registran al paso de las ondas s\u00edsmicas permiten estudiar el interior de la Tierra.<\/li>\n<li><a title=\"Geomagnetismo\" href=\"http:\/\/blog.espol.edu.ec\/wiki\/Geomagnetismo\">Geomagnetismo<\/a>, estudia el campo magn\u00e9tico terrestre, tanto el interno generado por la propia Tierra como el externo, inducido por la Tierra y por el viento solar en la ionosfera.<\/li>\n<li><a class=\"mw-redirect\" title=\"Oceanolog\u00eda\" href=\"http:\/\/blog.espol.edu.ec\/wiki\/Oceanolog%C3%ADa\">Oceanolog\u00eda<\/a>, estudia el oc\u00e9ano.<\/li>\n<li><a title=\"Paleomagnetismo\" href=\"http:\/\/blog.espol.edu.ec\/wiki\/Paleomagnetismo\">Paleomagnetismo<\/a>, se ocupa del estudio del campo magn\u00e9tico terrestre en \u00e9pocas anteriores del planeta.<\/li>\n<li><a class=\"new\" title=\"Geotermometr\u00eda (a\u00fan no redactado)\" href=\"http:\/\/blog.espol.edu.ec\/w\/index.php?title=Geotermometr%C3%ADa&amp;action=edit&amp;redlink=1\">Geotermometr\u00eda<\/a>, estudia procesos relacionados con la propagaci\u00f3n de calor en el interior de la Tierra, particularmente los relacionados con desintegraciones radiactivas y vulcanismo.<\/li>\n<li><a title=\"Geodin\u00e1mica\" href=\"http:\/\/blog.espol.edu.ec\/wiki\/Geodin%C3%A1mica\">Geodin\u00e1mica<\/a>, la interacci\u00f3n de <a title=\"Estr\u00e9s\" href=\"http:\/\/blog.espol.edu.ec\/wiki\/Estr%C3%A9s\">estr\u00e9s<\/a> y <a title=\"Fuerza\" href=\"http:\/\/blog.espol.edu.ec\/wiki\/Fuerza\">fuerzas<\/a> en la tierra que causan movimiento del <a title=\"Manto terrestre\" href=\"http:\/\/blog.espol.edu.ec\/wiki\/Manto_terrestre\">manto<\/a> y de la <a title=\"Litosfera\" href=\"http:\/\/blog.espol.edu.ec\/wiki\/Litosfera\">litosfera<\/a>.<\/li>\n<li><a title=\"Prospecci\u00f3n geof\u00edsica\" href=\"http:\/\/blog.espol.edu.ec\/wiki\/Prospecci%C3%B3n_geof%C3%ADsica\">Prospecci\u00f3n geof\u00edsica<\/a>, usa m\u00e9todos cuantitativos para la localizaci\u00f3n de recursos naturales como petr\u00f3leo, agua, yacimientos de minerales, cuevas, etc o artificiales como yacimientos arqueol\u00f3gicos.<\/li>\n<li><a title=\"Ingenier\u00eda geof\u00edsica\" href=\"http:\/\/blog.espol.edu.ec\/wiki\/Ingenier%C3%ADa_geof%C3%ADsica\">Ingenier\u00eda geof\u00edsica<\/a> o geotecnia, usa m\u00e9todos cuantitativos de prospecci\u00f3n para la ubicaci\u00f3n de yacimientos de minerales e hidrocarburos, as\u00ed como para las obras p\u00fablicas y construcci\u00f3n en general.<\/li>\n<li><a title=\"Tectonof\u00edsica\" href=\"http:\/\/blog.espol.edu.ec\/wiki\/Tectonof%C3%ADsica\">Tectonof\u00edsica<\/a>, estudia los procesos geol\u00f3gicos en la Tierra.<\/li>\n<li><a title=\"Hidrolog\u00eda\" href=\"http:\/\/blog.espol.edu.ec\/wiki\/Hidrolog%C3%ADa\">Hidrolog\u00eda<\/a>, estudia el agua, su distribuci\u00f3n, espacial y temporal, y sus propiedades.<\/li>\n<\/ul>\n<\/dd>\n<\/dl>\n<p>La <strong><em>Geof\u00edsica Externa<\/em><\/strong> estudia las propiedades f\u00edsicas del entorno terrestres.<\/p>\n<dl>\n<dd>\n<ul>\n<li><a title=\"Meteorolog\u00eda\" href=\"http:\/\/blog.espol.edu.ec\/wiki\/Meteorolog%C3%ADa\">Meteorolog\u00eda<\/a>, estudia la atm\u00f3sfera y el tiempo atmosf\u00e9rico.<\/li>\n<li><a title=\"Aeronom\u00eda\" href=\"http:\/\/blog.espol.edu.ec\/wiki\/Aeronom%C3%ADa\">Aeronom\u00eda<\/a>.<\/li>\n<li>Estudio de la <a title=\"Ionosfera\" href=\"http:\/\/blog.espol.edu.ec\/wiki\/Ionosfera\">ionosfera<\/a> y <a title=\"Magnetosfera\" href=\"http:\/\/blog.espol.edu.ec\/wiki\/Magnetosfera\">magnetosfera<\/a>.<\/li>\n<li>Relaciones Sol-Tierra.<\/li>\n<\/ul>\n<\/dd>\n<\/dl>\n<p><!--  NewPP limit report Preprocessor node count: 1\/1000000 Post-expand include size: 0\/2048000 bytes Template argument size: 0\/2048000 bytes Expensive parser function count: 0\/500 --><!-- Saved in parser cache with key eswiki:pcache:idhash:77643-0!1!0!!es!2 and timestamp 20090920000257 --><\/p>\n","protected":false},"excerpt":{"rendered":"<p>La geof\u00edsica es la ciencia que se encarga del estudio de la Tierra desde el punto de vista de la f\u00edsica. Su objeto de estudio abarca todos los fen\u00f3menos relacionados con la estructura, condiciones f\u00edsicas e historia evolutiva de la Tierra. Al ser una disciplina experimental, usa para su estudio m\u00e9todos cuantitativos f\u00edsicos como la [&hellip;]<\/p>\n","protected":false},"author":2035,"featured_media":0,"parent":0,"menu_order":0,"comment_status":"open","ping_status":"open","template":"","meta":{"footnotes":""},"class_list":["post-126","page","type-page","status-publish","hentry"],"_links":{"self":[{"href":"https:\/\/blog.espol.edu.ec\/ngeluz\/wp-json\/wp\/v2\/pages\/126","targetHints":{"allow":["GET"]}}],"collection":[{"href":"https:\/\/blog.espol.edu.ec\/ngeluz\/wp-json\/wp\/v2\/pages"}],"about":[{"href":"https:\/\/blog.espol.edu.ec\/ngeluz\/wp-json\/wp\/v2\/types\/page"}],"author":[{"embeddable":true,"href":"https:\/\/blog.espol.edu.ec\/ngeluz\/wp-json\/wp\/v2\/users\/2035"}],"replies":[{"embeddable":true,"href":"https:\/\/blog.espol.edu.ec\/ngeluz\/wp-json\/wp\/v2\/comments?post=126"}],"version-history":[{"count":4,"href":"https:\/\/blog.espol.edu.ec\/ngeluz\/wp-json\/wp\/v2\/pages\/126\/revisions"}],"predecessor-version":[{"id":129,"href":"https:\/\/blog.espol.edu.ec\/ngeluz\/wp-json\/wp\/v2\/pages\/126\/revisions\/129"}],"wp:attachment":[{"href":"https:\/\/blog.espol.edu.ec\/ngeluz\/wp-json\/wp\/v2\/media?parent=126"}],"curies":[{"name":"wp","href":"https:\/\/api.w.org\/{rel}","templated":true}]}}