{"id":135,"date":"2009-09-23T13:13:50","date_gmt":"2009-09-23T17:13:50","guid":{"rendered":"http:\/\/blog.espol.edu.ec\/ngeluz\/?page_id=135"},"modified":"2009-09-23T13:13:50","modified_gmt":"2009-09-23T17:13:50","slug":"volcanes-ecuador","status":"publish","type":"page","link":"https:\/\/blog.espol.edu.ec\/ngeluz\/volcanes-ecuador\/","title":{"rendered":"Volcanes - Ecuador"},"content":{"rendered":"<table class=\"TablaContenidosMAIN\" border=\"0\" cellspacing=\"10\" cellpadding=\"0\">\n<tbody>\n<tr>\n<td colspan=\"2\" align=\"left\" valign=\"top\">\n<h2 class=\"DESCRIPTORT\u00edtuloMAIN\">Volcan Altar<\/h2>\n<\/td>\n<\/tr>\n<tr>\n<td class=\"PARRAFOMAIN\" align=\"left\" valign=\"top\"><a name=\"21023\"><\/a>LOCALIZACI\u00d3N Y DIMENSIONES ALTURA: 5.319 PROVINCIA: Chimborazo UBICACI\u00d3n: Cordillera Real SECTOR: Se levanta en la Cordillera Oriental de los Andes a 45 Km al SE de Riobamba. \u00daLTIMA ERUPCI\u00d3N: en 1490?<\/td>\n<td class=\"IMAGENMAIN\" align=\"left\" valign=\"top\"><a name=\"21024\"><\/a><a title=\"\u00a9www.ecuadorciencia.com\/volcanes\/index.asp\" href=\"void(0)\"><img loading=\"lazy\" decoding=\"async\" src=\"http:\/\/www.edufuturo.com\/getIm.php?s=21024.Altar.jpg&amp;x=150&amp;y=114\" border=\"0\" alt=\"\" width=\"150\" height=\"114\" \/><\/a><\/td>\n<\/tr>\n<tr>\n<td colspan=\"2\" align=\"left\" valign=\"top\"><a name=\"21030\"><\/a><\/p>\n<h2 class=\"DESCRIPTORT\u00edtuloMAIN\">\u00a0Volcan Carihuairazo<\/h2>\n<\/td>\n<\/tr>\n<tr>\n<td class=\"PARRAFOMAIN\" align=\"left\" valign=\"top\"><a name=\"21031\"><\/a>ALTURA: 5.020 PROVINCIA: Tungurahua UBICACI\u00d3N: Cordillera Occidental SECTOR: Est\u00e1 ubicado a 38 - 40 km al NO de la ciudad de Riobamba y a 22 KM al SO de la ciudad de Ambato. \u00daLTIMA ERUPCI\u00d3N: No hay actividad relacionada con este volc\u00e1n.<\/td>\n<td class=\"IMAGENMAIN\" align=\"left\" valign=\"top\"><a name=\"21032\"><\/a><a title=\"\u00a9www.ecuadorciencia.com\/volcanes\/index.asp\" href=\"void(0)\"><img loading=\"lazy\" decoding=\"async\" src=\"http:\/\/www.edufuturo.com\/getIm.php?s=21032.Carihuairazo.jpg&amp;x=150&amp;y=111\" border=\"0\" alt=\"\" width=\"150\" height=\"111\" \/><\/a><\/td>\n<\/tr>\n<tr>\n<td colspan=\"2\" align=\"left\" valign=\"top\"><a name=\"21037\"><\/a><\/p>\n<h2 class=\"DESCRIPTORT\u00edtuloMAIN\">Volcan Cerro de Callo<\/h2>\n<\/td>\n<\/tr>\n<tr>\n<td class=\"PARRAFOMAIN\" align=\"left\" valign=\"top\"><a name=\"21039\"><\/a>ALTURA: 3.169 PROVINCIA: Cotopaxi UBICACI\u00d3N: Regi\u00f3n Interandina SECTOR: Este volc\u00e1n est\u00e1 ubicado a 24 Km al sur de Machachi, cerca a los centros volc\u00e1nicos de Santa Cruz o Chaupi. \u00daLTIMA ERUPCI\u00d3N: No hay actividad relacionada con este volc\u00e1n.<\/td>\n<td class=\"IMAGENMAIN\" align=\"left\" valign=\"top\"><a name=\"21040\"><\/a><a title=\"\u00a9www.ecuadorciencia.com\/volcanes\/index.asp\" href=\"void(0)\"><img loading=\"lazy\" decoding=\"async\" src=\"http:\/\/www.edufuturo.com\/getIm.php?s=21040.Cerro-del-callo.jpg&amp;x=150&amp;y=110\" border=\"0\" alt=\"\" width=\"150\" height=\"110\" \/><\/a><\/td>\n<\/tr>\n<tr>\n<td colspan=\"2\" align=\"left\" valign=\"top\"><a name=\"21042\"><\/a><\/p>\n<h2 class=\"DESCRIPTORT\u00edtuloMAIN\">Volcan Chimborazo<\/h2>\n<\/td>\n<\/tr>\n<tr>\n<td class=\"PARRAFOMAIN\" align=\"left\" valign=\"top\"><a name=\"21044\"><\/a>ALTURA: 6.310 PROVINCIA: Chimborazo UBICACI\u00d3N: Cordillera Occidental SECTOR: El Chimborazo est\u00e1 ubicado a 30 km. al noroeste de la ciudad de Riobamba. \u00daLTIMA ERUPCI\u00d3N: hace 11.000<\/td>\n<td class=\"IMAGENMAIN\" align=\"left\" valign=\"top\"><a name=\"21046\"><\/a><a title=\"\u00a9www.ecuadorciencia.com\/volcanes\/index.asp\" href=\"void(0)\"><img loading=\"lazy\" decoding=\"async\" src=\"http:\/\/www.edufuturo.com\/getIm.php?s=21046.Chimborazo.jpg&amp;x=150&amp;y=108\" border=\"0\" alt=\"\" width=\"150\" height=\"108\" \/><\/a><\/td>\n<\/tr>\n<tr>\n<td colspan=\"2\" align=\"left\" valign=\"top\"><a name=\"21049\"><\/a><\/p>\n<h2 class=\"DESCRIPTORT\u00edtuloMAIN\">Volcan Cotopaxi<\/h2>\n<\/td>\n<\/tr>\n<tr>\n<td class=\"PARRAFOMAIN\" align=\"left\" valign=\"top\"><a name=\"21050\"><\/a>ALTURA: 5.898 PROVINCIA: Cotopaxi UBICACI\u00d3N: Cordillera Real SECTOR: Se localiza en la cordillera real, en la planicie de LIMPIOPUNGO a 35 Km. al noreste de Latacunga y 40 Km. al sureste de Quito. \u00daLTIMA ERUPCI\u00d3N: 1.904<\/td>\n<td class=\"IMAGENMAIN\" align=\"left\" valign=\"top\"><a name=\"21051\"><\/a><a title=\"\u00a9www.ecuadorciencia.com\/volcanes\/index.asp\" href=\"void(0)\"><img loading=\"lazy\" decoding=\"async\" src=\"http:\/\/www.edufuturo.com\/getIm.php?s=21051.Cotopaxi.jpg&amp;x=150&amp;y=112\" border=\"0\" alt=\"\" width=\"150\" height=\"112\" \/><\/a><\/td>\n<\/tr>\n<tr>\n<td colspan=\"2\" align=\"left\" valign=\"top\"><a name=\"21056\"><\/a><\/p>\n<h2 class=\"DESCRIPTORT\u00edtuloMAIN\">Volcan Cuicocha<\/h2>\n<\/td>\n<\/tr>\n<tr>\n<td class=\"PARRAFOMAIN\" align=\"left\" valign=\"top\"><a name=\"21057\"><\/a>ALTURA: 3.377 PROVINCIA: Imbabura UBICACI\u00d3N: Cordillera Occidental SECTOR: La caldera volc\u00e1nica de Cuicocha est\u00e1 ubicada a 14 Km al noroeste de la ciudad de Otavalo y se encuentra directamente al sur del volc\u00e1n apagado Cotacachi. \u00daLTIMA ERUPCI\u00d3N: Hace 2.990 a 3.100 a\u00f1os<\/td>\n<td class=\"IMAGENMAIN\" align=\"left\" valign=\"top\"><a name=\"21058\"><\/a><a title=\"\u00a9www.ecuadorciencia.com\/volcanes\/index.asp\" href=\"void(0)\"><img loading=\"lazy\" decoding=\"async\" src=\"http:\/\/www.edufuturo.com\/getIm.php?s=21058.Cuicocha.jpg&amp;x=150&amp;y=110\" border=\"0\" alt=\"\" width=\"150\" height=\"110\" \/><\/a><\/td>\n<\/tr>\n<tr>\n<td colspan=\"2\" align=\"left\" valign=\"top\"><a name=\"21059\"><\/a><\/p>\n<h2 class=\"DESCRIPTORT\u00edtuloMAIN\">Volcan Cusin<\/h2>\n<\/td>\n<\/tr>\n<tr>\n<td class=\"PARRAFOMAIN\" align=\"left\" valign=\"top\"><a name=\"21060\"><\/a>ALTURA: 4.012 PROVINCIA: Pichincha - Imbabura UBICACI\u00d3N: Regi\u00f3n Interandina SECTOR: El Cus\u00edn est\u00e1 ubicado a 16 Km al sureste de Otavalo y es uno de los volcanes que rodea el lago San Pablo. \u00daLTIMA ERUPCI\u00d3N: No hay actividad relacionada con este volc\u00e1n.<\/td>\n<td class=\"IMAGENMAIN\" align=\"left\" valign=\"top\"><a name=\"21061\"><\/a><a title=\"\u00a9www.ecuadorciencia.com\/volcanes\/index.asp\" href=\"void(0)\"><img loading=\"lazy\" decoding=\"async\" src=\"http:\/\/www.edufuturo.com\/getIm.php?s=21061.Cusin.jpg&amp;x=150&amp;y=105\" border=\"0\" alt=\"\" width=\"150\" height=\"105\" \/><\/a><\/td>\n<\/tr>\n<tr>\n<td colspan=\"2\" align=\"left\" valign=\"top\"><a name=\"21083\"><\/a><\/p>\n<h2 class=\"DESCRIPTORT\u00edtuloMAIN\">Volcan Iliniza<\/h2>\n<\/td>\n<\/tr>\n<tr>\n<td class=\"PARRAFOMAIN\" align=\"left\" valign=\"top\"><a name=\"21084\"><\/a>ALTURA: 5.248 COORDENADAS: 0\u00ba66 S, 78\u00ba71 O PROVINCIA: Cotopaxi UBICACI\u00d3N: Cordillera Occidental SECTOR: Este volc\u00e1n est\u00e1 ubicado hacia 23 Km al suroeste de Machachi \u00daLTIMA ERUPCI\u00d3N: No hay actividad relacionada con este volc\u00e1n.<\/td>\n<td class=\"IMAGENMAIN\" align=\"left\" valign=\"top\"><a name=\"21085\"><\/a><a title=\"\u00a9www.ecuadorciencia.com\/volcanes\/index.asp\" href=\"void(0)\"><img loading=\"lazy\" decoding=\"async\" src=\"http:\/\/www.edufuturo.com\/getIm.php?s=21085.Iliniza.jpg&amp;x=150&amp;y=113\" border=\"0\" alt=\"\" width=\"150\" height=\"113\" \/><\/a><\/td>\n<\/tr>\n<tr>\n<td colspan=\"2\" align=\"left\" valign=\"top\"><a name=\"21089\"><\/a><\/p>\n<h2 class=\"DESCRIPTORT\u00edtuloMAIN\">Volcan Mojanda<\/h2>\n<\/td>\n<\/tr>\n<tr>\n<td class=\"PARRAFOMAIN\" align=\"left\" valign=\"top\"><a name=\"21090\"><\/a>ALTURA: 4.290 COORDENADAS: 0\u00ba13 S, 78\u00ba26 O PROVINCIA: Pichincha - Imbabura UBICACI\u00d3N: Regi\u00f3n Interandina SECTOR: Este volc\u00e1n se encuentra a 10 Km al sur de Otavalo y constituye el nudo de Mojanda que separa el valle interandino. \u00daLTIMA ERUPCI\u00d3N: No hay actividad relacionada con este volc\u00e1n.<\/td>\n<td class=\"IMAGENMAIN\" align=\"left\" valign=\"top\"><a name=\"21092\"><\/a><a title=\"\u00a9www.ecuadorciencia.com\/volcanes\/index.asp\" href=\"void(0)\"><img loading=\"lazy\" decoding=\"async\" src=\"http:\/\/www.edufuturo.com\/getIm.php?s=21092.Mojanda.jpg&amp;x=150&amp;y=128\" border=\"0\" alt=\"\" width=\"150\" height=\"128\" \/><\/a><\/td>\n<\/tr>\n<tr>\n<td colspan=\"2\" align=\"left\" valign=\"top\"><a name=\"21105\"><\/a><\/p>\n<h2 class=\"DESCRIPTORT\u00edtuloMAIN\">Volcan Pangaladera<\/h2>\n<\/td>\n<\/tr>\n<tr>\n<td class=\"PARRAFOMAIN\" align=\"left\" valign=\"top\"><a name=\"21109\"><\/a>ALTURA: 3.340 COORDENADAS: 0\u00ba14 N, 78\u00ba7 O PROVINCIA: Imbabura UBICACI\u00d3N: Regi\u00f3n Interandina SECTOR: Este volc\u00e1n se encuentra a 12 KM al sur de Ibarra, junto al volc\u00e1n Cunrru al este y al oeste el volc\u00e1n Cubilche. \u00daLTIMA ERUPCI\u00d3N: No hay actividad relacionada con este volc\u00e1n.<\/td>\n<td class=\"IMAGENMAIN\" align=\"left\" valign=\"top\"><a name=\"21111\"><\/a><a title=\"\u00a9www.ecuadorciencia.com\/volcanes\/index.asp\" href=\"void(0)\"><img loading=\"lazy\" decoding=\"async\" src=\"http:\/\/www.edufuturo.com\/getIm.php?s=21111.Pangaladera.jpg&amp;x=150&amp;y=127\" border=\"0\" alt=\"\" width=\"150\" height=\"127\" \/><\/a><\/td>\n<\/tr>\n<tr>\n<td colspan=\"2\" align=\"left\" valign=\"top\"><a name=\"21117\"><\/a><\/p>\n<h2 class=\"DESCRIPTORT\u00edtuloMAIN\">Volcan Punalica<\/h2>\n<\/td>\n<\/tr>\n<tr>\n<td class=\"PARRAFOMAIN\" align=\"left\" valign=\"top\"><a name=\"21122\"><\/a>ALTURA: 3.990 COORDENADAS: 1\u00b044 S, 78\u00b068 O PROVINCIA: Chimborazo UBICACI\u00d3N: CORDILLERA OCCIDENTAL SECTOR: 20 KM AL SUROESTE DE AMBATO. \u00daLTIMA ERUPCI\u00d3N: No hay actividad relacionada con este volc\u00e1n.<\/td>\n<td class=\"IMAGENMAIN\" align=\"left\" valign=\"top\"><a name=\"21123\"><\/a><a title=\"\u00a9www.ecuadorciencia.com\/volcanes\/index.asp\" href=\"void(0)\"><img loading=\"lazy\" decoding=\"async\" src=\"http:\/\/www.edufuturo.com\/getIm.php?s=21123.Punalica.jpg&amp;x=150&amp;y=114\" border=\"0\" alt=\"\" width=\"150\" height=\"114\" \/><\/a><\/td>\n<\/tr>\n<tr>\n<td colspan=\"2\" align=\"left\" valign=\"top\"><a name=\"21129\"><\/a><\/p>\n<h2 class=\"DESCRIPTORT\u00edtuloMAIN\">Volcan Quilinda\u00f1a<\/h2>\n<\/td>\n<\/tr>\n<tr>\n<td class=\"PARRAFOMAIN\" align=\"left\" valign=\"top\"><a name=\"21130\"><\/a>ALTURA: 4.919 COORDENADAS: 0\u00ba46 S 78\u00ba20 O PROVINCIA: Cotopaxi UBICACI\u00d3N: Cordillera Real SECTOr: Est\u00e1 ubicado en la cordillera Real al sureste del Cotopaxi entre los r\u00edos Junta y el r\u00edo Ami en un sector cont\u00ednuamente cubierto por nubes y de dif\u00edcil acceso. \u00daLTIMA ERUPCI\u00d3N: No hay actividad relacionada con este volc\u00e1n.<\/td>\n<td class=\"IMAGENMAIN\" align=\"left\" valign=\"top\"><a name=\"21131\"><\/a><a title=\"\u00a9www.ecuadorciencia.com\/volcanes\/index.asp\" href=\"void(0)\"><img loading=\"lazy\" decoding=\"async\" src=\"http:\/\/www.edufuturo.com\/getIm.php?s=21131.Quilindana.jpg&amp;x=150&amp;y=119\" border=\"0\" alt=\"\" width=\"150\" height=\"119\" \/><\/a><\/td>\n<\/tr>\n<tr>\n<td colspan=\"2\" align=\"left\" valign=\"top\"><a name=\"21137\"><\/a><\/p>\n<h2 class=\"DESCRIPTORT\u00edtuloMAIN\">Volcan Rucu Pichincha<\/h2>\n<\/td>\n<\/tr>\n<tr>\n<td class=\"PARRAFOMAIN\" align=\"left\" valign=\"top\"><a name=\"21138\"><\/a>ALTURA: 4.696 PROVINCIA: Pichincha UBICACI\u00d3N: Cordillera Occidental SECTOR: Este volc\u00e1n domina la zona norte de la ciudad de Quito y dista de esta 7.5 Km. \u00daLTIMA ERUPCI\u00d3N: No hay actividad relacionada con este volc\u00e1n.<\/td>\n<td class=\"IMAGENMAIN\" align=\"left\" valign=\"top\"><a name=\"21139\"><\/a><a title=\"\u00a9www.ecuadorciencia.com\/volcanes\/index.asp\" href=\"void(0)\"><img loading=\"lazy\" decoding=\"async\" src=\"http:\/\/www.edufuturo.com\/getIm.php?s=21139.Rucupichincha.jpg&amp;x=150&amp;y=124\" border=\"0\" alt=\"\" width=\"150\" height=\"124\" \/><\/a><\/td>\n<\/tr>\n<tr>\n<td colspan=\"2\" align=\"left\" valign=\"top\"><a name=\"21144\"><\/a><\/p>\n<h2 class=\"DESCRIPTORT\u00edtuloMAIN\">Volcan Sangay<\/h2>\n<\/td>\n<\/tr>\n<tr>\n<td class=\"PARRAFOMAIN\" align=\"left\" valign=\"top\"><a name=\"21146\"><\/a>ALTURA: 5.320 PROVINCIA: Morona Santiago UBICACI\u00d3N: Cordillera Real SECTOR: Este volc\u00e1n se encuentra en la regi\u00f3n oriental a 45 Km al suroeste de \u00daLTIMA ERUPCI\u00d3N: Erupci\u00f3n permanente<\/td>\n<td class=\"IMAGENMAIN\" align=\"left\" valign=\"top\"><a name=\"21150\"><\/a><a title=\"\u00a9www.ecuadorciencia.com\/volcanes\/index.asp\" href=\"void(0)\"><img loading=\"lazy\" decoding=\"async\" src=\"http:\/\/www.edufuturo.com\/getIm.php?s=21150.Sangay.jpg&amp;x=150&amp;y=99\" border=\"0\" alt=\"\" width=\"150\" height=\"99\" \/><\/a><\/td>\n<\/tr>\n<tr>\n<td colspan=\"2\" align=\"left\" valign=\"top\"><a name=\"21155\"><\/a><\/p>\n<h2 class=\"DESCRIPTORT\u00edtuloMAIN\">Volcan Sumaco<\/h2>\n<\/td>\n<\/tr>\n<tr>\n<td class=\"PARRAFOMAIN\" align=\"left\" valign=\"top\"><a name=\"21156\"><\/a>ALTURA: 3.828 PROVINCIA: Napo - Orellana UBICACI\u00d3N: Cordillera Subandina SECTOR: 105 Km al sureste de la ciudad de Quito y 35 Km al noroeste de Loreto. \u00daLTIMA ERUPCI\u00d3N: 1933?<\/td>\n<td class=\"IMAGENMAIN\" align=\"left\" valign=\"top\"><a name=\"21157\"><\/a><a title=\"\u00a9www.ecuadorciencia.com\/volcanes\/index.asp\" href=\"void(0)\"><img loading=\"lazy\" decoding=\"async\" src=\"http:\/\/www.edufuturo.com\/getIm.php?s=21157.Sumaco.jpg&amp;x=150&amp;y=91\" border=\"0\" alt=\"\" width=\"150\" height=\"91\" \/><\/a><\/td>\n<\/tr>\n<tr>\n<td colspan=\"2\" align=\"left\" valign=\"top\"><a name=\"21161\"><\/a><\/p>\n<h2 class=\"DESCRIPTORT\u00edtuloMAIN\">Volcan Antisana<\/h2>\n<\/td>\n<\/tr>\n<tr>\n<td class=\"PARRAFOMAIN\" align=\"left\" valign=\"top\"><a name=\"21163\"><\/a>ALTURA: 5.758 PROVINCIA: Pichincha y Napo UBICACI\u00d3N: Cordillera Real SECTOR: Se levanta en la Cordillera Oriental o Real de los Andes a 45 Km al SE de Quito. \u00daLTIMA ERUPCI\u00d3N: A\u00f1o 1700<\/td>\n<td class=\"IMAGENMAIN\" align=\"left\" valign=\"top\"><a name=\"21169\"><\/a><a title=\"\u00a9www.ecuadorciencia.com\/volcanes\/index.asp\" href=\"void(0)\"><img loading=\"lazy\" decoding=\"async\" src=\"http:\/\/www.edufuturo.com\/getIm.php?s=21169.Antizana.jpg&amp;x=150&amp;y=108\" border=\"0\" alt=\"\" width=\"150\" height=\"108\" \/><\/a><\/td>\n<\/tr>\n<tr>\n<td colspan=\"2\" align=\"left\" valign=\"top\"><a name=\"21176\"><\/a><\/p>\n<h2 class=\"DESCRIPTORT\u00edtuloMAIN\">Volcana Casitagua<\/h2>\n<\/td>\n<\/tr>\n<tr>\n<td class=\"PARRAFOMAIN\" align=\"left\" valign=\"top\"><a name=\"21177\"><\/a>ALTURA: 3.200 PROVINCIA: Pichincha UBICACI\u00d3N: Cordillera Occidental SECTOR: El casitagua est\u00e1 ubicado a 10 Km al norte de Quito, es visible desde el norte de esta ciudad, as\u00ed como dos conos de escoria al sur de la caldera. \u00daLTIMA ERUPCI\u00d3N: No hay actividad relacionada con este volc\u00e1n.<\/td>\n<td class=\"IMAGENMAIN\" align=\"left\" valign=\"top\"><a name=\"21178\"><\/a><a title=\"\u00a9www.ecuadorciencia.com\/volcanes\/index.asp\" href=\"void(0)\"><img loading=\"lazy\" decoding=\"async\" src=\"http:\/\/www.edufuturo.com\/getIm.php?s=21178.Casitagua.jpg&amp;x=150&amp;y=119\" border=\"0\" alt=\"\" width=\"150\" height=\"119\" \/><\/a><\/td>\n<\/tr>\n<tr>\n<td colspan=\"2\" align=\"left\" valign=\"top\"><a name=\"21187\"><\/a><\/p>\n<h2 class=\"DESCRIPTORT\u00edtuloMAIN\">Volcan Cerro Negro de Mayasquer<\/h2>\n<\/td>\n<\/tr>\n<tr>\n<td class=\"PARRAFOMAIN\" align=\"left\" valign=\"top\"><a name=\"21193\"><\/a>ALTURA: 4.470 COORDENADAS: 0\u00ba83 N, 77\u00ba6 O PROVINCIA: Carchi UBICACI\u00d3N: Cordillera Occidental SECTOR: El volc\u00e1n Cerro Negro se ubica a 25 Km al oeste de Tulc\u00e1n en la frontera misma con Colombia. \u00daLTIMA ERUPCI\u00d3N: hace 3.000 a\u00f1os<\/td>\n<td class=\"IMAGENMAIN\" align=\"left\" valign=\"top\"><a name=\"21194\"><\/a><a title=\"\u00a9www.ecuadorciencia.com\/volcanes\/index.asp\" href=\"void(0)\"><img loading=\"lazy\" decoding=\"async\" src=\"http:\/\/www.edufuturo.com\/getIm.php?s=21194.Cerronegro.jpg&amp;x=150&amp;y=106\" border=\"0\" alt=\"\" width=\"150\" height=\"106\" \/><\/a><\/td>\n<\/tr>\n<tr>\n<td colspan=\"2\" align=\"left\" valign=\"top\"><a name=\"21203\"><\/a><\/p>\n<h2 class=\"DESCRIPTORT\u00edtuloMAIN\">Volcan Coraz\u00f3n<\/h2>\n<\/td>\n<\/tr>\n<tr>\n<td class=\"PARRAFOMAIN\" align=\"left\" valign=\"top\"><a name=\"21206\"><\/a>ALTURA: 4.790 PROVINCIA: Pichincha UBICACI\u00d3N: Cordillera Occidental SECTOR: El volc\u00e1n Coraz\u00f3n se encuentra al S SO de Machachi. \u00daLTIMA ERUPCI\u00d3N: No hay actividad relacionada con este volc\u00e1n.<\/td>\n<td class=\"IMAGENMAIN\" align=\"left\" valign=\"top\"><a name=\"21214\"><\/a><a title=\"\u00a9www.ecuadorciencia.com\/volcanes\/index.asp\" href=\"void(0)\"><img loading=\"lazy\" decoding=\"async\" src=\"http:\/\/www.edufuturo.com\/getIm.php?s=21214.Corazon.jpg&amp;x=150&amp;y=110\" border=\"0\" alt=\"\" width=\"150\" height=\"110\" \/><\/a><\/td>\n<\/tr>\n<tr>\n<td colspan=\"2\" align=\"left\" valign=\"top\"><a name=\"21216\"><\/a><\/p>\n<h2 class=\"DESCRIPTORT\u00edtuloMAIN\">Volcan Coturco<\/h2>\n<\/td>\n<\/tr>\n<tr>\n<td class=\"PARRAFOMAIN\" align=\"left\" valign=\"top\"><a name=\"21217\"><\/a>ALTURA: . PROVINCIA: Pichincha UBICACI\u00d3N: Cordillera Real SECTOR: Este volc\u00e1n se encuentra ligeramente sobresaliendo la cordillera Real u Oriental hacia el oeste a unos 15 Km al sur de la poblaci\u00f3n del Quinche. \u00daLTIMA ERUPCI\u00d3N: No hay actividad relacionada con este volc\u00e1n.<\/td>\n<td class=\"IMAGENMAIN\" align=\"left\" valign=\"top\"><a name=\"21218\"><\/a><a title=\"\u00a9www.ecuadorciencia.com\/volcanes\/index.asp\" href=\"void(0)\"><img loading=\"lazy\" decoding=\"async\" src=\"http:\/\/www.edufuturo.com\/getIm.php?s=21218.Coturco.jpg&amp;x=150&amp;y=122\" border=\"0\" alt=\"\" width=\"150\" height=\"122\" \/><\/a><\/td>\n<\/tr>\n<tr>\n<td colspan=\"2\" align=\"left\" valign=\"top\"><a name=\"21219\"><\/a><\/p>\n<h2 class=\"DESCRIPTORT\u00edtuloMAIN\">Volcan Cunrru<\/h2>\n<\/td>\n<\/tr>\n<tr>\n<td class=\"PARRAFOMAIN\" align=\"left\" valign=\"top\"><a name=\"21220\"><\/a>ALTURA: 3.305 PROVINCIA: Imbabura UBICACI\u00d3N: Regi\u00f3n Interandina SECTOR: Este peque\u00f1o volc\u00e1n se encuentra 13 Km al sur de Ibarra y al sureste del volc\u00e1n Cubilche y Pangaladera. \u00daLTIMA ERUPCI\u00d3N: No hay actividad relacionada con este volc\u00e1n.<\/td>\n<td class=\"IMAGENMAIN\" align=\"left\" valign=\"top\"><a name=\"21221\"><\/a><a title=\"\u00a9www.ecuadorciencia.com\/volcanes\/index.asp\" href=\"void(0)\"><img loading=\"lazy\" decoding=\"async\" src=\"http:\/\/www.edufuturo.com\/getIm.php?s=21221.Cunrru.jpg&amp;x=150&amp;y=123\" border=\"0\" alt=\"\" width=\"150\" height=\"123\" \/><\/a><\/td>\n<\/tr>\n<tr>\n<td colspan=\"2\" align=\"left\" valign=\"top\"><a name=\"21226\"><\/a><\/p>\n<h2 class=\"DESCRIPTORT\u00edtuloMAIN\">Volcan GuaguaPichincha<\/h2>\n<\/td>\n<\/tr>\n<tr>\n<td class=\"PARRAFOMAIN\" align=\"left\" valign=\"top\"><a name=\"21227\"><\/a>ALTURA: 4.790 PROVINCIA: Pichincha UBICACI\u00d3N: Cordillera Occidental SECTOR: El Guagua Pichincha pertenece al macizo del mismo nombre que alberga al Rucu Pichincha, Padre Encantado y las ruinas de la caldera de Cundur Huanchana, otros cerros a\u00fan mas antiguos pueden haber sido enterrados bajo las lavas y pirocl\u00e1stos de los volcanes \u00daLTIMA ERUPCI\u00d3N: Agosto de 1999.<\/td>\n<\/tr>\n<\/tbody>\n<\/table>\n","protected":false},"excerpt":{"rendered":"<p>Volcan Altar LOCALIZACI\u00d3N Y DIMENSIONES ALTURA: 5.319 PROVINCIA: Chimborazo UBICACI\u00d3n: Cordillera Real SECTOR: Se levanta en la Cordillera Oriental de los Andes a 45 Km al SE de Riobamba. \u00daLTIMA ERUPCI\u00d3N: en 1490? \u00a0Volcan Carihuairazo ALTURA: 5.020 PROVINCIA: Tungurahua UBICACI\u00d3N: Cordillera Occidental SECTOR: Est\u00e1 ubicado a 38 - 40 km al NO de la ciudad [&hellip;]<\/p>\n","protected":false},"author":2035,"featured_media":0,"parent":0,"menu_order":0,"comment_status":"open","ping_status":"open","template":"","meta":{"footnotes":""},"class_list":["post-135","page","type-page","status-publish","hentry"],"_links":{"self":[{"href":"https:\/\/blog.espol.edu.ec\/ngeluz\/wp-json\/wp\/v2\/pages\/135","targetHints":{"allow":["GET"]}}],"collection":[{"href":"https:\/\/blog.espol.edu.ec\/ngeluz\/wp-json\/wp\/v2\/pages"}],"about":[{"href":"https:\/\/blog.espol.edu.ec\/ngeluz\/wp-json\/wp\/v2\/types\/page"}],"author":[{"embeddable":true,"href":"https:\/\/blog.espol.edu.ec\/ngeluz\/wp-json\/wp\/v2\/users\/2035"}],"replies":[{"embeddable":true,"href":"https:\/\/blog.espol.edu.ec\/ngeluz\/wp-json\/wp\/v2\/comments?post=135"}],"version-history":[{"count":5,"href":"https:\/\/blog.espol.edu.ec\/ngeluz\/wp-json\/wp\/v2\/pages\/135\/revisions"}],"predecessor-version":[{"id":140,"href":"https:\/\/blog.espol.edu.ec\/ngeluz\/wp-json\/wp\/v2\/pages\/135\/revisions\/140"}],"wp:attachment":[{"href":"https:\/\/blog.espol.edu.ec\/ngeluz\/wp-json\/wp\/v2\/media?parent=135"}],"curies":[{"name":"wp","href":"https:\/\/api.w.org\/{rel}","templated":true}]}}