{"id":143,"date":"2009-09-23T13:52:14","date_gmt":"2009-09-23T17:52:14","guid":{"rendered":"http:\/\/blog.espol.edu.ec\/ngeluz\/?page_id=143"},"modified":"2009-09-23T13:52:14","modified_gmt":"2009-09-23T17:52:14","slug":"yo","status":"publish","type":"page","link":"https:\/\/blog.espol.edu.ec\/ngeluz\/yo\/","title":{"rendered":"Yo"},"content":{"rendered":"<p class=\"MsoNormal\" style=\"margin: 0cm 0cm 0pt\"><span style=\"font-size: 7.5pt;color: #5b5b5b;font-family: &quot;Verdana&quot;,&quot;sans-serif&quot\"><a class=\"flickr-image alignnone\" title=\"000_0274.jpg\" href=\"http:\/\/www.flickr.com\/photos\/13899782@N04\/1635609173\/\"><\/a><a class=\"flickr-image alignleft\" title=\"000_0274.jpg\" href=\"http:\/\/www.flickr.com\/photos\/13899782@N04\/1635609173\/\"><\/a><\/span><\/p>\n<p class=\"MsoNormal\" style=\"margin: 0cm 0cm 0pt\"><span style=\"font-size: 7.5pt;color: #5b5b5b;font-family: &quot;Verdana&quot;,&quot;sans-serif&quot\"><a class=\"flickr-image alignleft\" title=\"000_0274.jpg\" href=\"http:\/\/www.flickr.com\/photos\/13899782@N04\/1635609173\/\"><img decoding=\"async\" src=\"http:\/\/farm3.static.flickr.com\/2147\/1635609173_a11969f75d_m.jpg\" alt=\"000_0274.jpg\" \/><\/a><\/span><\/p>\n<p class=\"MsoNormal\" style=\"margin: 0cm 0cm 0pt\"><span style=\"font-size: 7.5pt;color: #5b5b5b;font-family: &quot;Verdana&quot;,&quot;sans-serif&quot\">La mayor\u00eda de veces y a la mayor\u00eda de personas nos resulta tedioso y hasta complicado hablar de uno mismo, salvo a aquellos que poseen una dosis elevada de egocentrismo, cosa que no est\u00e1 mal y en ciertos casos es \u00fatil como ahora, as\u00ed que por hoy voy a dotarme de una dosis extrema de egocentrismo y hablare de mi, con una soltura que a mismo me impresionar\u00eda. Soy alguien que ha tratado de irse encontrando consigo mismo con el pasar de los a\u00f1os, aun sigo en esa b\u00fasqueda eterna. Cultive dentro de mi todo ese cari\u00f1o existente, que te hace ver cu\u00e1n hermosa es la vida, la amistad, el amor, la familia y sobre todo el hecho de saber y aprender que estamos hechos para cosas grandes y que tenemos que amarnos a nosotros mismos por sobre todas la cosas, a veces no resulta muy complicado de hacer, pero es necesario de aprenderlo y sobre todo de entenderlo. S\u00e9 que soy una mejor persona ahora, me convert\u00ed en un gran amigo, y aprend\u00ed a ser un gran novio, cost\u00f3 mucho todo este aprendizaje pero ya esta, ahora solo falta encontrar a la merecedora de todo este amor y cambio. Ahora esto aqu\u00ed en la ESPOL tratando de terminar algo que deje inconcluso hace mucho tiempo y que necesito terminar, espero y deseo que todo salga bien, no solo a mi sino a todos los que han emprendido esta batalla, quiero y deseo que al final todos salgamos triunfantes El cambio es bueno y estar consciente de ello es un gran paso solo depende de cada uno de nosotros lograr algo significativo en nuestras vidas, recuerden que estamos vivos y el simple hecho de vivir ya es una gran merito y una gran victoria diaria ....En fin no me queda mas que decir Que yo ya no soy el mismo de antes, Por no menos no soy el mismo Yo interior... (<strong><span style=\"color: #000000\"><em>Siddhartha-<\/em><\/span><\/strong><span style=\"color: #000000\"><strong><em>Hermann\u00a0Hesse<\/em><\/strong>)<\/span><\/span><\/p>\n","protected":false},"excerpt":{"rendered":"<p>La mayor\u00eda de veces y a la mayor\u00eda de personas nos resulta tedioso y hasta complicado hablar de uno mismo, salvo a aquellos que poseen una dosis elevada de egocentrismo, cosa que no est\u00e1 mal y en ciertos casos es \u00fatil como ahora, as\u00ed que por hoy voy a dotarme de una dosis extrema de [&hellip;]<\/p>\n","protected":false},"author":2035,"featured_media":0,"parent":0,"menu_order":0,"comment_status":"open","ping_status":"open","template":"","meta":{"footnotes":""},"class_list":["post-143","page","type-page","status-publish","hentry"],"_links":{"self":[{"href":"https:\/\/blog.espol.edu.ec\/ngeluz\/wp-json\/wp\/v2\/pages\/143","targetHints":{"allow":["GET"]}}],"collection":[{"href":"https:\/\/blog.espol.edu.ec\/ngeluz\/wp-json\/wp\/v2\/pages"}],"about":[{"href":"https:\/\/blog.espol.edu.ec\/ngeluz\/wp-json\/wp\/v2\/types\/page"}],"author":[{"embeddable":true,"href":"https:\/\/blog.espol.edu.ec\/ngeluz\/wp-json\/wp\/v2\/users\/2035"}],"replies":[{"embeddable":true,"href":"https:\/\/blog.espol.edu.ec\/ngeluz\/wp-json\/wp\/v2\/comments?post=143"}],"version-history":[{"count":3,"href":"https:\/\/blog.espol.edu.ec\/ngeluz\/wp-json\/wp\/v2\/pages\/143\/revisions"}],"predecessor-version":[{"id":146,"href":"https:\/\/blog.espol.edu.ec\/ngeluz\/wp-json\/wp\/v2\/pages\/143\/revisions\/146"}],"wp:attachment":[{"href":"https:\/\/blog.espol.edu.ec\/ngeluz\/wp-json\/wp\/v2\/media?parent=143"}],"curies":[{"name":"wp","href":"https:\/\/api.w.org\/{rel}","templated":true}]}}