{"id":70,"date":"2010-08-04T15:10:37","date_gmt":"2010-08-04T15:10:37","guid":{"rendered":"http:\/\/blog.espol.edu.ec\/nicolecabanilla\/eurovision-2009\/"},"modified":"2010-08-09T19:58:35","modified_gmt":"2010-08-09T19:58:35","slug":"eurovision-2009","status":"publish","type":"page","link":"https:\/\/blog.espol.edu.ec\/nicolecabanilla\/eurovision-2009\/","title":{"rendered":"ALEXANDER RYBAK"},"content":{"rendered":"<p style=\"text-align: center\"><object classid=\"clsid:d27cdb6e-ae6d-11cf-96b8-444553540000\" width=\"580\" height=\"360\"><param name=\"allowFullScreen\" value=\"true\" \/><param name=\"allowscriptaccess\" value=\"always\" \/><param name=\"src\" value=\"http:\/\/www.youtube.com\/v\/-8JRtGMBUz0&amp;hl=es_ES&amp;fs=1?color1=0xcc2550&amp;color2=0xe87a9f&amp;border=1\" \/><param name=\"allowfullscreen\" value=\"true\" \/><embed type=\"application\/x-shockwave-flash\" width=\"580\" height=\"360\" src=\"http:\/\/www.youtube.com\/v\/-8JRtGMBUz0&amp;hl=es_ES&amp;fs=1?color1=0xcc2550&amp;color2=0xe87a9f&amp;border=1\" allowscriptaccess=\"always\" allowfullscreen=\"true\"><\/embed><\/object><\/p>\n<p style=\"text-align: center\">LETRA DE \"FAIRYTALE\"<\/p>\n<p style=\"text-align: center\">Years ago, when I was younger<br \/>\nI kind of liked, a girl I knew<br \/>\nShe was mine and we were sweethearts<br \/>\nThat was then but then it's true<\/p>\n<p style=\"text-align: center\">(Chorus)<\/p>\n<p style=\"text-align: center\">I'm in love with a fairytale<br \/>\nEven though it hurts<br \/>\nCause I don't care if I lose my mind,<br \/>\nI'm already cursed<\/p>\n<p style=\"text-align: center\">Every day we started fighting<br \/>\nEvery night we fell in love<br \/>\nNo one else could make me sadder<br \/>\nBut no one else could lift me high above<\/p>\n<p style=\"text-align: center\">I don't know what I was doing<br \/>\nSuddenly we fell apart<br \/>\nNowadays I cannot find her<br \/>\nBut when I do we'll get a brand new start<\/p>\n<p style=\"text-align: center\">(Chorus)<\/p>\n<p style=\"text-align: center\">I'm in love with a fairytale<br \/>\nEven though it hurts<br \/>\nCause I don't care if I lose my mind,<br \/>\nI'm already cursed<\/p>\n<p style=\"text-align: center\">She's a fairytale, yeah<br \/>\nEven though it hurts<br \/>\ncause I don't care if I lose my mind,<br \/>\nI'm already cursed<\/p>\n<p style=\"text-align: center\">Alexander Rybak<br \/>\nInformaci\u00f3n personal<br \/>\nNombre real biel. \u0410\u043b\u044f\u043a\u0441\u0430\u0301\u043d\u0434\u0440 \u0406\u0301\u0433\u0430\u0440\u0430\u0432\u0456\u0447 \u0420\u044b\u0431\u0430\u0301\u043a, Aliaks\u00e1ndr \u00cdharavich Ryb\u00e1k<br \/>\nNacimiento: 13 de mayo de 1986 (24 a\u00f1os)<br \/>\nOrigen: Bandera de Bielorrusia Minsk , Bielorrusia<br \/>\nOcupaci\u00f3n(es): Cantante, violinista, actor, compositor<br \/>\nInformaci\u00f3n art\u00edstica<br \/>\nG\u00e9nero(s) Balada rom\u00e1ntica, Pop<br \/>\nInstrumento(s): Voz solista, viol\u00edn, piano<br \/>\nPer\u00edodo de actividad 2001 \u2014 al presente<\/p>\n<p style=\"text-align: center\">Alexander Rybak (en bielorruso: \u0410\u043b\u044f\u043a\u0441\u0430\u0301\u043d\u0434\u0440 \u0406\u0301\u0433\u0430\u0440\u0430\u0432\u0456\u0447 \u0420\u044b\u0431\u0430\u0301\u043a, Aliaks\u00e1ndr \u00cdharavich Ryb\u00e1k; Minsk, Bielorrusia, 13 de mayo de 1986) es un violinista, cantante, compositor y actor noruego, de origen bielorruso. Rybak fue ganador en el Festival de Eurovisi\u00f3n de 2009 celebrado en Mosc\u00fa (Rusia) en representaci\u00f3n de Noruega.<\/p>\n<p style=\"text-align: center\">Biograf\u00eda<\/p>\n<p style=\"text-align: center\">Rybak naci\u00f3 en la antigua Uni\u00f3n Sovi\u00e9tica en lo que ahora es Bielorrusia. \u00c9l y sus padres se mudaron a Noruega cuando ten\u00eda cuatro a\u00f1os, y ah\u00ed es donde se cri\u00f3.[1] Rybak comenz\u00f3 a tocar instrumentos desde los cinco a\u00f1os, tocando actualmente el viol\u00edn y el piano. Su madre es la famosa pianista Natallia Valiantsinauna Rybak y su padre el violinista Ihar Aliaksandravich Rybak, famoso en Noruega. Alexander ha declarado: \u201cSiempre me gust\u00f3 divertir a la gente y de alguna manera esta es mi vocaci\u00f3n\u201d.[2] Rybak vive actualmente en Nesodden.<\/p>\n<p style=\"text-align: center\">Eurovisi\u00f3n 2009<\/p>\n<p style=\"text-align: center\">Alexander Rybak gan\u00f3 la final de la selecci\u00f3n nacional de Noruega Melodi Gran Prix de 2009 para representar a Noruega en el Festival de Eurovisi\u00f3n 2009, del que result\u00f3 ganador, cantando Fairytale, una canci\u00f3n inspirada en gran medida por la m\u00fasica folcl\u00f3rica noruega. La canci\u00f3n fue compuesta y escrita por \u00e9l mismo y la interpreta con la compa\u00f1\u00eda de danza moderna popular. Casi al instante se convirti\u00f3 en el m\u00e1ximo favorito, siendo el primero de las apuestas y ganando el EuroChart, el resultado fue obvio. Alexander Rybak gan\u00f3 el Festival de Eurovisi\u00f3n el d\u00eda 16 de mayo de 2009 consiguiendo batir un r\u00e9cord de puntuaci\u00f3n al lograr 387 puntos, habiendo recibido de diecisiete de los pa\u00edses participantes la m\u00e1xima puntuaci\u00f3n, de 12 puntos.<\/p>\n<p style=\"text-align: center\">Discograf\u00eda<\/p>\n<p style=\"text-align: center\">* Fairytales (2 de junio de 2009)<br \/>\n* No boundaries (21 de Junio de 2010)<\/p>\n<p style=\"text-align: center\">Singles<\/p>\n<p style=\"text-align: center\">* Fairytale (12 de enero de 2009)<br \/>\n* Funny Little World (13 de mayo de 2009)<br \/>\n* Roll With the Wind (02 de junio del 2009)<br \/>\n* Oah (28 de Mayo del 2010)<\/p>\n<p style=\"text-align: center\"><object classid=\"clsid:d27cdb6e-ae6d-11cf-96b8-444553540000\" width=\"580\" height=\"360\"><param name=\"allowFullScreen\" value=\"true\" \/><param name=\"allowscriptaccess\" value=\"always\" \/><param name=\"src\" value=\"http:\/\/www.youtube.com\/v\/oVNBcEygJ5E&amp;hl=es_ES&amp;fs=1?color1=0xcc2550&amp;color2=0xe87a9f&amp;border=1\" \/><param name=\"allowfullscreen\" value=\"true\" \/><embed type=\"application\/x-shockwave-flash\" width=\"580\" height=\"360\" src=\"http:\/\/www.youtube.com\/v\/oVNBcEygJ5E&amp;hl=es_ES&amp;fs=1?color1=0xcc2550&amp;color2=0xe87a9f&amp;border=1\" allowscriptaccess=\"always\" allowfullscreen=\"true\"><\/embed><\/object><\/p>\n<p style=\"text-align: center\">LETRA DE FUNNY LITTLE WORLD<\/p>\n<p style=\"text-align: center\">Suddenly I'm famous,<br \/>\nand people know my name.<br \/>\nI've got a thousand girls just waiting,<br \/>\nand therefore it's a shame<br \/>\nthat my heart has been captured<br \/>\nby your funny little smile.<br \/>\nAnd finally I'm happy,<br \/>\nif only for a while.<\/p>\n<p style=\"text-align: center\">People call me stupid,<br \/>\nfor treating you like a queen.<br \/>\nBut I don't even worry,<br \/>\n'cause you're my unforeseen<br \/>\nAnd I hope that you'll be with me,<br \/>\nif only in my dreams.<br \/>\nBut here you are next to me,<br \/>\nand you're glad, or so it seems.<\/p>\n<p style=\"text-align: center\">And I don't know for sure<br \/>\nwhere this is going.<br \/>\nStill I hope for more, and more.<br \/>\n'Cause who would know that you<br \/>\nwould treat me like a boy,<br \/>\nand I treat you like a girl,<br \/>\nin this funny little world.<\/p>\n<p style=\"text-align: center\">Don't promise me for ever,<br \/>\njust love me day by day.<br \/>\nNo one knows the future,<br \/>\nwe're young, but that's OK.<br \/>\n'Cause you'll always be a part of me,<br \/>\nwhatever life will bring.<br \/>\nAnd people have to bear with you,<br \/>\nthis silly song i sing.<\/p>\n<p style=\"text-align: center\">Your boyfriends might be angry,<br \/>\nmy girlfriends might be blue.<br \/>\nBut no one can deny it,<br \/>\nfrom now on I love you.<br \/>\nI have to say it's new to me,<br \/>\nthis feeling in my heart.<br \/>\nGuess I've been kind of lonely,<br \/>\nand you've been kind of smart.<\/p>\n<p style=\"text-align: center\">And I don't know for sure<br \/>\nwhere this is going.<br \/>\nStill I hope for more, and more.<br \/>\n'Cause who would know that you<br \/>\nwould treat me like a boy,<br \/>\nand I treat you like a girl,<br \/>\nin this funny little world.<\/p>\n<p style=\"text-align: center\">And I don't know for sure<br \/>\nwhere this is going.<br \/>\nStill I hope for more, and more.<br \/>\n'Cause who would know that you<br \/>\nwould treat me like a boy,<br \/>\nand I treat you like a girl,<br \/>\nin this funny little world.<\/p>\n<p style=\"text-align: center\">This funny little world.<\/p>\n<p style=\"text-align: center\"><object classid=\"clsid:d27cdb6e-ae6d-11cf-96b8-444553540000\" width=\"580\" height=\"360\"><param name=\"allowFullScreen\" value=\"true\" \/><param name=\"allowscriptaccess\" value=\"always\" \/><param name=\"src\" value=\"http:\/\/www.youtube.com\/v\/cxiDmCr3h7Q&amp;hl=es_ES&amp;fs=1?color1=0xcc2550&amp;color2=0xe87a9f&amp;border=1\" \/><param name=\"allowfullscreen\" value=\"true\" \/><embed type=\"application\/x-shockwave-flash\" width=\"580\" height=\"360\" src=\"http:\/\/www.youtube.com\/v\/cxiDmCr3h7Q&amp;hl=es_ES&amp;fs=1?color1=0xcc2550&amp;color2=0xe87a9f&amp;border=1\" allowscriptaccess=\"always\" allowfullscreen=\"true\"><\/embed><\/object><\/p>\n<p style=\"text-align: center\">LETRA DE ROLL WITH THE WILD<\/p>\n<p style=\"text-align: center\">I won't blame the hurting in you<br \/>\nyou left in the sweetest way<br \/>\nI won't say that it's you<br \/>\nmaking me feel this way<\/p>\n<p style=\"text-align: center\">It's the heart and the soul<br \/>\nand the body and the brain<br \/>\ndriving me insane<br \/>\nBut the wind and the land<br \/>\nand the fire and the rain<br \/>\nalways stay the same<\/p>\n<p style=\"text-align: center\">I, I, I,<br \/>\nWhile I roll with the wind<br \/>\nbringing distance to everything<br \/>\nI, I, I, Ohh<br \/>\nI, I, I,<br \/>\nwhile I sit by the fire<br \/>\nand glance at the pouring rain<br \/>\nI, I, I,<br \/>\nI, I, I,<\/p>\n<p style=\"text-align: center\">I won't claim it's all 'cos of you<br \/>\nI guess that I played a part<br \/>\nIt's just that I never knew<br \/>\nI'd fall for you from the start<\/p>\n<p style=\"text-align: center\">There's a hole in my heart<br \/>\nand a picture in a frame<br \/>\ndriving me insane<br \/>\nBut the wind and the land<br \/>\nand the fire and the rain<br \/>\nalways stay the same<\/p>\n<p style=\"text-align: center\">I, I, I,<br \/>\nWhile I roll with the wind<br \/>\nbringing distance to everything<br \/>\nI, I, I, Ohh<br \/>\nI, I, I,<br \/>\nwhile I sit by the fire<br \/>\nand glance at the pouring rain<br \/>\nI, I, I,<br \/>\nI, I, I,<\/p>\n<p style=\"text-align: center\">I would never blame you<br \/>\nfor the heartache<br \/>\nI would never blame you<br \/>\nfor the tears<br \/>\nI blame my<br \/>\nstubborn heart, soul, body<br \/>\nevery single thing around me stays the same<br \/>\nno matter what<\/p>\n<p style=\"text-align: center\">But the wind and the land<br \/>\nand the fire and the rain<br \/>\nalways stay the same<\/p>\n<p style=\"text-align: center\">I, I, I,<br \/>\nWhile I roll with the wind<br \/>\nbringing distance to everything<br \/>\nI, I, I, Ohh<br \/>\nI, I, I,<br \/>\nwhile I sit by the fire<br \/>\nand glance at the pouring rain<br \/>\nI, I, I,<br \/>\nI, I, I,<\/p>\n<p style=\"text-align: center\">But the wind and the land<br \/>\nand the fire and the rain<br \/>\nalways stay the same<\/p>\n<p style=\"text-align: center\">I, I, I,<br \/>\nWhile I roll with the wind<br \/>\nbringing distance to everything<br \/>\nI, I, I, Ohh<br \/>\nI, I, I,<br \/>\nwhile I sit by the fire<br \/>\nand glance at the pouring rain<br \/>\nI, I, I,<br \/>\nI, I, I,<\/p>\n<p style=\"text-align: center\"><object classid=\"clsid:d27cdb6e-ae6d-11cf-96b8-444553540000\" width=\"580\" height=\"360\"><param name=\"allowFullScreen\" value=\"true\" \/><param name=\"allowscriptaccess\" value=\"always\" \/><param name=\"src\" value=\"http:\/\/www.youtube.com\/v\/T0u5i2dD0t4&amp;hl=es_ES&amp;fs=1?color1=0xcc2550&amp;color2=0xe87a9f&amp;border=1\" \/><param name=\"allowfullscreen\" value=\"true\" \/><embed type=\"application\/x-shockwave-flash\" width=\"580\" height=\"360\" src=\"http:\/\/www.youtube.com\/v\/T0u5i2dD0t4&amp;hl=es_ES&amp;fs=1?color1=0xcc2550&amp;color2=0xe87a9f&amp;border=1\" allowscriptaccess=\"always\" allowfullscreen=\"true\"><\/embed><\/object><\/p>\n<p style=\"text-align: center\">LETRA DE ' I DON'T BELIEVE IN MIRACLES '<\/p>\n<p style=\"text-align: center\">Black Lightning, I will for you<br \/>\ni'll become a black lightning for you<br \/>\nBlack zipper on the line of rain<br \/>\na black lightning in rain<br \/>\nAnd let the burning sheets of the calendar.<br \/>\nand let pages of calendar burn<br \/>\nEvil can no longer deceive me.<br \/>\nthe evil won't deceive me anymore<\/p>\n<p style=\"text-align: center\">I do not believe in miracles<br \/>\ni didn't believe in miracles<br \/>\nBut the flying machine in the heavens<br \/>\nbut car is driving into sky<br \/>\nAnd now I'm your superhero.<br \/>\nand now i'm your superhero<\/p>\n<p style=\"text-align: center\">white snow I fall into the palm of your<br \/>\ni'll fall into your palm like white snow<br \/>\nand you know how I love you<br \/>\nand you'll know how much i love you<br \/>\nand under the sky in January<br \/>\nand under january sky<br \/>\nwill live only for you all the flowers of the Earth<br \/>\nony for you all flowers of Earth will return to life<br \/>\nAll words of love that I know<\/p>\n<p style=\"text-align: center\">Fuente: musica.com<br \/>\nLetra a\u00f1adida por Schiizoo<\/p>\n<p style=\"text-align: center\">Alexander Rybak<\/p>\n<p style=\"text-align: center\">este es el video oficial de mi novio ideal....<\/p>\n<p style=\"text-align: center\"><object classid=\"clsid:d27cdb6e-ae6d-11cf-96b8-444553540000\" width=\"580\" height=\"360\"><param name=\"allowFullScreen\" value=\"true\" \/><param name=\"allowscriptaccess\" value=\"always\" \/><param name=\"src\" value=\"http:\/\/www.youtube.com\/v\/9Snnkj95j4Y&amp;hl=es_ES&amp;fs=1?color1=0xcc2550&amp;color2=0xe87a9f&amp;border=1\" \/><param name=\"allowfullscreen\" value=\"true\" \/><embed type=\"application\/x-shockwave-flash\" width=\"580\" height=\"360\" src=\"http:\/\/www.youtube.com\/v\/9Snnkj95j4Y&amp;hl=es_ES&amp;fs=1?color1=0xcc2550&amp;color2=0xe87a9f&amp;border=1\" allowscriptaccess=\"always\" allowfullscreen=\"true\"><\/embed><\/object><\/p>\n<p style=\"text-align: center\">kiss and tell<\/p>\n<p style=\"text-align: center\"><object classid=\"clsid:d27cdb6e-ae6d-11cf-96b8-444553540000\" width=\"445\" height=\"364\"><param name=\"allowFullScreen\" value=\"true\" \/><param name=\"allowscriptaccess\" value=\"always\" \/><param name=\"src\" value=\"http:\/\/www.youtube.com\/v\/JguERj_ksXQ&amp;hl=es_ES&amp;fs=1?color1=0xcc2550&amp;color2=0xe87a9f&amp;border=1\" \/><param name=\"allowfullscreen\" value=\"true\" \/><embed type=\"application\/x-shockwave-flash\" width=\"445\" height=\"364\" src=\"http:\/\/www.youtube.com\/v\/JguERj_ksXQ&amp;hl=es_ES&amp;fs=1?color1=0xcc2550&amp;color2=0xe87a9f&amp;border=1\" allowscriptaccess=\"always\" allowfullscreen=\"true\"><\/embed><\/object><\/p>\n<p style=\"text-align: center\">LETRA ' KISS AND TELL<\/p>\n<p style=\"text-align: center\">And you always try to warn me<br \/>\nOf the pretty girls out there<br \/>\nNow I finally learned my lesson<br \/>\nAnd she's got a story to share.<\/p>\n<p style=\"text-align: center\">Don't kiss and tell!<br \/>\nDon't kiss and tell!<\/p>\n<p style=\"text-align: center\">This is song my mama said<br \/>\nLove don't cost a thing.<br \/>\nHappiness is free for all<br \/>\nJust treat it like it's keen.<br \/>\nIf you true of list a day<br \/>\nMature to go wrong.<br \/>\nThe girl will I follow the way<br \/>\nAs she waves so long.<\/p>\n<p style=\"text-align: center\">Don't kiss and tell!<br \/>\nAnd you always try to warn me<br \/>\nDon't kiss and tell!<br \/>\nOf the pretty girls out there<br \/>\nDon't kiss and tell!<br \/>\nNow I finally learned my lesson<br \/>\nAnd she's got a story to share.<\/p>\n<p style=\"text-align: center\">Some years later I found love,<br \/>\nWhen it seem to go my way.<br \/>\nThe girl is like a fairytale,<br \/>\nI didn't have to pay.<br \/>\nSo one day my sweatheart went<br \/>\nThen mama's words come true<br \/>\nCrying with a broken heart<br \/>\nI was left all blue.<\/p>\n<p style=\"text-align: center\">Don't kiss and tell!<br \/>\nAnd you always try to warn me<br \/>\nDon't kiss and tell!<br \/>\nOf the pretty girls out there<br \/>\nDon't kiss and tell!<br \/>\nNow I finally learned my lesson<br \/>\nAnd she's got a story to share.<\/p>\n<p style=\"text-align: center\">Love is always<br \/>\nLove is always for sale<br \/>\nCause someone's willing<br \/>\nSomeone's willing to pay.<\/p>\n<p style=\"text-align: center\">Don't kiss and tell!<br \/>\nAnd you always try to warn me<br \/>\nOf the pretty girls out there<br \/>\nNow I finally learned my lesson<br \/>\nAnd she's got a story to share.<\/p>\n<p style=\"text-align: center\">Don't kiss and tell!<br \/>\nAnd you always try to warn me<br \/>\nDon't kiss and tell!<br \/>\nOf the pretty girls out there<br \/>\nDon't kiss and tell!<br \/>\nNow I finally learned my lesson<br \/>\nAnd she's got a story to share.<\/p>\n<p style=\"text-align: center\">Fuente: musica.com<\/p>\n<p style=\"text-align: center\"><object classid=\"clsid:d27cdb6e-ae6d-11cf-96b8-444553540000\" width=\"580\" height=\"360\"><param name=\"allowFullScreen\" value=\"true\" \/><param name=\"allowscriptaccess\" value=\"always\" \/><param name=\"src\" value=\"http:\/\/www.youtube.com\/v\/IEQvT1mK1PQ&amp;hl=es_ES&amp;fs=1?color1=0xcc2550&amp;color2=0xe87a9f&amp;border=1\" \/><param name=\"allowfullscreen\" value=\"true\" \/><embed type=\"application\/x-shockwave-flash\" width=\"580\" height=\"360\" src=\"http:\/\/www.youtube.com\/v\/IEQvT1mK1PQ&amp;hl=es_ES&amp;fs=1?color1=0xcc2550&amp;color2=0xe87a9f&amp;border=1\" allowscriptaccess=\"always\" allowfullscreen=\"true\"><\/embed><\/object><\/p>\n<p style=\"text-align: center\">lo sientop pero no encontre la letra cuando la encuentre no dudare en ponerla okis<\/p>\n<p style=\"text-align: center\"><object classid=\"clsid:d27cdb6e-ae6d-11cf-96b8-444553540000\" width=\"445\" height=\"364\"><param name=\"allowFullScreen\" value=\"true\" \/><param name=\"allowscriptaccess\" value=\"always\" \/><param name=\"src\" value=\"http:\/\/www.youtube.com\/v\/VK4T7_NVaRM&amp;hl=es_ES&amp;fs=1?color1=0xcc2550&amp;color2=0xe87a9f&amp;border=1\" \/><param name=\"allowfullscreen\" value=\"true\" \/><embed type=\"application\/x-shockwave-flash\" width=\"445\" height=\"364\" src=\"http:\/\/www.youtube.com\/v\/VK4T7_NVaRM&amp;hl=es_ES&amp;fs=1?color1=0xcc2550&amp;color2=0xe87a9f&amp;border=1\" allowscriptaccess=\"always\" allowfullscreen=\"true\"><\/embed><\/object><\/p>\n<p style=\"text-align: center\">I'm In Love<br \/>\nAlexander Rybak<br \/>\nNo matter what they say - now I'm in love<br \/>\nI do it my way - cause I'm in love<br \/>\nAnd I can keep that song out of my mind<br \/>\nPlaying that silly tune - all the time<\/p>\n<p style=\"text-align: center\">La da da da da<br \/>\nI'm in love<\/p>\n<p style=\"text-align: center\">No matter what they say - I don't care<br \/>\nI do it anyway - anywhere<br \/>\nI found this little song on my own<br \/>\nShe said that I'm a genius - I'm in love<\/p>\n<p style=\"text-align: center\">My friends say that I'm crazy - I'm just fine<br \/>\nMy neighbors stare at me - Never mind<br \/>\nCause everytime this sweetness of her smile<br \/>\nMy supersonic girl - I'm in love<\/p>\n<p style=\"text-align: center\">No matter what they say - now I'm in love<br \/>\nI do it my way - cause I'm in love<br \/>\nAnd I can keep that song out of my mind<br \/>\nPlaying that silly tune - all the time<\/p>\n<p style=\"text-align: center\">La da da da da<br \/>\nI'm in love<\/p>\n<p style=\"text-align: center\">No matter what they say - I don't care<br \/>\nI do it anyway - anywhere<br \/>\nI found this little song on my own<br \/>\nShe said that I'm a genius - I'm in love<\/p>\n<p style=\"text-align: center\">My friends say that I'm crazy - I'm just fine<br \/>\nMy neighbors stare at me - Never mind<br \/>\nCause everytime this sweetness of her smile<br \/>\nMy supersonic girl - I'm in love<\/p>\n<p style=\"text-align: center\">No matter what they say - now I'm in love<br \/>\nI do it my way - cause I'm in love<br \/>\nAnd I can keep that song out of my mind<br \/>\nPlaying that silly tune - all the time<\/p>\n<p style=\"text-align: center\">I'm in love<\/p>\n<p style=\"text-align: center\">My friends say that I'm crazy - I'm just fine<br \/>\nMy neighbors stare at me - Never mind<br \/>\nCause everytime this sweetness of her smile<br \/>\nMy supersonic girl - I'm in love<\/p>\n<p style=\"text-align: center\">I'm in love<br \/>\nI'm in love<\/p>\n<p style=\"text-align: center\"><object classid=\"clsid:d27cdb6e-ae6d-11cf-96b8-444553540000\" width=\"445\" height=\"364\"><param name=\"allowFullScreen\" value=\"true\" \/><param name=\"allowscriptaccess\" value=\"always\" \/><param name=\"src\" value=\"http:\/\/www.youtube.com\/v\/NUt1tmuiFQg&amp;hl=es_ES&amp;fs=1?color1=0xcc2550&amp;color2=0xe87a9f&amp;border=1\" \/><param name=\"allowfullscreen\" value=\"true\" \/><embed type=\"application\/x-shockwave-flash\" width=\"445\" height=\"364\" src=\"http:\/\/www.youtube.com\/v\/NUt1tmuiFQg&amp;hl=es_ES&amp;fs=1?color1=0xcc2550&amp;color2=0xe87a9f&amp;border=1\" allowscriptaccess=\"always\" allowfullscreen=\"true\"><\/embed><\/object><\/p>\n<p style=\"text-align: center\">500 Miles<br \/>\nAlexander Rybak<\/p>\n<p style=\"text-align: center\">When I wake up yeah I know I'm gonna be<br \/>\nI'm gonna be the man who wakes up next to you<br \/>\nWhen I go out yeah I know I'm gonna be<br \/>\nI'm gonna be the man who goes along with you<\/p>\n<p style=\"text-align: center\">If I get drunk yes I know I'm gonna be<br \/>\nI'm gonna be the man who gets drunk next to you<br \/>\nAnd if I haver yeah I know I'm gonna be<br \/>\nI'm gonna be the man who's havering to you<\/p>\n<p style=\"text-align: center\">But I'm gonna walk 500 miles<br \/>\nAnd I'm gonna walk 500 more<br \/>\nJust to be the man who walked 1000 miles<br \/>\nTo fall down at your door<\/p>\n<p style=\"text-align: center\">When I'm working yes I know I'm gonna be<br \/>\nI'm gonna be the man who's working hard for you<br \/>\nAnd when the money comes in for the work I'll do<br \/>\nI'll pass almost every penny on to you<\/p>\n<p style=\"text-align: center\">When I come home yeah I know I'm gonna be<br \/>\nI'm gonna be the man who comes back home to you<br \/>\nAnd if I grow old well I know I'm gonna be<br \/>\nI'm gonna be the man who's growing old with you<\/p>\n<p style=\"text-align: center\">But I'm gonna walk 500 miles<br \/>\nAnd I'm gonna walk 500 more<br \/>\nJust to be the man who walked 1000 miles<br \/>\nTo fall down at your door<\/p>\n<p style=\"text-align: center\">When I'm lonely yes I know I'm gonna be<br \/>\nI'm gonna be the man who's lonely without you<br \/>\nWhen I'm dreaming yes I know I'm gonna dream<br \/>\nDream about the time when I'm with you.<\/p>\n<p style=\"text-align: center\">But I'm gonna walk 500 miles<br \/>\nAnd I'm gonna walk 500 more<br \/>\nJust to be the man who walked 1000 miles<br \/>\nTo fall down at your door<\/p>\n<p style=\"text-align: center\"><object classid=\"clsid:d27cdb6e-ae6d-11cf-96b8-444553540000\" width=\"580\" height=\"360\"><param name=\"allowFullScreen\" value=\"true\" \/><param name=\"allowscriptaccess\" value=\"always\" \/><param name=\"src\" value=\"http:\/\/www.youtube.com\/v\/D7x2W0MKu-0&amp;hl=es_ES&amp;fs=1?color1=0xcc2550&amp;color2=0xe87a9f&amp;border=1\" \/><param name=\"allowfullscreen\" value=\"true\" \/><embed type=\"application\/x-shockwave-flash\" width=\"580\" height=\"360\" src=\"http:\/\/www.youtube.com\/v\/D7x2W0MKu-0&amp;hl=es_ES&amp;fs=1?color1=0xcc2550&amp;color2=0xe87a9f&amp;border=1\" allowscriptaccess=\"always\" allowfullscreen=\"true\"><\/embed><\/object><\/p>\n<p style=\"text-align: center\">All I do Is Dream Of You<br \/>\nAlexander Rybak<br \/>\nComposici\u00f3n: Nacio Herb Brown &amp; Arthur Freed<br \/>\nAll I do<br \/>\nThe whole day throught<br \/>\nIs dream of you<br \/>\nWith the dawn<br \/>\nI still go on<br \/>\nAnd dream of you<\/p>\n<p style=\"text-align: center\">You're every thought<br \/>\nYou're everything<br \/>\nYou're every song I ever sing<br \/>\nWinter, Summer<br \/>\nAutumm and Spring<\/p>\n<p style=\"text-align: center\">And were there more<br \/>\nThan twenty four<br \/>\nHours a day<br \/>\nThey'd be spent<br \/>\nThe sweet content<br \/>\nDreaming away<\/p>\n<p style=\"text-align: center\">When skys are grey<br \/>\nWhen skys are blue<br \/>\nMorning, noon and nightime too<br \/>\nAll I do<br \/>\nThe whole day throught<br \/>\nIs dream of you<\/p>\n<p style=\"text-align: center\">Da ra da<br \/>\nDa ra da ra da<br \/>\nDa ra da<br \/>\nDa ra da ra da<\/p>\n<p style=\"text-align: center\">When skys are grey<br \/>\nWhen skys are blue<br \/>\nMorning, noon and nightime too<br \/>\nAll I do<br \/>\nThe whole day throught<br \/>\nIs dream of you<\/p>\n","protected":false},"excerpt":{"rendered":"<p>LETRA DE \"FAIRYTALE\" Years ago, when I was younger I kind of liked, a girl I knew She was mine and we were sweethearts That was then but then it's true (Chorus) I'm in love with a fairytale Even though it hurts Cause I don't care if I lose my mind, I'm already cursed Every [&hellip;]<\/p>\n","protected":false},"author":3995,"featured_media":0,"parent":0,"menu_order":0,"comment_status":"open","ping_status":"open","template":"","meta":{"_monsterinsights_skip_tracking":false,"_monsterinsights_sitenote_active":false,"_monsterinsights_sitenote_note":"","_monsterinsights_sitenote_category":0,"footnotes":""},"class_list":["post-70","page","type-page","status-publish","hentry"],"_links":{"self":[{"href":"https:\/\/blog.espol.edu.ec\/nicolecabanilla\/wp-json\/wp\/v2\/pages\/70","targetHints":{"allow":["GET"]}}],"collection":[{"href":"https:\/\/blog.espol.edu.ec\/nicolecabanilla\/wp-json\/wp\/v2\/pages"}],"about":[{"href":"https:\/\/blog.espol.edu.ec\/nicolecabanilla\/wp-json\/wp\/v2\/types\/page"}],"author":[{"embeddable":true,"href":"https:\/\/blog.espol.edu.ec\/nicolecabanilla\/wp-json\/wp\/v2\/users\/3995"}],"replies":[{"embeddable":true,"href":"https:\/\/blog.espol.edu.ec\/nicolecabanilla\/wp-json\/wp\/v2\/comments?post=70"}],"version-history":[{"count":22,"href":"https:\/\/blog.espol.edu.ec\/nicolecabanilla\/wp-json\/wp\/v2\/pages\/70\/revisions"}],"predecessor-version":[{"id":172,"href":"https:\/\/blog.espol.edu.ec\/nicolecabanilla\/wp-json\/wp\/v2\/pages\/70\/revisions\/172"}],"wp:attachment":[{"href":"https:\/\/blog.espol.edu.ec\/nicolecabanilla\/wp-json\/wp\/v2\/media?parent=70"}],"curies":[{"name":"wp","href":"https:\/\/api.w.org\/{rel}","templated":true}]}}