{"id":102,"date":"2013-06-07T00:47:30","date_gmt":"2013-06-07T00:47:30","guid":{"rendered":"http:\/\/blog.espol.edu.ec\/nmcoello\/?page_id=102"},"modified":"2013-06-07T00:47:30","modified_gmt":"2013-06-07T00:47:30","slug":"matilde-hidalgo-de-procel","status":"publish","type":"page","link":"https:\/\/blog.espol.edu.ec\/nmcoello\/74-2\/matilde-hidalgo-de-procel\/","title":{"rendered":"Matilde Hidalgo de Pr\u00f3cel"},"content":{"rendered":"<p><img loading=\"lazy\" decoding=\"async\" class=\"alignleft size-full wp-image-103\" src=\"http:\/\/blog.espol.edu.ec\/nmcoello\/files\/2013\/06\/images-4.jpg\" alt=\"M. Hidalgo de Procel\" width=\"176\" height=\"286\" \/><\/p>\n<p>Naci\u00f3 el 29 de septiembre de 1889 en Loja-Ecuador.<\/p>\n<p>Fue una destacada mujer que no s\u00f3lo hizo grandes cambios en el Ecuador sino tambi\u00e9n en Sudam\u00e9rica.<\/p>\n<p>Al graduarse de la primaria, ella habl\u00f3 con su hermano de que deseaba seguir estudiando. Gracias al apoyo de el y de su madre, pudo graduarse con honores el 8 de octubre de 1913 del Colegio Bernardo Valdivieso, siendo la primera mujer ecuatoriana en graduarse de un colegio. No conforme con eso, sigui\u00f3 sus estudios<br \/>\nSu camino no termina ah\u00ed.superiores en la Universidad de Cuenca, convirti\u00e9ndola en ser la primera mujer ecuatoriana en obtener un doctorado en medicina.<\/p>\n<p>En 1924, se present\u00f3 a las urnas para poder ejercer su derecho de votaci\u00f3n, demostrando que ella tambi\u00e9n es ciudadana ecuatoriana al ser mayor de 21 a\u00f1os y de saber leer y escribir, como dec\u00eda el art. 13 de la Constituci\u00f3n de aquel entonces, siendo la primera mujer en el Ecuador y Sudam\u00e9rica en ejercer el derecho al voto.<\/p>\n<p>As\u00ed tambi\u00e9n, fue la primera ecuatoriana en tener cargos p\u00fablicos como administradora p\u00fablica en Loja con el cargo de Diputada Suplente en 1941.<\/p>\n<p>A los 84 a\u00f1os, fallece el 20 de febrero de 1974 en la ciudad de Guayaquil.<\/p>\n","protected":false},"excerpt":{"rendered":"<p>Naci\u00f3 el 29 de septiembre de 1889 en Loja-Ecuador. Fue una destacada mujer que no s\u00f3lo hizo grandes cambios en el Ecuador sino tambi\u00e9n en Sudam\u00e9rica. Al graduarse de la primaria, ella habl\u00f3 con su hermano de que deseaba seguir estudiando. Gracias al apoyo de el y de su madre, pudo graduarse con honores el [&hellip;]<\/p>\n","protected":false},"author":8575,"featured_media":0,"parent":74,"menu_order":9,"comment_status":"open","ping_status":"open","template":"","meta":{"footnotes":""},"class_list":["post-102","page","type-page","status-publish","hentry"],"_links":{"self":[{"href":"https:\/\/blog.espol.edu.ec\/nmcoello\/wp-json\/wp\/v2\/pages\/102","targetHints":{"allow":["GET"]}}],"collection":[{"href":"https:\/\/blog.espol.edu.ec\/nmcoello\/wp-json\/wp\/v2\/pages"}],"about":[{"href":"https:\/\/blog.espol.edu.ec\/nmcoello\/wp-json\/wp\/v2\/types\/page"}],"author":[{"embeddable":true,"href":"https:\/\/blog.espol.edu.ec\/nmcoello\/wp-json\/wp\/v2\/users\/8575"}],"replies":[{"embeddable":true,"href":"https:\/\/blog.espol.edu.ec\/nmcoello\/wp-json\/wp\/v2\/comments?post=102"}],"version-history":[{"count":1,"href":"https:\/\/blog.espol.edu.ec\/nmcoello\/wp-json\/wp\/v2\/pages\/102\/revisions"}],"predecessor-version":[{"id":104,"href":"https:\/\/blog.espol.edu.ec\/nmcoello\/wp-json\/wp\/v2\/pages\/102\/revisions\/104"}],"up":[{"embeddable":true,"href":"https:\/\/blog.espol.edu.ec\/nmcoello\/wp-json\/wp\/v2\/pages\/74"}],"wp:attachment":[{"href":"https:\/\/blog.espol.edu.ec\/nmcoello\/wp-json\/wp\/v2\/media?parent=102"}],"curies":[{"name":"wp","href":"https:\/\/api.w.org\/{rel}","templated":true}]}}