{"id":6,"date":"2013-05-21T15:50:12","date_gmt":"2013-05-21T15:50:12","guid":{"rendered":"http:\/\/blog.espol.edu.ec\/nmcoello\/?page_id=6"},"modified":"2013-06-07T14:02:40","modified_gmt":"2013-06-07T14:02:40","slug":"mi-primera-pagina","status":"publish","type":"page","link":"https:\/\/blog.espol.edu.ec\/nmcoello\/mi-primera-pagina\/","title":{"rendered":"Algo de m\u00ed"},"content":{"rendered":"<p><a href=\"http:\/\/blog.espol.edu.ec\/nmcoello\/files\/2013\/05\/mee.jpg\"><img loading=\"lazy\" decoding=\"async\" class=\"alignright  wp-image-128\" src=\"http:\/\/blog.espol.edu.ec\/nmcoello\/files\/2013\/05\/mee-224x300.jpg\" alt=\"\" width=\"126\" height=\"168\" srcset=\"https:\/\/blog.espol.edu.ec\/nmcoello\/files\/2013\/05\/mee-224x300.jpg 224w, https:\/\/blog.espol.edu.ec\/nmcoello\/files\/2013\/05\/mee.jpg 534w\" sizes=\"auto, (max-width: 126px) 100vw, 126px\" \/><\/a>Hola! Mi nombre es Nathalia Coello. Tengo\u00a0 19 a\u00f1os.\u00a0<span style=\"font-size: 14px;line-height: 21px\">Soy\u00a0<\/span><span style=\"font-size: 14px;line-height: 21px\">ecuatoriana. Estudio en la\u00a0<\/span><span style=\"font-size: 14px;line-height: 21px\">carrera de Lic. en Turismo en l<\/span><span style=\"font-size: 14px;line-height: 21px\">a ESPOL.<\/span><\/p>\n<div><\/div>\n<div>\n<p>Soy una adicta al<span style=\"font-size: 14px;line-height: 21px\">manga (c\u00f3mics japoneses).<\/span><span style=\"font-size: 14px;line-height: 21px\"><br \/>\nMe gusta la m\u00fasica y el cine cl\u00e1sico.\u00a0<\/span><\/p>\n<div>\n<div>Me gusta sonre\u00edr , pues mi lema es \"tener mente positiva, para que todo salga como bien\". Uno de mis mayores deseos es disfrutar de cada momento de mi vida junto a mi familia y amigo\/as, para no tener as\u00ed ning\u00fan resentimiento cuando sea mayor.<\/div>\n<\/div>\n<div>\n<div>Unas de mis frases favoritas son \"amo a las personas que me hacen re\u00edr. Honestamente pienso que lo que m\u00e1s me gusta es re\u00edr. Cura cantidad de enfermedades. Probablemente, es lo m\u00e1s importante en una persona\" (\"<em>I love people who\u00a0<\/em><em>\u00a0<\/em><em>make me laugh. I honestly think it's the thing I like the most, to laugh. It cures a multitude of ills. It's probably the m<\/em><em>ost important thing in a person<\/em>\") y \"nada es imposible, la palabra mismo lo dice\u00a0<em>soy posible\"\u00a0<\/em>(\"<em>nothing is imposible,<\/em><em>the word itself say<\/em>s\u00a0<em>I'm Possible<\/em>\"), ambas dichas por Audrey Hepburn, quien es mi \u00eddola y ver\u00e1n de ella mucho por aqu\u00ed \ud83d\ude42<\/div>\n<\/div>\n<div><\/div>\n<\/div>\n","protected":false},"excerpt":{"rendered":"<p>Hola! Mi nombre es Nathalia Coello. Tengo\u00a0 19 a\u00f1os.\u00a0Soy\u00a0ecuatoriana. Estudio en la\u00a0carrera de Lic. en Turismo en la ESPOL. Soy una adicta almanga (c\u00f3mics japoneses). Me gusta la m\u00fasica y el cine cl\u00e1sico.\u00a0 Me gusta sonre\u00edr , pues mi lema es \"tener mente positiva, para que todo salga como bien\". Uno de mis mayores deseos [&hellip;]<\/p>\n","protected":false},"author":8575,"featured_media":0,"parent":0,"menu_order":0,"comment_status":"open","ping_status":"open","template":"","meta":{"footnotes":""},"class_list":["post-6","page","type-page","status-publish","hentry"],"_links":{"self":[{"href":"https:\/\/blog.espol.edu.ec\/nmcoello\/wp-json\/wp\/v2\/pages\/6","targetHints":{"allow":["GET"]}}],"collection":[{"href":"https:\/\/blog.espol.edu.ec\/nmcoello\/wp-json\/wp\/v2\/pages"}],"about":[{"href":"https:\/\/blog.espol.edu.ec\/nmcoello\/wp-json\/wp\/v2\/types\/page"}],"author":[{"embeddable":true,"href":"https:\/\/blog.espol.edu.ec\/nmcoello\/wp-json\/wp\/v2\/users\/8575"}],"replies":[{"embeddable":true,"href":"https:\/\/blog.espol.edu.ec\/nmcoello\/wp-json\/wp\/v2\/comments?post=6"}],"version-history":[{"count":13,"href":"https:\/\/blog.espol.edu.ec\/nmcoello\/wp-json\/wp\/v2\/pages\/6\/revisions"}],"predecessor-version":[{"id":8,"href":"https:\/\/blog.espol.edu.ec\/nmcoello\/wp-json\/wp\/v2\/pages\/6\/revisions\/8"}],"wp:attachment":[{"href":"https:\/\/blog.espol.edu.ec\/nmcoello\/wp-json\/wp\/v2\/media?parent=6"}],"curies":[{"name":"wp","href":"https:\/\/api.w.org\/{rel}","templated":true}]}}