{"id":74,"date":"2013-06-06T04:25:28","date_gmt":"2013-06-06T04:25:28","guid":{"rendered":"http:\/\/blog.espol.edu.ec\/nmcoello\/?page_id=74"},"modified":"2013-06-07T05:51:46","modified_gmt":"2013-06-07T05:51:46","slug":"74-2","status":"publish","type":"page","link":"https:\/\/blog.espol.edu.ec\/nmcoello\/74-2\/","title":{"rendered":"Mujeres"},"content":{"rendered":"<p style=\"text-align: center\"><a href=\"http:\/\/blog.espol.edu.ec\/nmcoello\/files\/2013\/06\/Sin-t\u00edtulo.png\"><img loading=\"lazy\" decoding=\"async\" class=\"aligncenter  wp-image-75\" src=\"http:\/\/blog.espol.edu.ec\/nmcoello\/files\/2013\/06\/Sin-t\u00edtulo-300x230.png\" alt=\"\" width=\"570\" height=\"230\" \/><\/a><\/p>\n<p style=\"text-align: center\">Vivir en el siglo XXI significa una nueva era m\u00e1s avanzada, m\u00e1s sofisticada, mentalidad diferente! Sin embargo, a\u00fan prevalece la semilla machista que piensa que la mujer debe de ser sumisa y permanecer en la casa...La mujer actual posee mayor libertad, m\u00e1s decidida, m\u00e1s espont\u00e1nea, pero eso es gracias a aquellas mujeres que por su lucha constante e inteligencia podemos gozar de una libertad y de no perder nuestra identidad que nos hace diferente de los hombres.<\/p>\n<p style=\"text-align: left\">\u00a0Una peque\u00f1a lista de mujeres sobresalientes:<\/p>\n<ul>\n<li><a title=\"Audrey Hepburn\" href=\"http:\/\/blog.espol.edu.ec\/nmcoello\/74-2\/pagina-ejemplo\/\"><strong>Audrey Hepburn<\/strong><\/a>. Actriz y fil\u00e1ntropa belga.<\/li>\n<li><a title=\"Michelle Bachelet\" href=\"http:\/\/blog.espol.edu.ec\/nmcoello\/74-2\/michelle-bachelet\/\"><strong>Michelle Bachelet<\/strong>.<\/a> M\u00e9dica y pol\u00edtica chilena.<\/li>\n<li><a title=\"Benazir Bhutto\" href=\"http:\/\/blog.espol.edu.ec\/nmcoello\/74-2\/benazir-bhutto\/\"><strong>Benazir Bhutto<\/strong>.<\/a> Pol\u00edtica paquistan\u00ed.<\/li>\n<li><a title=\"Diana de Gales\" href=\"http:\/\/blog.espol.edu.ec\/nmcoello\/74-2\/diana-de-gales\/\"><strong>Diana de Gales<\/strong><\/a>. Princesa de Gales.<\/li>\n<li><a title=\"Hipatia de Alejandria\" href=\"http:\/\/blog.espol.edu.ec\/nmcoello\/74-2\/hipatia-de-alejandria\/\"><strong>Hipat\u00eda de Alejandr\u00eda<\/strong>.<\/a> Matem\u00e1tica, astr\u00f3noma y fil\u00f3sofa egipcia.<\/li>\n<li><strong><a title=\"Valentina Tereshkova\" href=\"http:\/\/blog.espol.edu.ec\/nmcoello\/74-2\/valentina-tereshkova\/\">Valentina Tereshkova.<\/a>\u00a0<\/strong>Astronauta rusa.<\/li>\n<li><a title=\"Matilde Hidalgo de Procel\" href=\"http:\/\/blog.espol.edu.ec\/nmcoello\/74-2\/matilde-hidalgo-de-procel\/\"><strong>Matilde Hidalgo de Pr\u00f3cel<\/strong>.<\/a> M\u00e9dica ecuatoriana.<\/li>\n<li><a href=\"http:\/\/blog.espol.edu.ec\/nmcoello\/74-2\/transito-amaguana\/\"><strong>Tr\u00e1nsito Amagua\u00f1a<\/strong>.<\/a> Activista ind\u00edgena ecuatoriana.<\/li>\n<\/ul>\n","protected":false},"excerpt":{"rendered":"<p>Vivir en el siglo XXI significa una nueva era m\u00e1s avanzada, m\u00e1s sofisticada, mentalidad diferente! Sin embargo, a\u00fan prevalece la semilla machista que piensa que la mujer debe de ser sumisa y permanecer en la casa...La mujer actual posee mayor libertad, m\u00e1s decidida, m\u00e1s espont\u00e1nea, pero eso es gracias a aquellas mujeres que por su [&hellip;]<\/p>\n","protected":false},"author":8575,"featured_media":0,"parent":0,"menu_order":0,"comment_status":"open","ping_status":"open","template":"","meta":{"footnotes":""},"class_list":["post-74","page","type-page","status-publish","hentry"],"_links":{"self":[{"href":"https:\/\/blog.espol.edu.ec\/nmcoello\/wp-json\/wp\/v2\/pages\/74","targetHints":{"allow":["GET"]}}],"collection":[{"href":"https:\/\/blog.espol.edu.ec\/nmcoello\/wp-json\/wp\/v2\/pages"}],"about":[{"href":"https:\/\/blog.espol.edu.ec\/nmcoello\/wp-json\/wp\/v2\/types\/page"}],"author":[{"embeddable":true,"href":"https:\/\/blog.espol.edu.ec\/nmcoello\/wp-json\/wp\/v2\/users\/8575"}],"replies":[{"embeddable":true,"href":"https:\/\/blog.espol.edu.ec\/nmcoello\/wp-json\/wp\/v2\/comments?post=74"}],"version-history":[{"count":11,"href":"https:\/\/blog.espol.edu.ec\/nmcoello\/wp-json\/wp\/v2\/pages\/74\/revisions"}],"predecessor-version":[{"id":82,"href":"https:\/\/blog.espol.edu.ec\/nmcoello\/wp-json\/wp\/v2\/pages\/74\/revisions\/82"}],"wp:attachment":[{"href":"https:\/\/blog.espol.edu.ec\/nmcoello\/wp-json\/wp\/v2\/media?parent=74"}],"curies":[{"name":"wp","href":"https:\/\/api.w.org\/{rel}","templated":true}]}}