{"id":88,"date":"2013-06-07T05:48:57","date_gmt":"2013-06-07T05:48:57","guid":{"rendered":"http:\/\/blog.espol.edu.ec\/nmcoello\/?page_id=88"},"modified":"2013-06-07T05:48:57","modified_gmt":"2013-06-07T05:48:57","slug":"michelle-bachelet","status":"publish","type":"page","link":"https:\/\/blog.espol.edu.ec\/nmcoello\/74-2\/michelle-bachelet\/","title":{"rendered":"Michelle Bachelet"},"content":{"rendered":"<p><a href=\"http:\/\/blog.espol.edu.ec\/nmcoello\/files\/2013\/06\/1_12082009_6346_presidentabachelet1.jpg\"><img loading=\"lazy\" decoding=\"async\" class=\"alignleft size-medium wp-image-116\" src=\"http:\/\/blog.espol.edu.ec\/nmcoello\/files\/2013\/06\/1_12082009_6346_presidentabachelet1-300x158.jpg\" alt=\"\" width=\"300\" height=\"158\" srcset=\"https:\/\/blog.espol.edu.ec\/nmcoello\/files\/2013\/06\/1_12082009_6346_presidentabachelet1-300x158.jpg 300w, https:\/\/blog.espol.edu.ec\/nmcoello\/files\/2013\/06\/1_12082009_6346_presidentabachelet1.jpg 550w\" sizes=\"auto, (max-width: 300px) 100vw, 300px\" \/><\/a>Naci\u00f3 el 29 de septiembre de 1951 en Santiago de Chile-Chile.<\/p>\n<p>Fue presidente de Chile desde el 11 de marzo de 206 hasta el 11 de marzo en 2010. Es la primera mujer chilena que alcanza ese puesto.<\/p>\n<p>Su creci\u00f3 durante la dictadura de Pinochet. Su padre fue detenido y torturado en la prisi\u00f3n, caus\u00e1ndole la muerte. Ella junto a su madre, fueron arrestadas el 10 de enero de 1975. Despu\u00e9s de algunas semanas fueron a Australia. Luego viajar\u00e1 a Alemania, donde contraer\u00e1 matrimonio con Jorge D\u00e1valos, arquitecto chileno, pero tambi\u00e9n para continuar con sus estudios universitarios.<\/p>\n<p>Antes de postularse para presidenta, ella trabaj\u00f3 para la ONU, como asesora de Ministerio de Defensa, luego Ministra de Defensa en el 2002.<\/p>\n<p>Comienza su campa\u00f1a pol\u00edtica en el 2004, y con un 53,49% derrotando a su candidato opositor, Sebasti\u00e1n Pi\u00f1era el 15 de enero de 2006, tomando el cargo de Primera Ministra. Al termino de su mandato, tuvo un 81% de aprobaci\u00f3n de la poblaci\u00f3n chilena.<\/p>\n<p>Estuvo encargada de la ONU Mujeres, agencia de las Naciones Unidas para la igualdad de g\u00e9nero.<\/p>\n<p>Actualmente, se ha retirado de la ONU, para prepararse nuevamente para postularse en las elecciones de este a\u00f1o en Chile.<\/p>\n","protected":false},"excerpt":{"rendered":"<p>Naci\u00f3 el 29 de septiembre de 1951 en Santiago de Chile-Chile. Fue presidente de Chile desde el 11 de marzo de 206 hasta el 11 de marzo en 2010. Es la primera mujer chilena que alcanza ese puesto. Su creci\u00f3 durante la dictadura de Pinochet. Su padre fue detenido y torturado en la prisi\u00f3n, caus\u00e1ndole [&hellip;]<\/p>\n","protected":false},"author":8575,"featured_media":0,"parent":74,"menu_order":2,"comment_status":"open","ping_status":"open","template":"","meta":{"footnotes":""},"class_list":["post-88","page","type-page","status-publish","hentry"],"_links":{"self":[{"href":"https:\/\/blog.espol.edu.ec\/nmcoello\/wp-json\/wp\/v2\/pages\/88","targetHints":{"allow":["GET"]}}],"collection":[{"href":"https:\/\/blog.espol.edu.ec\/nmcoello\/wp-json\/wp\/v2\/pages"}],"about":[{"href":"https:\/\/blog.espol.edu.ec\/nmcoello\/wp-json\/wp\/v2\/types\/page"}],"author":[{"embeddable":true,"href":"https:\/\/blog.espol.edu.ec\/nmcoello\/wp-json\/wp\/v2\/users\/8575"}],"replies":[{"embeddable":true,"href":"https:\/\/blog.espol.edu.ec\/nmcoello\/wp-json\/wp\/v2\/comments?post=88"}],"version-history":[{"count":1,"href":"https:\/\/blog.espol.edu.ec\/nmcoello\/wp-json\/wp\/v2\/pages\/88\/revisions"}],"predecessor-version":[{"id":117,"href":"https:\/\/blog.espol.edu.ec\/nmcoello\/wp-json\/wp\/v2\/pages\/88\/revisions\/117"}],"up":[{"embeddable":true,"href":"https:\/\/blog.espol.edu.ec\/nmcoello\/wp-json\/wp\/v2\/pages\/74"}],"wp:attachment":[{"href":"https:\/\/blog.espol.edu.ec\/nmcoello\/wp-json\/wp\/v2\/media?parent=88"}],"curies":[{"name":"wp","href":"https:\/\/api.w.org\/{rel}","templated":true}]}}