{"id":89,"date":"2013-06-06T20:24:28","date_gmt":"2013-06-06T20:24:28","guid":{"rendered":"http:\/\/blog.espol.edu.ec\/nmcoello\/?page_id=89"},"modified":"2013-06-06T20:24:32","modified_gmt":"2013-06-06T20:24:32","slug":"diana-de-gales","status":"publish","type":"page","link":"https:\/\/blog.espol.edu.ec\/nmcoello\/74-2\/diana-de-gales\/","title":{"rendered":"Diana de Gales"},"content":{"rendered":"<p><img loading=\"lazy\" decoding=\"async\" class=\"alignleft size-full wp-image-90\" src=\"http:\/\/blog.espol.edu.ec\/nmcoello\/files\/2013\/06\/images-7.jpg\" alt=\"\" width=\"242\" height=\"208\" \/><\/p>\n<p>Tambi\u00e9n conocida como la\u00a0<em>Princesa del Pueblo. \u00a0<\/em><\/p>\n<p>Nace en Norfolk - Inglaterra, el 1 de julio de 1961, con el nombre de Diana Frances Spencer.<\/p>\n<div>\n<p>Fue la primera esposa del pr\u00edncipe Carlos de Gales (1981-1996), con quien tuvo hijos : <a title=\"Pr\u00edncipe Guillermo de Cambridge\" href=\"http:\/\/www.buscabiografias.com\/bios\/biografia\/verDetalle\/9859\/Principe%20Guillermo%20de%20Cambridge\">Guillermo de Cambridge<\/a> y <a title=\"Enrique de Gales\" href=\"http:\/\/es.wikipedia.org\/wiki\/Enrique_de_Gales\">Enrique de Gales<\/a>.<\/p>\n<div>\n<p>Se gan\u00f3 m\u00e1s los corazones de las personas en todo el mundo a finales de los a\u00f1os 80, por sus labores sociales como ayudar a los ni\u00f1os pobres en \u00c1frica, personas con sida, drogadictos, ancianos, leprosos, prostitutas y trabajadores de los campos minados.<\/p>\n<p>Como sabemos, ella ten\u00eda que seguir un protocolo junto con sus hijos; sin embargo ella hizo lo mayor posible que sus hijos disfruten su infancia como cualquier ni\u00f1o deber\u00eda, por eso los llevaba a a puestos de comidas de r\u00e1pidas y parques de diversiones, aunque tambi\u00e9n los llevaba a hospitales para ense\u00f1arles que deben de ayudar a aquellos que lo necesiten.<\/p>\n<p>Diana de Gales fallece el 31 de agosto de 1997, por causa de un accidente movil\u00edstico junto a su pareja, el egipcio <a title=\"Dodi Al-Fayed\" href=\"http:\/\/es.wikipedia.org\/wiki\/Dodi_Al-Fayed\">Dodi Al-Fayed<\/a>, acontecimiento que caus\u00f3 conmoci\u00f3n a nivel mundial, pues nadie esperaba esta lamentable noticia.<\/p>\n<\/div>\n<\/div>\n","protected":false},"excerpt":{"rendered":"<p>Tambi\u00e9n conocida como la\u00a0Princesa del Pueblo. \u00a0 Nace en Norfolk - Inglaterra, el 1 de julio de 1961, con el nombre de Diana Frances Spencer. Fue la primera esposa del pr\u00edncipe Carlos de Gales (1981-1996), con quien tuvo hijos : Guillermo de Cambridge y Enrique de Gales. Se gan\u00f3 m\u00e1s los corazones de las personas [&hellip;]<\/p>\n","protected":false},"author":8575,"featured_media":0,"parent":74,"menu_order":4,"comment_status":"open","ping_status":"open","template":"","meta":{"footnotes":""},"class_list":["post-89","page","type-page","status-publish","hentry"],"_links":{"self":[{"href":"https:\/\/blog.espol.edu.ec\/nmcoello\/wp-json\/wp\/v2\/pages\/89","targetHints":{"allow":["GET"]}}],"collection":[{"href":"https:\/\/blog.espol.edu.ec\/nmcoello\/wp-json\/wp\/v2\/pages"}],"about":[{"href":"https:\/\/blog.espol.edu.ec\/nmcoello\/wp-json\/wp\/v2\/types\/page"}],"author":[{"embeddable":true,"href":"https:\/\/blog.espol.edu.ec\/nmcoello\/wp-json\/wp\/v2\/users\/8575"}],"replies":[{"embeddable":true,"href":"https:\/\/blog.espol.edu.ec\/nmcoello\/wp-json\/wp\/v2\/comments?post=89"}],"version-history":[{"count":2,"href":"https:\/\/blog.espol.edu.ec\/nmcoello\/wp-json\/wp\/v2\/pages\/89\/revisions"}],"predecessor-version":[{"id":92,"href":"https:\/\/blog.espol.edu.ec\/nmcoello\/wp-json\/wp\/v2\/pages\/89\/revisions\/92"}],"up":[{"embeddable":true,"href":"https:\/\/blog.espol.edu.ec\/nmcoello\/wp-json\/wp\/v2\/pages\/74"}],"wp:attachment":[{"href":"https:\/\/blog.espol.edu.ec\/nmcoello\/wp-json\/wp\/v2\/media?parent=89"}],"curies":[{"name":"wp","href":"https:\/\/api.w.org\/{rel}","templated":true}]}}