{"id":95,"date":"2013-06-06T20:39:48","date_gmt":"2013-06-06T20:39:48","guid":{"rendered":"http:\/\/blog.espol.edu.ec\/nmcoello\/?page_id=95"},"modified":"2013-06-06T20:39:48","modified_gmt":"2013-06-06T20:39:48","slug":"valentina-tereshkova","status":"publish","type":"page","link":"https:\/\/blog.espol.edu.ec\/nmcoello\/74-2\/valentina-tereshkova\/","title":{"rendered":"Valentina Tereshkova"},"content":{"rendered":"<p><img loading=\"lazy\" decoding=\"async\" class=\"alignleft size-full wp-image-96\" src=\"http:\/\/blog.espol.edu.ec\/nmcoello\/files\/2013\/06\/images-3.jpg\" alt=\"\" width=\"200\" height=\"252\" \/><\/p>\n<p>Nace el 6 de marzo de 1937 en\u00a0\u00a0M\u00e1slennikovo - Rusia. Se convirti\u00f3 en la primera mujer en viajar al espacio.<\/p>\n<p>Desde joven, se sent\u00eda atra\u00edda por la investigaci\u00f3n espacial. Se present\u00f3 como voluntaria para ser futura astronauta sovi\u00e9tica, pese a la carente formaci\u00f3n que ten\u00eda.<\/p>\n<p>Fue el 16 junio de 1963 que abord\u00f3 el <a title=\"Vostok 6\" href=\"http:\/\/es.wikipedia.org\/wiki\/Vostok_6\">Vostok 6<\/a>, a la edad de 26 a\u00f1os. Orbit\u00f3 48 veces en la Tierra en un viaje espacial de 70 horas y 50 minutos de duraci\u00f3n.<\/p>\n<p>En 1982, recibi\u00f3 el premio\u00a0<em>Simba<\/em> por su labor de promoci\u00f3n de la mujer.<\/p>\n","protected":false},"excerpt":{"rendered":"<p>Nace el 6 de marzo de 1937 en\u00a0\u00a0M\u00e1slennikovo - Rusia. Se convirti\u00f3 en la primera mujer en viajar al espacio. Desde joven, se sent\u00eda atra\u00edda por la investigaci\u00f3n espacial. Se present\u00f3 como voluntaria para ser futura astronauta sovi\u00e9tica, pese a la carente formaci\u00f3n que ten\u00eda. Fue el 16 junio de 1963 que abord\u00f3 el Vostok [&hellip;]<\/p>\n","protected":false},"author":8575,"featured_media":0,"parent":74,"menu_order":6,"comment_status":"open","ping_status":"open","template":"","meta":{"footnotes":""},"class_list":["post-95","page","type-page","status-publish","hentry"],"_links":{"self":[{"href":"https:\/\/blog.espol.edu.ec\/nmcoello\/wp-json\/wp\/v2\/pages\/95","targetHints":{"allow":["GET"]}}],"collection":[{"href":"https:\/\/blog.espol.edu.ec\/nmcoello\/wp-json\/wp\/v2\/pages"}],"about":[{"href":"https:\/\/blog.espol.edu.ec\/nmcoello\/wp-json\/wp\/v2\/types\/page"}],"author":[{"embeddable":true,"href":"https:\/\/blog.espol.edu.ec\/nmcoello\/wp-json\/wp\/v2\/users\/8575"}],"replies":[{"embeddable":true,"href":"https:\/\/blog.espol.edu.ec\/nmcoello\/wp-json\/wp\/v2\/comments?post=95"}],"version-history":[{"count":1,"href":"https:\/\/blog.espol.edu.ec\/nmcoello\/wp-json\/wp\/v2\/pages\/95\/revisions"}],"predecessor-version":[{"id":97,"href":"https:\/\/blog.espol.edu.ec\/nmcoello\/wp-json\/wp\/v2\/pages\/95\/revisions\/97"}],"up":[{"embeddable":true,"href":"https:\/\/blog.espol.edu.ec\/nmcoello\/wp-json\/wp\/v2\/pages\/74"}],"wp:attachment":[{"href":"https:\/\/blog.espol.edu.ec\/nmcoello\/wp-json\/wp\/v2\/media?parent=95"}],"curies":[{"name":"wp","href":"https:\/\/api.w.org\/{rel}","templated":true}]}}