{"id":98,"date":"2013-06-07T00:26:16","date_gmt":"2013-06-07T00:26:16","guid":{"rendered":"http:\/\/blog.espol.edu.ec\/nmcoello\/?page_id=98"},"modified":"2013-06-07T00:26:16","modified_gmt":"2013-06-07T00:26:16","slug":"benazir-bhutto","status":"publish","type":"page","link":"https:\/\/blog.espol.edu.ec\/nmcoello\/74-2\/benazir-bhutto\/","title":{"rendered":"Benazir Bhutto"},"content":{"rendered":"<p><img loading=\"lazy\" decoding=\"async\" class=\"alignleft size-medium wp-image-99\" src=\"http:\/\/blog.espol.edu.ec\/nmcoello\/files\/2013\/06\/benazir-bhutto-240x300.jpg\" alt=\"b. bhutto\" width=\"240\" height=\"300\" srcset=\"https:\/\/blog.espol.edu.ec\/nmcoello\/files\/2013\/06\/benazir-bhutto-240x300.jpg 240w, https:\/\/blog.espol.edu.ec\/nmcoello\/files\/2013\/06\/benazir-bhutto.jpg 407w\" sizes=\"auto, (max-width: 240px) 100vw, 240px\" \/><\/p>\n<p>Naci\u00f3 en Karachi - Paquist\u00e1n, el 21 de junio de 1953. Se convirti\u00f3 en la primera mujer dirigente en el mundo musulm\u00e1n, al ser elegida como primera ministra en Pakist\u00e1n en 1988 y nuevamente el 19 de octubre de 1993. En ambas ocasiones no pudo finalizar su mandato por la oposici\u00f3n (los partidos religiosos no aceptaban que una mujer tenga un alto cargo como es el de primer ministra) y fue acusada de corrupci\u00f3n, despotismo e ineficiencia pol\u00edtica. As\u00ed mismo, fue condenada a prisi\u00f3n de corrupci\u00f3n que fue anulada en 1998.<\/p>\n<p>Al a\u00f1o siguiente, se autoexili\u00f3 en Emiratos \u00c1rabes Unidos.<\/p>\n<p>A los setenta d\u00edas de haber regresado a su pa\u00eds, fallece el 27 de diciembre de 2007, al ser asesinada \u00a0por un disparo durante una\u00a0manifestaci\u00f3n pol\u00edtica del <a title=\"Partido Popular Pakistan\u00ed\" href=\"http:\/\/es.wikipedia.org\/wiki\/Partido_Popular_de_Pakist%C3%A1n\">Partido Popular Pakistan\u00ed<\/a>\u00a0(PPP) en Rawalpindi. Se sospecha que fue planeado por islamistas radicales.<\/p>\n<p>&nbsp;<\/p>\n","protected":false},"excerpt":{"rendered":"<p>Naci\u00f3 en Karachi - Paquist\u00e1n, el 21 de junio de 1953. Se convirti\u00f3 en la primera mujer dirigente en el mundo musulm\u00e1n, al ser elegida como primera ministra en Pakist\u00e1n en 1988 y nuevamente el 19 de octubre de 1993. En ambas ocasiones no pudo finalizar su mandato por la oposici\u00f3n (los partidos religiosos no [&hellip;]<\/p>\n","protected":false},"author":8575,"featured_media":0,"parent":74,"menu_order":3,"comment_status":"open","ping_status":"open","template":"","meta":{"footnotes":""},"class_list":["post-98","page","type-page","status-publish","hentry"],"_links":{"self":[{"href":"https:\/\/blog.espol.edu.ec\/nmcoello\/wp-json\/wp\/v2\/pages\/98","targetHints":{"allow":["GET"]}}],"collection":[{"href":"https:\/\/blog.espol.edu.ec\/nmcoello\/wp-json\/wp\/v2\/pages"}],"about":[{"href":"https:\/\/blog.espol.edu.ec\/nmcoello\/wp-json\/wp\/v2\/types\/page"}],"author":[{"embeddable":true,"href":"https:\/\/blog.espol.edu.ec\/nmcoello\/wp-json\/wp\/v2\/users\/8575"}],"replies":[{"embeddable":true,"href":"https:\/\/blog.espol.edu.ec\/nmcoello\/wp-json\/wp\/v2\/comments?post=98"}],"version-history":[{"count":1,"href":"https:\/\/blog.espol.edu.ec\/nmcoello\/wp-json\/wp\/v2\/pages\/98\/revisions"}],"predecessor-version":[{"id":100,"href":"https:\/\/blog.espol.edu.ec\/nmcoello\/wp-json\/wp\/v2\/pages\/98\/revisions\/100"}],"up":[{"embeddable":true,"href":"https:\/\/blog.espol.edu.ec\/nmcoello\/wp-json\/wp\/v2\/pages\/74"}],"wp:attachment":[{"href":"https:\/\/blog.espol.edu.ec\/nmcoello\/wp-json\/wp\/v2\/media?parent=98"}],"curies":[{"name":"wp","href":"https:\/\/api.w.org\/{rel}","templated":true}]}}