{"id":30,"date":"2014-11-12T07:21:34","date_gmt":"2014-11-12T07:21:34","guid":{"rendered":"http:\/\/blog.espol.edu.ec\/npino\/?page_id=30"},"modified":"2014-11-12T07:37:14","modified_gmt":"2014-11-12T07:37:14","slug":"navidad-esta-cerca","status":"publish","type":"page","link":"https:\/\/blog.espol.edu.ec\/npino\/navidad-esta-cerca\/","title":{"rendered":"Navidad est\u00e1 cerca"},"content":{"rendered":"<p>La <a title=\"Navidad\" href=\"http:\/\/es.wikipedia.org\/wiki\/Navidad\" target=\"_blank\">navidad<\/a> es un momento de uni\u00f3n familiar donde se celebra la natividad de nuestro se\u00f1or Jesucristo y nos preparamos no de forma f\u00edsica sino de forma espiritual para su llegada, compartiendo\u00a0momentos de felicidad en familia.<\/p>\n<div id=\"attachment_31\" style=\"width: 310px\" class=\"wp-caption aligncenter\"><a href=\"http:\/\/blog.espol.edu.ec\/npino\/files\/2014\/11\/navidad1.jpg\"><img loading=\"lazy\" decoding=\"async\" aria-describedby=\"caption-attachment-31\" class=\"wp-image-31 size-medium\" src=\"http:\/\/blog.espol.edu.ec\/npino\/files\/2014\/11\/navidad1-300x199.jpg\" alt=\" Navidad\" width=\"300\" height=\"199\" srcset=\"https:\/\/blog.espol.edu.ec\/npino\/files\/2014\/11\/navidad1-300x199.jpg 300w, https:\/\/blog.espol.edu.ec\/npino\/files\/2014\/11\/navidad1.jpg 700w\" sizes=\"auto, (max-width: 300px) 100vw, 300px\" \/><\/a><p id=\"caption-attachment-31\" class=\"wp-caption-text\">Navidad<\/p><\/div>\n<p>&nbsp;<\/p>\n<p>El siguiente video es un proyecto realizado con mis compa\u00f1eras del colegio con la finalidad de transmitir, una uni\u00f3n, una amistad, un lazo. Una fecha que nos une m\u00e1s, y que nos permite repartir felicidad.<\/p>\n<p>&nbsp;<\/p>\n<p><iframe loading=\"lazy\" src=\"\/\/www.youtube.com\/embed\/snsGwN39Pw0\" width=\"560\" height=\"315\" frameborder=\"0\" allowfullscreen=\"allowfullscreen\"><\/iframe><\/p>\n","protected":false},"excerpt":{"rendered":"<p>La navidad es un momento de uni\u00f3n familiar donde se celebra la natividad de nuestro se\u00f1or Jesucristo y nos preparamos no de forma f\u00edsica sino de forma espiritual para su llegada, compartiendo\u00a0momentos de felicidad en familia. &nbsp; El siguiente video es un proyecto realizado con mis compa\u00f1eras del colegio con la finalidad de transmitir, una [&hellip;]<\/p>\n","protected":false},"author":9286,"featured_media":0,"parent":0,"menu_order":0,"comment_status":"open","ping_status":"open","template":"","meta":{"footnotes":""},"class_list":["post-30","page","type-page","status-publish","hentry"],"_links":{"self":[{"href":"https:\/\/blog.espol.edu.ec\/npino\/wp-json\/wp\/v2\/pages\/30","targetHints":{"allow":["GET"]}}],"collection":[{"href":"https:\/\/blog.espol.edu.ec\/npino\/wp-json\/wp\/v2\/pages"}],"about":[{"href":"https:\/\/blog.espol.edu.ec\/npino\/wp-json\/wp\/v2\/types\/page"}],"author":[{"embeddable":true,"href":"https:\/\/blog.espol.edu.ec\/npino\/wp-json\/wp\/v2\/users\/9286"}],"replies":[{"embeddable":true,"href":"https:\/\/blog.espol.edu.ec\/npino\/wp-json\/wp\/v2\/comments?post=30"}],"version-history":[{"count":8,"href":"https:\/\/blog.espol.edu.ec\/npino\/wp-json\/wp\/v2\/pages\/30\/revisions"}],"predecessor-version":[{"id":40,"href":"https:\/\/blog.espol.edu.ec\/npino\/wp-json\/wp\/v2\/pages\/30\/revisions\/40"}],"wp:attachment":[{"href":"https:\/\/blog.espol.edu.ec\/npino\/wp-json\/wp\/v2\/media?parent=30"}],"curies":[{"name":"wp","href":"https:\/\/api.w.org\/{rel}","templated":true}]}}