{"id":60,"date":"2016-05-28T20:54:24","date_gmt":"2016-05-29T01:54:24","guid":{"rendered":"http:\/\/blog.espol.edu.ec\/nsrodrig\/?page_id=60"},"modified":"2016-05-28T22:11:19","modified_gmt":"2016-05-29T03:11:19","slug":"polo-acuatico","status":"publish","type":"page","link":"https:\/\/blog.espol.edu.ec\/nsrodrig\/polo-acuatico\/","title":{"rendered":"Polo Acu\u00e1tico"},"content":{"rendered":"<p><iframe loading=\"lazy\" title=\"\u00bfC\u00f3mo se juega? (Water polo)\" width=\"500\" height=\"375\" src=\"https:\/\/www.youtube.com\/embed\/6OOOPjHck0A?feature=oembed\" frameborder=\"0\" allow=\"accelerometer; autoplay; clipboard-write; encrypted-media; gyroscope; picture-in-picture; web-share\" referrerpolicy=\"strict-origin-when-cross-origin\" allowfullscreen><\/iframe><\/p>\n<p>&nbsp;<\/p>\n<p>&nbsp;<\/p>\n<p>El\u00a0waterpolo\u00a0o\u00a0polo acu\u00e1tico\u00a0es un\u00a0<a title=\"Deporte\" href=\"https:\/\/es.wikipedia.org\/wiki\/Deporte\">deporte<\/a>\u00a0que se pr\u00e1ctica en una\u00a0<a title=\"Piscina\" href=\"https:\/\/es.wikipedia.org\/wiki\/Piscina\">piscina<\/a>, en la cual se enfrentan dos equipos. El objetivo del juego es marcar el mayor n\u00famero de\u00a0<a title=\"Gol\" href=\"https:\/\/es.wikipedia.org\/wiki\/Gol\">goles<\/a>\u00a0en la porter\u00eda del equipo contrario, durante el tiempo que dura el partido. Los equipos cuentan en el agua con 6 jugadores y un portero. Se diferencian por el color del gorro (generalmente, blanco los locales, azul el equipo visitante y rojo los porteros). Existen faltas, expulsiones temporales y expulsiones definitivas. Un partido se divide en cuatro tiempos de juego efectivo (cuando la pelota est\u00e1 en juego) de 8 minutos cada uno. Los jugadores no pueden pisar el suelo de la piscina, ya que est\u00e1 prohibido y generalmente la profundidad de la piscina no se los permite. Los jugadores tienen que mantenerse todo el partido flotando, lo que les hace consumir mucha energ\u00eda. Un equipo tiene 30 segundos de posesi\u00f3n de la pelota para efectuar un lanzamiento a la porter\u00eda contraria.<\/p>\n","protected":false},"excerpt":{"rendered":"<p>&nbsp; &nbsp; El\u00a0waterpolo\u00a0o\u00a0polo acu\u00e1tico\u00a0es un\u00a0deporte\u00a0que se pr\u00e1ctica en una\u00a0piscina, en la cual se enfrentan dos equipos. El objetivo del juego es marcar el mayor n\u00famero de\u00a0goles\u00a0en la porter\u00eda del equipo contrario, durante el tiempo que dura el partido. Los equipos cuentan en el agua con 6 jugadores y un portero. Se diferencian por el color [&hellip;]<\/p>\n","protected":false},"author":3538,"featured_media":0,"parent":0,"menu_order":0,"comment_status":"closed","ping_status":"closed","template":"","meta":{"footnotes":""},"class_list":["post-60","page","type-page","status-publish","hentry"],"_links":{"self":[{"href":"https:\/\/blog.espol.edu.ec\/nsrodrig\/wp-json\/wp\/v2\/pages\/60","targetHints":{"allow":["GET"]}}],"collection":[{"href":"https:\/\/blog.espol.edu.ec\/nsrodrig\/wp-json\/wp\/v2\/pages"}],"about":[{"href":"https:\/\/blog.espol.edu.ec\/nsrodrig\/wp-json\/wp\/v2\/types\/page"}],"author":[{"embeddable":true,"href":"https:\/\/blog.espol.edu.ec\/nsrodrig\/wp-json\/wp\/v2\/users\/3538"}],"replies":[{"embeddable":true,"href":"https:\/\/blog.espol.edu.ec\/nsrodrig\/wp-json\/wp\/v2\/comments?post=60"}],"version-history":[{"count":4,"href":"https:\/\/blog.espol.edu.ec\/nsrodrig\/wp-json\/wp\/v2\/pages\/60\/revisions"}],"predecessor-version":[{"id":90,"href":"https:\/\/blog.espol.edu.ec\/nsrodrig\/wp-json\/wp\/v2\/pages\/60\/revisions\/90"}],"wp:attachment":[{"href":"https:\/\/blog.espol.edu.ec\/nsrodrig\/wp-json\/wp\/v2\/media?parent=60"}],"curies":[{"name":"wp","href":"https:\/\/api.w.org\/{rel}","templated":true}]}}