{"id":191,"date":"2013-12-11T00:10:40","date_gmt":"2013-12-11T00:10:40","guid":{"rendered":"http:\/\/blog.espol.edu.ec\/ofsuarez\/?page_id=191"},"modified":"2014-06-05T03:57:04","modified_gmt":"2014-06-05T03:57:04","slug":"categorias-de-clasificacion-por-edades","status":"publish","type":"page","link":"https:\/\/blog.espol.edu.ec\/ofsuarez\/categorias-de-clasificacion-por-edades\/","title":{"rendered":"Clasificaci\u00f3n por edades"},"content":{"rendered":"<table border=\"0\" width=\"450\" cellspacing=\"2\" cellpadding=\"0\">\n<tbody>\n<tr valign=\"top\">\n<td width=\"60\"><img loading=\"lazy\" decoding=\"async\" title=\"Ni\u00f1os peque\u00f1os\" src=\"http:\/\/www.esrb.org\/images\/ratingsymbol-s_ec.png\" alt=\"Ni\u00f1os peque\u00f1os\" width=\"60\" height=\"89\" \/><\/td>\n<td valign=\"middle\" width=\"390\"><strong>NI\u00d1OS PEQUE\u00d1OS<\/strong><br \/>\nEl contenido est\u00e1 dirigido a ni\u00f1os peque\u00f1os.<\/td>\n<\/tr>\n<\/tbody>\n<\/table>\n<table border=\"0\" width=\"450\" cellspacing=\"2\" cellpadding=\"0\">\n<tbody>\n<tr valign=\"top\">\n<td width=\"60\"><img loading=\"lazy\" decoding=\"async\" title=\"Todos\" src=\"http:\/\/www.esrb.org\/images\/ratingsymbol-s_e.png\" alt=\"Todos\" width=\"60\" height=\"89\" \/><\/td>\n<td valign=\"middle\" width=\"390\"><strong>TODOS<\/strong><br \/>\nEl contenido por lo general es apto para todas las edades. Puede que contenga una cantidad m\u00ednima de violencia de caricatura, de fantas\u00eda o ligera, o uso poco frecuente de lenguaje moderado.<\/td>\n<\/tr>\n<\/tbody>\n<\/table>\n<table border=\"0\" width=\"450\" cellspacing=\"2\" cellpadding=\"0\">\n<tbody>\n<tr valign=\"top\">\n<td width=\"60\"><img loading=\"lazy\" decoding=\"async\" title=\"Todos +10\" src=\"http:\/\/www.esrb.org\/images\/ratingsymbol-s_e10.png\" alt=\"Todos +10\" width=\"60\" height=\"89\" \/><\/td>\n<td valign=\"middle\" width=\"390\"><strong>TODOS +10<\/strong><br \/>\nEl contenido por lo general es apto para personas de 10 a\u00f1os o m\u00e1s. Puede que contenga m\u00e1s violencia de caricatura, de fantas\u00eda o ligera, lenguaje moderado o temas m\u00ednimamente provocativos.<\/td>\n<\/tr>\n<\/tbody>\n<\/table>\n<table border=\"0\" width=\"450\" cellspacing=\"2\" cellpadding=\"0\">\n<tbody>\n<tr valign=\"top\">\n<td width=\"60\"><img loading=\"lazy\" decoding=\"async\" title=\"Adolescentes\" src=\"http:\/\/www.esrb.org\/images\/ratingsymbol-s_t.png\" alt=\"Adolescentes\" width=\"60\" height=\"89\" \/><\/td>\n<td valign=\"middle\" width=\"390\"><strong>ADOLESCENTES<\/strong><br \/>\nEl contenido por lo general es apto para personas de 13 a\u00f1os o m\u00e1s. Puede que contenga violencia, temas insinuantes, humor grosero, m\u00ednima cantidad de sangre, apuestas simuladas o uso poco frecuente de lenguaje fuerte.<\/td>\n<\/tr>\n<\/tbody>\n<\/table>\n<table border=\"0\" width=\"450\" cellspacing=\"2\" cellpadding=\"0\">\n<tbody>\n<tr valign=\"top\">\n<td width=\"60\"><img loading=\"lazy\" decoding=\"async\" title=\"Maduro\" src=\"http:\/\/www.esrb.org\/images\/ratingsymbol-s_m.png\" alt=\"Maduro\" width=\"60\" height=\"89\" \/><\/td>\n<td valign=\"middle\" width=\"390\"><strong>MADURO<\/strong><br \/>\nEl contenido por lo general es apto para personas de 17 a\u00f1os o m\u00e1s. Puede que contenga violencia intensa, derramamiento de sangre, contenido sexual o lenguaje fuerte.<\/td>\n<\/tr>\n<\/tbody>\n<\/table>\n<table border=\"0\" width=\"450\" cellspacing=\"2\" cellpadding=\"0\">\n<tbody>\n<tr valign=\"top\">\n<td><img loading=\"lazy\" decoding=\"async\" title=\"Adultos \u00fanicamente\" src=\"http:\/\/www.esrb.org\/images\/ratingsymbol-s_ao.png\" alt=\"Adultos \u00fanicamente\" width=\"60\" height=\"89\" \/><\/td>\n<td valign=\"middle\" width=\"390\"><strong>ADULTOS \u00daNICAMENTE<\/strong><br \/>\nEl contenido es apto s\u00f3lo para adultos de 18 a\u00f1os o m\u00e1s. Puede que incluya escenas prolongadas de violencia intensa, contenido sexual gr\u00e1fico o apuestas con moneda real.<\/td>\n<\/tr>\n<\/tbody>\n<\/table>\n<table border=\"0\" width=\"450\" cellspacing=\"2\" cellpadding=\"0\">\n<tbody>\n<tr valign=\"top\">\n<td colspan=\"2\"><img loading=\"lazy\" decoding=\"async\" src=\"http:\/\/www.esrb.org\/images\/deepyellow.gif\" alt=\"\" width=\"460\" height=\"1\" \/><\/td>\n<\/tr>\n<tr valign=\"top\">\n<td width=\"60\"><img loading=\"lazy\" decoding=\"async\" title=\"Clasificaci\u00f3n pendiente\" src=\"http:\/\/www.esrb.org\/images\/ratingsymbol-s_rp.png\" alt=\"Clasificaci\u00f3n pendiente\" width=\"60\" height=\"89\" \/><\/td>\n<td valign=\"middle\" width=\"390\"><strong>CLASIFICACI\u00d3N PENDIENTE<\/strong><br \/>\nNo han recibido todav\u00eda una clasificaci\u00f3n final de la ESRB. Este s\u00edmbolo aparece s\u00f3lo en material de publicidad, comercializaci\u00f3n y promoci\u00f3n relacionado con juegos que se espera que lleven una clasificaci\u00f3n de ese organismo. Una vez asignada, el s\u00edmbolo se reemplazar\u00e1 con el correspondiente.<\/td>\n<\/tr>\n<\/tbody>\n<\/table>\n<h4>Descriptores de contenido<a id=\"descriptors\" name=\"descriptors\"><\/a><\/h4>\n<ul>\n<li><strong>Referencia al alcohol<\/strong>: referencia e im\u00e1genes de bebidas alcoh\u00f3licas.<\/li>\n<li><strong>Animaci\u00f3n de sangre<\/strong>: representaciones decoloradas o no realistas de sangre.<\/li>\n<li><strong>Sangre<\/strong>: representaciones de sangre.<\/li>\n<li><strong>Derramamiento de sangre<\/strong>: representaciones de sangre o mutilaci\u00f3n de partes del cuerpo.<\/li>\n<li><strong>Violencia de caricatura<\/strong>: acciones violentas que incluyen situaciones y personajes caricaturescos. Puede incluir violencia en la cual un personaje sale ileso despu\u00e9s de que la acci\u00f3n se llev\u00f3 a cabo.<\/li>\n<li><strong>Travesuras c\u00f3micas<\/strong>: representaciones o di\u00e1logo que impliquen payasadas o humor sugestivo.<\/li>\n<li><strong>Humor vulgar<\/strong>: representaciones o di\u00e1logo que implique bromas vulgares, incluido el humor tipo \u201cba\u00f1o\u201d.<\/li>\n<li><strong>Referencia a drogas<\/strong>: referencia o im\u00e1genes de drogas.<\/li>\n<li><strong>Violencia de fantas\u00eda<\/strong>: acciones violentas de naturaleza fant\u00e1stica que incluyen personajes humanos y no humanos en situaciones que se distinguen con facilidad de la vida real.<\/li>\n<li><strong>Violencia intensa<\/strong>: representaciones gr\u00e1ficas y de apariencia realista de conflictos f\u00edsicos. Puede comprender sangre excesiva o realista, derramamiento de sangre, armas y representaciones de lesiones humanas y muerte.<\/li>\n<li><strong>Lenguaje<\/strong>: uso de lenguaje soez de moderado a intermedio.<\/li>\n<li><strong>Letra de canciones<\/strong>: referencias moderadas de lenguaje soez, sexualidad, violencia, alcohol o uso de drogas en la m\u00fasica.<\/li>\n<li><strong>Humor para adultos<\/strong>: representaciones o di\u00e1logo que contienen humor para adultos, incluidas las alusiones sexuales.<\/li>\n<li><strong>Desnudez<\/strong>: representaciones gr\u00e1ficas o prolongadas de desnudez.<\/li>\n<li><strong>Desnudez parcial<\/strong>: Representaciones breves o moderadas de desnudez.<\/li>\n<li><strong>Apuestas reales<\/strong>: el jugador puede apostar, incluso colocar apuestas con dinero o divisas de verdad.<\/li>\n<li><strong>Contenido sexual<\/strong>: representaciones no expl\u00edcitas de comportamiento sexual, tal vez con desnudez parcial.<\/li>\n<li><strong>Temas sexuales<\/strong>: alusiones al sexo o a la sexualidad.<\/li>\n<li><strong>Violencia sexual<\/strong>: representaciones de violaciones o de otros actos sexuales violentos.<\/li>\n<li><strong>Apuestas simuladas<\/strong>: el jugador puede apostar sin colocar apuestas con dinero o divisas reales.<\/li>\n<li><strong>Lenguaje fuerte<\/strong>: uso expl\u00edcito o frecuente de lenguaje soez.<\/li>\n<li><strong>Letra de canciones fuerte<\/strong>: alusiones expl\u00edcitas o frecuentes de lenguaje soez, sexo, violencia o uso de alcohol o drogas en la m\u00fasica.<\/li>\n<li><strong>Contenido sexual fuerte<\/strong>: alusiones expl\u00edcitas o frecuentes de comportamiento sexual, tal vez con desnudez.<\/li>\n<li><strong>Temas insinuantes<\/strong>: referencias o materiales provocativos moderados.<\/li>\n<li><strong>Referencia al tabaco<\/strong>: referencia o im\u00e1genes de productos de tabaco.<\/li>\n<li><strong>Uso de alcohol<\/strong>: consumo de alcohol o bebidas alcoh\u00f3licas.<\/li>\n<li><strong>Uso de drogas<\/strong>: consumo o uso de drogas.<\/li>\n<li><strong>Uso de tabaco<\/strong>: consumo o uso de productos de tabaco.<\/li>\n<li><strong>Violencia<\/strong>: escenas que comprenden un conflicto agresivo. Pueden contener desmembramiento sin sangre.<\/li>\n<li><strong>Referencias violentas<\/strong>: alusiones a actos violentos.<\/li>\n<\/ul>\n<p>&nbsp;<\/p>\n<p>&nbsp;<\/p>\n<p>&nbsp;<\/p>\n<p>&nbsp;<\/p>\n<p>&nbsp;<\/p>\n<p>&nbsp;<\/p>\n<p>&nbsp;<\/p>\n<p>&nbsp;<\/p>\n<p>&nbsp;<\/p>\n<p>&nbsp;<\/p>\n<p>&nbsp;<\/p>\n<p><strong>\u00a0<\/strong><\/p>\n<p>&nbsp;<\/p>\n<p>&nbsp;<\/p>\n<p>&nbsp;<\/p>\n<p>&nbsp;<\/p>\n","protected":false},"excerpt":{"rendered":"<p>NI\u00d1OS PEQUE\u00d1OS El contenido est\u00e1 dirigido a ni\u00f1os peque\u00f1os. TODOS El contenido por lo general es apto para todas las edades. Puede que contenga una cantidad m\u00ednima de violencia de caricatura, de fantas\u00eda o ligera, o uso poco frecuente de lenguaje moderado. TODOS +10 El contenido por lo general es apto para personas de 10 [&hellip;]<\/p>\n","protected":false},"author":8867,"featured_media":0,"parent":0,"menu_order":0,"comment_status":"open","ping_status":"open","template":"","meta":{"footnotes":""},"class_list":["post-191","page","type-page","status-publish","hentry"],"_links":{"self":[{"href":"https:\/\/blog.espol.edu.ec\/ofsuarez\/wp-json\/wp\/v2\/pages\/191","targetHints":{"allow":["GET"]}}],"collection":[{"href":"https:\/\/blog.espol.edu.ec\/ofsuarez\/wp-json\/wp\/v2\/pages"}],"about":[{"href":"https:\/\/blog.espol.edu.ec\/ofsuarez\/wp-json\/wp\/v2\/types\/page"}],"author":[{"embeddable":true,"href":"https:\/\/blog.espol.edu.ec\/ofsuarez\/wp-json\/wp\/v2\/users\/8867"}],"replies":[{"embeddable":true,"href":"https:\/\/blog.espol.edu.ec\/ofsuarez\/wp-json\/wp\/v2\/comments?post=191"}],"version-history":[{"count":4,"href":"https:\/\/blog.espol.edu.ec\/ofsuarez\/wp-json\/wp\/v2\/pages\/191\/revisions"}],"predecessor-version":[{"id":289,"href":"https:\/\/blog.espol.edu.ec\/ofsuarez\/wp-json\/wp\/v2\/pages\/191\/revisions\/289"}],"wp:attachment":[{"href":"https:\/\/blog.espol.edu.ec\/ofsuarez\/wp-json\/wp\/v2\/media?parent=191"}],"curies":[{"name":"wp","href":"https:\/\/api.w.org\/{rel}","templated":true}]}}