{"id":255,"date":"2014-06-05T03:37:15","date_gmt":"2014-06-05T03:37:15","guid":{"rendered":"http:\/\/blog.espol.edu.ec\/ofsuarez\/?page_id=255"},"modified":"2014-06-05T03:55:40","modified_gmt":"2014-06-05T03:55:40","slug":"lab-de-fisica-a","status":"publish","type":"page","link":"https:\/\/blog.espol.edu.ec\/ofsuarez\/lab-de-fisica-a\/","title":{"rendered":"Lab. De Fisica A"},"content":{"rendered":"<p>El orden de las practicas puede variar para que los horarios de las practicas no se crucen con otros cursos.<\/p>\n<p>Primera practica:<\/p>\n<p><a href=\"http:\/\/blog.espol.edu.ec\/ofsuarez\/files\/2014\/06\/Medici\u00f3n-HT.pdf\">Medici\u00f3n HT<\/a><\/p>\n<p><a href=\"http:\/\/blog.espol.edu.ec\/ofsuarez\/files\/2014\/06\/Medici\u00f3n.pdf\">Medici\u00f3n<\/a><\/p>\n<p>Segunda practica:<\/p>\n<p><a href=\"http:\/\/blog.espol.edu.ec\/ofsuarez\/files\/2014\/06\/Incertidumbre-PS.pdf\">Incertidumbre PS<\/a><\/p>\n<p><a href=\"http:\/\/blog.espol.edu.ec\/ofsuarez\/files\/2014\/06\/Propagaci\u00f3n-de-incertidumbre.pdf\">Propagaci\u00f3n de incertidumbre<\/a><\/p>\n<p>Tercera practica:<\/p>\n<p><a href=\"http:\/\/blog.espol.edu.ec\/ofsuarez\/files\/2014\/06\/Estad\u00edstica.pdf\">Estad\u00edstica<\/a><\/p>\n<p>Cuarta practica:<\/p>\n<p><a href=\"http:\/\/blog.espol.edu.ec\/ofsuarez\/files\/2014\/06\/Velocidad.pdf\">Velocidad<\/a><\/p>\n<p><a href=\"http:\/\/blog.espol.edu.ec\/ofsuarez\/files\/2014\/06\/Anexo-A.pdf\">Anexo A<\/a><\/p>\n<p><a href=\"http:\/\/blog.espol.edu.ec\/ofsuarez\/files\/2014\/06\/Anexo-B.pdf\">Anexo B<\/a><\/p>\n<p>Quinta practica:<\/p>\n<p><a href=\"http:\/\/blog.espol.edu.ec\/ofsuarez\/files\/2014\/06\/Caida-Libre.pdf\">Caida Libre<\/a><\/p>\n<p><a href=\"http:\/\/blog.espol.edu.ec\/ofsuarez\/files\/2014\/06\/Anexo-B1.pdf\">Anexo B<\/a><\/p>\n<p>Sexta practica:<\/p>\n<p><a href=\"http:\/\/blog.espol.edu.ec\/ofsuarez\/files\/2014\/06\/Segunda-Ley.pdf\">Segunda Ley<\/a><\/p>\n<p>Septima practica:<\/p>\n<p><a href=\"http:\/\/blog.espol.edu.ec\/ofsuarez\/files\/2014\/06\/Fuerza-Centr\u00ddpeta.pdf\">Fuerza Centr\u00ddpeta<\/a><\/p>\n<p><a href=\"http:\/\/blog.espol.edu.ec\/ofsuarez\/files\/2014\/06\/Anexo-E-1.pdf\">Anexo E (1)<\/a><\/p>\n<p>Octava practica:<\/p>\n<p><a href=\"http:\/\/blog.espol.edu.ec\/ofsuarez\/files\/2014\/06\/Colisiones-2.pdf\">Colisiones (2)<\/a><\/p>\n<p>Novena practica:<\/p>\n<p><a href=\"http:\/\/blog.espol.edu.ec\/ofsuarez\/files\/2014\/06\/Momento-Inercia1.docx\">Momento Inercia<\/a><\/p>\n<p>D\u00e9cima practica:<\/p>\n<p><a href=\"http:\/\/blog.espol.edu.ec\/ofsuarez\/files\/2014\/06\/Estatica.docx\">Estatica<\/a><\/p>\n<p>D\u00e9cima primera practica:<\/p>\n<p><a href=\"http:\/\/blog.espol.edu.ec\/ofsuarez\/files\/2014\/06\/Dinamica-Rotacional.pdf\">Dinamica Rotacional<\/a><\/p>\n<p>D\u00e9cima segunda practica:<\/p>\n<p><a href=\"http:\/\/blog.espol.edu.ec\/ofsuarez\/files\/2014\/06\/Momento-Armonico-Simple.pdf\">Momento Armonico Simple<\/a><\/p>\n<p>&nbsp;<\/p>\n","protected":false},"excerpt":{"rendered":"<p>El orden de las practicas puede variar para que los horarios de las practicas no se crucen con otros cursos. Primera practica: Medici\u00f3n HT Medici\u00f3n Segunda practica: Incertidumbre PS Propagaci\u00f3n de incertidumbre Tercera practica: Estad\u00edstica Cuarta practica: Velocidad Anexo A Anexo B Quinta practica: Caida Libre Anexo B Sexta practica: Segunda Ley Septima practica: Fuerza [&hellip;]<\/p>\n","protected":false},"author":8867,"featured_media":0,"parent":0,"menu_order":0,"comment_status":"open","ping_status":"open","template":"","meta":{"footnotes":""},"class_list":["post-255","page","type-page","status-publish","hentry"],"_links":{"self":[{"href":"https:\/\/blog.espol.edu.ec\/ofsuarez\/wp-json\/wp\/v2\/pages\/255","targetHints":{"allow":["GET"]}}],"collection":[{"href":"https:\/\/blog.espol.edu.ec\/ofsuarez\/wp-json\/wp\/v2\/pages"}],"about":[{"href":"https:\/\/blog.espol.edu.ec\/ofsuarez\/wp-json\/wp\/v2\/types\/page"}],"author":[{"embeddable":true,"href":"https:\/\/blog.espol.edu.ec\/ofsuarez\/wp-json\/wp\/v2\/users\/8867"}],"replies":[{"embeddable":true,"href":"https:\/\/blog.espol.edu.ec\/ofsuarez\/wp-json\/wp\/v2\/comments?post=255"}],"version-history":[{"count":12,"href":"https:\/\/blog.espol.edu.ec\/ofsuarez\/wp-json\/wp\/v2\/pages\/255\/revisions"}],"predecessor-version":[{"id":288,"href":"https:\/\/blog.espol.edu.ec\/ofsuarez\/wp-json\/wp\/v2\/pages\/255\/revisions\/288"}],"wp:attachment":[{"href":"https:\/\/blog.espol.edu.ec\/ofsuarez\/wp-json\/wp\/v2\/media?parent=255"}],"curies":[{"name":"wp","href":"https:\/\/api.w.org\/{rel}","templated":true}]}}