{"id":5,"date":"2016-11-15T18:54:14","date_gmt":"2016-11-15T18:54:14","guid":{"rendered":"http:\/\/blog.espol.edu.ec\/ofvalle\/?page_id=5"},"modified":"2016-11-15T18:54:14","modified_gmt":"2016-11-15T18:54:14","slug":"meditacion-en-el-agua","status":"publish","type":"page","link":"https:\/\/blog.espol.edu.ec\/ofvalle\/meditacion-en-el-agua\/","title":{"rendered":"meditacion en el agua"},"content":{"rendered":"<table width=\"100%\">\n<tbody>\n<tr>\n<td><strong>Uno de los elementos m\u00e1s importantes de la naturaleza<\/strong><\/td>\n<\/tr>\n<\/tbody>\n<\/table>\n<p>La meditaci\u00f3n es el arte del sentir. Los minerales no perciben las diferentes acciones de la naturaleza como la acci\u00f3n clorofiliana o nutrirse del agua, igualmente los vegetales no pueden moverse a voluntad como los animales. Los animales no pueden utilizar la fuerza del pensamiento y la inteligencia, no tienen los mecanismos que lo permiten.<\/p>\n<p>Los seres humanos, aprovechan todas las cualidades que la inteligencia permite, y sin duda est\u00e1n por encima de la evoluci\u00f3n de los otros reinos de la naturaleza ya mencionados.<\/p>\n<p>As\u00ed como en los otros reinos naturales unos no pueden percibir los estados m\u00e1s evolucionados, de la misma manera, las personas que no practican alg\u00fan m\u00e9todo de meditaci\u00f3n no pueden percibir los estados superiores al reino humano.<\/p>\n<p>La meditaci\u00f3n en sus diferentes formas que incluye la oraci\u00f3n devocional profunda, tiene la llave para poder dar un pr\u00f3ximo paso evolutivo.<\/p>\n<p>El que medita aumenta la percepci\u00f3n y la captaci\u00f3n de otras vibraciones, que pasan totalmente desapercibidas para el com\u00fan de las dem\u00e1s personas.<\/p>\n<p>No s\u00f3lo da mayor sabidur\u00eda, sino que permite tener otro tipo de visi\u00f3n de otros mecanismos, similarmente a cuando un animal no entiende o no percibe lo que un ser humano si lo puede hacer, o un vegetal no puede percibir lo que si un animal. Es una cuesti\u00f3n de nivel evolutivo que se alcanza.<\/p>\n<p>La meditaci\u00f3n aprovecha los elementos de la naturaleza ya que es la base de toda la existencia en este planeta. Uno de ellos es el agua.<\/p>\n<p>No solo por su cualidad de ejercer una acci\u00f3n anti gravedad, sino por que atrae vibraciones especiales como las llamadas ondinas o seres del agua.<\/p>\n<p>Limpia el aura, purifica, con su sonido relaja y propicia las ondas alpha, theta y delta.<\/p>\n<p>Puede hacerse tanto con agua tibia como natural o helada, dependiendo del tipo de nivel que se desee o reacci\u00f3n a lograr. El los montes Himalayas y Jap\u00f3n existen meditaciones en agua helada en los r\u00edos o lagos congelados. En Per\u00fa se practican los ba\u00f1os de purificaci\u00f3n en los lagos sagrados de la Cordillera de los Andes arriba de los 4,000 metros sobre el nivel del mar con una temperatura cercana a 0 grados cent\u00edgrados.<\/p>\n<p>Igualmente, se puede meditar bajo una catarata natural como se hace en los ancestrales templos shaol\u00edn o zen.<\/p>\n<p>Para comenzar, se puede meditar flotando en agua de mar, r\u00edos, piscinas y en la tina de la casa. No es necesario que flote horizontalmente, es un fen\u00f3meno natural la flotabilidad.<\/p>\n<p>Utilice cualquiera de los m\u00e9todos ense\u00f1ados en este portal inclusive el de respiraci\u00f3n bioenerg\u00e9tica OMM que propiciar\u00e1 una mejor desintoxicaci\u00f3n energ\u00e9tica.<\/p>\n<p>El agua agregar\u00e1 un elemento importante y sensaciones adicionales que con la pr\u00e1ctica se sentir\u00e1 mucho m\u00e1s.<\/p>\n<p>La meditaci\u00f3n de por s\u00ed da la sensaci\u00f3n de p\u00e9rdida de peso, con el agua la sensaci\u00f3n se incrementa y adquiere realidad.<\/p>\n<p>La meditaci\u00f3n se encuentra ligada a lo que represente la alta sensibilidad, no en vano se le denomina el arte del sentir. Con el agua estas sensaciones se incrementa e inclusive se puede operar con elementos integrados al agua, como por ejemplo, plantas consideradas m\u00e1gicas, p\u00e9talos de flores, gotas de perfumes, e inclusive espuma de ba\u00f1o dependiendo del efecto que se desee conseguir.<\/p>\n<p>Pruebe, que es una buena experiencia. La meditaci\u00f3n le ayudar\u00e1 a explorar nuevos senderos de vibraciones positivas.<\/p>\n<p>&nbsp;<\/p>\n","protected":false},"excerpt":{"rendered":"<p>Uno de los elementos m\u00e1s importantes de la naturaleza La meditaci\u00f3n es el arte del sentir. Los minerales no perciben las diferentes acciones de la naturaleza como la acci\u00f3n clorofiliana o nutrirse del agua, igualmente los vegetales no pueden moverse a voluntad como los animales. Los animales no pueden utilizar la fuerza del pensamiento y la inteligencia, no tienen los<br \/><span class=\"read_more\"><a href=\"https:\/\/blog.espol.edu.ec\/ofvalle\/meditacion-en-el-agua\/\">Read more...<\/a><\/span><\/p>\n","protected":false},"author":10671,"featured_media":0,"parent":0,"menu_order":0,"comment_status":"closed","ping_status":"closed","template":"","meta":{"footnotes":""},"class_list":["post-5","page","type-page","status-publish","hentry"],"_links":{"self":[{"href":"https:\/\/blog.espol.edu.ec\/ofvalle\/wp-json\/wp\/v2\/pages\/5","targetHints":{"allow":["GET"]}}],"collection":[{"href":"https:\/\/blog.espol.edu.ec\/ofvalle\/wp-json\/wp\/v2\/pages"}],"about":[{"href":"https:\/\/blog.espol.edu.ec\/ofvalle\/wp-json\/wp\/v2\/types\/page"}],"author":[{"embeddable":true,"href":"https:\/\/blog.espol.edu.ec\/ofvalle\/wp-json\/wp\/v2\/users\/10671"}],"replies":[{"embeddable":true,"href":"https:\/\/blog.espol.edu.ec\/ofvalle\/wp-json\/wp\/v2\/comments?post=5"}],"version-history":[{"count":1,"href":"https:\/\/blog.espol.edu.ec\/ofvalle\/wp-json\/wp\/v2\/pages\/5\/revisions"}],"predecessor-version":[{"id":6,"href":"https:\/\/blog.espol.edu.ec\/ofvalle\/wp-json\/wp\/v2\/pages\/5\/revisions\/6"}],"wp:attachment":[{"href":"https:\/\/blog.espol.edu.ec\/ofvalle\/wp-json\/wp\/v2\/media?parent=5"}],"curies":[{"name":"wp","href":"https:\/\/api.w.org\/{rel}","templated":true}]}}