{"id":2,"date":"2011-11-04T03:40:41","date_gmt":"2011-11-04T03:40:41","guid":{"rendered":""},"modified":"2011-11-10T15:54:42","modified_gmt":"2011-11-10T15:54:42","slug":"about","status":"publish","type":"page","link":"https:\/\/blog.espol.edu.ec\/ojtandaz\/about\/","title":{"rendered":"Innovaciones Tecnol\u00f3gica"},"content":{"rendered":"<p style=\"text-align: center\"><strong>El Vuelo M\u00e1s Ecol\u00f3gico<\/strong><\/p>\n<p style=\"text-align: left\">El programa Dreamliner de Boeing intenta reducir el consumo de combustible para hacer la aviaci\u00f3n un poco m\u00e1s ecol\u00f3gica. Su secreto, los materiales con los que est\u00e1 construido y los motores de la firma Rolls Royce. Ahora, este avi\u00f3n \"verde\" acaba de completar su primer vuelo comercial entre las ciudades de Tokio y Hong Kong, entre Jap\u00f3n y China.<a href=\"http:\/\/blog.espol.edu.ec\/ojtandaz\/files\/2011\/11\/vuelo-mas-ecologico.jpg\"><img loading=\"lazy\" decoding=\"async\" class=\"alignright size-full wp-image-56\" title=\"vuelo mas ecologico\" src=\"http:\/\/blog.espol.edu.ec\/ojtandaz\/files\/2011\/11\/vuelo-mas-ecologico.jpg\" alt=\"\" width=\"300\" height=\"225\" \/><\/a><\/p>\n<p style=\"text-align: left\">Desde la prehistoria el hombre ya deseaba volar. La mitolog\u00eda antigua ya mostraba seres y personajes que consegu\u00edan remontar el vuelo y alzarse por encima de las cabezas del resto de seres humanos, como el caso del griego \u00cdcaro. Incluso el gran Leonardo da Vinci dise\u00f1\u00f3 una especie de avi\u00f3n, muy lejos de las actuales aeronaves de transporte de viajeros, pero que marcar\u00eda una carrera por desarrollar un aparato fiable que volase por sus propios medios. Muchos otros como Fran\u00e7ois de Rozier, Otto Lilienthal o Cl\u00e8ment Ader tambi\u00e9n pusieron su granito de arena en esta carrera. Sin embargo, seguro que muy pocos de ellos llegaron a pensar que sus invenciones, en el futuro supusieran un problema medioambiental.<\/p>\n<p style=\"text-align: left\">Y es que en la actualidad, en todo el mundo, despegan y aterrizan alrededor de 100.000 vuelos con el consiguiente gasto energ\u00e9tico y, en consecuencia, con la contaminanci\u00f3n atmosf\u00e9rica que generan. Y no solo por culpa del CO2 que emiten sus motores, sino tambi\u00e9n a nivel ac\u00fastico con problemas sobre la poblaci\u00f3n que habita cerca de los aeropuertos.<\/p>\n<p style=\"text-align: center\"><strong>Aviones comerciales m\u00e1s ecol\u00f3gicos<\/strong><\/p>\n<p style=\"text-align: left\">De ah\u00ed que Boeing haya desarrollado una l\u00ednea de aparatos comerciales m\u00e1s ecol\u00f3gicos. El avi\u00f3n, el Boeing 787 puede recorrer hasta 15.000 kil\u00f3metros sin repostar, distancia que solo completaban otros dos modelos de la marca. Al estar fabricado en gran parte con fibra de carbono (un material liviano y muy resistente) reduce su peso y consigue consumir menos combustible en vuelo. Exactamente, explican desde Boeing, \"hasta un 50 por ciento de la estructura principal del 787, incluyendo fuselaje y alas, estar\u00e1 hecha de materiales compuestos\".<\/p>\n<p style=\"text-align: left\">La forma de fabricar las piezas es otra de las clave para la disminuci\u00f3n del peso del avi\u00f3n. Por ejemplo, indican desde la marca, se han eliminado 1.500 planchas de aluminio y unas 45.000 abrazaderas gracias a la fabricaci\u00f3n del fuselaje como una sola pieza.<\/p>\n<p style=\"text-align: left\">Otra de las caracter\u00edsticas destacables de este modelo es su peque\u00f1o tama\u00f1o, lo que le hace m\u00e1s vers\u00e1til en peque\u00f1as distancias. Pero adem\u00e1s, a nivel estructural, destaca el desarrollo llevado a cabo por Rolls Royce. El motor, espec\u00edficamente desarrollado para este avi\u00f3n y llamado Trend 1.000, reduce el ruido y las vibraciones , es m\u00e1s eficiente, ligero y f\u00e1cil de instalar en las alas del Boeing.<\/p>\n<p>El innovador avi\u00f3n permite transportar hasta 250 pasajeros y viajar\u00e1 a una velocidad de unos 912 km\/h. Con este modelo la marca de aviones ha prometido un 20 por ciento menos de consumo de combustible y un 30 por ciento menos de costes de mantenimiento. A nivel sonoro indican que la reducci\u00f3n de la contaminaci\u00f3n ac\u00fastica supera el 50 por ciento.<\/p>\n<p>Los prototipos son esenciales para desarrollos futuros y la mejora de las tecnolog\u00edas. Sin embargo, en ocasiones se echa de menos este tipo de proyectos que transforman los dise\u00f1os sobre el papel en una realidad palpable.<\/p>\n<p style=\"text-align: center\"><strong>Internet y los libros Digitales dan una Oportunidad a la Autopublicaci\u00f3n<\/strong><\/p>\n<p style=\"text-align: left\">La web y los libros digitales han abierto un mundo de posibilidades a aquellos escritores que no son famosos o que no disponen del dinero suficiente como para pagarse la edici\u00f3n impresa de su t\u00edtulo. \u00bfCu\u00e1les son los best Sellers de este tipo de publicaciones?<\/p>\n<p style=\"text-align: left\">En las librer\u00edas siempre hay un apartado dedicado a los libros m\u00e1s vendidos del momento. Grandes autores como Ken Follet, <a href=\"http:\/\/blog.espol.edu.ec\/ojtandaz\/files\/2011\/11\/LIBROS-DIGITALES.jpg\"><img loading=\"lazy\" decoding=\"async\" class=\"alignright size-full wp-image-58\" title=\"LIBROS DIGITALES\" src=\"http:\/\/blog.espol.edu.ec\/ojtandaz\/files\/2011\/11\/LIBROS-DIGITALES.jpg\" alt=\"\" width=\"300\" height=\"225\" \/><\/a>Isabel Allende, Stephen King o Arturo P\u00e9rez Reverte suelen copar los estantes con sus \u00faltimas novelas de reconocido \u00e9xito internacional. Sin embargo, de manera paralela al mundo de las grandes editoriales existe un lugar donde los peque\u00f1os escritores tambi\u00e9n publican sus obras y tambi\u00e9n consiguen \u00e9xito, aunque a menor escala.<\/p>\n<p style=\"text-align: left\">Sitios web como Bubok, Lul\u00fa o Yoescribo permiten a los autores autopublicar sus libros gracias a Internet y al auge de los libros digitales. Y es que ya no hace falta un n\u00famero m\u00ednimo de impresiones ni el filtro de un exigente editor para que cientos de lectores conozcan nuevos escritores.<\/p>\n<p style=\"text-align: left\">Por ejemplo, Bubok permite disponer del libro tanto en formato digital como en formato de libro f\u00edsico, adem\u00e1s de decidir el autor el precio de venta. Posteriormente es el lector quien elige la forma de env\u00edo. Igualmente, al igual que en Bubok, en Lul\u00fa el autor puede elegir el tipo de cubierta, el tama\u00f1o interior y, en definitiva, el aspecto final que tendr\u00e1 el libro. De este modo, es \u00e9l mismo quien decide pr\u00e1cticamente todos los aspectos de su publicaci\u00f3n.<\/p>\n<p style=\"text-align: center\"><strong>Aud\u00edfonos Resistentes al Agua<\/strong><\/p>\n<p>Muchas personas necesitan aud\u00edfonos para escuchar, lo que limita algunas actividades como el nado o algunas actividades de bricolaje. Por eso Phonak ha lanzado una nueva gama de estos aparatos resistentes al agua y al polvo lo que mejorar\u00e1 y normalizar\u00e1 la vida de aquellas personas que sufren problemas de audici\u00f3n.<\/p>\n<p><a href=\"http:\/\/blog.espol.edu.ec\/ojtandaz\/files\/2011\/11\/AUDIFONOS-RESISTENTES-AL-AGUA.jpg\"><img loading=\"lazy\" decoding=\"async\" class=\"alignleft size-full wp-image-64\" title=\"AUDIFONOS RESISTENTES AL AGUA\" src=\"http:\/\/blog.espol.edu.ec\/ojtandaz\/files\/2011\/11\/AUDIFONOS-RESISTENTES-AL-AGUA.jpg\" alt=\"\" width=\"300\" height=\"225\" \/><\/a>En ciertos lugares y situaciones los aud\u00edfonos pueden deteriorarse e incluso dejar de funcionar. La playa, la piscina o ciertos ambientes donde la acumulaci\u00f3n de polvo es m\u00e1s grande de lo habitual son algunos de ellos, lo que puede llegar a ser muy problem\u00e1tico para aquellas personas que deben utilizar aparatos especiales para o\u00edr.<\/p>\n<p>Unos nuevos evitan que las personas tengan que pensar si ir o no ir a alg\u00fan sitio en funci\u00f3n de si el aud\u00edfono se mojar\u00e1 o se llenar\u00e1 de polvo o no. Los nuevos Phonak M H2O disponen de una nueva carcasa que permite la entrada del sonido y no compromete la sequedad del aparato. Como explican desde la marca, \"toda la construcci\u00f3n interna del dispositivo est\u00e1 dise\u00f1ada para mantener la estanqueidad\", explicando que est\u00e1 garantizado a trav\u00e9s de la norma IP67 que \"garantiza que ni ocho horas de exposici\u00f3n al polvo ni una inmersi\u00f3n acu\u00e1tica de hasta un metro durante treinta minutos puede provocarle da\u00f1os\".<\/p>\n<p style=\"text-align: center\"><strong>Mano robotica con sensibilidad para agarrar un huevo, hasta objetos pesados, basada en aire comprimido.<\/strong><\/p>\n<p>El Robotics and Mechanisms Laboratory (tambi\u00e9n conocido como proyecto RoMeLa) junto con la escuela de ingenier\u00eda del Virginia Tech han desarrollado un prototipo de una delicada mano movida por aire comprimido y que ha sido bautizada como RAPHaEL (Robotic Air Powered Hand with Elastic Ligaments).<\/p>\n<p>Este robot puede sujetar tanto objetos pesados y s\u00f3lidos como delicados o ligeros como puede ser un huevo o una bombilla. La mano se mueve gracias a un tanque compresor de 60 psi que acciona los dedos con fuerza o delicadeza seg\u00fan se necesite.<\/p>\n<p>No usa m\u00e1s motores y la regulaci\u00f3n de la fuerza la hace controlando la carga de aire comprimido. El bueno de RAPHaEL ha ganado ya unos cuantos premios y ojal\u00e1 podamos estrecharle LA mano un d\u00eda. Tienes el v\u00eddeo un poco m\u00e1s abajo.<\/p>\n<p><iframe loading=\"lazy\" width=\"420\" height=\"315\" src=\"http:\/\/www.youtube.com\/embed\/jdeYmwiqT5s\" frameborder=\"0\" allowfullscreen><\/iframe><\/p>\n<p style=\"text-align: center\"><strong>Gran Colisionador de Hadrones<\/strong><\/p>\n<p>El\u00a0<a href=\"http:\/\/es.wikipedia.org\/wiki\/Gran_colisionador_de_hadrones\" target=\"_blank\">Gran Colisionador de Hadrones<\/a>, GCH\u00a0(en ingl\u00e9s\u00a0<em>Large Hadron Collider<\/em>,\u00a0LHC) es un\u00a0acelerador y\u00a0colisionador de\u00a0part\u00edculas <a href=\"http:\/\/blog.espol.edu.ec\/ojtandaz\/files\/2011\/11\/2955686786_022ce917ca1.jpg\"><img loading=\"lazy\" decoding=\"async\" class=\"alignleft size-medium wp-image-68\" title=\"Colisionador de Hadornes\" src=\"http:\/\/blog.espol.edu.ec\/ojtandaz\/files\/2011\/11\/2955686786_022ce917ca1-300x199.jpg\" alt=\"\" width=\"300\" height=\"199\" srcset=\"https:\/\/blog.espol.edu.ec\/ojtandaz\/files\/2011\/11\/2955686786_022ce917ca1-300x199.jpg 300w, https:\/\/blog.espol.edu.ec\/ojtandaz\/files\/2011\/11\/2955686786_022ce917ca1.jpg 500w\" sizes=\"auto, (max-width: 300px) 100vw, 300px\" \/><\/a>ubicado en la\u00a0Organizaci\u00f3n Europea para la Investigaci\u00f3n Nuclear (CERN, sigla que corresponde su antiguo nombre en franc\u00e9s:\u00a0<em>Conseil Europ\u00e9en pour la Recherche Nucl\u00e9aire<\/em>), cerca de\u00a0Ginebra, en la frontera\u00a0franco-suiza. Fue dise\u00f1ado para colisionar haces de\u00a0hadrones, m\u00e1s exactamente de\u00a0protones, de hasta 7\u00a0TeV de\u00a0energ\u00eda, siendo su prop\u00f3sito principal examinar la validez y l\u00edmites del\u00a0Modelo Est\u00e1ndar, el cual es actualmente el marco te\u00f3rico de la f\u00edsica de part\u00edculas, del que se conoce su ruptura a niveles de energ\u00eda altos.<\/p>\n<p>Dentro del colisionador dos haces de protones son acelerados en sentidos opuestos hasta alcanzar el 99,99% de la\u00a0velocidad de la luz, y se los hace chocar entre s\u00ed produciendo alt\u00edsimas energ\u00edas (aunque a escalas subat\u00f3micas) que permitir\u00edan simular algunos eventos ocurridos inmediatamente despu\u00e9s del\u00a0big bang.<\/p>\n<p>El LHC es el acelerador de part\u00edculas m\u00e1s grande y energ\u00e9tico del mundo.\u00a0Usa el t\u00fanel de 27\u00a0km de\u00a0circunferencia creado para el Gran Colisionador de Electrones y Positrones (LEP en ingl\u00e9s) y m\u00e1s de 2000 f\u00edsicos de 34 pa\u00edses y cientos de universidades y laboratorios han participado en su construcci\u00f3n.<\/p>\n<p>Una vez enfriado hasta su temperatura de funcionamiento, que es de 1,9 K (menos de 2 grados por encima del\u00a0cero absoluto o \u2212271,15\u00a0\u00b0C), los primeros haces de part\u00edculas fueron inyectados el 1 de agosto de 2008, y el primer intento para hacerlos circular por toda la trayectoria del colisionador se produjo el 10 de septiembre del a\u00f1o 2008. Aunque las primeras colisiones a alta energ\u00eda en principio estuvieron previstas para el 21 de octubre de 2008,<span> <\/span>el experimento fue postergado debido a una aver\u00eda que produjo la fuga del\u00a0helio l\u00edquido que enfr\u00eda uno de los imanes superconductores.<\/p>\n<p><img loading=\"lazy\" decoding=\"async\" class=\"size-medium wp-image-69 alignright\" style=\"border-style: initial;border-color: initial;color: #0000ee;text-decoration: underline\" title=\"acelerador de particulas\" src=\"http:\/\/blog.espol.edu.ec\/ojtandaz\/files\/2011\/11\/acelerador-de-particulas-300x228.jpg\" alt=\"\" width=\"300\" height=\"228\" srcset=\"https:\/\/blog.espol.edu.ec\/ojtandaz\/files\/2011\/11\/acelerador-de-particulas-300x228.jpg 300w, https:\/\/blog.espol.edu.ec\/ojtandaz\/files\/2011\/11\/acelerador-de-particulas.jpg 599w\" sizes=\"auto, (max-width: 300px) 100vw, 300px\" \/><\/p>\n<p>A fines de\u00a02009 fue vuelto a poner en marcha, y el 30 de noviembre del 2010 se convirti\u00f3 en el acelerador de part\u00edculas m\u00e1s potente al conseguir energ\u00edas de 1,18\u00a0TeV en sus haces, superando el r\u00e9cord anterior de 0,98\u00a0TeV establecido por el\u00a0Tevatr\u00f3n estadounidense. El\u00a030 de marzo de\u00a02010 las primeras colisiones de protones del\u00a0LHC\u00a0alcanzaron una energ\u00eda de 7\u00a0TeV (al chocar dos haces de 3,5\u00a0TeV cada uno) lo que signific\u00f3 un nuevo r\u00e9cord para este tipo de ensayos. El colisionador funcionar\u00e1 a medio rendimiento durante dos a\u00f1os, al cabo de los cuales se proyecta llevarlo a su potencia m\u00e1xima de 14\u00a0TeV.<\/p>\n<p>Te\u00f3ricamente se espera que este instrumento permita confirmar la existencia de la part\u00edcula conocida como\u00a0bos\u00f3n de Higgs, a veces llamada\u00a0<em>\u201cpart\u00edcula de la masa\u201d<\/em>. La observaci\u00f3n de esta part\u00edcula confirmar\u00eda las predicciones y \"enlaces perdidos\" del\u00a0Modelo Est\u00e1ndar de la f\u00edsica, pudi\u00e9ndose explicar c\u00f3mo las otras part\u00edculas elementales adquieren propiedades como lamasa.<\/p>\n<p>Verificar la existencia del bos\u00f3n de Higgs ser\u00eda un paso significativo en la b\u00fasqueda de una\u00a0teor\u00eda de la gran unificaci\u00f3n, que pretende relacionar tres de las cuatro\u00a0fuerzas fundamentalesconocidas, quedando fuera de ella \u00fanicamente la gravedad. Adem\u00e1s este bos\u00f3n podr\u00eda explicar por qu\u00e9 la\u00a0gravedad es tan d\u00e9bil comparada con las otras tres fuerzas. Junto al bos\u00f3n de Higgs tambi\u00e9n podr\u00edan producirse otras nuevas part\u00edculas que fueron predichas te\u00f3ricamente, y para las que se ha planificado su b\u00fasqueda, como los\u00a0strangelets, los\u00a0micro agujeros negros, el\u00a0monopolo magn\u00e9tico o las\u00a0part\u00edculas supersim\u00e9tricas.<\/p>\n<p style=\"text-align: center\"><strong>Luz en vez de cables para lograr PCs mucho mas potentes<\/strong><\/p>\n<p>Investigadores de IBM desarrollaron un nuevo m\u00e9todo para mandar informaci\u00f3n entre diferentes n\u00facleos en un chip transformando pulsos el\u00e9ctricos en pulsos luminosos. De esta forma se puede reducir el tama\u00f1o de las supercomputadoras al de una laptop, y m\u00e1s importante a\u00fan se necesitar\u00eda una cantidad 10 veces menor de energ\u00eda para hacerlo funcionar. El modulador \u00f3ptico empleado por IBM es entre 100 y 1.000 veces menor que cualquier otro del estilo.<\/p>\n<p>El trabajo se concentra en la posibilidad de incluir muchos m\u00e1s n\u00facleos en un s\u00f3lo chip, que actualmente se ve limitado porque la tecnolog\u00eda de comunicaciones en-el-chip sobre calentar\u00eda el procesador y ser\u00eda demasiado lenta para un aumento en el flujo de trabajo. \u201cLo que hicimos fue un gran avance hacia la construcci\u00f3n de un mucho m\u00e1s chico y m\u00e1s eficiente m\u00e9todo para conectar los n\u00facleos\u201d, dijo Dr. T.C. Chen, vice presidente, Science and Technology, IBM Research.<\/p>\n<p>Actualmente uno de los procesadores m\u00e1s avanzados del mundo, el CELL de IBM (usado por la Play Station 3) contiene 9 n\u00facleos en un s\u00f3lo chip. El nuevo m\u00e9todo permitir\u00eda conectar cientos o miles de n\u00facleos en un s\u00f3lo chip de una manera mucho m\u00e1s eficiente y adem\u00e1s en un espacio realmente reducido. Usar luz en vez de cables para mandar informaci\u00f3n puede ser hasta 100 veces m\u00e1s r\u00e1pido en los chips.<\/p>\n<p><iframe loading=\"lazy\" width=\"560\" height=\"315\" src=\"http:\/\/www.youtube.com\/embed\/aHDnSkKrzJM\" frameborder=\"0\" allowfullscreen><\/iframe><\/p>\n<p style=\"text-align: center\"><a href=\"http:\/\/blog.espol.edu.ec\/ojtandaz\/files\/2011\/11\/fibra_optica.jpg\"><img loading=\"lazy\" decoding=\"async\" class=\"size-full wp-image-74 aligncenter\" title=\"fibra_optica\" src=\"http:\/\/blog.espol.edu.ec\/ojtandaz\/files\/2011\/11\/fibra_optica.jpg\" alt=\"\" width=\"229\" height=\"257\" \/><\/a><\/p>\n<p>El modulador \u00f3ptico de IBM transforma una serie de pulsos el\u00e9ctricos (1 y 0) que se transmite por un cable en una serie de pulsos de luz que se transmitir\u00e1n por una gu\u00eda de ondas nanofot\u00f3nica de silicio. Primero, se env\u00eda una haz l\u00e1ser al modulador, que act\u00faa como un \u201cdisparador\u201d realmente veloz que regula cu\u00e1ndo la luz ser\u00e1 transmitida o no. Cuando el modulador recibe una se\u00f1al el\u00e9ctrica de uno de los n\u00facleos deja pasar un pulso de luz, de esta forma se modula la intensidad del haz, y se pudo convertir una serie digital de bits (1 y 0) en una serie de pulsos lum\u00ednicos.<\/p>\n<p style=\"text-align: center\"><strong>El Airbus del futuro<\/strong><\/p>\n<p style=\"text-align: left\">La semana pasada Airbus present\u00f3 ante los medios de comunicaci\u00f3n su avion del futuro. Los ingenieros de Airbus han creado una cabina virtual para mostrar algunas de las innovaciones y las tecnolog\u00edas que, seg\u00fan ellos, cambiar\u00e1n por completo las experiencias de los pasajeros a partir del a\u00f1o 2050.<\/p>\n<p style=\"text-align: left\"><a href=\"http:\/\/blog.espol.edu.ec\/ojtandaz\/files\/2011\/11\/Airbus-futuro.jpg\"><img loading=\"lazy\" decoding=\"async\" class=\"alignleft size-medium wp-image-78\" title=\"Airbus-futuro\" src=\"http:\/\/blog.espol.edu.ec\/ojtandaz\/files\/2011\/11\/Airbus-futuro-300x158.jpg\" alt=\"\" width=\"300\" height=\"158\" srcset=\"https:\/\/blog.espol.edu.ec\/ojtandaz\/files\/2011\/11\/Airbus-futuro-300x158.jpg 300w, https:\/\/blog.espol.edu.ec\/ojtandaz\/files\/2011\/11\/Airbus-futuro.jpg 600w\" sizes=\"auto, (max-width: 300px) 100vw, 300px\" \/><\/a> En ella desaparecen las habituales divisiones de clase Primera, Business y Turista para ser sustituidas por zonas personalizadas que ofrecen unos niveles flexibles y personalizados de relajaci\u00f3n, interactividad y espacios de trabajo.<\/p>\n<p>Los pasajeros podr\u00e1n optar por viajar en la zona interactiva, que cuenta con un bar y juegos electr\u00f3nicos en los que podr\u00e1n mezclarse y socializarse. Aquellos que deseen tranquilidad y soledad pueden elegir la zona de relajaci\u00f3n.<\/p>\n<p>El jefe de ingenier\u00eda de Airbus, Charles Champion, dice que el avi\u00f3n tiene en cuenta la evoluci\u00f3n futura y la necesidad de producir un avi\u00f3n con bajas emisiones de carbono.<\/p>\n<p>En cuanto a los avances tecnol\u00f3gicos, los pasajeros de este Airbus futur\u00edstico podr\u00e1n:<\/p>\n<ul>\n<li>Beneficiarse de tecnolog\u00edas avanzadas de fuselaje que ofrecen transparencia al pulsar un bot\u00f3n para disfrutar de unas vistas panor\u00e1micas del paisaje de alrededor.<\/li>\n<li>Hacer uso de un acceso digital perfecto; hacer videollamadas y llamadas de tel\u00e9fono desde sus asientos a cualquier parte del mundo.<\/li>\n<li>Disfrutar de una total privacidad apart\u00e1ndose de los dem\u00e1s pasajeros mediante \"envoltorios hologr\u00e1ficos\"<\/li>\n<li>Cambiar el tama\u00f1o y la forma del asiento y girarlo para disfrutar de mayor comodidad durante el vuelo.<\/li>\n<\/ul>\n<p>Aunque Airbus est\u00e1 mirando cuarenta a\u00f1os hacia adelante en el futuro, algunos de estos desarrollos se podr\u00edan hacer realidad y ser incorporados en el dise\u00f1o de un avi\u00f3n para que los pasajeros disfrutaran de los beneficios de viajar en avi\u00f3n con un m\u00ednimo impacto ambiental.<\/p>\n<p>El elemento central de cada avi\u00f3n ser\u00e1 una \"red neuronal\" basada en el sistema nervioso humano. Esta red crear\u00e1 una interfaz intuitiva entre cada pasajero y el avi\u00f3n, y ofrecer\u00e1 servicios personalizados durante el vuelo, todos ellos adaptables a las necesidades y estados de \u00e1nimo de cada individuo.<\/p>\n<p><iframe loading=\"lazy\" width=\"560\" height=\"315\" src=\"http:\/\/www.youtube.com\/embed\/loalahej67s\" frameborder=\"0\" allowfullscreen><\/iframe><\/p>\n<p style=\"text-align: center\"><strong>Terrafugia<\/strong><\/p>\n<p>La\u00a0transducci\u00f3n\u00a0de\u00a0Terrafugia podr\u00eda redefinir el convertible. Dise\u00f1ado por un equipo de la\u00a0aeron\u00e1utica MIT ingenieros, <a href=\"http:\/\/blog.espol.edu.ec\/ojtandaz\/files\/2011\/11\/Terrafugia.jpg\"><img loading=\"lazy\" decoding=\"async\" class=\"alignleft size-medium wp-image-81\" title=\"Terrafugia\" src=\"http:\/\/blog.espol.edu.ec\/ojtandaz\/files\/2011\/11\/Terrafugia-300x195.jpg\" alt=\"\" width=\"300\" height=\"195\" srcset=\"https:\/\/blog.espol.edu.ec\/ojtandaz\/files\/2011\/11\/Terrafugia-300x195.jpg 300w, https:\/\/blog.espol.edu.ec\/ojtandaz\/files\/2011\/11\/Terrafugia.jpg 307w\" sizes=\"auto, (max-width: 300px) 100vw, 300px\" \/><\/a>incluyendo\u00a0Terrafugia co-fundadores Dietrich Carl y su esposa\u00a0Anna Mracek Dietrich, la transici\u00f3n es una calle-legal, el coche en condiciones de aeronavegabilidad, volando bolsa de aire-y-paraca\u00eddas equipadas en 200.000 d\u00f3lares tiene un precio de menos de un\u00a0Lamborghini. Los primeros modelos se entregar\u00e1n el pr\u00f3ximo a\u00f1o. Es cierto que con las alas se retract\u00f3 como porter\u00edas de f\u00fatbol, la Transici\u00f3n, cuyos 100 caballos de fuerza del motor se lo 35 millas por gal\u00f3n en tierra firme, no va a ser un partido para un coche deportivo italiano. Sino que se extienden las alas de gaviota del veh\u00edculo \u2013 y se le pide que deben hacerlo en un aeropuerto -h\u00e9lice de propulsi\u00f3n pueden volar dos pasajeros a unos 500 km a una velocidad de crucero de 105 mph. Despu\u00e9s de aterrizar\u00a0podr\u00e1n ir a hacer las compras como si fuera un coche comun.<\/p>\n<p><iframe loading=\"lazy\" width=\"420\" height=\"315\" src=\"http:\/\/www.youtube.com\/embed\/EHXnLCIgNug\" frameborder=\"0\" allowfullscreen><\/iframe><\/p>\n","protected":false},"excerpt":{"rendered":"<p>El Vuelo M\u00e1s Ecol\u00f3gico El programa Dreamliner de Boeing intenta reducir el consumo de combustible para hacer la aviaci\u00f3n un poco m\u00e1s ecol\u00f3gica. Su secreto, los materiales con los que est\u00e1 construido y los motores de la firma Rolls Royce. Ahora, este avi\u00f3n \"verde\" acaba de completar su primer vuelo comercial entre las ciudades de [&hellip;]<\/p>\n","protected":false},"author":6957,"featured_media":0,"parent":0,"menu_order":0,"comment_status":"open","ping_status":"open","template":"","meta":{"footnotes":""},"class_list":["post-2","page","type-page","status-publish","hentry"],"_links":{"self":[{"href":"https:\/\/blog.espol.edu.ec\/ojtandaz\/wp-json\/wp\/v2\/pages\/2","targetHints":{"allow":["GET"]}}],"collection":[{"href":"https:\/\/blog.espol.edu.ec\/ojtandaz\/wp-json\/wp\/v2\/pages"}],"about":[{"href":"https:\/\/blog.espol.edu.ec\/ojtandaz\/wp-json\/wp\/v2\/types\/page"}],"author":[{"embeddable":true,"href":"https:\/\/blog.espol.edu.ec\/ojtandaz\/wp-json\/wp\/v2\/users\/6957"}],"replies":[{"embeddable":true,"href":"https:\/\/blog.espol.edu.ec\/ojtandaz\/wp-json\/wp\/v2\/comments?post=2"}],"version-history":[{"count":23,"href":"https:\/\/blog.espol.edu.ec\/ojtandaz\/wp-json\/wp\/v2\/pages\/2\/revisions"}],"predecessor-version":[{"id":55,"href":"https:\/\/blog.espol.edu.ec\/ojtandaz\/wp-json\/wp\/v2\/pages\/2\/revisions\/55"}],"wp:attachment":[{"href":"https:\/\/blog.espol.edu.ec\/ojtandaz\/wp-json\/wp\/v2\/media?parent=2"}],"curies":[{"name":"wp","href":"https:\/\/api.w.org\/{rel}","templated":true}]}}