{"id":7,"date":"2011-11-04T21:24:32","date_gmt":"2011-11-04T21:24:32","guid":{"rendered":"http:\/\/blog.espol.edu.ec\/ojtandaz\/lo-mejor-del-momento\/"},"modified":"2011-11-10T16:08:28","modified_gmt":"2011-11-10T16:08:28","slug":"lo-mejor-del-momento","status":"publish","type":"page","link":"https:\/\/blog.espol.edu.ec\/ojtandaz\/lo-mejor-del-momento\/","title":{"rendered":"Lo Mejor del Momento"},"content":{"rendered":"<p style=\"text-align: center\"><strong>Smartphone<\/strong><\/p>\n<p>El\u00a0<strong>tel\u00e9fono inteligente<\/strong> (<strong><em><a href=\"http:\/\/es.wikipedia.org\/wiki\/Smartphone\" target=\"_blank\">smartphone<\/a><\/em><\/strong> en ingl\u00e9s) es un t\u00e9rmino comercial para denominar a un\u00a0tel\u00e9fono m\u00f3vil que ofrece m\u00e1s funciones que un\u00a0tel\u00e9fono celular com\u00fan.<\/p>\n<p>Casi todos los tel\u00e9fonos inteligentes son m\u00f3viles que soportan completamente un cliente de correo electr\u00f3nico con la funcionalidad completa de unorganizador personal. Una caracter\u00edstica importante de casi todos los tel\u00e9fonos inteligentes es que permiten la instalaci\u00f3n de programas para incrementar el procesamiento de datos y la conectividad. Estas aplicaciones pueden ser desarrolladas por el fabricante del dispositivo, por el operador o por un tercero. El t\u00e9rmino \u00abinteligente\u00bb hace referencia a cualquier interfaz, como un teclado QWERTY en miniatura, una\u00a0pantalla t\u00e1ctil (lo m\u00e1s habitual, denomin\u00e1ndose en este caso \u00abtel\u00e9fono m\u00f3vil t\u00e1ctil\u00bb), o simplemente el\u00a0sistema operativo m\u00f3vil que posee, diferenciando su uso mediante una exclusiva disposici\u00f3n de los men\u00fas, teclas, atajos, etc.<\/p>\n<p style=\"text-align: center\"><a href=\"http:\/\/blog.espol.edu.ec\/ojtandaz\/files\/2011\/11\/smartphones.jpg\"><img loading=\"lazy\" decoding=\"async\" class=\"size-medium wp-image-88 aligncenter\" title=\"smartphones\" src=\"http:\/\/blog.espol.edu.ec\/ojtandaz\/files\/2011\/11\/smartphones-300x225.jpg\" alt=\"\" width=\"300\" height=\"225\" srcset=\"https:\/\/blog.espol.edu.ec\/ojtandaz\/files\/2011\/11\/smartphones-300x225.jpg 300w, https:\/\/blog.espol.edu.ec\/ojtandaz\/files\/2011\/11\/smartphones.jpg 600w\" sizes=\"auto, (max-width: 300px) 100vw, 300px\" \/><\/a><\/p>\n<p>El completo soporte al correo electr\u00f3nico parece ser una caracter\u00edstica indispensable encontrada en todos los modelos existentes y anunciados en 2007, 2008, 2009 y 2010. Casi todos los tel\u00e9fonos inteligentes tambi\u00e9n permiten al usuario instalar programas adicionales, normalmente inclusive desde terceros -hecho que dota a estos tel\u00e9fonos de much\u00edsimas aplicaciones en diferentes terrenos-, pero algunos vendedores gustan de tildar a sus tel\u00e9fonos como inteligentes a\u00fan cuando no tienen esa caracter\u00edstica. Algunos ejemplos de tel\u00e9fonos denominados inteligentes son: Serie MOTOBLUR de\u00a0Motorola, SerieS60 y\u00a0Symbian^3 de\u00a0Nokia, Serie\u00a0Optimus de\u00a0LG, Serie\u00a0BlackBerry de\u00a0Research In Motion, Serie\u00a0Samsung Galaxy S II,\u00a0Wave y\u00a0Omnia de\u00a0Samsung, SerieXPERIA de\u00a0Sony Ericsson, Serie\u00a0Sense de\u00a0HTC, Serie\u00a0Nexus de\u00a0Google, Serie\u00a0iPhone de\u00a0Apple, Serie\u00a0Nokia Lumia 800 de\u00a0Nokia, etc.<\/p>\n<p style=\"text-align: center\"><strong>El\u00a0iPad<\/strong><\/p>\n<p>El\u00a0<strong>iPad<\/strong> es un dispositivo electr\u00f3nico tipo\u00a0<em>Tablet PC<\/em> desarrollado por\u00a0Apple Inc. Anunciado el 27 de enero de 2010, el 2 de marzo de 2011 apareci\u00f3 la segunda generaci\u00f3n. Se sit\u00faa en una categor\u00eda entre un \"tel\u00e9fono inteligente\" (<em>smartphone<\/em>) y una\u00a0computadora port\u00e1til, enfocado m\u00e1s al acceso que a la creaci\u00f3n de aplicaciones y temas.<\/p>\n<p style=\"text-align: center\"><a href=\"http:\/\/blog.espol.edu.ec\/ojtandaz\/files\/2011\/11\/ipad.jpg\"><img loading=\"lazy\" decoding=\"async\" class=\"size-medium wp-image-90 aligncenter\" title=\"ipad\" src=\"http:\/\/blog.espol.edu.ec\/ojtandaz\/files\/2011\/11\/ipad-300x199.jpg\" alt=\"\" width=\"300\" height=\"199\" srcset=\"https:\/\/blog.espol.edu.ec\/ojtandaz\/files\/2011\/11\/ipad-300x199.jpg 300w, https:\/\/blog.espol.edu.ec\/ojtandaz\/files\/2011\/11\/ipad.jpg 450w\" sizes=\"auto, (max-width: 300px) 100vw, 300px\" \/><\/a><\/p>\n<p>Las funciones son similares al resto de dispositivos port\u00e1tiles de Apple, como es el caso del\u00a0iPhone o\u00a0iPod touch, aunque la pantalla es m\u00e1s grande y su\u00a0hardware m\u00e1s potente. Funciona a trav\u00e9s de una NUI (Interfaz natural de usuario) sobre una versi\u00f3n adaptada del\u00a0sistema operativo iOS.\u00a0Esta\u00a0interfaz de usuario esta redise\u00f1ada para aprovechar el mayor tama\u00f1o del dispositivo y la capacidad de utilizar software para lectura de\u00a0libros electr\u00f3nicos y\u00a0peri\u00f3dicos,\u00a0navegaci\u00f3n web y\u00a0correo electr\u00f3nico, adem\u00e1s de permitir el acceso al usuario a otras actividades de entretenimiento como pel\u00edculas, m\u00fasica y\u00a0videojuegos.\u00a0Posee una pantalla con\u00a0retroiluminaci\u00f3n LED y capacidades\u00a0multit\u00e1ctiles de 9,7\u00a0pulgadas (24,638\u00a0cm), de 16 a 64\u00a0gigabytes (GB) de espacio en\u00a0memoria flash,\u00a0Bluetooth, y un puerto de conexi\u00f3n perif\u00e9rica de 30 pines que permite la sincronizaci\u00f3n con el software\u00a0iTunes adem\u00e1s de proporcionar conexi\u00f3n para diversos accesorios.<span> <\/span>Existen dos modelos: uno con conectividad a redes inal\u00e1mbricas\u00a0Wi-Fi 802.11n y otro con capacidades adicionales de\u00a0GPS y soporte a redes\u00a03G (puede conectarse a\u00a0redes de telefon\u00eda celular HSDPA). Ambos modelos pueden ser adquiridos en tres capacidades de almacenamiento distintas, Adem\u00e1s se pueden adquirir en 2 colores diferentes: en blanco\u00a0<em>(white)<\/em> y en negro\u00a0<em>(black)<\/em>, ambas versiones est\u00e1n disponibles con 16G\/B,32G\/B y 64G\/B.<\/p>\n<p><iframe loading=\"lazy\" width=\"560\" height=\"315\" src=\"http:\/\/www.youtube.com\/embed\/OBhYxj2SvRI\" frameborder=\"0\" allowfullscreen><\/iframe><\/p>\n<p style=\"text-align: center\"><strong><span style=\"text-decoration: underline\">Samsung GALAXY Tab 10.1<\/span><\/strong><\/p>\n<p style=\"text-align: left\"><strong> <\/strong><br \/>\nEl\u00a0<strong>Samsung GALAXY Tab 10.1<\/strong> fue anunciada como el segundo tablet de Samsung en la exposici\u00f3n MWC 2011 en Barcelona, pero luego present\u00f3 en CTIA 2011 una versi\u00f3n redise\u00f1ada, mas delgada para poder competir mejor con el iPad 2. Sin embargo, posee la mayor parte de sus caracter\u00edsticas como la pantalla de 10.1 pulgadas a 1280 x 800 pixels de resoluci\u00f3n, procesador de doble n\u00facleo Tegra 2 y c\u00e1mara de 8 megapixels con flash LED.<\/p>\n<p style=\"text-align: center\"><a href=\"http:\/\/blog.espol.edu.ec\/ojtandaz\/files\/2011\/11\/samsung-galaxy-tab.jpg\"><img loading=\"lazy\" decoding=\"async\" class=\"size-medium wp-image-92 aligncenter\" title=\"samsung-galaxy-tab\" src=\"http:\/\/blog.espol.edu.ec\/ojtandaz\/files\/2011\/11\/samsung-galaxy-tab-300x249.jpg\" alt=\"\" width=\"300\" height=\"249\" srcset=\"https:\/\/blog.espol.edu.ec\/ojtandaz\/files\/2011\/11\/samsung-galaxy-tab-300x249.jpg 300w, https:\/\/blog.espol.edu.ec\/ojtandaz\/files\/2011\/11\/samsung-galaxy-tab.jpg 480w\" sizes=\"auto, (max-width: 300px) 100vw, 300px\" \/><\/a><\/p>\n<p style=\"text-align: left\">El\u00a0<strong>Samsung Galaxy Tab<\/strong> es un\u00a0computador tablet compacto basado en\u00a0Android<sup>1<\/sup> fabricado por\u00a0Samsung Electronics que debut\u00f3<sup>2<\/sup> el 2 de septiembre de 2010 en la\u00a0IFA de Berl\u00edn. Cuenta conpantalla t\u00e1ctil TFT\u00a0LCD de 7 pulgadas (180 mm) recubierta con\u00a0Gorilla Glass, capacidad\u00a0Wi-Fi, procesador de 1 GHz\u00a0ARM Cortex-A8 (\"Hummingbird\"\/\"Colibr\u00ed\") y un sistema de entrada\u00a0Swype.<sup>3<\/sup>Est\u00e1 equipado con una c\u00e1mara tr\u00e1sera b\u00e1sica de 3,2\u00a0Megap\u00edxeles y una frontal para\u00a0videollamadas de 1,3 Megap\u00edxeles.<br \/>\nEl Galaxy Tab, en el momento de debutar, estaba equipado con\u00a0Android 2.2 (Froyo).<\/p>\n<p style=\"text-align: left\">\n<p><iframe loading=\"lazy\" width=\"560\" height=\"315\" src=\"http:\/\/www.youtube.com\/embed\/1zr1WwaQQZE\" frameborder=\"0\" allowfullscreen><\/iframe><\/p>\n","protected":false},"excerpt":{"rendered":"<p>Smartphone El\u00a0tel\u00e9fono inteligente (smartphone en ingl\u00e9s) es un t\u00e9rmino comercial para denominar a un\u00a0tel\u00e9fono m\u00f3vil que ofrece m\u00e1s funciones que un\u00a0tel\u00e9fono celular com\u00fan. Casi todos los tel\u00e9fonos inteligentes son m\u00f3viles que soportan completamente un cliente de correo electr\u00f3nico con la funcionalidad completa de unorganizador personal. Una caracter\u00edstica importante de casi todos los tel\u00e9fonos inteligentes es [&hellip;]<\/p>\n","protected":false},"author":6957,"featured_media":0,"parent":0,"menu_order":0,"comment_status":"open","ping_status":"open","template":"","meta":{"footnotes":""},"class_list":["post-7","page","type-page","status-publish","hentry"],"_links":{"self":[{"href":"https:\/\/blog.espol.edu.ec\/ojtandaz\/wp-json\/wp\/v2\/pages\/7","targetHints":{"allow":["GET"]}}],"collection":[{"href":"https:\/\/blog.espol.edu.ec\/ojtandaz\/wp-json\/wp\/v2\/pages"}],"about":[{"href":"https:\/\/blog.espol.edu.ec\/ojtandaz\/wp-json\/wp\/v2\/types\/page"}],"author":[{"embeddable":true,"href":"https:\/\/blog.espol.edu.ec\/ojtandaz\/wp-json\/wp\/v2\/users\/6957"}],"replies":[{"embeddable":true,"href":"https:\/\/blog.espol.edu.ec\/ojtandaz\/wp-json\/wp\/v2\/comments?post=7"}],"version-history":[{"count":9,"href":"https:\/\/blog.espol.edu.ec\/ojtandaz\/wp-json\/wp\/v2\/pages\/7\/revisions"}],"predecessor-version":[{"id":95,"href":"https:\/\/blog.espol.edu.ec\/ojtandaz\/wp-json\/wp\/v2\/pages\/7\/revisions\/95"}],"wp:attachment":[{"href":"https:\/\/blog.espol.edu.ec\/ojtandaz\/wp-json\/wp\/v2\/media?parent=7"}],"curies":[{"name":"wp","href":"https:\/\/api.w.org\/{rel}","templated":true}]}}