{"id":7,"date":"2010-10-22T13:38:16","date_gmt":"2010-10-22T13:38:16","guid":{"rendered":"http:\/\/blog.espol.edu.ec\/olgalarrea\/?page_id=7"},"modified":"2010-11-25T18:34:16","modified_gmt":"2010-11-25T18:34:16","slug":"hoja-de-vida","status":"publish","type":"page","link":"https:\/\/blog.espol.edu.ec\/olgalarrea\/hoja-de-vida\/","title":{"rendered":"Sitios tur\u00edsticos!!!"},"content":{"rendered":"<p>cONOZCAMOS NUESTRA PATRIA!!<\/p>\n<p>Tenemos una variada colecci\u00f3n de lugares que podemos visitar!! lo mejor de todo est\u00e1 dentro de un mismo territorio y es nuestro!! Valora lo que tienes... =)<\/p>\n<p><object width=\"400\" height=\"250\"><param name=\"movie\" value=\"http:\/\/www.youtube.com\/v\/oOZaHVZ61k8?fs=1&amp;hl=es_ES&amp;color1=0x5d1719&amp;color2=0xcd311b\"><\/param><param name=\"allowFullScreen\" value=\"true\"><\/param><param name=\"allowscriptaccess\" value=\"always\"><\/param><embed src=\"http:\/\/www.youtube.com\/v\/oOZaHVZ61k8?fs=1&amp;hl=es_ES&amp;color1=0x5d1719&amp;color2=0xcd311b\" type=\"application\/x-shockwave-flash\" allowscriptaccess=\"always\" allowfullscreen=\"true\" width=\"400\" height=\"250\"><\/embed><\/object><\/p>\n<p>LA MAGIA DE \"LAS ISLAS ENCANTADAS\"<br \/>\n<object width=\"480\" height=\"385\"><param name=\"movie\" value=\"http:\/\/www.youtube.com\/v\/p5n2MWEz7Wk?fs=1&amp;hl=es_ES\"><\/param><param name=\"allowFullScreen\" value=\"true\"><\/param><param name=\"allowscriptaccess\" value=\"always\"><\/param><embed src=\"http:\/\/www.youtube.com\/v\/p5n2MWEz7Wk?fs=1&amp;hl=es_ES\" type=\"application\/x-shockwave-flash\" allowscriptaccess=\"always\" allowfullscreen=\"true\" width=\"480\" height=\"385\"><\/embed><\/object><\/p>\n<p>\"COSTA ECUATORIANA\"<br \/>\nLa regi\u00f3n de la costa ecuatoriana es m\u00e1s que hermosas playas de aguas c\u00e1lidas todo el a\u00f1o; es la tierra de los manglares m\u00e1s altos del mundo  y una de las particulares bellezas de Ecuador..<br \/>\n<object width=\"480\" height=\"385\"><param name=\"movie\" value=\"http:\/\/www.youtube.com\/v\/_ZbSl12qLHA?fs=1&amp;hl=es_ES\"><\/param><param name=\"allowFullScreen\" value=\"true\"><\/param><param name=\"allowscriptaccess\" value=\"always\"><\/param><embed src=\"http:\/\/www.youtube.com\/v\/_ZbSl12qLHA?fs=1&amp;hl=es_ES\" type=\"application\/x-shockwave-flash\" allowscriptaccess=\"always\" allowfullscreen=\"true\" width=\"480\" height=\"385\"><\/embed><\/object><\/p>\n<p>\"SIERRA\"<br \/>\nLa regi\u00f3n tur\u00edstica de la Sierra se destaca por conservar ecosistemas \u00fanicos de p\u00e1ramo alto andino, cumbres y valles de gran valor esc\u00e9nico. <\/p>\n<p><object width=\"400\" height=\"250\"><param name=\"movie\" value=\"http:\/\/www.youtube.com\/v\/oOZaHVZ61k8?fs=1&amp;hl=es_ES&amp;color1=0x5d1719&amp;color2=0xcd311b\"><\/param><param name=\"allowFullScreen\" value=\"true\"><\/param><param name=\"allowscriptaccess\" value=\"always\"><\/param><embed src=\"http:\/\/www.youtube.com\/v\/oOZaHVZ61k8?fs=1&amp;hl=es_ES&amp;color1=0x5d1719&amp;color2=0xcd311b\" type=\"application\/x-shockwave-flash\" allowscriptaccess=\"always\" allowfullscreen=\"true\" width=\"400\" height=\"250\"><\/embed><\/object><\/p>\n<p>\"AMAZON\u00cdA\"<br \/>\n<object width=\"480\" height=\"385\"><param name=\"movie\" value=\"http:\/\/www.youtube.com\/v\/QaEd32Br4WM?fs=1&amp;hl=es_ES\"><\/param><param name=\"allowFullScreen\" value=\"true\"><\/param><param name=\"allowscriptaccess\" value=\"always\"><\/param><embed src=\"http:\/\/www.youtube.com\/v\/QaEd32Br4WM?fs=1&amp;hl=es_ES\" type=\"application\/x-shockwave-flash\" allowscriptaccess=\"always\" allowfullscreen=\"true\" width=\"480\" height=\"385\"><\/embed><\/object><\/p>\n","protected":false},"excerpt":{"rendered":"<p>cONOZCAMOS NUESTRA PATRIA!! Tenemos una variada colecci\u00f3n de lugares que podemos visitar!! lo mejor de todo est\u00e1 dentro de un mismo territorio y es nuestro!! Valora lo que tienes... =) LA MAGIA DE \"LAS ISLAS ENCANTADAS\" \"COSTA ECUATORIANA\" La regi\u00f3n de la costa ecuatoriana es m\u00e1s que hermosas playas de aguas c\u00e1lidas todo el a\u00f1o; [&hellip;]<\/p>\n","protected":false},"author":5344,"featured_media":0,"parent":0,"menu_order":0,"comment_status":"open","ping_status":"open","template":"","meta":{"footnotes":""},"class_list":["post-7","page","type-page","status-publish","hentry"],"_links":{"self":[{"href":"https:\/\/blog.espol.edu.ec\/olgalarrea\/wp-json\/wp\/v2\/pages\/7","targetHints":{"allow":["GET"]}}],"collection":[{"href":"https:\/\/blog.espol.edu.ec\/olgalarrea\/wp-json\/wp\/v2\/pages"}],"about":[{"href":"https:\/\/blog.espol.edu.ec\/olgalarrea\/wp-json\/wp\/v2\/types\/page"}],"author":[{"embeddable":true,"href":"https:\/\/blog.espol.edu.ec\/olgalarrea\/wp-json\/wp\/v2\/users\/5344"}],"replies":[{"embeddable":true,"href":"https:\/\/blog.espol.edu.ec\/olgalarrea\/wp-json\/wp\/v2\/comments?post=7"}],"version-history":[{"count":14,"href":"https:\/\/blog.espol.edu.ec\/olgalarrea\/wp-json\/wp\/v2\/pages\/7\/revisions"}],"predecessor-version":[{"id":74,"href":"https:\/\/blog.espol.edu.ec\/olgalarrea\/wp-json\/wp\/v2\/pages\/7\/revisions\/74"}],"wp:attachment":[{"href":"https:\/\/blog.espol.edu.ec\/olgalarrea\/wp-json\/wp\/v2\/media?parent=7"}],"curies":[{"name":"wp","href":"https:\/\/api.w.org\/{rel}","templated":true}]}}