{"id":115,"date":"2012-01-15T21:39:25","date_gmt":"2012-01-15T21:39:25","guid":{"rendered":"http:\/\/blog.espol.edu.ec\/oscartandazo\/?page_id=115"},"modified":"2012-01-17T07:07:14","modified_gmt":"2012-01-17T07:07:14","slug":"ladrillos-ecologicos","status":"publish","type":"page","link":"https:\/\/blog.espol.edu.ec\/oscartandazo\/ladrillos-ecologicos\/","title":{"rendered":"PLASTILAD"},"content":{"rendered":"<h1 align=\"center\">PLASTILAD<\/h1>\n<p style=\"text-align: center\"><a href=\"http:\/\/blog.espol.edu.ec\/oscartandazo\/files\/2012\/01\/LADRILLOS-ECOLOGICOS.jpg\"><img loading=\"lazy\" decoding=\"async\" class=\"aligncenter size-full wp-image-119\" src=\"http:\/\/blog.espol.edu.ec\/oscartandazo\/files\/2012\/01\/LADRILLOS-ECOLOGICOS.jpg\" alt=\"\" width=\"223\" height=\"114\" \/><\/a><\/p>\n<p style=\"text-align: center\">Este proyecto se basa en la\u00a0utilizaci\u00f3n\u00a0de\u00a0\u00a0materiales\u00a0reciclados\u00a0como son\u00a0pl\u00e1sticos\u00a0y vidrios para elaborar a partir de su trituraci\u00f3n\u00a0ladrillos\u00a0es decir un proyecto\u00a0ecol\u00f3gico\u00a0y q nos induce a reciclar.<\/p>\n<h2 align=\"center\"><strong>INTEGRANTES:<\/strong><\/h2>\n<p style=\"text-align: center\"><strong>LIDER<\/strong><\/p>\n<p style=\"text-align: center\"><img loading=\"lazy\" decoding=\"async\" class=\"aligncenter size-medium wp-image-121\" src=\"http:\/\/blog.espol.edu.ec\/oscartandazo\/files\/2012\/01\/6-1-300x225.jpg\" alt=\"\" width=\"210\" height=\"158\" srcset=\"https:\/\/blog.espol.edu.ec\/oscartandazo\/files\/2012\/01\/6-1-300x225.jpg 300w, https:\/\/blog.espol.edu.ec\/oscartandazo\/files\/2012\/01\/6-1.jpg 640w\" sizes=\"auto, (max-width: 210px) 100vw, 210px\" \/><\/p>\n<p>&nbsp;<\/p>\n<ul>\n<li><strong>Nombre<\/strong>: Karen Gianella Contreras Choez.<\/li>\n<li><strong>Graduado del establecimiento educativo: <\/strong>Colegio Centro Educativo Naciones Unidas.<\/li>\n<li><strong>Especialidad:<\/strong>\u00a0F\u00edsico Matem\u00e1tico.<\/li>\n<li><strong>Estudiante de Pregrado:\u00a0<\/strong>Escuela superior polit\u00e9cnica del litoral.<\/li>\n<li><strong>Carrera:\u00a0<\/strong>Ingenier\u00eda Civil.<\/li>\n<li><strong>La qu\u00edmica: <\/strong>Me gusta la\u00a0Qu\u00edmica .<\/li>\n<li><strong>Hobby:\u00a0<\/strong>Mi pasatiempo favorito es escuchar m\u00fasica y leer.<\/li>\n<li><strong>Comida favorita:\u00a0<\/strong>Me encanta cualquier tipo de comida, pero en especial los mariscos.<\/li>\n<\/ul>\n<div>\n<p>&nbsp;<\/p>\n<h2 style=\"text-align: center\"><strong>2\u00b0 Integrante\u00a0<\/strong><\/h2>\n<p style=\"text-align: center\"><a href=\"http:\/\/blog.espol.edu.ec\/oscartandazo\/files\/2012\/01\/henry-Andrade.jpg\"><img loading=\"lazy\" decoding=\"async\" class=\"aligncenter size-medium wp-image-123\" src=\"http:\/\/blog.espol.edu.ec\/oscartandazo\/files\/2012\/01\/henry-Andrade-300x225.jpg\" alt=\"\" width=\"240\" height=\"180\" srcset=\"https:\/\/blog.espol.edu.ec\/oscartandazo\/files\/2012\/01\/henry-Andrade-300x225.jpg 300w, https:\/\/blog.espol.edu.ec\/oscartandazo\/files\/2012\/01\/henry-Andrade.jpg 604w\" sizes=\"auto, (max-width: 240px) 100vw, 240px\" \/><\/a><\/p>\n<ul>\n<li><strong>Nombre<\/strong>: Henry Elizardo Andrade Llorente.<\/li>\n<li><strong>Graduado del establecimiento educativo:\u00a0<\/strong>Centro Educativo El Bejucal.<\/li>\n<li><strong>Especialidad:<\/strong>\u00a0F\u00edsico Matem\u00e1tico.<\/li>\n<li><strong>Estudiante de Pregrado:\u00a0<\/strong>Escuela superior polit\u00e9cnica del litoral.<\/li>\n<li><strong>Carrera:\u00a0<\/strong>Ingenier\u00eda Civil.<\/li>\n<li><strong>La qu\u00edmica:\u00a0<\/strong>Me gusta la\u00a0Qu\u00edmica .<\/li>\n<li><strong>Hobby:\u00a0<\/strong>Es el internet y observar construcciones grandes.<\/li>\n<li><strong>Comida favorita:\u00a0<\/strong>La Comida Manaba.<\/li>\n<\/ul>\n<\/div>\n<h2 style=\"text-align: center\"><strong>Dato del Proyecto<\/strong><\/h2>\n<p style=\"text-align: center\">\u00a0\u00a0<strong>Materia Prima:\u00a0Pl\u00e1stico\u00a0Reciclables\u00a0<\/strong><\/p>\n<p>Gracias a este material maleable y f\u00e1cil de adquirir es posible cubrir distintos aspectos diarios de nuestra vida. Como sustancias, <a href=\"http:\/\/blog.espol.edu.ec\/oscartandazo\/files\/2012\/01\/reciclaje.jpg\"><img loading=\"lazy\" decoding=\"async\" class=\"alignleft size-full wp-image-139\" src=\"http:\/\/blog.espol.edu.ec\/oscartandazo\/files\/2012\/01\/reciclaje.jpg\" alt=\"\" width=\"200\" height=\"214\" \/><\/a>contienen un ingrediente m\u00e1s que importante a otra sustancia del tipo de las org\u00e1nicas de la masa molecular, a la cual se la conoce con el nombre de pol\u00edmero. Lo que pueden llegar a proporcionar los pl\u00e1sticos es un balance m\u00e1s que importante de las propiedades que otros materiales no tienen la capacidad de lograr. Entre dichas propiedades podemos destacar su tacto agradable, su peso liviano, su color especial y su resistencia a toda degradaci\u00f3n del ambiente y a todo el deterioro biol\u00f3gico que puede presentarse.<\/p>\n<p>Dentro de sus propiedades o caracter\u00edsticas fundamentales y que lo separan de otros materiales, podemos destacar su capacidad para resistir los factores qu\u00edmicos y para protegerse del avance de la corrosi\u00f3n y del hecho de permanecer a la intemperie. Asimismo, son aislantes, tanto t\u00e9rmicos como el\u00e9ctricos y su densidad es sumamente baja. Por otro lado, es un material impermeable y de muy bajo costo, lo cual explica su continuo uso en distintos \u00e1mbitos, haciendo del reciclaje de pl\u00e1stico una actividad fundamental.<\/p>\n<p style=\"text-align: center\">\u00a0<strong>Ladrillo\u00a0<\/strong><strong>Ecol\u00f3gico:<\/strong><\/p>\n<p style=\"text-align: center\"><a href=\"http:\/\/blog.espol.edu.ec\/oscartandazo\/files\/2012\/01\/ladrillo-ecologico.jpg\"><img loading=\"lazy\" decoding=\"async\" class=\"aligncenter size-full wp-image-143\" src=\"http:\/\/blog.espol.edu.ec\/oscartandazo\/files\/2012\/01\/ladrillo-ecologico.jpg\" alt=\"\" width=\"194\" height=\"207\" \/><\/a><\/p>\n<p style=\"text-align: left\">El ladrillo ecol\u00f3gico es un elemento premoldeado de una mezcla de materiales naturales aleados con cemento, similar en tama\u00f1o y textura al ladrillo com\u00fan o visto y de menor peso, destinado a ser utilizado en construcciones de mamposter\u00eda. Durable, capaz de soportar cargas muy pesadas y posee excepcionales cualidades termo ac\u00fasticas. Es econ\u00f3mico, resistente a los agentes naturales, aleados con cemento, similar en tama\u00f1o y textura al ladrillo com\u00fan o visto y de menor peso, destinado a ser utilizado en construcciones de mamposter\u00eda.<\/p>\n<p style=\"text-align: center\"><strong>Descripci\u00f3n del Proceso\u00ad\u00ad:<\/strong><\/p>\n<ul>\n<li>1.- Cortar en pedazos peque\u00f1os todo el papel que ser\u00e1 usado como materia prima.<\/li>\n<li>2.- Colocar en un recipiente con suficiente agua y lo deja remojar una noche.<\/li>\n<li>3.- Retirar el papel del agua de remojo y colocarlo en una licuadora especial para pulverizarlo.<\/li>\n<li>4.- Cernir el papel para retirarle el agua que le queda.<\/li>\n<li>5.- Colocar en una tina, donde lo mezcla con los residuos s\u00f3lidos (botellas de pl\u00e1sticos cortados en partes peque\u00f1os) y un poco de cemento.<\/li>\n<li>6.- Cuando la masa queda uniforme, se lo coloca en los moldes de los ladrillos y la deja secar durante tres d\u00edas, o m\u00e1s.<\/li>\n<\/ul>\n<div>Para mas informaci\u00f3n dale clip:\u00a0<a href=\"http:\/\/blog.espol.edu.ec\/khproyecto\/\">http:\/\/blog.espol.edu.ec\/khproyecto\/<\/a><\/div>\n<div><\/div>\n","protected":false},"excerpt":{"rendered":"<p>PLASTILAD Este proyecto se basa en la\u00a0utilizaci\u00f3n\u00a0de\u00a0\u00a0materiales\u00a0reciclados\u00a0como son\u00a0pl\u00e1sticos\u00a0y vidrios para elaborar a partir de su trituraci\u00f3n\u00a0ladrillos\u00a0es decir un proyecto\u00a0ecol\u00f3gico\u00a0y q nos induce a reciclar. INTEGRANTES: LIDER &nbsp; Nombre: Karen Gianella Contreras Choez. Graduado del establecimiento educativo: Colegio Centro Educativo Naciones Unidas. Especialidad:\u00a0F\u00edsico Matem\u00e1tico. Estudiante de Pregrado:\u00a0Escuela superior polit\u00e9cnica del litoral. Carrera:\u00a0Ingenier\u00eda Civil. La qu\u00edmica: Me [&hellip;]<\/p>\n","protected":false},"author":6957,"featured_media":0,"parent":0,"menu_order":0,"comment_status":"open","ping_status":"open","template":"","meta":{"footnotes":""},"class_list":["post-115","page","type-page","status-publish","hentry"],"_links":{"self":[{"href":"https:\/\/blog.espol.edu.ec\/oscartandazo\/wp-json\/wp\/v2\/pages\/115","targetHints":{"allow":["GET"]}}],"collection":[{"href":"https:\/\/blog.espol.edu.ec\/oscartandazo\/wp-json\/wp\/v2\/pages"}],"about":[{"href":"https:\/\/blog.espol.edu.ec\/oscartandazo\/wp-json\/wp\/v2\/types\/page"}],"author":[{"embeddable":true,"href":"https:\/\/blog.espol.edu.ec\/oscartandazo\/wp-json\/wp\/v2\/users\/6957"}],"replies":[{"embeddable":true,"href":"https:\/\/blog.espol.edu.ec\/oscartandazo\/wp-json\/wp\/v2\/comments?post=115"}],"version-history":[{"count":15,"href":"https:\/\/blog.espol.edu.ec\/oscartandazo\/wp-json\/wp\/v2\/pages\/115\/revisions"}],"predecessor-version":[{"id":118,"href":"https:\/\/blog.espol.edu.ec\/oscartandazo\/wp-json\/wp\/v2\/pages\/115\/revisions\/118"}],"wp:attachment":[{"href":"https:\/\/blog.espol.edu.ec\/oscartandazo\/wp-json\/wp\/v2\/media?parent=115"}],"curies":[{"name":"wp","href":"https:\/\/api.w.org\/{rel}","templated":true}]}}