{"id":153,"date":"2012-01-17T04:48:53","date_gmt":"2012-01-17T04:48:53","guid":{"rendered":"http:\/\/blog.espol.edu.ec\/oscartandazo\/?page_id=153"},"modified":"2012-01-17T06:19:08","modified_gmt":"2012-01-17T06:19:08","slug":"candylax","status":"publish","type":"page","link":"https:\/\/blog.espol.edu.ec\/oscartandazo\/candylax\/","title":{"rendered":"CANDYLAX"},"content":{"rendered":"<h1 align=\"center\"><strong>CANDYLAX<\/strong><\/h1>\n<p style=\"text-align: center\"><a href=\"http:\/\/blog.espol.edu.ec\/oscartandazo\/files\/2012\/01\/CANDYLAX.jpg\"><img loading=\"lazy\" decoding=\"async\" class=\"aligncenter size-medium wp-image-158\" src=\"http:\/\/blog.espol.edu.ec\/oscartandazo\/files\/2012\/01\/CANDYLAX-300x293.jpg\" alt=\"\" width=\"240\" height=\"234\" srcset=\"https:\/\/blog.espol.edu.ec\/oscartandazo\/files\/2012\/01\/CANDYLAX-300x293.jpg 300w, https:\/\/blog.espol.edu.ec\/oscartandazo\/files\/2012\/01\/CANDYLAX.jpg 320w\" sizes=\"auto, (max-width: 240px) 100vw, 240px\" \/><\/a><\/p>\n<p style=\"text-align: center\">Este proyecto es un dulce elaborado por materiales, en su mayor\u00eda naturales lo que lo hace m\u00e1s beneficioso para la salud de los consumidores, uno de los principales objetivos del este chupete es relajar, calmar los nervios, aliviar dolores de cabeza.<\/p>\n<h2 align=\"center\"><strong>INTEGRANTES:<\/strong><\/h2>\n<p style=\"text-align: center\"><strong>LIDER<\/strong><\/p>\n<p style=\"text-align: center\"><a href=\"http:\/\/blog.espol.edu.ec\/oscartandazo\/files\/2012\/01\/Kath523.jpg\"><img loading=\"lazy\" decoding=\"async\" class=\"aligncenter size-full wp-image-161\" src=\"http:\/\/blog.espol.edu.ec\/oscartandazo\/files\/2012\/01\/Kath523.jpg\" alt=\"\" width=\"122\" height=\"184\" \/><\/a><\/p>\n<ul>\n<li><strong>Nombre<\/strong>: Gladys Katherine Garc\u00eda Mej\u00eda<\/li>\n<li><strong>Graduado del establecimiento educativo:\u00a0<\/strong>Colegio Albohispano<\/li>\n<li><strong>Especialidad:<\/strong>\u00a0F\u00edsico Matem\u00e1tico<\/li>\n<li><strong>Estudiante de Pregrado:\u00a0<\/strong>Escuela superior polit\u00e9cnica del litoral<\/li>\n<li><strong>Carrera:\u00a0<\/strong>Ingenier\u00eda Mec\u00e1nica<\/li>\n<li><strong>La qu\u00edmica:\u00a0<\/strong>La qu\u00edmica me gusta.<\/li>\n<li><strong>Hobby:<\/strong> Ver\u00a0Pel\u00edculas<\/li>\n<li><strong>Comida favorita: <\/strong>Lasag\u00f1a<\/li>\n<\/ul>\n<div>\n<h2 style=\"text-align: center\"><strong>2\u00b0 Integrante\u00a0<\/strong><\/h2>\n<p style=\"text-align: center\"><a href=\"http:\/\/blog.espol.edu.ec\/oscartandazo\/files\/2012\/01\/Johan-Hernandez.jpg\"><img loading=\"lazy\" decoding=\"async\" class=\"aligncenter size-full wp-image-162\" src=\"http:\/\/blog.espol.edu.ec\/oscartandazo\/files\/2012\/01\/Johan-Hernandez.jpg\" alt=\"\" width=\"122\" height=\"160\" \/><\/a><\/p>\n<ul>\n<li><strong>Nombre:\u00a0<\/strong>Johan Hern\u00e1ndez<\/li>\n<li><strong>Graduado del establecimiento educativo:\u00a0<\/strong>U.E. SAN VICENTE FERRER<\/li>\n<li><strong>Especialidad:<\/strong>\u00a0F\u00edsico\u00a0Matem\u00e1tico<\/li>\n<li><strong>Estudiante de Pregrado:\u00a0<\/strong>Escuela superior polit\u00e9cnica del litoral<\/li>\n<li><strong>Carrera:\u00a0<\/strong>Ingenier\u00eda en Geolog\u00eda.<\/li>\n<li><strong>La qu\u00edmica:\u00a0<\/strong>Me gusta la qu\u00edmica y es muy interesante.<\/li>\n<li><strong>Hobby:\u00a0<\/strong>Tocar la guitarra, escuchar m\u00fasica y jugar\u00a0v\u00eddeos\u00a0juegos.<\/li>\n<li><strong>Comida favorita:\u00a0<\/strong>Parrillada.<\/li>\n<\/ul>\n<\/div>\n<p>&nbsp;<\/p>\n<h2 style=\"text-align: center\"><strong>Dato del Proyecto<\/strong><\/h2>\n<p style=\"text-align: center\">\u00a0\u00a0<strong>Materia Prima:<\/strong><\/p>\n<p><strong><em>Manzanilla:<\/em><\/strong><\/p>\n<p align=\"left\">\u00b7\u00a0Es un antiinflamatorio. Ayuda a aliviar los procesos de inflamaci\u00f3n tanto tom\u00e1ndola o us\u00e1ndola externamente.<a href=\"http:\/\/blog.espol.edu.ec\/oscartandazo\/files\/2012\/01\/manzanilla.jpg\"><img loading=\"lazy\" decoding=\"async\" class=\"alignright size-medium wp-image-164\" src=\"http:\/\/blog.espol.edu.ec\/oscartandazo\/files\/2012\/01\/manzanilla-300x209.jpg\" alt=\"\" width=\"210\" height=\"146\" srcset=\"https:\/\/blog.espol.edu.ec\/oscartandazo\/files\/2012\/01\/manzanilla-300x209.jpg 300w, https:\/\/blog.espol.edu.ec\/oscartandazo\/files\/2012\/01\/manzanilla.jpg 552w\" sizes=\"auto, (max-width: 210px) 100vw, 210px\" \/><\/a><\/p>\n<p align=\"left\">\u00b7\u00a0Ayuda con problemas digestivos\u00a0.<\/p>\n<p align=\"left\">\u00b7\u00a0Es calmante y tranquilizante, act\u00faa como un sedante suave. Se le usa en caso de irritabilidad, tristeza y ansiedad.<\/p>\n<p align=\"left\">\u00b7\u00a0Ayuda con problemas de asma y gripes<\/p>\n<p><strong><em>Toronjil<\/em><\/strong><\/p>\n<p><a href=\"http:\/\/blog.espol.edu.ec\/oscartandazo\/files\/2012\/01\/toronjil.jpg\"><img loading=\"lazy\" decoding=\"async\" class=\"alignleft size-full wp-image-167\" src=\"http:\/\/blog.espol.edu.ec\/oscartandazo\/files\/2012\/01\/toronjil.jpg\" alt=\"\" width=\"203\" height=\"140\" \/><\/a>\u00b7\u00a0<em>Es eficaz como estimulante, antiespasm\u00f3dico y t\u00f3nico.\u00a0<strong><\/strong><\/em><\/p>\n<p>\u00b7\u00a0<em>Sirve para calmar los nervios. <strong><\/strong><\/em><\/p>\n<p>\u00b7\u00a0<em>Se dice que esta planta cuenta con la capacidad de alegrar el \u00e1nimo, devolver la serenidad y templar los nervios. <strong><\/strong><\/em><\/p>\n<p>\u00b7\u00a0<em>Otras de sus cualidades prominentes es que se emplea como vulnerario, es decir, que cicatriza cualquier llaga o herida.\u00a0<\/em><\/p>\n<p><strong><em>Valeriana<\/em><\/strong><\/p>\n<p><em>Esta hierba es elogiada por su capacidad de\u00a0<strong>calmar la ansiedad y relajar la mente que no puede dormir bien<\/strong>. <\/em><\/p>\n<p><em>Ayuda en casos severos de histeria, temblores, hiperactividad, palpitaciones del coraz\u00f3n y dolores de cabeza.<\/em><\/p>\n<p><strong><em>Beneficios del producto:<\/em><\/strong><\/p>\n<p>\u00b7\u00a0No solo ayuda en el \u00e1mbito de lograr relajaci\u00f3n sino que al combinar tanto la Valeriana , la Manzanilla y el toronjil adquiere los beneficios de cada de una de ellas.<strong><\/strong><\/p>\n<p>\u00b7\u00a0Es un producto Natural, y esto lo hace mucho m\u00e1s saludable.<\/p>\n<p>\u00b7\u00a0Hecho por manos Ecuatorianas.<\/p>\n<p>\u00b7\u00a0Para las personas ( hombres, mujeres, ni\u00f1os y ancianos) que se les dificulta el consumo de pastillas, gotas, etc. Este producto ser\u00e1 mucho m\u00e1s factible de consumir.<\/p>\n<p><strong><em>Ingredientes<\/em><\/strong><\/p>\n<ul>\n<li><em>50 gr de Manzanilla<\/em><\/li>\n<li><em>50 gr de Valeriana<\/em><\/li>\n<li><em>50 gr de Toronjil<\/em><\/li>\n<li><em>1 taza de miel de ma\u00edz.<\/em><\/li>\n<li><em>2 tazas de az\u00facar Morena<\/em><\/li>\n<li><em>Colorantes vegetal<\/em><\/li>\n<li><em>Dos gotas de esencia de Vainilla<\/em><\/li>\n<\/ul>\n<div><em><a href=\"http:\/\/blog.espol.edu.ec\/oscartandazo\/files\/2012\/01\/preparacion-del-producto.png\"><img loading=\"lazy\" decoding=\"async\" class=\"alignnone size-full wp-image-177\" src=\"http:\/\/blog.espol.edu.ec\/oscartandazo\/files\/2012\/01\/preparacion-del-producto.png\" alt=\"\" width=\"211\" height=\"160\" \/><\/a>\u00a0 \u00a0<a href=\"http:\/\/blog.espol.edu.ec\/oscartandazo\/files\/2012\/01\/producto.png\"><img loading=\"lazy\" decoding=\"async\" class=\"alignnone size-full wp-image-178\" src=\"http:\/\/blog.espol.edu.ec\/oscartandazo\/files\/2012\/01\/producto-e1326781095986.png\" alt=\"\" width=\"207\" height=\"161\" \/><\/a><br \/>\n<\/em><\/div>\n","protected":false},"excerpt":{"rendered":"<p>CANDYLAX Este proyecto es un dulce elaborado por materiales, en su mayor\u00eda naturales lo que lo hace m\u00e1s beneficioso para la salud de los consumidores, uno de los principales objetivos del este chupete es relajar, calmar los nervios, aliviar dolores de cabeza. INTEGRANTES: LIDER Nombre: Gladys Katherine Garc\u00eda Mej\u00eda Graduado del establecimiento educativo:\u00a0Colegio Albohispano Especialidad:\u00a0F\u00edsico [&hellip;]<\/p>\n","protected":false},"author":6957,"featured_media":0,"parent":0,"menu_order":0,"comment_status":"open","ping_status":"open","template":"","meta":{"footnotes":""},"class_list":["post-153","page","type-page","status-publish","hentry"],"_links":{"self":[{"href":"https:\/\/blog.espol.edu.ec\/oscartandazo\/wp-json\/wp\/v2\/pages\/153","targetHints":{"allow":["GET"]}}],"collection":[{"href":"https:\/\/blog.espol.edu.ec\/oscartandazo\/wp-json\/wp\/v2\/pages"}],"about":[{"href":"https:\/\/blog.espol.edu.ec\/oscartandazo\/wp-json\/wp\/v2\/types\/page"}],"author":[{"embeddable":true,"href":"https:\/\/blog.espol.edu.ec\/oscartandazo\/wp-json\/wp\/v2\/users\/6957"}],"replies":[{"embeddable":true,"href":"https:\/\/blog.espol.edu.ec\/oscartandazo\/wp-json\/wp\/v2\/comments?post=153"}],"version-history":[{"count":19,"href":"https:\/\/blog.espol.edu.ec\/oscartandazo\/wp-json\/wp\/v2\/pages\/153\/revisions"}],"predecessor-version":[{"id":157,"href":"https:\/\/blog.espol.edu.ec\/oscartandazo\/wp-json\/wp\/v2\/pages\/153\/revisions\/157"}],"wp:attachment":[{"href":"https:\/\/blog.espol.edu.ec\/oscartandazo\/wp-json\/wp\/v2\/media?parent=153"}],"curies":[{"name":"wp","href":"https:\/\/api.w.org\/{rel}","templated":true}]}}