{"id":38,"date":"2011-07-12T06:29:34","date_gmt":"2011-07-12T11:29:34","guid":{"rendered":"http:\/\/blog.espol.edu.ec\/ottosantos\/?page_id=38"},"modified":"2011-07-12T06:29:34","modified_gmt":"2011-07-12T11:29:34","slug":"grandes-historias-barcelonistas","status":"publish","type":"page","link":"https:\/\/blog.espol.edu.ec\/ottosantos\/grandes-historias-barcelonistas\/","title":{"rendered":"Grandes Historias Barcelonistas"},"content":{"rendered":"<h1 style=\"text-align: center\"><span style=\"color: #ff6600\"><span style=\"text-decoration: underline\">Haza\u00f1a en la plata<\/span><\/span><\/h1>\n<div><a href=\"http:\/\/blog.espol.edu.ec\/ottosantos\/files\/2011\/07\/laplata.jpg\"><img loading=\"lazy\" decoding=\"async\" class=\"aligncenter size-medium wp-image-39\" title=\"laplata\" src=\"http:\/\/blog.espol.edu.ec\/ottosantos\/files\/2011\/07\/laplata-300x200.jpg\" alt=\"Gol de Juan Manuel Bazurco\" width=\"300\" height=\"200\" srcset=\"https:\/\/blog.espol.edu.ec\/ottosantos\/files\/2011\/07\/laplata-300x200.jpg 300w, https:\/\/blog.espol.edu.ec\/ottosantos\/files\/2011\/07\/laplata.jpg 480w\" sizes=\"auto, (max-width: 300px) 100vw, 300px\" \/><\/a><br \/>\nDurante la larga historia del club y tras memorables                                    jornadas, y debido a su estilo habilidad, virtuosismo,                                    o personalidad en la cancha, muchos de sus jugadores                                    se han convertido en figuras, y sus actuaciones                                    permanecen a\u00fan en las retinas de los                                    barcelonistas.<br \/>\nEn la \u00e9poca amateur por ejemplo, mucho                                    se habl\u00f3 del talento de Manuel Murillo                                    en el medio campo y Rigoberto Aguirre en el                                    arco de Barcelona.<\/p>\n<p>Otra jornada inolvidable en la historia del                                    \"\u00cddolo\" ocurri\u00f3 durante                                    su participaci\u00f3n en la Copa Libertadores                                    de Am\u00e9rica de 1971, cuando en semifinales                                    se enfrent\u00f3 al m\u00edtico equipo de                                    Estudiantes de La Plata, que se encontraba en                                    una racha de tres campeonatos<\/p>\n<p>Continentales sucesivos, y un invicto de cuatro                                    a\u00f1os consecutivos en casa en Copa Libertadores.                                    Barcelona lo derrot\u00f3 1-0 en Argentina,                                    con el del espa\u00f1ol Juan Manuel Bazurco,                                    ante un pase del ecuatoriano Alberto Spencer,                                    otra gloria de Barcelona, que se mantiene hasta                                    nuestros d\u00edas como el m\u00e1ximo goleador                                    de la Copa Libertadores.<\/p>\n<h1 style=\"text-align: center\"><span style=\"color: #ff9900\">2 Veces Vicecampe\u00f2n<\/span><\/h1>\n<h3><span style=\"color: #ff9900\">Finalista Copa Libertadores 1990<\/span><\/h3>\n<p>Barcelona hab\u00eda                                          hecho contrataciones extranjeras de alt\u00edsimo                                          nivel como Marcelo Trobbiani un ex mundialista,                                          campe\u00f3n con Argentina en M\u00e9xico                                          86, Mario Saralegui campe\u00f3n de                                          la Libertadores e Intercontinental con                                          Pe\u00f1arol, campe\u00f3n de Copa                                          Am\u00e9rica con Uruguay y mucho otros                                          t\u00edtulos mas, y por ultimo Lu\u00eds                                          Alberto Acosta que hab\u00eda ganado                                          la Copa Am\u00e9rica con Saralegui en                                          el 83.El                                          \u00cddolo empez\u00f3 empatando a                                          0 en el monumental, pero se recupero ganando                                          sus dos partidos de local a los bolivianos                                          The Strongest 1 a 0 y a Oriente Petrolero                                          2 a 1, ya en los partidos de revancha                                          empato a 1 contra Oriente Petrolero y                                          pierde 2 a 1 en la altura de La Paz 2                                          a 1 y contra Emelec perdi\u00f3 3 a                                          1. Pero hubo un empate entre Oriente Petrolero                                          y Barcelona que tuvieron que jugarse dos                                          partidos mas aqu\u00ed el \u00cddolo                                          venci\u00f3 3 a 1 y en Santa Cruz perdi\u00f3                                          3 a 2, ya en los penales Morales se consagro                                          tapando dos penales y dando la clasificaci\u00f3n.<\/p>\n<p>En                                          la segunda fase Barcelona se topa con                                          Progreso de Uruguay y lo vence aqu\u00ed                                          2 a 0 y en la revancha bajo un aguacero                                          torrencial y con un golazo de media cancha                                          de J Izquierdo empato 2 a 2, luego Barcelona                                          se topo con su eterno rival Emelec empatando                                          el primer partido en el modelo a 0, luego                                          en su campo, Barcelona hizo sentir su                                          condici\u00f3n de local y con un golazo                                          de Uquillas elimino a Emelec, cabe recalcar                                          que con el marcador en blanco Morales                                          le atajo un penal a Russo.<\/p>\n<p>Ya                                          en semifinal se topo contra el poderoso                                          River Plate, en Buenos Aires cae el \u00cddolo                                          1 a 0 y Morales volvi\u00f3 a tapar                                          un penal y esta vez al infalible Serrizuela,                                          en el partido de vuelta Barcelona gano                                          1 a 0 con gol de penal de Acosta, y en                                          la serie de penales para definir quien                                          iba a la final Morales le vuelve a tapar                                          a Serrizuela, el gran triunfo del f\u00fatbol                                          ecuatoriano se vio cuando Polillita Da                                          Silva estrell\u00f3 su lanzamiento de                                          penalti en el horizontal.En                                          la final Barcelona perdi\u00f3 en Asunci\u00f3n                                          2 a 0 con goles de Amarilla y Samaniego,                                          y en Guayaquil empato a 1, en un partido                                          que constituyo en una demostraci\u00f3n                                          soberbia de balompi\u00e9 de barcelonistas.                                          Los notorios errores del arbitro Juan                                          Carlos Loustau que le anul\u00f3 un                                          gol leg\u00edtimo a Manuel Uquillas                                          y que no hizo repetir un penal a Acosta                                          cuando Almeida se adelanto cinco metros.                                          El 1 a 1 priv\u00f3 al f\u00fatbol                                          ecuatoriano de ganar la Copa Libertadores<\/p>\n<p><a href=\"http:\/\/blog.espol.edu.ec\/ottosantos\/files\/2011\/07\/t_vicecampeonato1.jpg\"><img loading=\"lazy\" decoding=\"async\" class=\"aligncenter size-medium wp-image-44\" title=\"Semifinal contra River Plate\" src=\"http:\/\/blog.espol.edu.ec\/ottosantos\/files\/2011\/07\/t_vicecampeonato1-300x93.jpg\" alt=\"\" width=\"300\" height=\"93\" srcset=\"https:\/\/blog.espol.edu.ec\/ottosantos\/files\/2011\/07\/t_vicecampeonato1-300x93.jpg 300w, https:\/\/blog.espol.edu.ec\/ottosantos\/files\/2011\/07\/t_vicecampeonato1.jpg 327w\" sizes=\"auto, (max-width: 300px) 100vw, 300px\" \/><\/a><\/p>\n<h3><span style=\"color: #ff9900\">Finalista Copa Libertadores 1998<\/span><\/h3>\n<p>on Xavier                                          Paulson de presidente, Rub\u00e9n Dar\u00edo                                          Ins\u00f9a como entrenador Barcelona                                          empez\u00f3 la copa libertadores edici\u00f3n                                          1998 sin ninguna expectativa, con contrataciones                                          como el armador paraguayo Gustavo Sotelo,                                          el argentino Rey que no habr\u00eda                                          de responder a la paciencia que con el                                          se tuvo, con Anthony De \u00c1vila y                                          sin poder retener a Antonio Etcheverry,                                          el panorama no era muy alentador.La                                          campa\u00f1a empez\u00f3 empatando                                          en casa 0 a 0 con el Deportivo Quito,                                          luego aqu\u00ed contra el Bucaramanga                                          gano Barcelona 2 a 0, despu\u00e9s venci\u00f3                                          a un poderoso Am\u00e9rica de Cali 1                                          a 0 en Guayaquil, saco un valioso empate                                          en Quito 1 a 1, y en Cali el mismo resultado,                                          y perdi\u00f3 contra el Bucaramanga                                          de visitante con jugadores reservas que                                          hab\u00eda puesto Ins\u00f9a.<\/p>\n<p>En                                          la segunda etapa se enfrento a uno grande,                                          Colo Colo de Chile, en Guayaquil lo vencimos                                          2 a 0, y en Santiago una noche inolvidable                                          y la dupla Asencio-Delgado destrozo a                                          los defensas araucanos y un funcionamiento                                          t\u00e1ctico perfecto hecho por Ins\u00f9a.                                          Luego se vino la gran temible altura de                                          La Paz contra el Bol\u00edvar, con gran                                          actuaci\u00f3n de Fricson George, empato                                          1 a 1, el partido de revancha en Guayaquil                                          BSC gano, goleo y gusto con un contundente                                          4 a 0.<\/p>\n<p>Ya                                          en semifinal el \u00cddolo se topo con                                          un gran escollo como Cerro Porte\u00f1o,                                          gan\u00e1ndole apretado aqu\u00ed                                          1 a 0, en Asunci\u00f3n yendo perdiendo                                          2 a 0 el Coco Aires pone el tan esperado                                          2 a 1 que nos envi\u00f3 a los penales,                                          y con una dram\u00e1tica definici\u00f3n                                          y con un Pepe Pancho inspirado llegamos                                          por segunda vez a la final.<\/p>\n<p>En                                          la final nos topamos a Vasco da Gama,                                          en Brasil el \u00eddolo perdi\u00f3                                          2 a 0, ah\u00ed se vio que el equipo                                          brasilero era mejor que nosotros, y lo                                          revalid\u00f3 en Guayaquil, sin embargo                                          Barcelona dejo todo en la cancha pero                                          perdimos 2 a 1. Nadie esperaba ver al                                          \u00cddolo en la final pero como siempre                                          a lo Barcelona sorprendi\u00f3 a todos\u2026                                          por eso eres \u00cddolo.<\/p>\n<p>1998.-                                          DT:\u00a0\u00a0\u00a0\u00a0 Rub\u00e9n                                          Dar\u00edo Ins\u00f9a<\/p>\n<p><a href=\"http:\/\/blog.espol.edu.ec\/ottosantos\/files\/2011\/07\/t_vicecampeonato2.jpg\"><img loading=\"lazy\" decoding=\"async\" class=\"aligncenter size-medium wp-image-45\" title=\"Equipo en la Final del 1998\" src=\"http:\/\/blog.espol.edu.ec\/ottosantos\/files\/2011\/07\/t_vicecampeonato2-300x129.jpg\" alt=\"\" width=\"300\" height=\"129\" srcset=\"https:\/\/blog.espol.edu.ec\/ottosantos\/files\/2011\/07\/t_vicecampeonato2-300x129.jpg 300w, https:\/\/blog.espol.edu.ec\/ottosantos\/files\/2011\/07\/t_vicecampeonato2.jpg 340w\" sizes=\"auto, (max-width: 300px) 100vw, 300px\" \/><\/a><\/p>\n<\/div>\n","protected":false},"excerpt":{"rendered":"<p>Haza\u00f1a en la plata Durante la larga historia del club y tras memorables jornadas, y debido a su estilo habilidad, virtuosismo, o personalidad en la cancha, muchos de sus jugadores se han convertido en figuras, y sus actuaciones permanecen a\u00fan en las retinas de los barcelonistas. En la \u00e9poca amateur por ejemplo, mucho se habl\u00f3 [&hellip;]<\/p>\n","protected":false},"author":6597,"featured_media":0,"parent":0,"menu_order":0,"comment_status":"open","ping_status":"open","template":"","meta":{"footnotes":""},"class_list":["post-38","page","type-page","status-publish","hentry"],"_links":{"self":[{"href":"https:\/\/blog.espol.edu.ec\/ottosantos\/wp-json\/wp\/v2\/pages\/38","targetHints":{"allow":["GET"]}}],"collection":[{"href":"https:\/\/blog.espol.edu.ec\/ottosantos\/wp-json\/wp\/v2\/pages"}],"about":[{"href":"https:\/\/blog.espol.edu.ec\/ottosantos\/wp-json\/wp\/v2\/types\/page"}],"author":[{"embeddable":true,"href":"https:\/\/blog.espol.edu.ec\/ottosantos\/wp-json\/wp\/v2\/users\/6597"}],"replies":[{"embeddable":true,"href":"https:\/\/blog.espol.edu.ec\/ottosantos\/wp-json\/wp\/v2\/comments?post=38"}],"version-history":[{"count":9,"href":"https:\/\/blog.espol.edu.ec\/ottosantos\/wp-json\/wp\/v2\/pages\/38\/revisions"}],"predecessor-version":[{"id":50,"href":"https:\/\/blog.espol.edu.ec\/ottosantos\/wp-json\/wp\/v2\/pages\/38\/revisions\/50"}],"wp:attachment":[{"href":"https:\/\/blog.espol.edu.ec\/ottosantos\/wp-json\/wp\/v2\/media?parent=38"}],"curies":[{"name":"wp","href":"https:\/\/api.w.org\/{rel}","templated":true}]}}