{"id":16,"date":"2021-10-13T19:16:14","date_gmt":"2021-10-13T17:16:14","guid":{"rendered":"http:\/\/blog.espol.edu.ec\/controlprocesos\/?page_id=16"},"modified":"2023-10-29T22:39:13","modified_gmt":"2023-10-29T21:39:13","slug":"practicas","status":"publish","type":"page","link":"https:\/\/blog.espol.edu.ec\/paafiec\/practicas\/","title":{"rendered":"Actividades"},"content":{"rendered":"<div id=\"pl-16\"  class=\"panel-layout\" ><div id=\"pg-16-0\"  class=\"panel-grid panel-no-style\" ><div id=\"pgc-16-0-0\"  class=\"panel-grid-cell\" ><div id=\"panel-16-0-0-0\" class=\"so-panel widget widget_sow-accordion panel-first-child panel-last-child\" data-index=\"0\" ><div\n\t\t\t\n\t\t\tclass=\"so-widget-sow-accordion so-widget-sow-accordion-default-99be652ed941-16\"\n\t\t\t\n\t\t><div>\n\t<div class=\"sow-accordion\">\n\t\t\t<div class=\"sow-accordion-panel\n\t\t\t\t\"\n\t\t\tdata-anchor-id=\"practicas\">\n\t\t\t\t<div class=\"sow-accordion-panel-header-container\" role=\"heading\" aria-level=\"2\">\n\t\t\t\t\t<div class=\"sow-accordion-panel-header\" tabindex=\"0\" role=\"button\" id=\"accordion-label-practicas\" aria-controls=\"accordion-content-practicas\" aria-expanded=\"false\">\n\t\t\t\t\t\t<div class=\"sow-accordion-title sow-accordion-title-icon-left\">\n\t\t\t\t\t\t\t\t\t\t\t\t\t\tPRACTICAS\t\t\t\t\t\t\t\t\t\t\t\t\t<\/div>\n\t\t\t\t\t\t<div class=\"sow-accordion-open-close-button\">\n\t\t\t\t\t\t\t<div class=\"sow-accordion-open-button\">\n\t\t\t\t\t\t\t\t<span class=\"sow-icon-ionicons\" data-sow-icon=\"&#xf218;\"\n\t\t \n\t\taria-hidden=\"true\"><\/span>\t\t\t\t\t\t\t<\/div>\n\t\t\t\t\t\t\t<div class=\"sow-accordion-close-button\">\n\t\t\t\t\t\t\t\t<span class=\"sow-icon-ionicons\" data-sow-icon=\"&#xf209;\"\n\t\t \n\t\taria-hidden=\"true\"><\/span>\t\t\t\t\t\t\t<\/div>\n\t\t\t\t\t\t<\/div>\n\t\t\t\t\t<\/div>\n\t\t\t\t<\/div>\n\n\t\t\t<div\n\t\t\t\tclass=\"sow-accordion-panel-content\"\n\t\t\t\trole=\"region\"\n\t\t\t\taria-labelledby=\"accordion-label-practicas\"\n\t\t\t\tid=\"accordion-content-practicas\"\n\t\t\t\tstyle=\"display: none;\"\t\t\t>\n\t\t\t\t<div class=\"sow-accordion-panel-border\">\n\t\t\t\t\t<p><a href=\"http:\/\/blog.espol.edu.ec\/paafiec\/files\/2022\/02\/Pr\u00e1ctica-1-Programaci\u00f3n-aplicada.docx\">Pr\u00e1ctica 1 Programaci\u00f3n aplicada<\/a><\/p>\n<p><a href=\"http:\/\/blog.espol.edu.ec\/paafiec\/files\/2022\/02\/Pr\u00e1ctica-2-Programaci\u00f3n-aplicada-V2.docx\">Pr\u00e1ctica 2 Programaci\u00f3n aplicada V2<\/a><\/p>\n<p><a href=\"http:\/\/blog.espol.edu.ec\/paafiec\/files\/2022\/02\/Pr\u00e1ctica-3-Programaci\u00f3n-aplicada.docx\">Pr\u00e1ctica 3 Programaci\u00f3n aplicada<\/a><\/p>\n<p><a href=\"http:\/\/blog.espol.edu.ec\/paafiec\/files\/2023\/10\/Pr\u00e1ctica-4-Programaci\u00f3n-aplicada-2023.docx\">Pr\u00e1ctica 4 Programaci\u00f3n aplicada<\/a><\/p>\n<p><a href=\"http:\/\/blog.espol.edu.ec\/paafiec\/files\/2022\/02\/Pr\u00e1ctica-5-Programaci\u00f3n-aplicada.docx\">Pr\u00e1ctica 5 Programaci\u00f3n aplicada<\/a><\/p>\n<p><a href=\"http:\/\/blog.espol.edu.ec\/paafiec\/files\/2022\/02\/Pr\u00e1ctica-6-Programaci\u00f3n-aplicada.docx\">Pr\u00e1ctica 6 Programaci\u00f3n aplicada<\/a><\/p>\n<p><a href=\"http:\/\/blog.espol.edu.ec\/paafiec\/files\/2022\/02\/Pr\u00e1ctica-7-Programaci\u00f3n-aplicada.docx\">Pr\u00e1ctica 7 Programaci\u00f3n aplicada<\/a><\/p>\n<p><a href=\"http:\/\/blog.espol.edu.ec\/paafiec\/files\/2022\/02\/Pr\u00e1ctica-8-Programaci\u00f3n-aplicada.docx\">Pr\u00e1ctica 8 Programaci\u00f3n aplicada<\/a><\/p>\n<p><a href=\"http:\/\/blog.espol.edu.ec\/paafiec\/files\/2022\/07\/Pr\u00e1ctica-9-Programaci\u00f3n-aplicada.docx\">Pr\u00e1ctica 9 Programaci\u00f3n aplicada<\/a><\/p>\n<p><a href=\"http:\/\/blog.espol.edu.ec\/paafiec\/files\/2022\/02\/Pr\u00e1ctica-10-Programaci\u00f3n-aplicada.docx\">Pr\u00e1ctica 10 Programaci\u00f3n aplicada<\/a><\/p>\n<p><a href=\"http:\/\/blog.espol.edu.ec\/paafiec\/files\/2022\/08\/Pr\u00e1ctica-11-Programaci\u00f3n-aplicada-V2.docx\">Pr\u00e1ctica 11 Programaci\u00f3n aplicada<\/a><\/p>\n<p><a href=\"http:\/\/blog.espol.edu.ec\/paafiec\/files\/2023\/01\/Practica-12-Comunicaci\u00f3n-Serial-y-BD-1.docx\">Practica 12 Comunicaci\u00f3n Serial y BD<\/a><\/p>\n<p><a href=\"https:\/\/espolec-my.sharepoint.com\/:u:\/g\/personal\/livalmir_espol_edu_ec\/EXSCmjwJVgFNqHz3Wp2P1goBmBNMoETJa8ewTpjmVKj_gA?e=VAIfUD\">BD Y ARDUINO<\/a><\/p>\n\t\t\t\t<\/div>\n\t\t\t<\/div>\n\t\t<\/div>\n\t\t\t<div class=\"sow-accordion-panel\n\t\t\t\t\"\n\t\t\tdata-anchor-id=\"prepracticas\">\n\t\t\t\t<div class=\"sow-accordion-panel-header-container\" role=\"heading\" aria-level=\"2\">\n\t\t\t\t\t<div class=\"sow-accordion-panel-header\" tabindex=\"0\" role=\"button\" id=\"accordion-label-prepracticas\" aria-controls=\"accordion-content-prepracticas\" aria-expanded=\"false\">\n\t\t\t\t\t\t<div class=\"sow-accordion-title sow-accordion-title-icon-left\">\n\t\t\t\t\t\t\t\t\t\t\t\t\t\tPREPRACTICAS\t\t\t\t\t\t\t\t\t\t\t\t\t<\/div>\n\t\t\t\t\t\t<div class=\"sow-accordion-open-close-button\">\n\t\t\t\t\t\t\t<div class=\"sow-accordion-open-button\">\n\t\t\t\t\t\t\t\t<span class=\"sow-icon-ionicons\" data-sow-icon=\"&#xf218;\"\n\t\t \n\t\taria-hidden=\"true\"><\/span>\t\t\t\t\t\t\t<\/div>\n\t\t\t\t\t\t\t<div class=\"sow-accordion-close-button\">\n\t\t\t\t\t\t\t\t<span class=\"sow-icon-ionicons\" data-sow-icon=\"&#xf209;\"\n\t\t \n\t\taria-hidden=\"true\"><\/span>\t\t\t\t\t\t\t<\/div>\n\t\t\t\t\t\t<\/div>\n\t\t\t\t\t<\/div>\n\t\t\t\t<\/div>\n\n\t\t\t<div\n\t\t\t\tclass=\"sow-accordion-panel-content\"\n\t\t\t\trole=\"region\"\n\t\t\t\taria-labelledby=\"accordion-label-prepracticas\"\n\t\t\t\tid=\"accordion-content-prepracticas\"\n\t\t\t\tstyle=\"display: none;\"\t\t\t>\n\t\t\t\t<div class=\"sow-accordion-panel-border\">\n\t\t\t\t\t<p><a href=\"http:\/\/blog.espol.edu.ec\/paafiec\/files\/2022\/02\/Prepr\u00e1ctica-1-Programaci\u00f3n-aplicada.docx\">Prepr\u00e1ctica 1 Programaci\u00f3n aplicada<\/a><\/p>\n<p><a style=\"font-size: 1rem\" href=\"http:\/\/blog.espol.edu.ec\/paafiec\/files\/2022\/02\/Prepr\u00e1ctica-2-Programaci\u00f3n-aplicada.docx\">Prepr\u00e1ctica 2 Programaci\u00f3n aplicada<\/a><\/p>\n<p><a href=\"http:\/\/blog.espol.edu.ec\/paafiec\/files\/2022\/02\/Prepr\u00e1ctica-3-Programaci\u00f3n-aplicada.docx\">Prepr\u00e1ctica 3 Programaci\u00f3n aplicada<\/a><\/p>\n<p><a style=\"font-size: 1rem\" href=\"http:\/\/blog.espol.edu.ec\/paafiec\/files\/2022\/02\/Prepr\u00e1ctica-4-Programaci\u00f3n-aplicada.docx\">Prepr\u00e1ctica 4 Programaci\u00f3n aplicada<\/a><\/p>\n<p><a href=\"http:\/\/blog.espol.edu.ec\/paafiec\/files\/2022\/02\/Prepr\u00e1ctica-5-Programaci\u00f3n-aplicada.docx\">Prepr\u00e1ctica 5 Programaci\u00f3n aplicada<\/a><\/p>\n<p><a style=\"font-size: 1rem\" href=\"http:\/\/blog.espol.edu.ec\/paafiec\/files\/2022\/02\/Prepr\u00e1ctica-6-Programaci\u00f3n-aplicada.docx\">Prepr\u00e1ctica 6 Programaci\u00f3n aplicada<\/a><\/p>\n<p><a href=\"http:\/\/blog.espol.edu.ec\/paafiec\/files\/2022\/02\/Prepr\u00e1ctica-7-Programaci\u00f3n-aplicada-Alexander.docx\">Prepr\u00e1ctica 7 Programaci\u00f3n aplicada<\/a><\/p>\n<p><a href=\"http:\/\/blog.espol.edu.ec\/paafiec\/files\/2022\/02\/Prepr\u00e1ctica-8-Programaci\u00f3n-aplicada.docx\">Prepr\u00e1ctica 8 Programaci\u00f3n aplicada<\/a><\/p>\n<p><a href=\"http:\/\/blog.espol.edu.ec\/paafiec\/files\/2022\/07\/Prepr\u00e1ctica-9-Programaci\u00f3n-aplicada.docx\">Prepr\u00e1ctica 9 Programaci\u00f3n aplicada<\/a><\/p>\n<p><a href=\"http:\/\/blog.espol.edu.ec\/paafiec\/files\/2022\/07\/Prepr\u00e1ctica-10-Programaci\u00f3n-aplicada-nueva.docx\">Prepr\u00e1ctica 10 Programaci\u00f3n aplicada<\/a><\/p>\n<p>Prepr\u00e1ctica 11 Programaci\u00f3n aplicada<\/p>\n<p><a href=\"http:\/\/blog.espol.edu.ec\/paafiec\/files\/2022\/08\/Prepr\u00e1ctica-12-Programaci\u00f3n-aplicada.docx\">Prepr\u00e1ctica 12 Programaci\u00f3n aplicada<\/a><\/p>\n<p><a href=\"https:\/\/espolec-my.sharepoint.com\/:u:\/g\/personal\/livalmir_espol_edu_ec\/EbG7LLfnZHFFlnlX0MgR5McB1Pgvn2iIOVJQmNRQowQ23A?e=rbS0Fg\">Prepractica12 - Sqlite<\/a><\/p>\n\t\t\t\t<\/div>\n\t\t\t<\/div>\n\t\t<\/div>\n\t\t<\/div>\n<\/div>\n<\/div><\/div><\/div><\/div><\/div>","protected":false},"excerpt":{"rendered":"<p>PRACTICAS Pr\u00e1ctica 1 Programaci\u00f3n aplicada Pr\u00e1ctica 2 Programaci\u00f3n aplicada V2 Pr\u00e1ctica 3 Programaci\u00f3n aplicada Pr\u00e1ctica 4 Programaci\u00f3n aplicada Pr\u00e1ctica 5 Programaci\u00f3n aplicada Pr\u00e1ctica 6 Programaci\u00f3n aplicada Pr\u00e1ctica 7 Programaci\u00f3n aplicada Pr\u00e1ctica 8 Programaci\u00f3n aplicada Pr\u00e1ctica 9 Programaci\u00f3n aplicada Pr\u00e1ctica 10 Programaci\u00f3n aplicada Pr\u00e1ctica 11 Programaci\u00f3n aplicada Practica 12 Comunicaci\u00f3n Serial y BD BD Y ARDUINO &hellip; <\/p>\n<p class=\"link-more\"><a href=\"https:\/\/blog.espol.edu.ec\/paafiec\/practicas\/\" class=\"more-link\">Continuar leyendo<span class=\"screen-reader-text\"> \"Actividades\"<\/span><\/a><\/p>\n","protected":false},"author":3247,"featured_media":0,"parent":0,"menu_order":0,"comment_status":"closed","ping_status":"closed","template":"","meta":{"footnotes":""},"class_list":["post-16","page","type-page","status-publish","hentry"],"_links":{"self":[{"href":"https:\/\/blog.espol.edu.ec\/paafiec\/wp-json\/wp\/v2\/pages\/16","targetHints":{"allow":["GET"]}}],"collection":[{"href":"https:\/\/blog.espol.edu.ec\/paafiec\/wp-json\/wp\/v2\/pages"}],"about":[{"href":"https:\/\/blog.espol.edu.ec\/paafiec\/wp-json\/wp\/v2\/types\/page"}],"author":[{"embeddable":true,"href":"https:\/\/blog.espol.edu.ec\/paafiec\/wp-json\/wp\/v2\/users\/3247"}],"replies":[{"embeddable":true,"href":"https:\/\/blog.espol.edu.ec\/paafiec\/wp-json\/wp\/v2\/comments?post=16"}],"version-history":[{"count":25,"href":"https:\/\/blog.espol.edu.ec\/paafiec\/wp-json\/wp\/v2\/pages\/16\/revisions"}],"predecessor-version":[{"id":316,"href":"https:\/\/blog.espol.edu.ec\/paafiec\/wp-json\/wp\/v2\/pages\/16\/revisions\/316"}],"wp:attachment":[{"href":"https:\/\/blog.espol.edu.ec\/paafiec\/wp-json\/wp\/v2\/media?parent=16"}],"curies":[{"name":"wp","href":"https:\/\/api.w.org\/{rel}","templated":true}]}}