{"id":1,"date":"2009-06-02T23:06:32","date_gmt":"2009-06-03T03:06:32","guid":{"rendered":""},"modified":"2009-06-30T21:15:12","modified_gmt":"2009-07-01T01:15:12","slug":"about","status":"publish","type":"page","link":"https:\/\/blog.espol.edu.ec\/pabloelayana6\/about\/","title":{"rendered":"Acerca de pabs_blog"},"content":{"rendered":"<p><img loading=\"lazy\" decoding=\"async\" class=\"alignleft size-full wp-image-32\" src=\"http:\/\/blog.espol.edu.ec\/pabloelayana6\/files\/2009\/06\/2h5lh5k.jpg\" alt=\"Rock\" width=\"670\" height=\"418\" srcset=\"https:\/\/blog.espol.edu.ec\/pabloelayana6\/files\/2009\/06\/2h5lh5k.jpg 945w, https:\/\/blog.espol.edu.ec\/pabloelayana6\/files\/2009\/06\/2h5lh5k-300x187.jpg 300w\" sizes=\"auto, (max-width: 670px) 100vw, 670px\" \/><\/p>\n<p style=\"text-align: justify\">\n<p style=\"text-align: justify\">\n<p style=\"text-align: justify\">\n<p style=\"text-align: justify\">\n<p style=\"text-align: justify\">\n<p style=\"text-align: justify\">\n<p style=\"text-align: justify\">\n<p style=\"text-align: justify\">\n<p style=\"text-align: justify\">\n<p><a title=\"View Proyecto de vida on Scribd\" href=\"http:\/\/www.scribd.com\/doc\/16982207\/Proyecto-de-vida\">Proyecto de vida<\/a> <object width=\"100%\" height=\"500\" data=\"http:\/\/d.scribd.com\/ScribdViewer.swf?document_id=16982207&amp;access_key=key-1ozoeud0c5l5xgu19add&amp;page=1&amp;version=1&amp;viewMode=\" type=\"application\/x-shockwave-flash\"><param name=\"id\" value=\"doc_549198246549763\" \/><param name=\"name\" value=\"doc_549198246549763\" \/><param name=\"align\" value=\"middle\" \/><param name=\"quality\" value=\"high\" \/><param name=\"play\" value=\"true\" \/><param name=\"loop\" value=\"true\" \/><param name=\"scale\" value=\"showall\" \/><param name=\"wmode\" value=\"opaque\" \/><param name=\"devicefont\" value=\"false\" \/><param name=\"bgcolor\" value=\"#ffffff\" \/><param name=\"menu\" value=\"true\" \/><param name=\"allowFullScreen\" value=\"true\" \/><param name=\"allowScriptAccess\" value=\"always\" \/><param name=\"src\" value=\"http:\/\/d.scribd.com\/ScribdViewer.swf?document_id=16982207&amp;access_key=key-1ozoeud0c5l5xgu19add&amp;page=1&amp;version=1&amp;viewMode=\" \/><param name=\"allowfullscreen\" value=\"true\" \/><\/object><\/p>\n<p>Este blog esta dirigido a todas aquellas persoans, punkeras, metallikeras, rockeras y personas en general a excepci\u00f3n de los emos.. Y en especial a mis amigos y seres queridos que quieren sabeer algo m\u00e1s de mi...<\/p>\n<p style=\"text-align: justify\">Que puedo decir de mi, bueno soy una persona super chevere, rockero metallikero, me gusta salir con mis amigos, amigas a joder un rato como se podria decir, ver pel\u00edculas, leer, ver videos anime... etc...etc.... Actualmente estoy estudiando en la Espol, sigo la carrera de Ingeneria en electricidad especializaci\u00f3n electr\u00f3nica y automatizaci\u00f3n industrial, bueno este es mi primer semestre y por ahora todo bien.<\/p>\n<p style=\"text-align: justify\">\n<p>Entre mis grupos favoritos est\u00e1n Metallica, Ill nino... bueno en si todo lo que sea rock, y atraves del tiempo ver\u00e1n en el blog un poco de rock, metal los mejores conciertos, curiosidades, entre otras cosas, si tienen alguna sugerencia sobre algun tema que quisieran saber mi correo es playana@espol.edu.ec\u00a0\u00a0 \u00f3\u00a0 mas r\u00e1pido me encuentran en pablo_layana@hotmail.com<\/p>\n<p style=\"text-align: center\"><img loading=\"lazy\" decoding=\"async\" class=\"size-full wp-image-40 aligncenter\" src=\"http:\/\/blog.espol.edu.ec\/pabloelayana6\/files\/2009\/06\/vobxrvtvmvq5.jpg\" alt=\"Rock Inmortal\" width=\"664\" height=\"615\" srcset=\"https:\/\/blog.espol.edu.ec\/pabloelayana6\/files\/2009\/06\/vobxrvtvmvq5.jpg 400w, https:\/\/blog.espol.edu.ec\/pabloelayana6\/files\/2009\/06\/vobxrvtvmvq5-300x278.jpg 300w\" sizes=\"auto, (max-width: 664px) 100vw, 664px\" \/><\/p>\n<p style=\"text-align: center\">\n<p><object width=\"673\" height=\"153\" data=\"http:\/\/www.goear.com\/files\/external.swf?file=5c33add\" type=\"application\/x-shockwave-flash\"><param name=\"src\" value=\"http:\/\/www.goear.com\/files\/external.swf?file=5c33add\" \/><param name=\"wmode\" value=\"transparent\" \/><param name=\"quality\" value=\"high\" \/><\/object><\/p>\n","protected":false},"excerpt":{"rendered":"<p>Proyecto de vida Este blog esta dirigido a todas aquellas persoans, punkeras, metallikeras, rockeras y personas en general a excepci\u00f3n de los emos.. Y en especial a mis amigos y seres queridos que quieren sabeer algo m\u00e1s de mi... Que puedo decir de mi, bueno soy una persona super chevere, rockero metallikero, me gusta salir [&hellip;]<\/p>\n","protected":false},"author":1946,"featured_media":0,"parent":0,"menu_order":0,"comment_status":"open","ping_status":"open","template":"","meta":{"footnotes":""},"class_list":["post-1","page","type-page","status-publish","hentry"],"_links":{"self":[{"href":"https:\/\/blog.espol.edu.ec\/pabloelayana6\/wp-json\/wp\/v2\/pages\/1","targetHints":{"allow":["GET"]}}],"collection":[{"href":"https:\/\/blog.espol.edu.ec\/pabloelayana6\/wp-json\/wp\/v2\/pages"}],"about":[{"href":"https:\/\/blog.espol.edu.ec\/pabloelayana6\/wp-json\/wp\/v2\/types\/page"}],"author":[{"embeddable":true,"href":"https:\/\/blog.espol.edu.ec\/pabloelayana6\/wp-json\/wp\/v2\/users\/1946"}],"replies":[{"embeddable":true,"href":"https:\/\/blog.espol.edu.ec\/pabloelayana6\/wp-json\/wp\/v2\/comments?post=1"}],"version-history":[{"count":6,"href":"https:\/\/blog.espol.edu.ec\/pabloelayana6\/wp-json\/wp\/v2\/pages\/1\/revisions"}],"predecessor-version":[{"id":13,"href":"https:\/\/blog.espol.edu.ec\/pabloelayana6\/wp-json\/wp\/v2\/pages\/1\/revisions\/13"}],"wp:attachment":[{"href":"https:\/\/blog.espol.edu.ec\/pabloelayana6\/wp-json\/wp\/v2\/media?parent=1"}],"curies":[{"name":"wp","href":"https:\/\/api.w.org\/{rel}","templated":true}]}}