{"id":1,"date":"2009-05-26T17:21:29","date_gmt":"2009-05-26T21:21:29","guid":{"rendered":""},"modified":"2009-07-02T11:44:11","modified_gmt":"2009-07-02T15:44:11","slug":"humor","status":"publish","type":"page","link":"https:\/\/blog.espol.edu.ec\/pacedeno\/humor\/","title":{"rendered":"Humor"},"content":{"rendered":"<p><strong>Sabes cu\u00e1les son los beneficios de la risa<\/strong><\/p>\n<p>Los expertos dicen que la risa tiene multiple ventajas:<\/p>\n<p>- Inmuniza contra la depresi\u00f3n y angustia.<\/p>\n<p>- Cuando uno se r\u00ede segrega m\u00e1s adrenalina, lo que potencia la creatividad y la imaginaci\u00f3n.<\/p>\n<p>- Al reir, el cerebro hace que nuestro cuerpo segregue endorfinas, sedantes naturales del cerebro similares a la morfina; esas segregaciones que actuan como drogas naturales que circulan por el organismo, resultan cientos de veces m\u00e1s fuertes que la hero\u00edna y la morfina, adem\u00e1s son gratuitas y no tienen efectos secundarios. Por eso cinco o seis minutos de risa continua act\u00faan como un analg\u00e9sico.<\/p>\n<p>- Al reirnos estamos haciendo ejercicio: Con cada carcajada se ponen en marcha cerca de 400 m\u00fasculos, incluidos algunos del est\u00f3mago que s\u00f3lo se pueden ejercitar con la risa.<\/p>\n<p>- Actua como un masaje: La columna vertebral y cervicales que es donde por lo general se acumulan tensiones, se estiran al reirnos. Adem\u00e1s se estimula el bazo y se eliminan las toxinas. Con este movimiento el diafragma origina un masaje interno que facilita la digesti\u00f3n y ayuda a reducir los \u00e1cidos grasos y las sustancias t\u00f3xicas.<\/p>\n<p>Sonrie y vivir\u00e1s m\u00e1s saludablemente, comienza por DISFRUTAR ESTOS VIDEOS!!!<\/p>\n<p>A continuaci\u00f3n presenta un video bastante simp\u00e1tico sobre porque las mujeres odian\u00a0el f\u00fatbol, ja ja ja, la verdad a veces tienen toda la raz\u00f3n para molestarse...<\/p>\n<p>&lt;a title=\"Bajaremos tambi\u00e9n videos de\" href=\"http:\/\/www.youtube.com\/watch?v=n1ZEBJSULk4<\/a><\/p>\n<p><object width=\"425\" height=\"344\"><param name=\"movie\" value=\"http:\/\/www.youtube.com\/v\/n1ZEBJSULk4&amp;hl=en&amp;fs=1&amp;\"><\/param><param name=\"allowFullScreen\" value=\"true\"><\/param><param name=\"allowscriptaccess\" value=\"always\"><\/param><embed src=\"http:\/\/www.youtube.com\/v\/n1ZEBJSULk4&amp;hl=en&amp;fs=1&amp;\" type=\"application\/x-shockwave-flash\" width=\"425\" height=\"344\"><\/embed><\/object><\/p>\n<p><object width=\"425\" height=\"344\"><param name=\"movie\" value=\"http:\/\/www.youtube.com\/v\/KmucapgdS5M&amp;hl=en&amp;fs=1&amp;\"><\/param><param name=\"allowFullScreen\" value=\"true\"><\/param><param name=\"allowscriptaccess\" value=\"always\"><\/param><embed src=\"http:\/\/www.youtube.com\/v\/KmucapgdS5M&amp;hl=en&amp;fs=1&amp;\" type=\"application\/x-shockwave-flash\" width=\"425\" height=\"344\"><\/embed><\/object><\/p>\n<p>LEANLO ESTA SUPER INTERESANTE EL SIGUIENTE DATO A MI<br \/>\nSE ME QUITARON LAS GANAS DE SEGUIR AYUDANDO... <\/p>\n<p>\u00a1PARA QUE ESTUDIAR!!!!!<\/p>\n<p>ALGUNA VEZ ESCUCHE, SI NO QUIERES QUE HAYA GENTE PIDIENDO DINERO EN LAS ESQUINAS NO LES DES DINERO  NI  SIQUIERA UN CENTAVO; POR FAVOR AYUDEMONOS, HAGAMOS GENTE PRODUCTIVA, NO DEPENDIENTE.! ADEMAS SON MUY MOLESTOS....Y HASTA SE ENOJAN.<\/p>\n<p>LIMOSNERO VS. PROFESIONALES.<\/p>\n<p>El siguiente, es el levantamiento de datos realizado<br \/>\npor un estudiante en Pr\u00e1ctica de Ingenier\u00eda:<\/p>\n<p>Un sem\u00e1foro cambia de estado, en promedio, cada 30 segundos(treinta segundos en rojo, treinta segundos en verde).<br \/>\nPor lo tanto, por cada minuto, un limosnero tiene 30 segundos de tiempo \u00fatil para lograr recibir un m\u00ednimo de $0.10 cent <\/p>\n<p>Con este esquema, en 1 hora de trabajo el limosnero habr\u00e1 recaudado: (60 minutos x $0.10\/minuto) = $6.00\/hora. Si el limosnero trabaja 8 horas por d\u00eda, descansando<br \/>\nlos domingos, da un promedio de 25 d\u00edas 'trabajados' por mes, lo que deja un ingreso<br \/>\nde:<br \/>\n(25 d\u00edas\/mes x 8 horas\/dia x $6.00\/hora) = $1200.00 al mes. <\/p>\n<p>\u00bfSer\u00e1 que \u00e9sta es una cuenta absurda...?<\/p>\n<p>Ahora bien, yo eh visto dar $0.10 o $0.25 y a los mas generosos los hasta<br \/>\n$0.50 (seguro creen ser mejores personas, mas bondadosas que las q dan $0.10).<\/p>\n<p>Sin embargo, vamos a ser conservadores y asumir que en realidad el limosnero s\u00f3lo recauda la mitad de la cuenta inicial,o sea: $3.00\/hora<\/p>\n<p>Haciendo nuevamente las cuentas tendremos un valor final de $600.00\/mes. Esto equivale al salario promedio bruto de un supervisor de Ingenier\u00eda, que se desempe\u00f1a en una empresa de mediano porte; trabajando 48 horas nominales por semana, y a\u00fan teniendo que ir los domingos a resolver los problemas de mantenimiento y otros....<\/p>\n<p>Am\u00e9n de las horas extras no remuneradas... <\/p>\n<p>De esta forma, cuando el limosnero recibe $0.05 (que no es raro), puede descansar tranquilo debajo de un \u00e1rbol por los pr\u00f3ximos 9 cambios de luz del sem\u00e1foro, y sin ning\u00fan jefe que lo joda, sin tener que redactar sus objetivos, sin evaluaciones etc....<\/p>\n<p>Pero hasta aqu\u00ed todo es teor\u00eda... ahora vamos al mundo real: Con estos datos en mano, fui a entrevistar a una mujer que pide limosnas y que siempre va a cambiar las monedas en una tienda de barrio (a los de las tiendas les encanta el suelto).<br \/>\nLe pregunt\u00e9 cu\u00e1nto recib\u00eda de limosna por d\u00eda; \u00bfSaben lo que me respondi\u00f3...? Pues la cuenta inicial estuvo bastante aproximada:<br \/>\n\u00a1\u00a1\u00a1Un promedio de $15.00 a $20.00 diarios!!!<br \/>\nCon esto nos queda un ingreso mensual de: (25 d\u00edas\/mes x $15.00\/d\u00eda) = $375.00\/mes o de: (25 d\u00edas\/mes x $20.00\/d\u00eda) = $500.00\/mes, lo que en promedio: da \u00a1\u00a1\u00a1$437.50\/mes!!!<br \/>\nY peor a\u00fan: ella me dijo que jam\u00e1s llega a trabajar ni siquiera 8 horas diarias...ni tampoco los 6 d\u00edas a la semana...<br \/>\nMORALEJA: \u00bfEs mejor ser limosnero que trabajar como Ingeniero? (O<br \/>\nCUALQUIER OTRO PROFESIONAL)... pedirlimosna es mas lucrativo.<\/p>\n<p>Ahhhh... \u00a1y no pagan impuestoooooos: ni IUSI, IVA, ISR, ni rentas de 1\u00aa, 2\u00aa, 3\u00aa, 4\u00aa, 5\u00aa, 6\u00aa, 7\u00aa, 8\u00aa, 9\u00aa,.....categor\u00eda!....<br \/>\nni han tenido que estudiar, practicar 'X' a\u00f1os, Ni hacer un CV.<br \/>\n<strong>Entonces: \u00bfTienes $0.10 que me regales?<\/strong><\/p>\n<p>PSDTA. NO SE LO TOMEN A PECHO, SIGAN ESTUDIANDO.... lastimosamente... ja ja ja <\/p>\n<p><object width=\"425\" height=\"344\"><param name=\"movie\" value=\"http:\/\/www.youtube.com\/v\/VHAsqMbEYbY&amp;hl=en&amp;fs=1&amp;\"><\/param><param name=\"allowFullScreen\" value=\"true\"><\/param><param name=\"allowscriptaccess\" value=\"always\"><\/param><embed src=\"http:\/\/www.youtube.com\/v\/VHAsqMbEYbY&amp;hl=en&amp;fs=1&amp;\" type=\"application\/x-shockwave-flash\" width=\"425\" height=\"344\"><\/embed><\/object><\/p>\n","protected":false},"excerpt":{"rendered":"<p>Sabes cu\u00e1les son los beneficios de la risa Los expertos dicen que la risa tiene multiple ventajas: - Inmuniza contra la depresi\u00f3n y angustia. - Cuando uno se r\u00ede segrega m\u00e1s adrenalina, lo que potencia la creatividad y la imaginaci\u00f3n. - Al reir, el cerebro hace que nuestro cuerpo segregue endorfinas, sedantes naturales del cerebro [&hellip;]<\/p>\n","protected":false},"author":1746,"featured_media":0,"parent":0,"menu_order":0,"comment_status":"open","ping_status":"open","template":"","meta":{"footnotes":""},"class_list":["post-1","page","type-page","status-publish","hentry"],"_links":{"self":[{"href":"https:\/\/blog.espol.edu.ec\/pacedeno\/wp-json\/wp\/v2\/pages\/1","targetHints":{"allow":["GET"]}}],"collection":[{"href":"https:\/\/blog.espol.edu.ec\/pacedeno\/wp-json\/wp\/v2\/pages"}],"about":[{"href":"https:\/\/blog.espol.edu.ec\/pacedeno\/wp-json\/wp\/v2\/types\/page"}],"author":[{"embeddable":true,"href":"https:\/\/blog.espol.edu.ec\/pacedeno\/wp-json\/wp\/v2\/users\/1746"}],"replies":[{"embeddable":true,"href":"https:\/\/blog.espol.edu.ec\/pacedeno\/wp-json\/wp\/v2\/comments?post=1"}],"version-history":[{"count":10,"href":"https:\/\/blog.espol.edu.ec\/pacedeno\/wp-json\/wp\/v2\/pages\/1\/revisions"}],"predecessor-version":[{"id":65,"href":"https:\/\/blog.espol.edu.ec\/pacedeno\/wp-json\/wp\/v2\/pages\/1\/revisions\/65"}],"wp:attachment":[{"href":"https:\/\/blog.espol.edu.ec\/pacedeno\/wp-json\/wp\/v2\/media?parent=1"}],"curies":[{"name":"wp","href":"https:\/\/api.w.org\/{rel}","templated":true}]}}