{"id":45,"date":"2009-07-02T06:58:39","date_gmt":"2009-07-02T10:58:39","guid":{"rendered":"http:\/\/blog.espol.edu.ec\/pacedeno\/?page_id=45"},"modified":"2009-07-02T12:13:13","modified_gmt":"2009-07-02T16:13:13","slug":"cultura-china","status":"publish","type":"page","link":"https:\/\/blog.espol.edu.ec\/pacedeno\/cultura-china\/","title":{"rendered":"Cultura China"},"content":{"rendered":"<div style=\"width:425px;text-align:left\" id=\"__ss_1674105\"><a href=\"http:\/\/www.slideshare.net\/Pacedeno\/b-e-i-j-i-n-g-g-a-r-d-e-n-i-n-g\" title=\"B E I J I N G  G A R D E N I N G\">B E I J I N G  G A R D E N I N G<\/a><object style=\"margin:0px\" width=\"425\" height=\"355\"><param name=\"movie\" value=\"http:\/\/static.slidesharecdn.com\/swf\/ssplayer2.swf?doc=beijinggardening-090702100738-phpapp02&amp;stripped_title=b-e-i-j-i-n-g-g-a-r-d-e-n-i-n-g\" \/><param name=\"allowFullScreen\"><param name=\"allowScriptAccess\"><embed src=\"http:\/\/static.slidesharecdn.com\/swf\/ssplayer2.swf?doc=beijinggardening-090702100738-phpapp02&amp;stripped_title=b-e-i-j-i-n-g-g-a-r-d-e-n-i-n-g\" type=\"application\/x-shockwave-flash\" width=\"425\" height=\"355\"><\/embed><\/object><\/p>\n<div style=\"font-size:11px;font-family:tahoma,arial;height:26px;padding-top:2px\">View more <a href=\"http:\/\/www.slideshare.net\/\">documents<\/a> from <a href=\"http:\/\/www.slideshare.net\/Pacedeno\">Pacedeno<\/a>.<\/div>\n<\/div>\n<p class=\"MsoNormal\" style=\"margin: 0cm 0cm 10pt\"><span style=\"font-size: 12pt\"><\/span><\/p>\n<p class=\"MsoNormal\" style=\"margin: 0cm 0cm 10pt\"><span style=\"font-size: 12pt\"><\/span><\/p>\n<p class=\"MsoNormal\" style=\"margin: 0cm 0cm 10pt\"><span style=\"font-size: 12pt\"><span style=\"font-family: Calibri\">La verdad he decidido poner esta p\u00e1gina dedicada a China por su cultura, costumbres y h\u00e1bitos muy diferentes que tienen a los nuestros. Adem\u00e1s porque en la actualidad estoy estudiando su idioma y si me ha parecido bastante interesante, aunque en ocasiones un poco confuso por el gran n\u00famero de caracteres que tienen.<span>\u00a0 <\/span>Semana a semana pondr\u00e9 una nueva entrada sobre todo acerca de su cultura. Enq caso que les interese alguna hecermelo llegar dejando un comentario en la parte inferior.<\/span><\/span><\/p>\n<p style=\"text-align: center\"><a href=\"http:\/\/images.google.com.ec\/imgres?imgurl=http:\/\/www.libertaddigital.tv\/images\/avatars\/uploads\/avatar_6912.gif&amp;imgrefurl=http:\/\/www.libertaddigital.tv\/ldtv.php\/foro\/member\/6912\/&amp;usg=__yFV3MxV2Ood5Yd6xK4Hju2QaBz8=&amp;h=160&amp;w=120&amp;sz=14&amp;hl=es&amp;start=7&amp;um=1&amp;tbnid=uKKRmftYkipBSM:&amp;tbnh=98&amp;tbnw=74&amp;prev=\/images%3Fq%3Dchinito%26hl%3Des%26sa%3DG%26um%3D1\"><img loading=\"lazy\" decoding=\"async\" class=\"aligncenter\" style=\"border: 1px solid\" src=\"http:\/\/tbn1.google.com\/images?q=tbn:uKKRmftYkipBSM:http:\/\/www.libertaddigital.tv\/images\/avatars\/uploads\/avatar_6912.gif\" alt=\"\" width=\"74\" height=\"98\" \/><\/a><\/p>\n<p class=\"MsoNormal\" style=\"margin: 0cm 0cm 10pt;text-align: center\" align=\"center\"><strong><span style=\"font-size: 12pt\"><span style=\"font-family: Calibri\">\u00a0<\/span><\/span><\/strong><\/p>\n<p class=\"MsoNormal\" style=\"margin: 0cm 0cm 10pt;text-align: center\" align=\"center\"><strong><span style=\"font-size: 12pt\"><span style=\"font-family: Calibri\">\u00bfSABES CU\u00c1L ES EL ALFABETO DE CHINA?<\/span><\/span><\/strong><\/p>\n<p class=\"MsoNormal\" style=\"margin: 0cm 0cm 10pt\"><span style=\"font-size: 12pt\"><span style=\"font-family: Calibri\">Bueno en realidad ellos no tienen un alfabeto como el nuestro, peor aun su escritura. El Hanyu Pinyin es el sistema de transcripci\u00f3n oficial del chino mandar\u00edn. En lugar de utilizarse los s\u00edmbolos chinos, se usan letras del alfabeto latino para escribir el \"sonido\" de las palabras chinas; es decir utilizan su lenguaje fon\u00e9tico o modo de pronunciaci\u00f3n para transcribir esos sonidos en caracteres. <span>\u00a0<\/span>Este sistema permite aprender a hablar en chino sin necesidad de aprender a la vez los caracteres chinos. A la vez que es el medio usado para escribir en computadoras, celulares o cualquier medio de ingreso de texto en China<\/span><\/span><\/p>\n<p class=\"MsoNormal\" style=\"margin: 0cm 0cm 10pt\"><span style=\"font-size: 12pt\"><span style=\"font-family: Calibri\"><span>\u00a0<\/span><strong>Historia:<\/strong> <span>\u00a0<\/span>Pinyin significa \"deletreo por sonido\". Es la abreviatura de Hanyu Pinyin (deletreo por sonidoe del idioma Han), y es un sistema de transcripci\u00f3n al alfabeto latino del mandar\u00edn. El Pinyin fue aprobado en 1958 y adoptado como oficial por el gobierno de la Rep\u00fablica Popular China el 1 de enero de 1979. El sistema pinyin posee un complejo sistema de diacr\u00edticos para marcar los tonos, tal y como se describe m\u00e1s abajo. Sin embargo, por su complejidad tipogr\u00e1fica es muy frecuente suprimirlos. Adem\u00e1s, tiene algunas reglas fundamentales: nunca se puede eliminar un signo por superfluo que parezca, ni se puede unir o separar palabras a capricho. Hay que ser muy cuidadosos a la hora de escribir o pronuncir alguna palabra porque muchas veces por este motivo o decimos algo que no quer\u00edamos y no nos hicimos entender o simplemente no comprenden lo que queremos decir. Un tono mal aplicado o pronunciado puede llegar a romper las relaciones con esa persona china.<\/span><\/span><\/p>\n<p class=\"MsoNormal\" style=\"margin: 0cm 0cm 10pt\"><span style=\"font-size: 12pt\"><span style=\"font-family: Calibri\">\u00a0<\/span><\/span><\/p>\n<p class=\"MsoNormal\" style=\"margin: 0cm 0cm 10pt\"><span style=\"font-size: 12pt\"><span style=\"font-family: Calibri\">\u00a0<\/span><\/span><\/p>\n","protected":false},"excerpt":{"rendered":"<p>B E I J I N G G A R D E N I N G View more documents from Pacedeno. La verdad he decidido poner esta p\u00e1gina dedicada a China por su cultura, costumbres y h\u00e1bitos muy diferentes que tienen a los nuestros. Adem\u00e1s porque en la actualidad estoy estudiando su idioma y si [&hellip;]<\/p>\n","protected":false},"author":1746,"featured_media":0,"parent":0,"menu_order":0,"comment_status":"open","ping_status":"open","template":"","meta":{"footnotes":""},"class_list":["post-45","page","type-page","status-publish","hentry"],"_links":{"self":[{"href":"https:\/\/blog.espol.edu.ec\/pacedeno\/wp-json\/wp\/v2\/pages\/45","targetHints":{"allow":["GET"]}}],"collection":[{"href":"https:\/\/blog.espol.edu.ec\/pacedeno\/wp-json\/wp\/v2\/pages"}],"about":[{"href":"https:\/\/blog.espol.edu.ec\/pacedeno\/wp-json\/wp\/v2\/types\/page"}],"author":[{"embeddable":true,"href":"https:\/\/blog.espol.edu.ec\/pacedeno\/wp-json\/wp\/v2\/users\/1746"}],"replies":[{"embeddable":true,"href":"https:\/\/blog.espol.edu.ec\/pacedeno\/wp-json\/wp\/v2\/comments?post=45"}],"version-history":[{"count":4,"href":"https:\/\/blog.espol.edu.ec\/pacedeno\/wp-json\/wp\/v2\/pages\/45\/revisions"}],"predecessor-version":[{"id":48,"href":"https:\/\/blog.espol.edu.ec\/pacedeno\/wp-json\/wp\/v2\/pages\/45\/revisions\/48"}],"wp:attachment":[{"href":"https:\/\/blog.espol.edu.ec\/pacedeno\/wp-json\/wp\/v2\/media?parent=45"}],"curies":[{"name":"wp","href":"https:\/\/api.w.org\/{rel}","templated":true}]}}