{"id":99,"date":"2011-01-30T22:59:07","date_gmt":"2011-01-31T02:59:07","guid":{"rendered":"http:\/\/blog.espol.edu.ec\/pacheco\/?page_id=99"},"modified":"2011-01-30T23:02:38","modified_gmt":"2011-01-31T03:02:38","slug":"gis","status":"publish","type":"page","link":"https:\/\/blog.espol.edu.ec\/pacheco\/gis\/","title":{"rendered":"GIS"},"content":{"rendered":"<p>GIS (Geographic Information System) es una integraci\u00f3n organizada de <em>hardware<\/em>, <em>software<\/em> y\u00a0<a title=\"Geodato\" href=\"http:\/\/es.wikipedia.org\/wiki\/Geodato\"><\/a>datos geograficos dise\u00f1ada para capturar, almacenar, manipular, analizar y desplegar en todas sus formas la informaci\u00f3n geograficamente referenciada con el fin de <strong>resolver problemas complejos de planificaci\u00f3n y gesti\u00f3n<\/strong>.  Tambi\u00e9n puede definirse como un modelo de una parte de la realidad  referido a un sistema de coordenadas terrestre y construido para  satisfacer unas necesidades concretas de informaci\u00f3n. En el sentido m\u00e1s  estricto, es cualquier sistemas de informacion capaz de integrar, almacenar, editar, analizar, compartir y mostrar la  informaci\u00f3n geogr\u00e1ficamente referenciada. En un sentido m\u00e1s gen\u00e9rico,  los SIG son herramientas que permiten a los usuarios crear consultas  interactivas, analizar la informacion especial, editar datos, mapas y presentar los resultados de todas estas operaciones.<\/p>\n<p><img decoding=\"async\" src=\"\/DOCUME%7E1\/winxp\/CONFIG%7E1\/Temp\/moz-screenshot.png\" alt=\"\" \/><img decoding=\"async\" src=\"\/DOCUME%7E1\/winxp\/CONFIG%7E1\/Temp\/moz-screenshot-1.png\" alt=\"\" \/><\/p>\n","protected":false},"excerpt":{"rendered":"<p>GIS (Geographic Information System) es una integraci\u00f3n organizada de hardware, software y\u00a0datos geograficos dise\u00f1ada para capturar, almacenar, manipular, analizar y desplegar en todas sus formas la informaci\u00f3n geograficamente referenciada con el fin de resolver problemas complejos de planificaci\u00f3n y gesti\u00f3n. Tambi\u00e9n puede definirse como un modelo de una parte de la realidad referido a un [&hellip;]<\/p>\n","protected":false},"author":373,"featured_media":0,"parent":0,"menu_order":0,"comment_status":"open","ping_status":"open","template":"","meta":{"footnotes":""},"class_list":["post-99","page","type-page","status-publish","hentry"],"_links":{"self":[{"href":"https:\/\/blog.espol.edu.ec\/pacheco\/wp-json\/wp\/v2\/pages\/99","targetHints":{"allow":["GET"]}}],"collection":[{"href":"https:\/\/blog.espol.edu.ec\/pacheco\/wp-json\/wp\/v2\/pages"}],"about":[{"href":"https:\/\/blog.espol.edu.ec\/pacheco\/wp-json\/wp\/v2\/types\/page"}],"author":[{"embeddable":true,"href":"https:\/\/blog.espol.edu.ec\/pacheco\/wp-json\/wp\/v2\/users\/373"}],"replies":[{"embeddable":true,"href":"https:\/\/blog.espol.edu.ec\/pacheco\/wp-json\/wp\/v2\/comments?post=99"}],"version-history":[{"count":5,"href":"https:\/\/blog.espol.edu.ec\/pacheco\/wp-json\/wp\/v2\/pages\/99\/revisions"}],"predecessor-version":[{"id":103,"href":"https:\/\/blog.espol.edu.ec\/pacheco\/wp-json\/wp\/v2\/pages\/99\/revisions\/103"}],"wp:attachment":[{"href":"https:\/\/blog.espol.edu.ec\/pacheco\/wp-json\/wp\/v2\/media?parent=99"}],"curies":[{"name":"wp","href":"https:\/\/api.w.org\/{rel}","templated":true}]}}