{"id":35,"date":"2015-11-20T22:53:55","date_gmt":"2015-11-20T22:53:55","guid":{"rendered":"http:\/\/blog.espol.edu.ec\/pamcrodr\/?page_id=35"},"modified":"2015-11-22T18:25:44","modified_gmt":"2015-11-22T18:25:44","slug":"wattpad","status":"publish","type":"page","link":"https:\/\/blog.espol.edu.ec\/pamcrodr\/wattpad\/","title":{"rendered":"Wattpad"},"content":{"rendered":"<p><em>Tenias que ser t\u00fa<\/em><\/p>\n<p><a href=\"http:\/\/blog.espol.edu.ec\/pamcrodr\/files\/2015\/11\/27674556-176-k896492.jpg\"><img loading=\"lazy\" decoding=\"async\" class=\"alignnone size-full wp-image-68\" src=\"http:\/\/blog.espol.edu.ec\/pamcrodr\/files\/2015\/11\/27674556-176-k896492.jpg\" alt=\"27674556-176-k896492\" width=\"176\" height=\"275\" \/><\/a><\/p>\n<pre class=\"description\"><em>Al cumplir los dieciocho a\u00f1os, mis padres junto al comit\u00e9 de\r\n\u00e9lite, eligieron a la mujer con la que pasar\u00eda el resto de mi vida. No me sent\u00eda con \u00e9l gusto de hacerlo \u00bfQu\u00e9 pasa si me colocan una criatura fea?\r\n\r\nEn la \u00e9lite en Londres se conoce como \u201cmantener el linaje\r\nreal\u201d yo le llamo \u201cMierda real\u201d\r\n\r\nCon solo 18 a\u00f1os, William Hamilton esta destinado a comprometerse con una chica que no ama, con el fin de mantener el linaje real. William es un chico tierno, popular y uno de los m\u00e1s cotizados en el mercado de la \u00e9lite. \r\n\r\nSu vida cambia en el momento que conoce a su futura esposa, su Agapi. Abigail Sheperd, de casi 18 a\u00f1os. Es muy reservada y guarda en su interior el resentimiento de siempre haber sido rechazada por sus compa\u00f1eros de \u00e9lite, William nunca fue la excepci\u00f3n. \r\n\r\nL\u00e9ela aqu\u00ed:\r\n<a href=\"https:\/\/www.wattpad.com\/story\/27674556-ten%C3%ADas-que-ser-t%C3%BA\">https:\/\/www.wattpad.com\/story\/27674556-ten%C3%ADas-que-ser-t%C3%BA<\/a><\/em><\/pre>\n","protected":false},"excerpt":{"rendered":"<p>Tenias que ser t\u00fa Al cumplir los dieciocho a\u00f1os, mis padres junto al comit\u00e9 de \u00e9lite, eligieron a la mujer con la que pasar\u00eda el resto de mi vida. No me sent\u00eda con \u00e9l gusto de hacerlo \u00bfQu\u00e9 pasa si me colocan una criatura fea? En la \u00e9lite en Londres se conoce como \u201cmantener el [&hellip;]<\/p>\n","protected":false},"author":10015,"featured_media":0,"parent":0,"menu_order":1,"comment_status":"closed","ping_status":"closed","template":"","meta":{"footnotes":""},"class_list":["post-35","page","type-page","status-publish","hentry"],"_links":{"self":[{"href":"https:\/\/blog.espol.edu.ec\/pamcrodr\/wp-json\/wp\/v2\/pages\/35","targetHints":{"allow":["GET"]}}],"collection":[{"href":"https:\/\/blog.espol.edu.ec\/pamcrodr\/wp-json\/wp\/v2\/pages"}],"about":[{"href":"https:\/\/blog.espol.edu.ec\/pamcrodr\/wp-json\/wp\/v2\/types\/page"}],"author":[{"embeddable":true,"href":"https:\/\/blog.espol.edu.ec\/pamcrodr\/wp-json\/wp\/v2\/users\/10015"}],"replies":[{"embeddable":true,"href":"https:\/\/blog.espol.edu.ec\/pamcrodr\/wp-json\/wp\/v2\/comments?post=35"}],"version-history":[{"count":3,"href":"https:\/\/blog.espol.edu.ec\/pamcrodr\/wp-json\/wp\/v2\/pages\/35\/revisions"}],"predecessor-version":[{"id":80,"href":"https:\/\/blog.espol.edu.ec\/pamcrodr\/wp-json\/wp\/v2\/pages\/35\/revisions\/80"}],"wp:attachment":[{"href":"https:\/\/blog.espol.edu.ec\/pamcrodr\/wp-json\/wp\/v2\/media?parent=35"}],"curies":[{"name":"wp","href":"https:\/\/api.w.org\/{rel}","templated":true}]}}