{"id":90,"date":"2015-11-22T19:13:32","date_gmt":"2015-11-22T19:13:32","guid":{"rendered":"http:\/\/blog.espol.edu.ec\/pamcrodr\/?page_id=90"},"modified":"2015-11-22T19:13:32","modified_gmt":"2015-11-22T19:13:32","slug":"recomendaciones","status":"publish","type":"page","link":"https:\/\/blog.espol.edu.ec\/pamcrodr\/recomendaciones\/","title":{"rendered":"Recomendaciones"},"content":{"rendered":"<p>Libro Forbidden - Tabitha Suzuma<\/p>\n<p><a href=\"http:\/\/blog.espol.edu.ec\/pamcrodr\/files\/2015\/11\/forbidden.jpg\"><img loading=\"lazy\" decoding=\"async\" class=\"alignnone size-medium wp-image-91\" src=\"http:\/\/blog.espol.edu.ec\/pamcrodr\/files\/2015\/11\/forbidden-196x300.jpg\" alt=\"forbidden\" width=\"196\" height=\"300\" srcset=\"https:\/\/blog.espol.edu.ec\/pamcrodr\/files\/2015\/11\/forbidden-196x300.jpg 196w, https:\/\/blog.espol.edu.ec\/pamcrodr\/files\/2015\/11\/forbidden-667x1024.jpg 667w, https:\/\/blog.espol.edu.ec\/pamcrodr\/files\/2015\/11\/forbidden.jpg 762w\" sizes=\"auto, (max-width: 196px) 100vw, 196px\" \/><\/a><\/p>\n<p><em><strong>Sinopsis:\u00a0<\/strong><\/em><br \/>\nMaya es bonita y tiene talento. Est\u00e1 en sus dulces diecis\u00e9is, y nunca ha sido besada.<span class=\"text_exposed_show\"><br \/>\nLochan tiene 17, es guap\u00edsimo y est\u00e1 en el borde de un futuro brillante.<br \/>\n\u2026 y ahora se han enamorado. Pero..<br \/>\nSon hermano y hermana.<br \/>\nUna historia como esta nunca tiene un final feliz\u2026<\/span><\/p>\n<p>Link de descarga:<\/p>\n<p><a href=\"https:\/\/bookzonemundoinfinito.files.wordpress.com\/2014\/04\/tabitha-suzuma-forbiden.pdf\">https:\/\/bookzonemundoinfinito.files.wordpress.com\/2014\/04\/tabitha-suzuma-forbiden.pdf<\/a><\/p>\n","protected":false},"excerpt":{"rendered":"<p>Libro Forbidden - Tabitha Suzuma Sinopsis:\u00a0 Maya es bonita y tiene talento. Est\u00e1 en sus dulces diecis\u00e9is, y nunca ha sido besada. Lochan tiene 17, es guap\u00edsimo y est\u00e1 en el borde de un futuro brillante. \u2026 y ahora se han enamorado. Pero.. Son hermano y hermana. Una historia como esta nunca tiene un final [&hellip;]<\/p>\n","protected":false},"author":10015,"featured_media":0,"parent":0,"menu_order":0,"comment_status":"closed","ping_status":"closed","template":"","meta":{"footnotes":""},"class_list":["post-90","page","type-page","status-publish","hentry"],"_links":{"self":[{"href":"https:\/\/blog.espol.edu.ec\/pamcrodr\/wp-json\/wp\/v2\/pages\/90","targetHints":{"allow":["GET"]}}],"collection":[{"href":"https:\/\/blog.espol.edu.ec\/pamcrodr\/wp-json\/wp\/v2\/pages"}],"about":[{"href":"https:\/\/blog.espol.edu.ec\/pamcrodr\/wp-json\/wp\/v2\/types\/page"}],"author":[{"embeddable":true,"href":"https:\/\/blog.espol.edu.ec\/pamcrodr\/wp-json\/wp\/v2\/users\/10015"}],"replies":[{"embeddable":true,"href":"https:\/\/blog.espol.edu.ec\/pamcrodr\/wp-json\/wp\/v2\/comments?post=90"}],"version-history":[{"count":1,"href":"https:\/\/blog.espol.edu.ec\/pamcrodr\/wp-json\/wp\/v2\/pages\/90\/revisions"}],"predecessor-version":[{"id":92,"href":"https:\/\/blog.espol.edu.ec\/pamcrodr\/wp-json\/wp\/v2\/pages\/90\/revisions\/92"}],"wp:attachment":[{"href":"https:\/\/blog.espol.edu.ec\/pamcrodr\/wp-json\/wp\/v2\/media?parent=90"}],"curies":[{"name":"wp","href":"https:\/\/api.w.org\/{rel}","templated":true}]}}