{"id":167,"date":"2011-11-27T07:09:24","date_gmt":"2011-11-27T07:09:24","guid":{"rendered":"http:\/\/blog.espol.edu.ec\/pamelita\/?page_id=167"},"modified":"2011-12-07T03:56:58","modified_gmt":"2011-12-07T03:56:58","slug":"huella-ecologica","status":"publish","type":"page","link":"https:\/\/blog.espol.edu.ec\/pamelita\/huella-ecologica\/","title":{"rendered":"Huella Ecol\u00f3gica......:)"},"content":{"rendered":"<p>La\u00a0<strong>huella ecol\u00f3gica<\/strong>\u00a0es un indicador del impacto ambiental generado por la demanda humana que se hace de los recursos existentes en los ecosistemas del planeta relacion\u00e1ndola con la capacidad ecol\u00f3gica de la Tierra de regenerar sus recursos. Representa \u00abel \u00e1rea de aire o agua ecol\u00f3gicamente productivos (cultivos, pastos, bosques o ecosistemas acu\u00e1ticos) necesarios para generar los recursos necesarios y adem\u00e1s para asimilar los residuos producidos por cada poblaci\u00f3n determinada de acuerdo a su modo de vida en espec\u00edfico, de forma indefinida\u00bb.\u00a0El objetivo fundamental de calcular las huellas ecol\u00f3gicas consiste en evaluar el impacto sobre el planeta de un determinado modo o forma de vida y, compararlo con la biocapacidad del planeta. Consecuentemente es un indicador clave para la\u00a0<a title=\"Sostenibilidad\" href=\"http:\/\/es.wikipedia.org\/wiki\/Sostenibilidad\">sostenibilidad<\/a>.<\/p>\n<p>La ventaja de medir la huella ecol\u00f3gica para entender la apropiaci\u00f3n humana est\u00e1 en aprovechar la habilidad para hacer comparaciones. Es posible comparar, por ejemplo, las emisiones producidas al transportar un bien en particular con la energ\u00eda requerida para el producto sobre la misma escala (hect\u00e1reas).<\/p>\n\n\t\t<style type=\"text\/css\">\n\t\t\t#gallery-1 {\n\t\t\t\tmargin: auto;\n\t\t\t}\n\t\t\t#gallery-1 .gallery-item {\n\t\t\t\tfloat: left;\n\t\t\t\tmargin-top: 10px;\n\t\t\t\ttext-align: center;\n\t\t\t\twidth: 33%;\n\t\t\t}\n\t\t\t#gallery-1 img {\n\t\t\t\tborder: 2px solid #cfcfcf;\n\t\t\t}\n\t\t\t#gallery-1 .gallery-caption {\n\t\t\t\tmargin-left: 0;\n\t\t\t}\n\t\t\t\/* see gallery_shortcode() in wp-includes\/media.php *\/\n\t\t<\/style>\n\t\t<div id='gallery-1' class='gallery galleryid-167 gallery-columns-3 gallery-size-thumbnail'><dl class='gallery-item'>\n\t\t\t<dt class='gallery-icon landscape'>\n\t\t\t\t<a href='https:\/\/blog.espol.edu.ec\/pamelita\/huella-ecologica\/descarga-3\/'><img loading=\"lazy\" decoding=\"async\" width=\"150\" height=\"150\" src=\"https:\/\/blog.espol.edu.ec\/pamelita\/files\/2011\/12\/descarga1-150x150.jpg\" class=\"attachment-thumbnail size-thumbnail\" alt=\"\" \/><\/a>\n\t\t\t<\/dt><\/dl><dl class='gallery-item'>\n\t\t\t<dt class='gallery-icon landscape'>\n\t\t\t\t<a href='https:\/\/blog.espol.edu.ec\/pamelita\/huella-ecologica\/images-1\/'><img loading=\"lazy\" decoding=\"async\" width=\"150\" height=\"150\" src=\"https:\/\/blog.espol.edu.ec\/pamelita\/files\/2011\/12\/images-1-150x150.jpg\" class=\"attachment-thumbnail size-thumbnail\" alt=\"\" \/><\/a>\n\t\t\t<\/dt><\/dl><dl class='gallery-item'>\n\t\t\t<dt class='gallery-icon portrait'>\n\t\t\t\t<a href='https:\/\/blog.espol.edu.ec\/pamelita\/huella-ecologica\/images-2\/'><img loading=\"lazy\" decoding=\"async\" width=\"120\" height=\"150\" src=\"https:\/\/blog.espol.edu.ec\/pamelita\/files\/2011\/12\/images-2-120x150.jpg\" class=\"attachment-thumbnail size-thumbnail\" alt=\"\" \/><\/a>\n\t\t\t<\/dt><\/dl><br style=\"clear: both\" \/><dl class='gallery-item'>\n\t\t\t<dt class='gallery-icon landscape'>\n\t\t\t\t<a href='https:\/\/blog.espol.edu.ec\/pamelita\/huella-ecologica\/19102011225-300x225\/'><img loading=\"lazy\" decoding=\"async\" width=\"150\" height=\"150\" src=\"https:\/\/blog.espol.edu.ec\/pamelita\/files\/2011\/12\/19102011225-300x225-150x150.jpg\" class=\"attachment-thumbnail size-thumbnail\" alt=\"\" \/><\/a>\n\t\t\t<\/dt><\/dl><dl class='gallery-item'>\n\t\t\t<dt class='gallery-icon portrait'>\n\t\t\t\t<a href='https:\/\/blog.espol.edu.ec\/pamelita\/huella-ecologica\/19102011230-225x300\/'><img loading=\"lazy\" decoding=\"async\" width=\"150\" height=\"150\" src=\"https:\/\/blog.espol.edu.ec\/pamelita\/files\/2011\/12\/19102011230-225x300-150x150.jpg\" class=\"attachment-thumbnail size-thumbnail\" alt=\"\" \/><\/a>\n\t\t\t<\/dt><\/dl><dl class='gallery-item'>\n\t\t\t<dt class='gallery-icon landscape'>\n\t\t\t\t<a href='https:\/\/blog.espol.edu.ec\/pamelita\/huella-ecologica\/19102011231-300x225\/'><img loading=\"lazy\" decoding=\"async\" width=\"150\" height=\"150\" src=\"https:\/\/blog.espol.edu.ec\/pamelita\/files\/2011\/12\/19102011231-300x225-150x150.jpg\" class=\"attachment-thumbnail size-thumbnail\" alt=\"\" \/><\/a>\n\t\t\t<\/dt><\/dl><br style=\"clear: both\" \/><dl class='gallery-item'>\n\t\t\t<dt class='gallery-icon portrait'>\n\t\t\t\t<a href='https:\/\/blog.espol.edu.ec\/pamelita\/huella-ecologica\/19102011229-225x300\/'><img loading=\"lazy\" decoding=\"async\" width=\"150\" height=\"150\" src=\"https:\/\/blog.espol.edu.ec\/pamelita\/files\/2011\/12\/19102011229-225x300-150x150.jpg\" class=\"attachment-thumbnail size-thumbnail\" alt=\"\" \/><\/a>\n\t\t\t<\/dt><\/dl><dl class='gallery-item'>\n\t\t\t<dt class='gallery-icon landscape'>\n\t\t\t\t<a href='https:\/\/blog.espol.edu.ec\/pamelita\/huella-ecologica\/19102011233-300x225\/'><img loading=\"lazy\" decoding=\"async\" width=\"150\" height=\"150\" src=\"https:\/\/blog.espol.edu.ec\/pamelita\/files\/2011\/12\/19102011233-300x225-150x150.jpg\" class=\"attachment-thumbnail size-thumbnail\" alt=\"\" \/><\/a>\n\t\t\t<\/dt><\/dl><dl class='gallery-item'>\n\t\t\t<dt class='gallery-icon landscape'>\n\t\t\t\t<a href='https:\/\/blog.espol.edu.ec\/pamelita\/huella-ecologica\/19102011232-300x225\/'><img loading=\"lazy\" decoding=\"async\" width=\"150\" height=\"150\" src=\"https:\/\/blog.espol.edu.ec\/pamelita\/files\/2011\/12\/19102011232-300x225-150x150.jpg\" class=\"attachment-thumbnail size-thumbnail\" alt=\"\" \/><\/a>\n\t\t\t<\/dt><\/dl><br style=\"clear: both\" \/>\n\t\t<\/div>\n\n<h2><a title=\"Permanent Link to Proyecto Huella Ecologica\" href=\"http:\/\/blog.espol.edu.ec\/cbarreno\/2011\/11\/02\/proyecto-huella-ecologica\/\" rel=\"bookmark\">Proyecto Huella Ecologica<\/a><\/h2>\n<h2><span class=\"Apple-style-span\" style=\"font-size: 11px\">La\u00a0<\/span><strong>Espol<\/strong><span class=\"Apple-style-span\" style=\"font-size: 11px\">\u00a0se encuentran realizando el Proyecto Educativo llamado \u201cHuella Ecol\u00f3gica\u201d, para lo cual provee que la gente tome en cuenta el medio ambiente la Espol cuenta con un bosque\u00a0protector\u00a0\u00a0en donde hace recorrido\u00a0por el\u00a0Vivero\u00a0y\u00a0tambi\u00e9n\u00a0hay la observaci\u00f3n de un\u00a0v\u00eddeo\u00a0did\u00e1ctico donde se explica claramente lo que es nuestra huella ecol\u00f3gica. Este es un paseo de concienciaci\u00f3n y sensibilizaci\u00f3n en Educaci\u00f3n Ambiental.<\/span><\/h2>\n<h5>Este proyecto esta dirigido a los adolescentes y j\u00f3venes de colegios, fundaciones y otras organizaciones de la sociedad con el fin de tomar conciencia y ayudar a reducir nuestra huella ecologica.<br \/>\nEl recorrido cuenta con las siguientes estaciones:<\/h5>\n<ul>\n<li>Galer\u00eda\u00a0de Im\u00e1genes de Flora y Fauna del Bosque Protector Prosperina<\/li>\n<li>Proyecci\u00f3n del Video Huella Ecol\u00f3gica<\/li>\n<li>Plan de Reciclaje de ESPOL<\/li>\n<li>M\u00e1quina de hacer papel de reciclado y su utilizaci\u00f3n<\/li>\n<li>Abono Org\u00e1nico<\/li>\n<li>Utilizaci\u00f3n de Desechos Org\u00e1nicos Compostera<\/li>\n<li>Area de Compostaje<\/li>\n<li>Huerto Voluntario<\/li>\n<li>V\u00edvero de plantas ornamentales y de \u00e1rboles nativos y end\u00e9micos<\/li>\n<li>Centros de Acopio de Pl\u00e1stico y Papel<\/li>\n<li>Sendero de Palo Santo<\/li>\n<\/ul>\n<p style=\"text-align: center\"><img loading=\"lazy\" decoding=\"async\" class=\"aligncenter\" src=\"http:\/\/blog.espol.edu.ec\/voluntariado\/files\/2010\/08\/Convocatoria_Nuestra-Huella-Ecologica2.jpg\" alt=\"\" width=\"588\" height=\"414\" \/><\/p>\n<h5><em>La Escuela superior\u00a0polit\u00e9cnica (Espol)\u00a0, a trav\u00e9s del Programa de Voluntariado Universitario apoya a Industrias L\u00e1cteas TONI S.A, quienes mantienen un conjunto de pr\u00e1cticas, programas y compromisos de Responsabilidad Social Empresarial, con el apoyo de la Muy Ilustre Municipalidad de Guayaquil, incorpora a los programas actuales su nuevo proyecto: NUESTRA HUELLA\u00a0<\/em><em>ECOL\u00d3GICA<\/em><\/h5>\n<h1><a title=\"Permanent Link to Visita al Vivero del Bosque Protector\" href=\"http:\/\/blog.espol.edu.ec\/cbarreno\/2011\/11\/02\/192\/\" rel=\"bookmark\">Visita al Bosque Protector<\/a><\/h1>\n<p>&nbsp;<\/p>\n<p>En el mes del presente a\u00f1o, se llevo a cabo la visita por parte del curso de\u00a0ECOLOG\u00cdA\u00a0de la Ing.Esther Soriano para la participaci\u00f3n en\u00a0 el proyecto \u201cHUELLA\u00a0ECOL\u00d3GICA\u201d ,Que son patrocinados por TONI y ESPOL, con el fin de informar a la comunidad sobre los diferentes cambios y fen\u00f3menos suscitados en los \u00faltimos a\u00f1os, que est\u00e1n causando un mal irreversible a nuestro planeta, por lo que este proyecto mediante foros trata de llegar a la gente para que seamos participes en la protecci\u00f3n del medio ambiente, este programa tiene varios pasos el primero es la presentaci\u00f3n de un\u00a0v\u00eddeo, relacionado a la problem\u00e1tica ambiental\u00a0 y que podemos hacer para remediarlo. Luego se prosigue con la visita al Bosque Protector en el cual se puede distinguir los diferentes procesos de reciclaje de papel, pl\u00e1stico y material org\u00e1nico.<\/p>\n<h2><span style=\"color: #800080\">Maquina de hacer papel y su reutilizaci\u00f3n<\/span><\/h2>\n<p><span style=\"color: #800080\"><img loading=\"lazy\" decoding=\"async\" class=\"aligncenter\" src=\"http:\/\/blog.espol.edu.ec\/cbarreno\/files\/2011\/11\/19102011217-300x225.jpg\" alt=\"\" width=\"300\" height=\"225\" \/><img loading=\"lazy\" decoding=\"async\" class=\"aligncenter\" src=\"http:\/\/blog.espol.edu.ec\/cbarreno\/files\/2011\/11\/19102011216-300x225.jpg\" alt=\"\" width=\"300\" height=\"225\" \/><img loading=\"lazy\" decoding=\"async\" class=\"aligncenter\" src=\"http:\/\/blog.espol.edu.ec\/cbarreno\/files\/2011\/11\/19102011214-300x225.jpg\" alt=\"\" width=\"300\" height=\"225\" \/><\/span><\/p>\n<h2><span style=\"color: #993366\">Abono org\u00e1nico<\/span><\/h2>\n<p><img loading=\"lazy\" decoding=\"async\" class=\"size-full wp-image-226 alignnone\" src=\"http:\/\/blog.espol.edu.ec\/pamelita\/files\/2011\/12\/19102011230-225x300.jpg\" alt=\"\" width=\"225\" height=\"300\" \/>\u00a0\u00a0\u00a0\u00a0\u00a0\u00a0\u00a0\u00a0\u00a0\u00a0\u00a0\u00a0\u00a0 <a href=\"http:\/\/blog.espol.edu.ec\/pamelita\/files\/2011\/12\/19102011225-300x225.jpg\"><img loading=\"lazy\" decoding=\"async\" class=\"size-full wp-image-225 alignnone\" src=\"http:\/\/blog.espol.edu.ec\/pamelita\/files\/2011\/12\/19102011225-300x225.jpg\" alt=\"\" width=\"193\" height=\"300\" \/><\/a>\u00a0\u00a0\u00a0\u00a0\u00a0\u00a0\u00a0\u00a0\u00a0\u00a0\u00a0\u00a0\u00a0\u00a0\u00a0<a href=\"http:\/\/blog.espol.edu.ec\/pamelita\/files\/2011\/12\/19102011231-300x225.jpg\"><img loading=\"lazy\" decoding=\"async\" class=\"size-full wp-image-227 alignnone\" src=\"http:\/\/blog.espol.edu.ec\/pamelita\/files\/2011\/12\/19102011231-300x225.jpg\" alt=\"\" width=\"217\" height=\"305\" \/><\/a><\/p>\n<p>&nbsp;<\/p>\n<h2><span style=\"color: #993366\">Viveros<\/span><\/h2>\n<p>&nbsp;<\/p>\n<p style=\"text-align: center\"><a href=\"http:\/\/blog.espol.edu.ec\/pamelita\/files\/2011\/12\/19102011229-225x300.jpg\"><img loading=\"lazy\" decoding=\"async\" class=\"alignnone size-full wp-image-228\" src=\"http:\/\/blog.espol.edu.ec\/pamelita\/files\/2011\/12\/19102011229-225x300.jpg\" alt=\"\" width=\"259\" height=\"300\" \/><\/a>\u00a0\u00a0\u00a0\u00a0 <a href=\"http:\/\/blog.espol.edu.ec\/pamelita\/files\/2011\/12\/19102011233-300x225.jpg\"><img loading=\"lazy\" decoding=\"async\" class=\"size-full wp-image-229 alignnone\" src=\"http:\/\/blog.espol.edu.ec\/pamelita\/files\/2011\/12\/19102011233-300x225.jpg\" alt=\"\" width=\"265\" height=\"298\" \/><\/a>\u00a0\u00a0\u00a0\u00a0\u00a0\u00a0\u00a0\u00a0 <img loading=\"lazy\" decoding=\"async\" class=\"size-full wp-image-230 aligncenter\" src=\"http:\/\/blog.espol.edu.ec\/pamelita\/files\/2011\/12\/19102011232-300x225.jpg\" alt=\"\" width=\"300\" height=\"225\" \/><\/p>\n<p>&nbsp;<\/p>\n<h1><a title=\"Permanent Link to BOSQUE PROTECTOR PROSPERINA\" href=\"http:\/\/blog.espol.edu.ec\/cbarreno\/2011\/11\/25\/162\/\" rel=\"bookmark\">BOSQUE PROTECTOR PROSPERINA<\/a><\/h1>\n<div>Posted by nadia murillo 27 de noviembre on , 2011 in\u00a0<a title=\"Ver todas las entradas en Ecolog\u00eda\" href=\"http:\/\/blog.espol.edu.ec\/cbarreno\/category\/ecologia\/\" rel=\"category tag\">Ecolog\u00eda<\/a>\u00a0|<\/div>\n<p>&nbsp;<\/p>\n<p><iframe loading=\"lazy\" src=\"http:\/\/www.youtube.com\/embed\/JBmg-GPk90U\" frameborder=\"0\" width=\"420\" height=\"315\"><\/iframe><\/p>\n","protected":false},"excerpt":{"rendered":"<p>La\u00a0huella ecol\u00f3gica\u00a0es un indicador del impacto ambiental generado por la demanda humana que se hace de los recursos existentes en los ecosistemas del planeta relacion\u00e1ndola con la capacidad ecol\u00f3gica de la Tierra de regenerar sus recursos. Representa \u00abel \u00e1rea de aire o agua ecol\u00f3gicamente productivos (cultivos, pastos, bosques o ecosistemas acu\u00e1ticos) necesarios para generar los [&hellip;]<\/p>\n","protected":false},"author":5891,"featured_media":0,"parent":0,"menu_order":0,"comment_status":"open","ping_status":"open","template":"","meta":{"footnotes":""},"class_list":["post-167","page","type-page","status-publish","hentry"],"_links":{"self":[{"href":"https:\/\/blog.espol.edu.ec\/pamelita\/wp-json\/wp\/v2\/pages\/167","targetHints":{"allow":["GET"]}}],"collection":[{"href":"https:\/\/blog.espol.edu.ec\/pamelita\/wp-json\/wp\/v2\/pages"}],"about":[{"href":"https:\/\/blog.espol.edu.ec\/pamelita\/wp-json\/wp\/v2\/types\/page"}],"author":[{"embeddable":true,"href":"https:\/\/blog.espol.edu.ec\/pamelita\/wp-json\/wp\/v2\/users\/5891"}],"replies":[{"embeddable":true,"href":"https:\/\/blog.espol.edu.ec\/pamelita\/wp-json\/wp\/v2\/comments?post=167"}],"version-history":[{"count":19,"href":"https:\/\/blog.espol.edu.ec\/pamelita\/wp-json\/wp\/v2\/pages\/167\/revisions"}],"predecessor-version":[{"id":256,"href":"https:\/\/blog.espol.edu.ec\/pamelita\/wp-json\/wp\/v2\/pages\/167\/revisions\/256"}],"wp:attachment":[{"href":"https:\/\/blog.espol.edu.ec\/pamelita\/wp-json\/wp\/v2\/media?parent=167"}],"curies":[{"name":"wp","href":"https:\/\/api.w.org\/{rel}","templated":true}]}}