{"id":37,"date":"2014-11-10T17:40:01","date_gmt":"2014-11-10T17:40:01","guid":{"rendered":"http:\/\/blog.espol.edu.ec\/pamganar\/?page_id=37"},"modified":"2014-11-10T17:40:01","modified_gmt":"2014-11-10T17:40:01","slug":"essuna","status":"publish","type":"page","link":"https:\/\/blog.espol.edu.ec\/pamganar\/essuna\/","title":{"rendered":"ESSUNA"},"content":{"rendered":"<p><a href=\"http:\/\/blog.espol.edu.ec\/pamganar\/files\/2014\/11\/paginasmitadpeque\u00f1a.jpg\"><img loading=\"lazy\" decoding=\"async\" src=\"http:\/\/blog.espol.edu.ec\/pamganar\/files\/2014\/11\/paginasmitadpeque\u00f1a-300x87.jpg\" alt=\"paginasmitadpeque\u00f1a\" width=\"300\" height=\"87\" class=\"alignnone size-medium wp-image-38\" srcset=\"https:\/\/blog.espol.edu.ec\/pamganar\/files\/2014\/11\/paginasmitadpeque\u00f1a-300x87.jpg 300w, https:\/\/blog.espol.edu.ec\/pamganar\/files\/2014\/11\/paginasmitadpeque\u00f1a.jpg 400w\" sizes=\"auto, (max-width: 300px) 100vw, 300px\" \/><\/a><\/p>\n<p>La fundaci\u00f3n de la Escuela Superior Naval se remonta al 9 de Octubre de 1822, fecha en la que \u201cEl Libertador\u201d Sim\u00f3n Bol\u00edvar decret\u00f3 la creaci\u00f3n de una Escuela N\u00e1utica en la ciudad de Guayaquil. Su primer propulsor fue el ilustre marino ingl\u00e9s, Almirante Juan Illingworth Hunt, qui\u00e9n fue nombrado Comandante General del Departamento de Guayaquil y es considerado como el fundador de la Marina de Guerra Ecuatoriana. En 1828 la Escuela se clausur\u00f3 como consecuencia de la invasi\u00f3n peruana.<\/p>\n<p>Desde 1830, a\u00f1o en que se separa de la Gran Colombia lo que es hoy Ecuador, la Escuela tuvo diferentes nombres tales como: Escuela N\u00e1utica, Escuela Naval Militar y Escuela Superior Naval; funcionando a veces a bordo y otras en tierra, sufriendo por lo mismo una serie de clausuras y reaperturas que impidieron su normal desenvolvimiento.<\/p>\n<p>En 1941, a pesar de las dificultades hist\u00f3ricas, fue reabierta funcionando en un pabell\u00f3n del Colegio Militar en la Ciudad de Quito hasta el a\u00f1o 1946 en que fue trasladada a la Base Naval de Salinas donde funcion\u00f3 hasta Enero de 1973. Este a\u00f1o fue trasladada a Guayaquil hasta Febrero de 1992 para reubicarse definitivamente en Salinas hasta nuestros d\u00edas.<\/p>\n<p>Actualmente la Escuela Superior Naval acoge en su seno a hombres y mujeres dispuestos a recibir una educaci\u00f3n de \u00e9lite, con valores \u00e9ticos, donde se les inculca:<\/p>\n<p>    Formaci\u00f3n Integral<br \/>\n    Formaci\u00f3n Naval<br \/>\n    Formaci\u00f3n Militar<br \/>\n    Formaci\u00f3n Acad\u00e9mica<br \/>\n    Formaci\u00f3n Deportiva<br \/>\n    Formaci\u00f3n Cultural<\/p>\n<p>Con el fin de dirigir a las futuras generaciones de oficiales y tripulantes que continuaran con la gesta heorica de nuestros antepasados.<\/p>\n<p>La principal funci\u00f3n del Oficial de Marina est\u00e1 orientada al ejercicio del mando en actividades operativas, t\u00e9cnicas y log\u00edsticas, de acuerdo con su especialidad y \u00e1mbito de desempe\u00f1o, debiendo fundamentalmente administrar los recursos humanos, materiales y financieros de la Instituci\u00f3n.<\/p>\n","protected":false},"excerpt":{"rendered":"<p>La fundaci\u00f3n de la Escuela Superior Naval se remonta al 9 de Octubre de 1822, fecha en la que \u201cEl Libertador\u201d Sim\u00f3n Bol\u00edvar decret\u00f3 la creaci\u00f3n de una Escuela N\u00e1utica en la ciudad de Guayaquil. Su primer propulsor fue el ilustre marino ingl\u00e9s, Almirante Juan Illingworth Hunt, qui\u00e9n fue nombrado Comandante General del Departamento de [&hellip;]<\/p>\n","protected":false},"author":9356,"featured_media":0,"parent":0,"menu_order":0,"comment_status":"open","ping_status":"open","template":"","meta":{"footnotes":""},"class_list":["post-37","page","type-page","status-publish","hentry"],"_links":{"self":[{"href":"https:\/\/blog.espol.edu.ec\/pamganar\/wp-json\/wp\/v2\/pages\/37","targetHints":{"allow":["GET"]}}],"collection":[{"href":"https:\/\/blog.espol.edu.ec\/pamganar\/wp-json\/wp\/v2\/pages"}],"about":[{"href":"https:\/\/blog.espol.edu.ec\/pamganar\/wp-json\/wp\/v2\/types\/page"}],"author":[{"embeddable":true,"href":"https:\/\/blog.espol.edu.ec\/pamganar\/wp-json\/wp\/v2\/users\/9356"}],"replies":[{"embeddable":true,"href":"https:\/\/blog.espol.edu.ec\/pamganar\/wp-json\/wp\/v2\/comments?post=37"}],"version-history":[{"count":1,"href":"https:\/\/blog.espol.edu.ec\/pamganar\/wp-json\/wp\/v2\/pages\/37\/revisions"}],"predecessor-version":[{"id":39,"href":"https:\/\/blog.espol.edu.ec\/pamganar\/wp-json\/wp\/v2\/pages\/37\/revisions\/39"}],"wp:attachment":[{"href":"https:\/\/blog.espol.edu.ec\/pamganar\/wp-json\/wp\/v2\/media?parent=37"}],"curies":[{"name":"wp","href":"https:\/\/api.w.org\/{rel}","templated":true}]}}