{"id":2,"date":"2010-11-16T16:12:08","date_gmt":"2010-11-16T16:12:08","guid":{"rendered":""},"modified":"2010-11-24T03:19:08","modified_gmt":"2010-11-24T03:19:08","slug":"about","status":"publish","type":"page","link":"https:\/\/blog.espol.edu.ec\/paoqueza\/about\/","title":{"rendered":"Autora"},"content":{"rendered":"<p><strong>Nombre:<\/strong> Paola Quezada<\/p>\n<p><strong>Cumpleanios:<\/strong> 1 de Febrero<\/p>\n<p>Soy estudiante de Ingenier\u00eda Agr\u00edcola y Biol\u00f3gica<\/p>\n<p>Hice este blog por obligaci\u00f3n ya que estoy viendo HCD y que mas tok :\/\u00a0\u00a0\u00a0\u00a0\u00a0\u00a0 (&lt;--no les voy a mentir ) no soy amante mucho de blogs, internet y cosas con tecnol\u00f3gicas, me aburren :p , el tema de mi blog \u00a0es sobre las artes y la naturaleza los escog\u00ed \u00a0porque me gustan, adem\u00e1s que tiene que ver con mi carrera.<\/p>\n<p><strong>Comida: <\/strong>Todo lo que prepara mi mamita , Master pizza, Hamburguesa del Bigote, sweet and coffe, chocolate, galletitas \u00a0\ud83d\ude42<\/p>\n<p>\u00a0<a href=\"http:\/\/blog.espol.edu.ec\/paoqueza\/files\/2010\/11\/sweet-coffee-logo3.jpg\"><img loading=\"lazy\" decoding=\"async\" class=\"alignleft size-full wp-image-56\" title=\"sweet-coffee-logo\" src=\"http:\/\/blog.espol.edu.ec\/paoqueza\/files\/2010\/11\/sweet-coffee-logo3.jpg\" alt=\"\" width=\"123\" height=\"195\" \/><\/a><a href=\"http:\/\/blog.espol.edu.ec\/paoqueza\/files\/2010\/11\/master-pizza.jpg\"><img loading=\"lazy\" decoding=\"async\" class=\"size-full wp-image-24 alignright\" title=\"master pizza\" src=\"http:\/\/blog.espol.edu.ec\/paoqueza\/files\/2010\/11\/master-pizza.jpg\" alt=\"\" width=\"147\" height=\"162\" \/><\/a><\/p>\n<p><img loading=\"lazy\" decoding=\"async\" class=\"size-medium wp-image-57 alignnone\" title=\"muralCookieMonster\" src=\"http:\/\/blog.espol.edu.ec\/paoqueza\/files\/2010\/11\/muralCookieMonster-262x300.jpg\" alt=\"\" width=\"167\" height=\"163\" \/><\/p>\n<p>\u00a0\u00a0\u00a0\u00a0\u00a0\u00a0\u00a0\u00a0\u00a0\u00a0\u00a0\u00a0\u00a0\u00a0\u00a0\u00a0\u00a0\u00a0\u00a0\u00a0\u00a0\u00a0\u00a0\u00a0\u00a0\u00a0\u00a0\u00a0\u00a0\u00a0\u00a0\u00a0\u00a0\u00a0\u00a0\u00a0\u00a0\u00a0\u00a0\u00a0\u00a0\u00a0\u00a0\u00a0\u00a0\u00a0\u00a0\u00a0\u00a0\u00a0\u00a0\u00a0\u00a0\u00a0\u00a0\u00a0\u00a0\u00a0\u00a0\u00a0\u00a0\u00a0\u00a0\u00a0\u00a0\u00a0\u00a0\u00a0\u00a0\u00a0\u00a0\u00a0\u00a0\u00a0\u00a0\u00a0\u00a0\u00a0\u00a0\u00a0\u00a0\u00a0\u00a0\u00a0\u00a0\u00a0\u00a0\u00a0\u00a0\u00a0\u00a0\u00a0\u00a0\u00a0\u00a0\u00a0\u00a0\u00a0\u00a0\u00a0\u00a0\u00a0\u00a0\u00a0\u00a0\u00a0\u00a0\u00a0\u00a0\u00a0\u00a0\u00a0\u00a0\u00a0\u00a0\u00a0\u00a0\u00a0\u00a0\u00a0\u00a0\u00a0\u00a0\u00a0\u00a0\u00a0\u00a0\u00a0\u00a0\u00a0\u00a0\u00a0\u00a0\u00a0\u00a0\u00a0\u00a0\u00a0\u00a0\u00a0\u00a0\u00a0\u00a0\u00a0\u00a0\u00a0\u00a0\u00a0 <strong>M\u00fasica:<\/strong> Cl\u00e1sica, g\u00f3spel. reggae, merengue, pop, rock, punk, electronik y de bachata solo a Juan Luis Guerra....\u00a0\u00a0\u00a0\u00a0\u00a0\u00a0\u00a0\u00a0\u00a0\u00a0\u00a0\u00a0\u00a0\u00a0\u00a0\u00a0\u00a0\u00a0\u00a0\u00a0\u00a0\u00a0\u00a0\u00a0\u00a0\u00a0\u00a0\u00a0\u00a0\u00a0\u00a0\u00a0\u00a0\u00a0\u00a0\u00a0\u00a0\u00a0\u00a0\u00a0\u00a0\u00a0\u00a0\u00a0\u00a0\u00a0\u00a0\u00a0\u00a0\u00a0\u00a0\u00a0\u00a0\u00a0\u00a0\u00a0 \u00a0\u00a0\u00a0\u00a0\u00a0\u00a0\u00a0\u00a0\u00a0\u00a0\u00a0\u00a0\u00a0\u00a0\u00a0\u00a0\u00a0\u00a0\u00a0\u00a0\u00a0\u00a0\u00a0 <strong>pd:<\/strong> si esta buscando regueton o (como se escriba) no van encontrar nada de ese \u201ctipo de m\u00fasica\u201d :p<\/p>\n<p style=\"text-align: center\"><a href=\"http:\/\/blog.espol.edu.ec\/paoqueza\/files\/2010\/11\/caratulas_putumayo.jpg\"><img loading=\"lazy\" decoding=\"async\" class=\"size-medium wp-image-59   aligncenter\" title=\"caratulas_putumayo\" src=\"http:\/\/blog.espol.edu.ec\/paoqueza\/files\/2010\/11\/caratulas_putumayo-246x300.jpg\" alt=\"\" width=\"246\" height=\"300\" srcset=\"https:\/\/blog.espol.edu.ec\/paoqueza\/files\/2010\/11\/caratulas_putumayo-246x300.jpg 246w, https:\/\/blog.espol.edu.ec\/paoqueza\/files\/2010\/11\/caratulas_putumayo.jpg 342w\" sizes=\"auto, (max-width: 246px) 100vw, 246px\" \/><\/a><\/p>\n<p><strong>Deportes Favoritos:<\/strong> Escalada en pared, tennis,\u00a0 nataci\u00f3n, surf, atletismo \u2026\u2026\u2026\u2026.no me gusta el futbol :$\u00a0\u00a0<\/p>\n<p><a href=\"http:\/\/blog.espol.edu.ec\/paoqueza\/files\/2010\/11\/Surf.jpg\"><img loading=\"lazy\" decoding=\"async\" class=\"size-medium wp-image-61 alignnone\" title=\"Surf\" src=\"http:\/\/blog.espol.edu.ec\/paoqueza\/files\/2010\/11\/Surf-300x298.jpg\" alt=\"\" width=\"137\" height=\"150\" \/><\/a><a href=\"http:\/\/blog.espol.edu.ec\/paoqueza\/files\/2010\/11\/escalada.jpg\"><img loading=\"lazy\" decoding=\"async\" class=\"size-medium wp-image-63 alignnone\" title=\"escalada\" src=\"http:\/\/blog.espol.edu.ec\/paoqueza\/files\/2010\/11\/escalada-300x237.jpg\" alt=\"\" width=\"155\" height=\"152\" \/><\/a><img loading=\"lazy\" decoding=\"async\" class=\"size-medium wp-image-64 alignnone\" title=\"1tennis\" src=\"http:\/\/blog.espol.edu.ec\/paoqueza\/files\/2010\/11\/1tennis-300x196.jpg\" alt=\"\" width=\"160\" height=\"152\" \/><\/p>\n<p>\u00a0\u00a0\u00a0\u00a0\u00a0<a href=\"http:\/\/blog.espol.edu.ec\/paoqueza\/files\/2010\/11\/atletismo.jpg\"><img loading=\"lazy\" decoding=\"async\" class=\"size-medium wp-image-66 alignnone\" title=\"atletismo\" src=\"http:\/\/blog.espol.edu.ec\/paoqueza\/files\/2010\/11\/atletismo-300x200.jpg\" alt=\"\" width=\"180\" height=\"208\" \/><\/a>\u00a0\u00a0<img loading=\"lazy\" decoding=\"async\" title=\"natacion\" src=\"http:\/\/blog.espol.edu.ec\/paoqueza\/files\/2010\/11\/natacion-300x225.png\" alt=\"\" width=\"178\" height=\"173\" \/><\/p>\n<p><a href=\"http:\/\/blog.espol.edu.ec\/paoqueza\/files\/2010\/11\/natacion.png\"><\/a><\/p>\n<p><a href=\"http:\/\/blog.espol.edu.ec\/paoqueza\/files\/2010\/11\/natacion.png\"><\/a><\/p>\n<p><a href=\"http:\/\/blog.espol.edu.ec\/paoqueza\/files\/2010\/11\/natacion.png\"><\/a><\/p>\n<p><a href=\"http:\/\/blog.espol.edu.ec\/paoqueza\/files\/2010\/11\/natacion.png\"><\/a><\/p>\n<p>\u00a0\u00a0\u00a0\u00a0\u00a0\u00a0\u00a0\u00a0\u00a0\u00a0\u00a0\u00a0\u00a0\u00a0\u00a0\u00a0\u00a0\u00a0\u00a0\u00a0\u00a0\u00a0\u00a0\u00a0\u00a0\u00a0\u00a0\u00a0\u00a0\u00a0\u00a0\u00a0\u00a0\u00a0\u00a0\u00a0\u00a0\u00a0\u00a0\u00a0\u00a0\u00a0\u00a0\u00a0\u00a0\u00a0\u00a0\u00a0\u00a0\u00a0\u00a0\u00a0\u00a0\u00a0\u00a0\u00a0\u00a0\u00a0\u00a0\u00a0\u00a0\u00a0\u00a0\u00a0\u00a0\u00a0\u00a0\u00a0\u00a0\u00a0\u00a0\u00a0\u00a0\u00a0\u00a0\u00a0\u00a0\u00a0\u00a0\u00a0\u00a0\u00a0\u00a0\u00a0\u00a0\u00a0\u00a0\u00a0\u00a0\u00a0\u00a0\u00a0\u00a0\u00a0\u00a0\u00a0\u00a0\u00a0\u00a0\u00a0\u00a0\u00a0\u00a0\u00a0\u00a0\u00a0\u00a0\u00a0\u00a0\u00a0\u00a0\u00a0\u00a0\u00a0\u00a0\u00a0\u00a0\u00a0\u00a0\u00a0\u00a0\u00a0\u00a0\u00a0\u00a0\u00a0\u00a0\u00a0\u00a0\u00a0\u00a0\u00a0\u00a0\u00a0\u00a0\u00a0\u00a0\u00a0\u00a0\u00a0\u00a0\u00a0\u00a0\u00a0\u00a0\u00a0\u00a0 <strong>Arte:<\/strong> M\u00fasica, pintura, fotograf\u00eda, poes\u00eda, graffitis\u2026.<\/p>\n<p><a href=\"http:\/\/blog.espol.edu.ec\/paoqueza\/files\/2010\/11\/PINTURA1.jpg\"><img loading=\"lazy\" decoding=\"async\" class=\"alignnone size-medium wp-image-75\" title=\"PINTURA\" src=\"http:\/\/blog.espol.edu.ec\/paoqueza\/files\/2010\/11\/PINTURA1-300x238.jpg\" alt=\"\" width=\"190\" height=\"165\" \/><\/a><a href=\"http:\/\/blog.espol.edu.ec\/paoqueza\/files\/2010\/11\/Fotografo.jpg\"><img loading=\"lazy\" decoding=\"async\" class=\"alignnone size-full wp-image-72\" title=\"Fotografo\" src=\"http:\/\/blog.espol.edu.ec\/paoqueza\/files\/2010\/11\/Fotografo.jpg\" alt=\"\" width=\"203\" height=\"167\" \/><\/a><a href=\"http:\/\/blog.espol.edu.ec\/paoqueza\/files\/2010\/11\/graffitis.jpg\"><img loading=\"lazy\" decoding=\"async\" class=\"alignnone size-medium wp-image-73\" title=\"graffitis\" src=\"http:\/\/blog.espol.edu.ec\/paoqueza\/files\/2010\/11\/graffitis-300x225.jpg\" alt=\"\" width=\"181\" height=\"139\" \/><\/a><a href=\"http:\/\/blog.espol.edu.ec\/paoqueza\/files\/2010\/11\/musica.gif\"><img loading=\"lazy\" decoding=\"async\" class=\"alignnone size-full wp-image-74\" title=\"musica\" src=\"http:\/\/blog.espol.edu.ec\/paoqueza\/files\/2010\/11\/musica.gif\" alt=\"\" width=\"192\" height=\"141\" \/><\/a>\u00a0\u00a0\u00a0\u00a0\u00a0\u00a0\u00a0\u00a0\u00a0\u00a0\u00a0\u00a0\u00a0\u00a0\u00a0\u00a0\u00a0\u00a0\u00a0\u00a0\u00a0\u00a0\u00a0\u00a0\u00a0\u00a0\u00a0<\/p>\n<p>Me gusta viajar....am\u00f3 viajar :D, no me gustan las clases te\u00f3ricas me aburren :O...prefiero ir hacer practicas\u00a0en el campo :),\u00a0\u00a0am\u00f3 el chocolate, no me gusta el sol\u2026 &lt;s\u00f3lo cuando voy a la playa \ud83d\ude09 &gt;...soy fotof\u00f3nica\/ migra\u00f1osa, soy melomaniaca,(: me matan las cursiler\u00edas :$ &lt;flores, cartitas, chocolates, galletitas, \u00a0un beso en la frente y un abrazo :)&gt;,\u00a0me gusta las caricaturas :), cookie monster, me gusta el durazno y soy 100% ECUATORIANA \ud83d\ude00<\/p>\n","protected":false},"excerpt":{"rendered":"<p>Nombre: Paola Quezada Cumpleanios: 1 de Febrero Soy estudiante de Ingenier\u00eda Agr\u00edcola y Biol\u00f3gica Hice este blog por obligaci\u00f3n ya que estoy viendo HCD y que mas tok :\/\u00a0\u00a0\u00a0\u00a0\u00a0\u00a0 (&lt;--no les voy a mentir ) no soy amante mucho de blogs, internet y cosas con tecnol\u00f3gicas, me aburren :p , el tema de mi blog [&hellip;]<\/p>\n","protected":false},"author":5529,"featured_media":0,"parent":0,"menu_order":0,"comment_status":"open","ping_status":"open","template":"","meta":{"footnotes":""},"class_list":["post-2","page","type-page","status-publish","hentry"],"_links":{"self":[{"href":"https:\/\/blog.espol.edu.ec\/paoqueza\/wp-json\/wp\/v2\/pages\/2","targetHints":{"allow":["GET"]}}],"collection":[{"href":"https:\/\/blog.espol.edu.ec\/paoqueza\/wp-json\/wp\/v2\/pages"}],"about":[{"href":"https:\/\/blog.espol.edu.ec\/paoqueza\/wp-json\/wp\/v2\/types\/page"}],"author":[{"embeddable":true,"href":"https:\/\/blog.espol.edu.ec\/paoqueza\/wp-json\/wp\/v2\/users\/5529"}],"replies":[{"embeddable":true,"href":"https:\/\/blog.espol.edu.ec\/paoqueza\/wp-json\/wp\/v2\/comments?post=2"}],"version-history":[{"count":13,"href":"https:\/\/blog.espol.edu.ec\/paoqueza\/wp-json\/wp\/v2\/pages\/2\/revisions"}],"predecessor-version":[{"id":15,"href":"https:\/\/blog.espol.edu.ec\/paoqueza\/wp-json\/wp\/v2\/pages\/2\/revisions\/15"}],"wp:attachment":[{"href":"https:\/\/blog.espol.edu.ec\/paoqueza\/wp-json\/wp\/v2\/media?parent=2"}],"curies":[{"name":"wp","href":"https:\/\/api.w.org\/{rel}","templated":true}]}}