{"id":306,"date":"2011-02-26T23:08:50","date_gmt":"2011-02-26T23:08:50","guid":{"rendered":"http:\/\/blog.espol.edu.ec\/paoqueza\/?page_id=306"},"modified":"2011-02-27T05:50:39","modified_gmt":"2011-02-27T05:50:39","slug":"guia-de-mi-blog","status":"publish","type":"page","link":"https:\/\/blog.espol.edu.ec\/paoqueza\/guia-de-mi-blog\/","title":{"rendered":"Gu\u00eda de m\u00ed Blog :)"},"content":{"rendered":"<p>Bueno se que por all\u00ed escribe que este blog solo iba a estar durante el semestre que duraba la materia de HCD (herramientas de colaboraci\u00f3n digital), pero bueno como siempre me la paso cambiando de opini\u00f3n, me retracto de aquello que escrib\u00ed, le tome cari\u00f1o y adem\u00e1s los comentarios y visitas que he recibido, pues me da motivo de seguir, as\u00ed que hay blog de Violeta para rato xD.<\/p>\n<p><strong>El porqu\u00e9 del nombre del blog?<\/strong><\/p>\n<p>Bueno este nombre <strong><span style=\"text-decoration: underline\">VIOLETA<\/span><\/strong> desde hace tiempo que lo escog\u00ed como alter ego, pues si hubiera tenido la oportunidad me hubiera llamado as\u00ed, bueno en fin <strong><span style=\"text-decoration: underline\">ARTE<\/span><\/strong>: me gusta la m\u00fasik, pintura, danza, fotograf\u00eda, escultura\u2026 y <strong><span style=\"text-decoration: underline\">NATURALEZA<\/span><\/strong>: amo los animales, las plantas en fin todo el ecosistema \ud83d\ude42<\/p>\n<p><strong>P\u00e1ginas: <\/strong>En la parte superior consta de 3 p\u00e1ginas:<\/p>\n<ul>\n<li><strong>AUTORA <\/strong>un poco sobre m\u00ed,<\/li>\n<li><strong>MI LINDO ECUADOR<\/strong> sobre mi pa\u00eds<\/li>\n<li>y este que es <strong>LA GU\u00cdA DEL BLOG<\/strong>.<\/li>\n<\/ul>\n<p><strong>\u00a0<\/strong><\/p>\n<p><strong>Categor\u00edas:<\/strong><\/p>\n<p>Las categor\u00edas se encuentran en el lado izquierdo del blog:<\/p>\n<ul>\n<li><strong>ARTE:<\/strong> temas sobre m\u00fasik, teatro fotograf\u00eda, literatura, cine...<\/li>\n<li><strong>MI LINDO ECUADOR: <\/strong>comida, m\u00fasica...en fin todo sobre mi pa\u00eds.<\/li>\n<li><strong>NATURALEZA: <\/strong>sobre plantas, animales...<\/li>\n<li><strong>SUGERENCIAS: <\/strong>blogs, p\u00e1ginas que recomiendo<\/li>\n<li><strong>UNIVERSIDAD ESPOL: <\/strong>Mi universidad, mi carrera, mis materias, mi vida en la u \ud83d\ude42<\/li>\n<li><strong>VIOLETA: <\/strong>de todo un poco, cosas por lo que la gente pasa y que he pasado como fobias, religi\u00f3n, capitalismo\/socialismo, maltrato escolar...<\/li>\n<li><strong>PARA T\u00cd: <\/strong>para \u00e9l \ud83d\ude42<\/li>\n<\/ul>\n","protected":false},"excerpt":{"rendered":"<p>Bueno se que por all\u00ed escribe que este blog solo iba a estar durante el semestre que duraba la materia de HCD (herramientas de colaboraci\u00f3n digital), pero bueno como siempre me la paso cambiando de opini\u00f3n, me retracto de aquello que escrib\u00ed, le tome cari\u00f1o y adem\u00e1s los comentarios y visitas que he recibido, pues [&hellip;]<\/p>\n","protected":false},"author":5529,"featured_media":0,"parent":0,"menu_order":0,"comment_status":"open","ping_status":"open","template":"","meta":{"footnotes":""},"class_list":["post-306","page","type-page","status-publish","hentry"],"_links":{"self":[{"href":"https:\/\/blog.espol.edu.ec\/paoqueza\/wp-json\/wp\/v2\/pages\/306","targetHints":{"allow":["GET"]}}],"collection":[{"href":"https:\/\/blog.espol.edu.ec\/paoqueza\/wp-json\/wp\/v2\/pages"}],"about":[{"href":"https:\/\/blog.espol.edu.ec\/paoqueza\/wp-json\/wp\/v2\/types\/page"}],"author":[{"embeddable":true,"href":"https:\/\/blog.espol.edu.ec\/paoqueza\/wp-json\/wp\/v2\/users\/5529"}],"replies":[{"embeddable":true,"href":"https:\/\/blog.espol.edu.ec\/paoqueza\/wp-json\/wp\/v2\/comments?post=306"}],"version-history":[{"count":10,"href":"https:\/\/blog.espol.edu.ec\/paoqueza\/wp-json\/wp\/v2\/pages\/306\/revisions"}],"predecessor-version":[{"id":310,"href":"https:\/\/blog.espol.edu.ec\/paoqueza\/wp-json\/wp\/v2\/pages\/306\/revisions\/310"}],"wp:attachment":[{"href":"https:\/\/blog.espol.edu.ec\/paoqueza\/wp-json\/wp\/v2\/media?parent=306"}],"curies":[{"name":"wp","href":"https:\/\/api.w.org\/{rel}","templated":true}]}}