{"id":181,"date":"2009-06-09T17:48:02","date_gmt":"2009-06-09T22:48:02","guid":{"rendered":"http:\/\/blog.espol.edu.ec\/patty\/?page_id=181"},"modified":"2010-03-05T13:48:31","modified_gmt":"2010-03-05T18:48:31","slug":"entrevistas","status":"publish","type":"page","link":"https:\/\/blog.espol.edu.ec\/patty\/entrevistas\/","title":{"rendered":"ALGO + \\U\/"},"content":{"rendered":"<h1 style=\"text-align: center\"><span style=\"text-decoration: underline\"><span style=\"font-family: mceinline\">MENDEZ A BRASIL<\/span><\/span><\/h1>\n<h4><span style=\"font-weight: normal\">Si, se\u00f1ores Mendez se va de Liga a partir de Junio de este a\u00f1o, va a jugar en Brasil al Atletico Mineiro.<\/span><\/h4>\n<p>Confirmado por \u00a0Esteban Paz en una entrevista de radio aqu\u00ed para que la oigan:<\/p>\n<p><strong>ESTEBAN PAZ<\/strong>: <a href=\"http:\/\/locosxliga.com\/post\/427429323\/audio-esteban-paz-confirma-la-salida-de-edison\" target=\"_blank\">EMISORA CENTRAL<\/a><\/p>\n<p>Fuente:<a href=\"http:\/\/locosxliga.com\/\" target=\"_blank\"> http:\/\/locosxliga.com\/<\/a><\/p>\n<h1 style=\"text-align: center\"><span style=\"color: #ff0000\"><span style=\"text-decoration: underline\">RAMBER VERA A LIGA<\/span><\/span><\/h1>\n<p style=\"text-align: left\">La tarde del dia sabado despues del partido de LIGA, ramber vera se puso la camiseta de LIGA, el jugara en la recopa y el la segunda etapa del campeonato nacional.<\/p>\n<p><object width=\"340\" height=\"285\" data=\"http:\/\/www.youtube-nocookie.com\/v\/LMpuQLXFks8&amp;hl=es&amp;fs=1&amp;color1=0x2b405b&amp;color2=0x6b8ab6&amp;border=1\" type=\"application\/x-shockwave-flash\"><param name=\"allowFullScreen\" value=\"true\" \/><param name=\"allowscriptaccess\" value=\"always\" \/><param name=\"src\" value=\"http:\/\/www.youtube-nocookie.com\/v\/LMpuQLXFks8&amp;hl=es&amp;fs=1&amp;color1=0x2b405b&amp;color2=0x6b8ab6&amp;border=1\" \/><param name=\"allowfullscreen\" value=\"true\" \/><\/object><\/p>\n<p style=\"text-align: center\"><object width=\"340\" height=\"285\" data=\"http:\/\/www.youtube.com\/v\/5l6rSfzSB5Q&amp;hl=es&amp;fs=1&amp;color1=0x006699&amp;color2=0x54abd6&amp;border=1\" type=\"application\/x-shockwave-flash\"><param name=\"allowFullScreen\" value=\"true\" \/><param name=\"allowscriptaccess\" value=\"always\" \/><param name=\"src\" value=\"http:\/\/www.youtube.com\/v\/5l6rSfzSB5Q&amp;hl=es&amp;fs=1&amp;color1=0x006699&amp;color2=0x54abd6&amp;border=1\" \/><param name=\"allowfullscreen\" value=\"true\" \/><\/object>\n<\/p>\n<p style=\"text-align: center\">\n<p style=\"text-align: center\"><img loading=\"lazy\" decoding=\"async\" class=\"size-thumbnail wp-image-224 aligncenter\" src=\"http:\/\/blog.espol.edu.ec\/patty\/files\/2009\/06\/claudio-graf-2-150x150.jpg\" alt=\"claudio-graf-2\" width=\"150\" height=\"150\" \/><\/p>\n<p style=\"text-align: left\">\n<p style=\"text-align: left\">Tambien confirmado de la contratacion del se\u00f1or Claudio Graf , es un futbolista argentino profesional. Con una gran tayectoria en el futbol en Argentina Turquia y mexico.<\/p>\n<p style=\"text-align: left\"><img loading=\"lazy\" decoding=\"async\" class=\"aligncenter size-thumbnail wp-image-201\" src=\"http:\/\/blog.espol.edu.ec\/patty\/files\/2009\/06\/liga-de-quito-winnin_50400-150x150.jpg\" alt=\"liga-de-quito-winnin_50400\" width=\"150\" height=\"150\" \/><\/p>\n<p>En la tarde anoche de ayer, Ulises de la Cruz fue inscrito como jugador de LIGA y ser\u00e1 habilitado para lassegunda etapa del campeonato nacional pero podr\u00e1 jugar la recopa que se juega este proximo 25 de junio.<\/p>\n<p>Lo mismo se esta esando los papeles de Cristian Lara para maximo en la tarde inscribirlo como jugador de LIGA.<br \/>\n<object width=\"340\" height=\"285\" data=\"http:\/\/www.youtube-nocookie.com\/v\/PO5oQoKumSU&amp;hl=es&amp;fs=1&amp;color1=0xe1600f&amp;color2=0xfebd01&amp;border=1\" type=\"application\/x-shockwave-flash\"><param name=\"allowFullScreen\" value=\"true\" \/><param name=\"allowscriptaccess\" value=\"always\" \/><param name=\"src\" value=\"http:\/\/www.youtube-nocookie.com\/v\/PO5oQoKumSU&amp;hl=es&amp;fs=1&amp;color1=0xe1600f&amp;color2=0xfebd01&amp;border=1\" \/><param name=\"allowfullscreen\" value=\"true\" \/><\/object><br \/>\nTodavia podemos inscribir un jugador mas para la RECOPA, ser\u00e1 que Vera regresa a LIGA??.<\/p>\n<p>En un dialogo con radio la RED Esteban Paz dijo \" que se espera pelear la recopa con todas las armas y a muerte\"\u00a0 y bajo estas palabras LIGA se esta armando.<\/p>\n<p>Vamos Liga a pelear por esa RECOPA.<\/p>\n<p><img loading=\"lazy\" decoding=\"async\" class=\"aligncenter size-thumbnail wp-image-197\" src=\"http:\/\/blog.espol.edu.ec\/patty\/files\/2009\/06\/liga-sinestrellastridi-1-150x150.jpg\" alt=\"liga-sinestrellastridi-1\" width=\"150\" height=\"150\" \/><\/p>\n<p>El departamente de relaciones publicas de LIGA ah convocado a una rueda de prensa en el estadio de Ponciano a las 17:00 ma\u00f1ana 17 de junio del 2009.<\/p>\n<p>Se trataran temas relacionados con la fechas de los partidos internacionales que tiene el equipo.<\/p>\n<p>No se ah especificado pero se puede dar a conocer de las nuevas contrataciones de liga como la de cristian lara o ulises de la cruz, bueno los rumores son varios quizas tengamos sorpresas, con todo ma\u00f1ana se sabra que pasara con LIGA y como enfrentara los diferentes partidos interncnales.<\/p>\n<p>Ma\u00f1ana esperando noticias!!!.<\/p>\n<h1 style=\"text-align: center\"><span style=\"color: #ff0000\"><span style=\"color: #ff0000\"><span style=\"text-decoration: underline\">DESPEDIDA DE MANSO<\/span><\/span><br \/>\n<\/span><\/h1>\n<p style=\"text-align: left\">Manso se fue la Pachuca de mexico aqui una entrevista que le dio a Codigo Futbol:<\/p>\n<p><object width=\"340\" height=\"285\" data=\"http:\/\/www.youtube-nocookie.com\/v\/heaDG_Qmbik&amp;hl=es&amp;fs=1&amp;rel=0&amp;color1=0x5d1719&amp;color2=0xcd311b&amp;border=1\" type=\"application\/x-shockwave-flash\"><param name=\"allowFullScreen\" value=\"true\" \/><param name=\"allowscriptaccess\" value=\"always\" \/><param name=\"src\" value=\"http:\/\/www.youtube-nocookie.com\/v\/heaDG_Qmbik&amp;hl=es&amp;fs=1&amp;rel=0&amp;color1=0x5d1719&amp;color2=0xcd311b&amp;border=1\" \/><param name=\"allowfullscreen\" value=\"true\" \/><\/object><\/p>\n<h1 style=\"text-align: center\"><span style=\"color: #ff0000\"><strong><span style=\"text-decoration: underline\">ENTREVISTA A MANSO<br \/>\n<\/span><\/strong><\/span><\/h1>\n<p style=\"text-align: center\">Aqui una entrevista que le hizo Luis Alberto Otero de\u00a0 futbolecuador.com :<\/p>\n<p><a title=\"ENTREVISTA CON DAMIAN MANSO\" href=\"http:\/\/www.futbolecuador.com\/manso.html\" target=\"_blank\">http:\/\/www.futbolecuador.com\/manso.html<\/a><\/p>\n<p>Grande Manso!!!!<\/p>\n<div>\n<h1 style=\"text-align: center\"><span style=\"color: #ff0000\">VIDEOS TRIBUTOS A LIGA<\/span><\/h1>\n<p style=\"text-align: left\">Aqui veremos algunos videos gracias a nuestros amigos hinchas.<\/p>\n<p><span style=\"color: #000000\">Este video es gracias a padfest en youtube es una recopilacion de esos grandes momentos que LIGA ah vivido.. gracias padfest por el video:<\/span><\/p>\n<p><object width=\"340\" height=\"285\" data=\"http:\/\/www.youtube-nocookie.com\/v\/Zy6UMH1Td68&amp;hl=es&amp;fs=1&amp;rel=0&amp;color1=0x006699&amp;color2=0x54abd6&amp;border=1\" type=\"application\/x-shockwave-flash\"><param name=\"allowFullScreen\" value=\"true\" \/><param name=\"allowscriptaccess\" value=\"always\" \/><param name=\"src\" value=\"http:\/\/www.youtube-nocookie.com\/v\/Zy6UMH1Td68&amp;hl=es&amp;fs=1&amp;rel=0&amp;color1=0x006699&amp;color2=0x54abd6&amp;border=1\" \/><param name=\"allowfullscreen\" value=\"true\" \/><\/object><\/p>\n<p>El primero es un videode lduNACIONALrkz:<\/p>\n<p><object width=\"400\" height=\"300\" data=\"http:\/\/www.youtube.com\/v\/iGxKGhlyT-o&amp;hl=es&amp;fs=1&amp;rel=0&amp;color1=0x006699&amp;color2=0x54abd6&amp;border=1\" type=\"application\/x-shockwave-flash\"><param name=\"allowFullScreen\" value=\"true\" \/><param name=\"allowscriptaccess\" value=\"always\" \/><param name=\"src\" value=\"http:\/\/www.youtube.com\/v\/iGxKGhlyT-o&amp;hl=es&amp;fs=1&amp;rel=0&amp;color1=0x006699&amp;color2=0x54abd6&amp;border=1\" \/><param name=\"allowfullscreen\" value=\"true\" \/><\/object><\/p>\n<p style=\"text-align: center\"><strong><\/strong><strong>\u201cTu sabes que somos de calle hay cria y corazon<br \/>\nsiente el fuego las reglas del juego las pongo yo<br \/>\nPor que somos de calle hay cria y corazon<br \/>\nsiente el fuego las reglas del juegos las pongo yo\u201d<\/strong><\/p>\n<h1 style=\"text-align: center\"><span style=\"color: #ff0000\"><strong>MARCHA AL ATAHUALPA 13-06-09<\/strong><\/span><\/h1>\n<p>HOLA GENTE YA FALTA MENOS DE UNA SEMANA PARA LA MARCHA. VAMOS A DEMOSTRAR QUE SOMOS LOS MEJORES EN TODA LA CAPITAL Y EN TODO EL ECUADOR.<\/p>\n<p>HAGAMOS DE ESTE GLORIOSO DIA UNA FIESTA. LLEVEMOS MINIMO UN GLOBO POR PERSONA QUE LO PUEDEN COMPRAR EN CUALQUIER BAZAR O HASTA PAPELERIA.<\/p>\n<p>EL PARTIDO ES A LAS 4 PM Y POR ESO;<\/p>\n<p>EL TOPE ES DESDE LAS 12PM EN EL PORTAL DE LIGA UBICADO EN LA AMAZONAS Y GASPAR DE VILLAROEL. APROXIMADAMENTE A LA 1Y30 ESTARA SALIENDO LA MARCHA CON LA GENTE QUE HASTA ESE MOMENTO SE HAYA REUNIDO EN EL PORTAL Y DE AHI EN EL TRANSCURSO DE LA MARCHA TODA LA GENTE PUEDE SEGUIR INCLUYENDOSE.<\/p>\n<p>IREMOS POR TODA LA AMAZONAS HASTA LLEGAR A LA NACIONES UNIDAS Y DE AHI IREMOS DIRECTO HASTA EL ESTADIO CRUZANDO POR LA SHIRYS Y LA 6 DE DICIEMBRE.<\/p>\n<p>SE LE PIDE A LA GENTE LLEVEN SUS PARAGUAS Y SUS TRAPOS O BANDERAS SIN ASTA. VAMOS A HACER DE ESE NUESTRO DIA DE LA BANDERA TAMBIEN Y VAMOS A REPLETAR DE GENTE Y BANDERAS ESA GENERAL SUR QUE NOS ASIGNARON.<\/p>\n<p>MUY PRONTO SE DIFUNDIRA LA INFORMACION SOBRE ESTA MARCHA EN LOS DIFERENTES MEDIOS DE COMUNICACION PARA QUE GENTE QUE NO VISITE ESTAS PAGINAS DE INTERNET TAMBIEN SE ENTERE.<\/p>\n<p>SON TODOS BIENVENIDOS, PORQUE TODOS SOMOS LIGA. NO LES DE RECELO LLEVAR A SUS HIJOS PEQUE\u00d1OS NI A GENTE ANCIANA PORQUE COMO YA LO DIJE TODOS SOMOS PARTE DE ESTA MARAVILLOSA HINCHADA Y NOS VAMOS A TRATAR BIEN ENTRE TODOS.<\/p>\n<p>NO VA A HABER ALCOHOL POR LA LEY SECA. VA A HABER TAMBIEN UN GRAN CONTROL POLICIAL AL MOMENTO DE LLEGAR AL ESTADIO PARA EVITAR CRUCES ENTRE LAS HINCHADAS Y POR ESO HASTA ES MEJOR LLEGAR TODOS JUNTOS.<\/p>\n<p>SE LES PIDE TAMBIEN QUE AVISEN A SUS AMIGOS, FAMILIARES Y CONOCIDOS SOBRE ESTA MARCHA. TENEMOS QUE SUPERAR LA DEL A\u00d1O PASADO QUE SIMPLEMENTE FUE ESPECTACULAR. PUEDEN HACERLO EN CADENA DE MENSAJES DE TEXTO O SIMPLEMENTE LA CADENA DE EMAILS COPIANDO Y PEGANDO ESTE TOPIC.<br \/>\nAGUANTE LA U Y SU HINCHADA. DE NUESTRA PARTE QUE NUNCA FALTE EL APOYO Y EL ALIENTO DURANTE TODO EL PARTIDO AL EQUIPO\n<\/p>\n<p style=\"text-align: left\">\n<p style=\"text-align: left\">\n<p style=\"text-align: center\">\n<h1 style=\"text-align: center\"><span style=\"color: #ff0000\"><span style=\"text-decoration: underline\"><strong>HUMOR FUTBOLISTICO:<\/strong><\/span><\/span><\/h1>\n<p style=\"text-align: center\">\n<p style=\"text-align: left\">Un d\u00eda llega un ni\u00f1o y le dice a su padre:<br \/>\nPapi, papi, papi, f\u00edjate que hoy, el entrenador de f\u00fatbol me dijo que yo era una promesa de gol.<br \/>\nY su padre emocionado le dice:<br \/>\n\u00bfJugaste de delantero?<br \/>\nY el ni\u00f1o le responde:<br \/>\n\u00a1No, de arquero!\n<\/p>\n<p style=\"text-align: left\">\n<p>Se topan dos amigos y uno le cuenta a otr<img loading=\"lazy\" decoding=\"async\" class=\"alignright size-full wp-image-159\" src=\"http:\/\/blog.espol.edu.ec\/patty\/files\/2009\/05\/balon_futbol-150x150.jpg\" alt=\"balon_futbol-150x150\" width=\"150\" height=\"150\" \/>o:<br \/>\nAy, yo tengo un equipo de f\u00fatbol y mi portero se suicid\u00f3.<br \/>\nEl otro le pregunta:<br \/>\n\u00bfPero, por qu\u00e9?<br \/>\nEn el \u00faltimo partido perdimos 5 a 0 y los goles fueron 2 de penal, 2 de tiro libre y 1 de tiro de esquina, y no resisti\u00f3.<br \/>\nPero el amigo le replica:<\/p>\n<p>\u00bfS\u00f3lo por eso se mat\u00f3? \u00bfY c\u00f3mo fue? De un tiro de esquina.<\/p>\n<p>En un partido de f\u00fatbol, un reportero de la televisi\u00f3n le pide al capit\u00e1n del equipo ganador que venga y le pregunta:<br \/>\n\u00bfCu\u00e1l fue su estrategia para ganar?<br \/>\nY le responde:<br \/>\n\u00a1Saqu\u00e9 al n\u00famero 10 y met\u00ed a cinco jugadores con el n\u00famero dos!<\/p>\n<p>Llegan los demonios al cielo para organizar un partido de futbol amistoso con los angeles.<br \/>\nAngeles: No tiene caso, nosotros tenemos a los mejores jugadores.<br \/>\nDemonios: Si, pero nosotros tenemos a todos los arbitros.<\/p>\n<p>- \u00bfExiste discriminaci\u00f3n de los deportes por la radio?<br \/>\n- Si. claro que si. . . \u00bfo es que has escuchado la transmisi\u00f3n de un campeonato de ping-pong por la radio?<\/p><\/div>\n","protected":false},"excerpt":{"rendered":"<p>MENDEZ A BRASIL Si, se\u00f1ores Mendez se va de Liga a partir de Junio de este a\u00f1o, va a jugar en Brasil al Atletico Mineiro. Confirmado por \u00a0Esteban Paz en una entrevista de radio aqu\u00ed para que la oigan: ESTEBAN PAZ: EMISORA CENTRAL Fuente: http:\/\/locosxliga.com\/ RAMBER VERA A LIGA La tarde del dia sabado despues [&hellip;]<\/p>\n","protected":false},"author":1463,"featured_media":0,"parent":0,"menu_order":0,"comment_status":"open","ping_status":"open","template":"","meta":{"_monsterinsights_skip_tracking":false,"_monsterinsights_sitenote_active":false,"_monsterinsights_sitenote_note":"","_monsterinsights_sitenote_category":0,"footnotes":""},"class_list":["post-181","page","type-page","status-publish","hentry"],"_links":{"self":[{"href":"https:\/\/blog.espol.edu.ec\/patty\/wp-json\/wp\/v2\/pages\/181","targetHints":{"allow":["GET"]}}],"collection":[{"href":"https:\/\/blog.espol.edu.ec\/patty\/wp-json\/wp\/v2\/pages"}],"about":[{"href":"https:\/\/blog.espol.edu.ec\/patty\/wp-json\/wp\/v2\/types\/page"}],"author":[{"embeddable":true,"href":"https:\/\/blog.espol.edu.ec\/patty\/wp-json\/wp\/v2\/users\/1463"}],"replies":[{"embeddable":true,"href":"https:\/\/blog.espol.edu.ec\/patty\/wp-json\/wp\/v2\/comments?post=181"}],"version-history":[{"count":10,"href":"https:\/\/blog.espol.edu.ec\/patty\/wp-json\/wp\/v2\/pages\/181\/revisions"}],"predecessor-version":[{"id":183,"href":"https:\/\/blog.espol.edu.ec\/patty\/wp-json\/wp\/v2\/pages\/181\/revisions\/183"}],"wp:attachment":[{"href":"https:\/\/blog.espol.edu.ec\/patty\/wp-json\/wp\/v2\/media?parent=181"}],"curies":[{"name":"wp","href":"https:\/\/api.w.org\/{rel}","templated":true}]}}