{"id":374,"date":"2009-07-24T12:42:52","date_gmt":"2009-07-24T17:42:52","guid":{"rendered":"http:\/\/blog.espol.edu.ec\/patty\/?page_id=374"},"modified":"2010-03-05T13:38:52","modified_gmt":"2010-03-05T18:38:52","slug":"copa-de-la-paz","status":"publish","type":"page","link":"https:\/\/blog.espol.edu.ec\/patty\/copa-de-la-paz\/","title":{"rendered":"PEACE CUP\/09"},"content":{"rendered":"<h1 style=\"text-align: center\"><span style=\"text-decoration: underline\"><strong><span style=\"color: #ff0000\">LIGA 3 VS AL-ITTIHAD 1<\/span><\/strong><\/span><\/h1>\n<p><img loading=\"lazy\" decoding=\"async\" class=\"alignleft size-full wp-image-386\" src=\"http:\/\/blog.espol.edu.ec\/patty\/files\/2009\/07\/escudo_ldu.png\" alt=\"escudo_ldu\" width=\"78\" height=\"66\" \/>Empezo la copa de la paz, con el partido de la LIGA ganando 3 goles a 1 al AL-ITTIHAD, Un equipo que salio a pelear el partido y que tuvo dos opciones claras de goles pero no supo definir.<\/p>\n<p><img loading=\"lazy\" decoding=\"async\" class=\"alignleft size-full wp-image-387\" src=\"http:\/\/blog.espol.edu.ec\/patty\/files\/2009\/07\/escudo_ittihadfc.png\" alt=\"escudo_ittihadfc\" width=\"70\" height=\"87\" \/>Con este contundente triunfo se abre el torneo en el continente europeo siendo LIGA uno de los primero en conquistar un triunfo as\u00ed en ese suelo (si me confundo corrijan).<\/p>\n<p>Liga jug\u00f3 con un equipo alterno pero que nos ense\u00f1o que LIGA sabe jugar con o sin sus jugadores estrellas y que todos saben que es defender la camiseta color blanca que llevan.<\/p>\n<p>Los goles los convirtieron al minuto 19\u00a0 Neicer Reascos, luego al minuto 41 \u00a0Paul Ambrosi, nos fuimos al descanso con un claro 2 a 0. Llegando del descanso Liga anota su tercer gol al minuto 72 por Graf y al minuto 73 todav\u00eda festejando el tercer gol el jugador Khariri pone el primer gol a favor del AL-ATTIHAD.<\/p>\n<p>El estadio estuvo vacio, en las imagenes eso de veia, y el diario el universo confirma que no habia mas de 500 hinchas obviamente liguistas.<\/p>\n<p>Un comentarista escuche que dijo LIGA jugo a medio gas este martes tenemos que jugar con todo el gas contra el Real Madrid.<\/p>\n<p>Aqu\u00ed la muestra de esos goles y el desempe\u00f1o del equipo en su primer partido:<\/p>\n<p>(Video con comentarios)<\/p>\n<p><object width=\"340\" height=\"285\" data=\"http:\/\/www.youtube-nocookie.com\/v\/o1bE7FaUOaQ&amp;hl=es&amp;fs=1&amp;rel=0&amp;color1=0x5d1719&amp;color2=0xcd311b&amp;border=1\" type=\"application\/x-shockwave-flash\"><param name=\"allowFullScreen\" value=\"true\" \/><param name=\"allowscriptaccess\" value=\"always\" \/><param name=\"src\" value=\"http:\/\/www.youtube-nocookie.com\/v\/o1bE7FaUOaQ&amp;hl=es&amp;fs=1&amp;rel=0&amp;color1=0x5d1719&amp;color2=0xcd311b&amp;border=1\" \/><param name=\"allowfullscreen\" value=\"true\" \/><\/object><\/p>\n<p>(Video sin comentarios)<\/p>\n<p><object width=\"340\" height=\"285\" data=\"http:\/\/www.youtube-nocookie.com\/v\/76IFxM5Za2I&amp;hl=es&amp;fs=1&amp;rel=0&amp;color1=0x5d1719&amp;color2=0xcd311b&amp;border=1\" type=\"application\/x-shockwave-flash\"><param name=\"allowFullScreen\" value=\"true\" \/><param name=\"allowscriptaccess\" value=\"always\" \/><param name=\"src\" value=\"http:\/\/www.youtube-nocookie.com\/v\/76IFxM5Za2I&amp;hl=es&amp;fs=1&amp;rel=0&amp;color1=0x5d1719&amp;color2=0xcd311b&amp;border=1\" \/><param name=\"allowfullscreen\" value=\"true\" \/><\/object><\/p>\n<h2 style=\"text-align: center\"><strong><span style=\"color: #ff0000\">LA COPA DE LA PAZ<\/span><\/strong><\/h2>\n<p style=\"text-align: center\"><img loading=\"lazy\" decoding=\"async\" class=\"size-full wp-image-375 aligncenter\" src=\"http:\/\/blog.espol.edu.ec\/patty\/files\/2009\/07\/g_2406_copa-de-la-paz.jpg\" alt=\"g_2406_copa-de-la-paz\" width=\"135\" height=\"135\" srcset=\"https:\/\/blog.espol.edu.ec\/patty\/files\/2009\/07\/g_2406_copa-de-la-paz.jpg 300w, https:\/\/blog.espol.edu.ec\/patty\/files\/2009\/07\/g_2406_copa-de-la-paz-150x150.jpg 150w\" sizes=\"auto, (max-width: 135px) 100vw, 135px\" \/><\/p>\n<p style=\"text-align: left\"><strong><\/strong>La copa de la Paz empieza hoy, aqui un poco de su historia y de donde viene este torneo...<\/p>\n<p>Es una competici\u00f3n de f\u00fatbol organizada por la Fundaci\u00f3n de f\u00fatbol Sun Moon para la Paz que organiza la competici\u00f3n entre clubes de todos los continentes como una manera de promocionar la paz en el mundo. \u00a0Desde el 2003 participan ocho equipos invitados de los cinco continentes, donde juegan en fase de grupos y ahora en 2009 la copa ser\u00e1 en Espa\u00f1a.<\/p>\n<p>El campe\u00f3n de la copa recibir\u00e1 2.000.000 Euros, el sub-campe\u00f3n recibir\u00e1 1.000.000 Euros y los sem\u00edfinalistas recibir\u00e1n 500.000 Euros.<\/p>\n<p>Los grupos quedaron de la siguiente manera:<\/p>\n<p><strong>Grupo A<\/strong><\/p>\n<p>Sevilla, Juventus y Seongnam.<\/p>\n<p><strong>Grupo B<\/strong><\/p>\n<p>Real Madrid, Al-Ittihad y Liga de Quito.<\/p>\n<p><strong>Grupo C<\/strong><\/p>\n<p>M\u00e1laga, Aston Villa y Celtic de Glasgow<\/p>\n<p><strong>Grupo D<\/strong><\/p>\n<p>Olympique de Lyon, Fenerbahce y Oporto<\/p>\n<p style=\"text-align: center\"><span style=\"color: #ff0000\"><strong>Calendario de partidos es el siguiente:<\/strong><\/span><\/p>\n<p><strong>24 de julio:<br \/>\n<\/strong>Sevilla-Juventus<\/p>\n<p>Liga de Quito - Al Ittihad<\/p>\n<p><strong> <\/strong><\/p>\n<p><strong>25 de julio:<\/strong><strong><br \/>\n<\/strong>Ol.Lyon - Fenerbahce<\/p>\n<p>M\u00e1laga-Aston Villa<\/p>\n<p><strong>26 de julio:<\/strong><\/p>\n<p>Sevilla - Seongnam<\/p>\n<p>Real Madrid - Liga de Quito<\/p>\n<p><strong> <\/strong><\/p>\n<p><strong>27 de julio:<\/strong><br \/>\n<strong>Ol.Lyon - Oporto <\/strong><\/p>\n<p>M\u00e1laga - Celtic de Glasgow<\/p>\n<p><strong>28 julio:<\/strong><br \/>\nJuventus - Seongnam<\/p>\n<p>Real Madrid- Al Ittihad<\/p>\n<p><strong> <\/strong><\/p>\n<p><strong> <\/strong><\/p>\n<p><strong>29 de julio:<br \/>\n<\/strong>Fenerbahce - Oporto<\/p>\n<p>Aston Villa - Celtic<\/p>\n<p><strong> <\/strong><\/p>\n<p><strong>31 de julio<br \/>\n<\/strong>Semifinal entre campeones de los Grupos A y B<\/p>\n<p>Semifinal entre campeones de los grupos C y D<\/p>\n<p>2 de agosto Final en el Estadio Ol\u00edmpico de La Cartuja en Sevilla<\/p>\n","protected":false},"excerpt":{"rendered":"<p>LIGA 3 VS AL-ITTIHAD 1 Empezo la copa de la paz, con el partido de la LIGA ganando 3 goles a 1 al AL-ITTIHAD, Un equipo que salio a pelear el partido y que tuvo dos opciones claras de goles pero no supo definir. Con este contundente triunfo se abre el torneo en el continente [&hellip;]<\/p>\n","protected":false},"author":1463,"featured_media":0,"parent":0,"menu_order":0,"comment_status":"open","ping_status":"open","template":"","meta":{"_monsterinsights_skip_tracking":false,"_monsterinsights_sitenote_active":false,"_monsterinsights_sitenote_note":"","_monsterinsights_sitenote_category":0,"footnotes":""},"class_list":["post-374","page","type-page","status-publish","hentry"],"_links":{"self":[{"href":"https:\/\/blog.espol.edu.ec\/patty\/wp-json\/wp\/v2\/pages\/374","targetHints":{"allow":["GET"]}}],"collection":[{"href":"https:\/\/blog.espol.edu.ec\/patty\/wp-json\/wp\/v2\/pages"}],"about":[{"href":"https:\/\/blog.espol.edu.ec\/patty\/wp-json\/wp\/v2\/types\/page"}],"author":[{"embeddable":true,"href":"https:\/\/blog.espol.edu.ec\/patty\/wp-json\/wp\/v2\/users\/1463"}],"replies":[{"embeddable":true,"href":"https:\/\/blog.espol.edu.ec\/patty\/wp-json\/wp\/v2\/comments?post=374"}],"version-history":[{"count":8,"href":"https:\/\/blog.espol.edu.ec\/patty\/wp-json\/wp\/v2\/pages\/374\/revisions"}],"predecessor-version":[{"id":405,"href":"https:\/\/blog.espol.edu.ec\/patty\/wp-json\/wp\/v2\/pages\/374\/revisions\/405"}],"wp:attachment":[{"href":"https:\/\/blog.espol.edu.ec\/patty\/wp-json\/wp\/v2\/media?parent=374"}],"curies":[{"name":"wp","href":"https:\/\/api.w.org\/{rel}","templated":true}]}}