{"id":41,"date":"2013-11-18T21:46:03","date_gmt":"2013-11-18T21:46:03","guid":{"rendered":"http:\/\/blog.espol.edu.ec\/paularhor\/?page_id=41"},"modified":"2013-11-18T21:48:47","modified_gmt":"2013-11-18T21:48:47","slug":"sociedad-americana-de-cancer","status":"publish","type":"page","link":"https:\/\/blog.espol.edu.ec\/paularhor\/sociedad-americana-de-cancer\/","title":{"rendered":"Sociedad Americana de Cancer"},"content":{"rendered":"<p>Es una pagina web que apoya a las familias que tienen a alguna persona luchando conrta el cancer. M\u00e1s de un mill\u00f3n de personas en los Estados Unidos contraen c\u00e1ncer cad<span class=\"Apple-style-span\" style=\"color: #333333;font-family: Georgia, 'Times New Roman', 'Bitstream Charter', Times, serif;font-size: 12px;line-height: 18px\"><span class=\"Apple-style-span\" style=\"font-size: 16px;color: #444444;font-family: Georgia, 'Bitstream Charter', serif;line-height: 24px\">a a\u00f1o. Si usted tiene c\u00e1ncer o est\u00e1 cerca de alguien que lo hace, la comprensi\u00f3n de qu\u00e9 esperar puede ayudarle a hacer frente. En esta secci\u00f3n se puede encontrar informaci\u00f3n b\u00e1sica sobre el c\u00e1ncer y cu\u00e1les son sus causas, as\u00ed como informaci\u00f3n detallada sobre los tipos espec\u00edficos de c\u00e1ncer, sus factores de riesgo, la detecci\u00f3n precoz, el diagn\u00f3stico y las opciones de tratamiento. Esta pagina a pesar de ser ''Americana'' \u00a0es de beneficio para las demas personas ya que nos permite conocer acerca de nuevos tratamientos, diagnostico y estar al dia con esta enfermedad.<\/span><\/span><\/p>\n<p>&nbsp;<\/p>\n<p><span class=\"Apple-style-span\" style=\"color: #333333;font-family: Georgia, 'Times New Roman', 'Bitstream Charter', Times, serif;font-size: 12px;line-height: 18px\"><img loading=\"lazy\" decoding=\"async\" class=\"size-medium wp-image-44 aligncenter\" style=\"color: #444444;font-family: Georgia, 'Bitstream Charter', serif;line-height: 1.5;border-style: initial;border-color: initial;cursor: default;border-width: 0px\" alt=\"relayforlife\" src=\"http:\/\/blog.espol.edu.ec\/paularhor\/files\/2013\/11\/relayforlife-300x270.jpg\" width=\"300\" height=\"270\" srcset=\"https:\/\/blog.espol.edu.ec\/paularhor\/files\/2013\/11\/relayforlife-300x270.jpg 300w, https:\/\/blog.espol.edu.ec\/paularhor\/files\/2013\/11\/relayforlife-1024x923.jpg 1024w, https:\/\/blog.espol.edu.ec\/paularhor\/files\/2013\/11\/relayforlife.jpg 1114w\" sizes=\"auto, (max-width: 300px) 100vw, 300px\" \/><\/span><\/p>\n","protected":false},"excerpt":{"rendered":"<p>Es una pagina web que apoya a las familias que tienen a alguna persona luchando conrta el cancer. M\u00e1s de un mill\u00f3n de personas en los Estados Unidos contraen c\u00e1ncer cada a\u00f1o. Si usted tiene c\u00e1ncer o est\u00e1 cerca de alguien que lo hace, la comprensi\u00f3n de qu\u00e9 esperar puede ayudarle a hacer frente. En [&hellip;]<\/p>\n","protected":false},"author":8857,"featured_media":0,"parent":0,"menu_order":0,"comment_status":"open","ping_status":"open","template":"","meta":{"footnotes":""},"class_list":["post-41","page","type-page","status-publish","hentry"],"_links":{"self":[{"href":"https:\/\/blog.espol.edu.ec\/paularhor\/wp-json\/wp\/v2\/pages\/41","targetHints":{"allow":["GET"]}}],"collection":[{"href":"https:\/\/blog.espol.edu.ec\/paularhor\/wp-json\/wp\/v2\/pages"}],"about":[{"href":"https:\/\/blog.espol.edu.ec\/paularhor\/wp-json\/wp\/v2\/types\/page"}],"author":[{"embeddable":true,"href":"https:\/\/blog.espol.edu.ec\/paularhor\/wp-json\/wp\/v2\/users\/8857"}],"replies":[{"embeddable":true,"href":"https:\/\/blog.espol.edu.ec\/paularhor\/wp-json\/wp\/v2\/comments?post=41"}],"version-history":[{"count":4,"href":"https:\/\/blog.espol.edu.ec\/paularhor\/wp-json\/wp\/v2\/pages\/41\/revisions"}],"predecessor-version":[{"id":46,"href":"https:\/\/blog.espol.edu.ec\/paularhor\/wp-json\/wp\/v2\/pages\/41\/revisions\/46"}],"wp:attachment":[{"href":"https:\/\/blog.espol.edu.ec\/paularhor\/wp-json\/wp\/v2\/media?parent=41"}],"curies":[{"name":"wp","href":"https:\/\/api.w.org\/{rel}","templated":true}]}}