{"id":2,"date":"2016-10-31T21:32:58","date_gmt":"2016-10-31T21:32:58","guid":{"rendered":"http:\/\/blog.espol.edu.ec\/pchalen\/?page_id=2"},"modified":"2016-11-14T19:01:25","modified_gmt":"2016-11-14T19:01:25","slug":"paginios","status":"publish","type":"page","link":"https:\/\/blog.espol.edu.ec\/pchalen\/paginios\/","title":{"rendered":"APLICACIONES PARA iOS"},"content":{"rendered":"<header>\n<header class=\"\">\n<h1 class=\"headline hover-highlight entry-title js_entry-title\"><\/h1>\n<\/header>\n<div class=\"meta--pe\"><\/div>\n<\/header>\n<div class=\"post-content entry-content js_entry-content \">\n<figure class=\"js_marquee-assetfigure align--center \">\n<div class=\"img-wrapper lazy-image \">\n<div class=\"img-permalink-sub-wrapper img-permalink-sub-wrapper--nobackground\"><span class=\"js_lightbox-wrapper lightbox-wrapper\"><img decoding=\"async\" class=\"ls-lazy-image-tag cursor-pointer lazyautosizes lazyloaded\" src=\"https:\/\/i.kinja-img.com\/gawker-media\/image\/upload\/s--QgEmri-N--\/ynvparifwxt07feihjkd.png\" \/><\/span><\/div>\n<\/div>\n<\/figure>\n<p>&nbsp;<\/p>\n<h3>1) <a href=\"https:\/\/itunes.apple.com\/us\/app\/sky-guide-view-stars-night\/id576588894?mt=8\" target=\"_blank\" rel=\"noopener\">Sky Guide<\/a><\/h3>\n<figure class=\"js_marquee-assetfigure align--bleed \">\n<div class=\"img-wrapper lazy-image \">\n<div class=\"img-permalink-sub-wrapper img-permalink-sub-wrapper--nobackground\"><img decoding=\"async\" src=\"http:\/\/img.actualidadiphone.com\/wp-content\/uploads\/2015\/05\/skyguide.png\" alt=\"Resultado de imagen para Sky Guide\" \/><\/div>\n<\/div>\n<\/figure>\n<p>Apunta el m\u00f3vil al cielo y conocer cu\u00e1les son las estrellas, constelaciones, planetas y otros cuerpos celestes que brillan en el cielo. (1,99 $)<\/p>\n<h3>2) <a href=\"https:\/\/itunes.apple.com\/us\/app\/cinemagraph-pro\/id777874532?mt=12\" target=\"_blank\" rel=\"noopener\">Cinemagraph Pro<\/a> (OS X y iOS)<\/h3>\n<figure class=\"js_marquee-assetfigure align--bleed \">\n<div class=\"img-wrapper lazy-image \">\n<div class=\"img-permalink-sub-wrapper img-permalink-sub-wrapper--nobackground\"><img decoding=\"async\" src=\"http:\/\/blog.flixel.com\/hs-fs\/hub\/675774\/file-3348846379-jpg\/blog-files\/cinemascreens1_2x-1-2.jpg?t=1478494907622\" alt=\"Resultado de imagen para Cinemagraph Pro\" \/><\/div>\n<\/div>\n<\/figure>\n<p>Crea h\u00edbridos de im\u00e1genes y v\u00eddeos con acabados y retoques profesionales. (\/Cinemagraph Pro en OS X 24,99 $).<\/p>\n<h3>3) <a href=\"https:\/\/itunes.apple.com\/us\/app\/storehouse-visual-storytelling\/id791297521?mt=8\" target=\"_blank\" rel=\"noopener\">StoreHouse<\/a><\/h3>\n<figure class=\"js_marquee-assetfigure align--center \">\n<div class=\"img-wrapper lazy-image \">\n<div class=\"img-permalink-sub-wrapper img-permalink-sub-wrapper--nobackground\"><img decoding=\"async\" src=\"http:\/\/4marketing.biz\/wp-content\/uploads\/sites\/6\/2014\/10\/Storehouse-visual-storytelling.png\" alt=\"Resultado de imagen para storehouse app\" \/><\/div>\n<\/div>\n<\/figure>\n<p>Crea y comparte historias mezclando v\u00eddeos, fotos y texto. (Gratis, no disponible en el App Store de todos los pa\u00edses).<\/p>\n<h3>4) <a href=\"https:\/\/itunes.apple.com\/us\/app\/monument-valley\/id728293409?mt=8&amp;ign-mpt=uo%3D4\" target=\"_blank\" rel=\"noopener\">Monument Valley<\/a><\/h3>\n<figure class=\"js_marquee-assetfigure align--center \">\n<div class=\"img-wrapper lazy-image \">\n<div class=\"img-permalink-sub-wrapper img-permalink-sub-wrapper--nobackground\"><img decoding=\"async\" src=\"http:\/\/pacmac.es\/wp-content\/uploads\/2015\/12\/monument-valley-game-house-cards-how-play-get-new-levels-free-beginners-guide.jpg\" alt=\"Resultado de imagen para Monument Valley app\" \/><\/div>\n<\/div>\n<\/figure>\n<p>Uno de los juegos m\u00e1s destacados del a\u00f1o. (3,99 $)<\/p>\n<h3>5) <a href=\"https:\/\/itunes.apple.com\/us\/app\/threes!\/id779157948?mt=8\" target=\"_blank\" rel=\"noopener\">Threes!<\/a><\/h3>\n<figure class=\"js_marquee-assetfigure align--bleed \">\n<div class=\"img-wrapper lazy-image \">\n<div class=\"img-permalink-sub-wrapper img-permalink-sub-wrapper--nobackground\"><img decoding=\"async\" src=\"http:\/\/i.blogs.es\/275534\/threes\/original.png\" alt=\"Resultado de imagen para Threes!\" \/><\/div>\n<\/div>\n<\/figure>\n<p>Un adictivo y elegante juego de n\u00fameros. (1,99 $)<\/p>\n<h3><\/h3>\n<h3><\/h3>\n<figure class=\"js_marquee-assetfigure align--bleed \">\n<div class=\"img-wrapper lazy-image \"><\/div>\n<\/figure>\n<h3>6) <a href=\"https:\/\/itunes.apple.com\/us\/app\/yahoo-news-digest\/id784982356?mt=8\" target=\"_blank\" rel=\"noopener\">Yahoo News Digest<\/a><\/h3>\n<figure class=\"js_marquee-assetfigure align--bleed \">\n<div class=\"img-wrapper lazy-image \">\n<div class=\"img-permalink-sub-wrapper img-permalink-sub-wrapper--nobackground\"><img decoding=\"async\" src=\"http:\/\/blogs.ft.com\/tech-blog\/files\/2014\/01\/MAS_Yahoo-news-app_20140108124927.jpg\" alt=\"Resultado de imagen para Yahoo News Digest app\" \/><\/div>\n<\/div>\n<\/figure>\n<p>Tu raci\u00f3n diaria de noticias, gratis.<\/p>\n<p>&nbsp;<\/p>\n<figure class=\"js_marquee-assetfigure align--bleed \">\n<div class=\"img-wrapper lazy-image \"><\/div>\n<\/figure>\n<\/div>\n","protected":false},"excerpt":{"rendered":"<p>&nbsp; 1) Sky Guide Apunta el m\u00f3vil al cielo y conocer cu\u00e1les son las estrellas, constelaciones, planetas y otros cuerpos celestes que brillan en el cielo. (1,99 $) 2) Cinemagraph Pro (OS X y iOS) Crea h\u00edbridos de im\u00e1genes y v\u00eddeos con acabados y retoques profesionales. (\/Cinemagraph Pro en OS X 24,99 $). 3) StoreHouse [&hellip;]<\/p>\n","protected":false},"author":10654,"featured_media":0,"parent":0,"menu_order":0,"comment_status":"closed","ping_status":"open","template":"","meta":{"footnotes":""},"class_list":["post-2","page","type-page","status-publish","hentry"],"aioseo_notices":[],"_links":{"self":[{"href":"https:\/\/blog.espol.edu.ec\/pchalen\/wp-json\/wp\/v2\/pages\/2","targetHints":{"allow":["GET"]}}],"collection":[{"href":"https:\/\/blog.espol.edu.ec\/pchalen\/wp-json\/wp\/v2\/pages"}],"about":[{"href":"https:\/\/blog.espol.edu.ec\/pchalen\/wp-json\/wp\/v2\/types\/page"}],"author":[{"embeddable":true,"href":"https:\/\/blog.espol.edu.ec\/pchalen\/wp-json\/wp\/v2\/users\/10654"}],"replies":[{"embeddable":true,"href":"https:\/\/blog.espol.edu.ec\/pchalen\/wp-json\/wp\/v2\/comments?post=2"}],"version-history":[{"count":8,"href":"https:\/\/blog.espol.edu.ec\/pchalen\/wp-json\/wp\/v2\/pages\/2\/revisions"}],"predecessor-version":[{"id":63,"href":"https:\/\/blog.espol.edu.ec\/pchalen\/wp-json\/wp\/v2\/pages\/2\/revisions\/63"}],"wp:attachment":[{"href":"https:\/\/blog.espol.edu.ec\/pchalen\/wp-json\/wp\/v2\/media?parent=2"}],"curies":[{"name":"wp","href":"https:\/\/api.w.org\/{rel}","templated":true}]}}